{"id":1446,"date":"2013-08-05T09:54:55","date_gmt":"2013-08-05T09:54:55","guid":{"rendered":"http:\/\/www.adehon.org\/es\/?page_id=1446"},"modified":"2018-11-13T14:38:16","modified_gmt":"2018-11-13T14:38:16","slug":"trabaja-extranjero","status":"publish","type":"page","link":"https:\/\/www.adehon.org\/es\/trabaja-extranjero\/","title":{"rendered":"TRABAJA EN EL EXTRANJERO CON ADEHON"},"content":{"rendered":"<p>&nbsp;<\/p>\n<h2 style=\"text-align: justify;\"><\/h2>\n<p><a href=\"http:\/\/www.adehon.org\/es\/wp-content\/uploads\/2013\/09\/Uk_redonda.jpg\">\u00a0<\/a><\/p>\n<h2><span style=\"color: #99cc00;\"><br \/>\n<a href=\"http:\/\/www.adehon.org\/es\/wp-content\/uploads\/2013\/08\/banderas_7_juntas.png\"><img loading=\"lazy\" decoding=\"async\" class=\" wp-image-1871 alignleft\" src=\"http:\/\/www.adehon.org\/es\/wp-content\/uploads\/2013\/08\/banderas_7_juntas.png\" alt=\"banderas_7_juntas\" width=\"300\" height=\"282\" srcset=\"https:\/\/www.adehon.org\/es\/wp-content\/uploads\/2013\/08\/banderas_7_juntas.png 347w, https:\/\/www.adehon.org\/es\/wp-content\/uploads\/2013\/08\/banderas_7_juntas-300x281.png 300w\" sizes=\"auto, (max-width: 300px) 100vw, 300px\" \/><\/a>\u00bfC\u00f3mo puedes trabajar en\u00a0el EXTRANJERO?<\/span><\/h2>\n<p style=\"text-align: justify;\"><span style=\"text-align: justify;\">Nuestra entidad tiene suscritos convenios de colaboraci\u00f3n con entidades y agencias de empleo\u00a0internacionales siempre con el objetivo de acercarte m\u00e1s y mejores ofertas y posibilidades de empleo.<\/span><\/p>\n<p style=\"text-align: justify;\">Actualmente te podemos informar de ofertas de Empleo en \u00a0<strong>Alemania,\u00a0<\/strong><strong>Suiza, Polonia, Panam\u00e1, M\u00e9xico y Argentina.<\/strong><\/p>\n<p style=\"text-align: justify;\">Concretamente, en Suiza, ADEHON consigue canalizar demandantes de empleo del sector sociosanitario, fundamentalmente del \u00e1mbito de la enfermer\u00eda cualificada, para <strong>trabajar directamente en hospitales, residencias y entidades sanitarias suizas.<div class=\"clear\"><\/div><\/strong><\/p>\n<p>&nbsp;<\/p>\n<h2><span style=\"color: #800000;\"><strong><a title=\"como-puedo-trabajar-en-suiza\" href=\"http:\/\/www.adehon.org\/es\/trabaja-europa\/como-puedo-trabajar-en-suiza\/\"><span style=\"color: #800000;\">\u00bfComo puedo trabajar de enfermero\/a en SUIZA?<\/span><\/a><\/strong><\/span><\/h2>\n<p>&nbsp;<\/p>\n<h3><b><a href=\"http:\/\/www.adehon.org\/es\/wp-content\/uploads\/2013\/08\/falg_suiza_circ.jpg\"><img loading=\"lazy\" decoding=\"async\" class=\" wp-image-1443 alignright\" src=\"http:\/\/www.adehon.org\/es\/wp-content\/uploads\/2013\/08\/falg_suiza_circ.jpg\" alt=\"falg_suiza_circ\" width=\"113\" height=\"111\" \/><\/a>Algunas informaciones \u00fatiles sobre las condiciones laborales en Suiza<\/b><\/h3>\n<p style=\"text-align: justify;\"><b><\/b>Las oportunidades de trabajo donde los trabajadores espa\u00f1oles tienen m\u00e1s oportunidades de pueden ser muy variados pero lo m\u00e1s frecuente es gestionar puestos de trabajo en Residencias de Ancianos o Centros de Rehabilitaci\u00f3n as\u00ed como en Hospitales. El sueldo en Suiza depende de distintos factores como la regi\u00f3n del pa\u00eds, lugar del trabajo y las cualificaciones y la experiencia.<\/p>\n<p style=\"text-align: justify;\">Despu\u00e9s de llegar al Lugar de su futura estancia hay que registrarse en la Oficina de Control de Habitantes (Einwohnerkontrolle) donde hay que presentar el contrato laboral. Esto es necesario para poder abrir una cuenta bancaria o contratar el seguro medico (mencionado antes).<\/p>\n<p><b><div class=\"alert-box notice-box\">Qu\u00e9 nivel de vida hay en Suiza?<\/div><\/b><\/p>\n<p style=\"text-align: justify;\"><b><\/b>El nivel de vida en Suiza es por lo general m\u00e1s alto que en otros pa\u00edses europeos. Los empleados est\u00e1n protegidos por las leyes laborales suizas. El contrato (Arbeitsvertrag) al principio es de prueba (entre 1 -3 meses) y posteriormente es prolongado para el contrato de 1 a\u00f1o o indefinido.<\/p>\n<p style=\"text-align: justify;\">La semana laboral tiene ente 42-43 horas. Las vacaciones son unos 10 d\u00edas al a\u00f1o. Las Horas extras son pagadas con dinero o con d\u00edas libres. A parte del salario mensual una vez al a\u00f1o hay un salario extra.<\/p>\n<p style=\"text-align: justify;\">Como referencia sirve tambi\u00e9n saber que un piso de 1-2 habitaciones cuesta entre 600-1200 francos suizos\u00a0dependiendo de la regi\u00f3n.<\/p>\n<p style=\"text-align: justify;\">Por lo general el salario permite vivir en el nivel m\u00e1s alto de vida que en otros pa\u00edses.<\/p>\n<p>&nbsp;<\/p>\n<p style=\"text-align: justify;\"><b><b><div class=\"alert-box notice-box\">Qu\u00e9 salarios se cobran en Suiza?<b><\/div><\/b><\/b>\u00a0<\/b><span style=\"text-align: justify;\">El salario mensual de una enfermera (Krankenschwester) son unos 4500-5500 euros por mes (menos 20% &#8211; impuestos y el seguro social).<\/span><\/p>\n<p style=\"text-align: justify;\">Por ejemplo, el personal auxiliar (Pflegehilfskr\u00e4fte) en una residencia de ancianos (Altenheim) puede ganar 3650-4150 euros por mes (menos 20% &#8211; impuestos y el seguro social).<\/p>\n<p>&nbsp;<\/p>\n<p><b><b><b><b><b><div class=\"alert-box notice-box\">Cuanto cuesta el seguro m\u00e9dico en Suiza?<b><\/div><\/b><\/b><\/b><\/b><\/b><\/b><\/p>\n<p><b><b><b><b><b><b><\/b><\/b><\/b><\/b><\/b><\/b>El seguro medico es un gasto entre 220-280 francos suizos por mes, el precio depende de la compa\u00f1a de seguro (Krankenkasse) con cual se firma el contrato.<\/p>\n<p>&nbsp;<\/p>\n<p><b><b><b><b><b><div class=\"alert-box notice-box\">Y para moverme por Suiza?<b><\/div><\/b><\/b><\/b><\/b><\/b><\/b><\/p>\n<p style=\"text-align: justify;\"><b><b><b><b><b><b><\/b><\/b><\/b><\/b><\/b><\/b>En Suiza hay una buena comunicaci\u00f3n publica. Gracias de esto no es necesario el coche propio. Comprando un bono anual por 160 francos se puede obtener un descuento de 50% en todos los medios de transporte p\u00fablico.<\/p>\n<h3 style=\"text-align: justify;\"><\/h3>\n<p>&nbsp;<\/p>\n<h2><a title=\"como-puedo-trabajar-en-alemania\" href=\"http:\/\/www.adehon.org\/es\/trabaja-europa\/como-puedo-trabajar-en-alemania\/\"><strong>\u00bfComo puedo trabajar en ALEMANIA?<\/strong><\/a><\/h2>\n<h3 style=\"text-align: justify;\"><b><br \/>\n<a href=\"http:\/\/www.adehon.org\/es\/wp-content\/uploads\/2013\/08\/flag_alemania_circ.jpg\"><img loading=\"lazy\" decoding=\"async\" class=\"wp-image-1444 alignright\" src=\"http:\/\/www.adehon.org\/es\/wp-content\/uploads\/2013\/08\/flag_alemania_circ.jpg\" alt=\"flag_alemania_circ\" width=\"110\" height=\"110\" srcset=\"https:\/\/www.adehon.org\/es\/wp-content\/uploads\/2013\/08\/flag_alemania_circ.jpg 225w, https:\/\/www.adehon.org\/es\/wp-content\/uploads\/2013\/08\/flag_alemania_circ-150x150.jpg 150w\" sizes=\"auto, (max-width: 110px) 100vw, 110px\" \/><\/a><\/b><b>\u00bfQu\u00e9 aspectos me pueden interesar del mercado laboral en Alemania?<\/b><\/h3>\n<p style=\"text-align: justify;\">Aunque en muchos pa\u00edses Europeos, entre otros Espa\u00f1a, el desempleo se mantiene en un nivel alto, hay lugares donde conseguir un nuevo empleo no es una tarea imposible. Uno de estos lugares es Alemania. El mercado laboral alem\u00e1n sufre una falta de mano de obra en sectores como la <strong>agricultura, la hosteler\u00eda, la gastronom\u00eda y el cuidado de personas mayores<\/strong>. Tampoco deben tener problemas para encontrar\u00a0 trabajo los <strong>ingenieros<\/strong> e <strong>inform\u00e1ticos<\/strong>. Para aumentar sus posibilidades de encontrar el trabajo en Alemania es ventajoso presentar los certificados de los t\u00edtulos que poseen. Tambi\u00e9n es casi siempre necesario tener un <a title=\"Aprender alem\u00e1n\" href=\"http:\/\/www.adehon.org\/es\/portfolio-view\/professional-german\/\" target=\"_blank\" rel=\"noopener\"><strong>buen conocimiento del idioma alem\u00e1n (por lo menos un nivel B1).<\/strong><\/a><\/p>\n<p style=\"text-align: justify;\"><b><div class=\"alert-box notice-box\">C\u00f3mo busco trabajo?<b><\/div><\/b><\/b><\/p>\n<p style=\"text-align: justify;\">En Alemania las ofertas de empleo se pueden buscar a trav\u00e9s de\u00a0la Agencia Estatal\u00a0de Empleo (Arbeitsagentur) o a trav\u00e9s de agencias privadas de empleo (Arbeitsvermittlung). Un buen modo para encontrar trabajo\u00a0 es tambi\u00e9n seguir las ofertas que aparecen en p\u00e1ginas web dedicadas \u00fanicamente a la publicaci\u00f3n de las ofertas de empleo (Jobbb\u00f6rse). Al fin puede ser \u00fatil EURES (el portal europeo de la movilidad profesional).<\/p>\n<p style=\"text-align: justify;\"><b><b><div class=\"alert-box notice-box\">Qu\u00e9 salarios se cobran?<b><\/div><\/b><\/b>\u00a0<\/b>En Alemania no existe el sueldo m\u00ednimo, aunque en algunos sectores empresariales funcionan acuerdos que establecen el sueldo m\u00ednimo para este sector (la informaci\u00f3n sobre el salario en las \u00a0distintas profesiones se puede consultar en estas p\u00e1ginas: <a href=\"http:\/\/www.lohnspiegel.del\/\" target=\"_blank\" rel=\"noopener\">www.lohnspiegel.del<\/a>\u00a0o \u00a0<a href=\"http:\/\/www.tarifvertrag.de\/\" target=\"_blank\" rel=\"noopener\">www.tarifvertrag.de<\/a>).<\/p>\n<p style=\"text-align: justify;\"><b><b><b><div class=\"alert-box notice-box\">A qu\u00e9 vacaciones tendr\u00e9 derecho?<b><\/div><\/b><\/b><br \/>\n<\/b><\/b><\/p>\n<p style=\"text-align: justify;\">En Alemania tienen derecho a vacaciones los empleados que han trabajado en el mismo sitio por lo menos 6 meses. Las vacaciones son al menos 24 d\u00edas al a\u00f1o, pero en el caso de algunas profesiones son m\u00e1s largas.<\/p>\n<p style=\"text-align: justify;\"><b><b><b><b><div class=\"alert-box notice-box\">C\u00f3mo me podr\u00e9 gestionar el alojamiento?<b><\/div><\/b><\/b><\/b><\/b><\/b><\/p>\n<p style=\"text-align: justify;\">Las personas que vienen a Alemania con la intenci\u00f3n de estar en este pa\u00eds m\u00e1s de 3 meses deben registrarse en el lugar de su nueva estancia.\u00a0 Para esto tienen 7 d\u00edas (en algunos Landes son 14 d\u00edas).<\/p>\n<p style=\"text-align: justify;\">Casi el 60% de todas las viviendas en Alemania son pisos en alquiler, as\u00ed que encontrar piso no deber\u00eda ser muy complicado. Los gastos de alquiler cambian en funci\u00f3n de la parte del pa\u00eds donde te encuentres. Los m\u00e1s caros corresponden a las grandes ciudades como Hamburgo o M\u00fanich. All\u00ed los gastos de vivienda (alquiler y facturas de agua, gas, etc.) pueden alcanzar la mitad del sueldo. En otros casos suelen constituir la tercera parte del salario mensual.<\/p>\n<p style=\"text-align: justify;\"><b><b><b><b><b><div class=\"alert-box notice-box\">Cuanto cuesta el seguro m\u00e9dico?<b><\/div><\/b><\/b><\/b><\/b><\/b><\/b><\/p>\n<p style=\"text-align: justify;\">Los costes del seguro m\u00e9dico constituyen el 14,9% del salario. La mitad de esta cuota la paga el empleado y la mitad el empresario.<\/p>\n<h2 style=\"text-align: justify;\"><\/h2>\n<p>&nbsp;<\/p>\n<h2 style=\"text-align: justify;\"><strong><span style=\"color: #3366ff;\"><a href=\"http:\/\/www.adehon.org\/es\/wp-content\/uploads\/2013\/08\/bandera_Arg_redonda-e1381931556368.jpg\"><img loading=\"lazy\" decoding=\"async\" class=\"size-full wp-image-1856 alignleft\" src=\"http:\/\/www.adehon.org\/es\/wp-content\/uploads\/2013\/08\/bandera_Arg_redonda-e1381931556368.jpg\" alt=\"bandera_Arg_redonda\" width=\"100\" height=\"100\" \/><\/a><a href=\"http:\/\/www.adehon.org\/es\/wp-content\/uploads\/2013\/08\/bandera_MEX_redonda.jpg\"><img loading=\"lazy\" decoding=\"async\" class=\"wp-image-1855 alignright\" src=\"http:\/\/www.adehon.org\/es\/wp-content\/uploads\/2013\/08\/bandera_MEX_redonda.jpg\" alt=\"bandera_MEX_redonda\" width=\"100\" height=\"100\" srcset=\"https:\/\/www.adehon.org\/es\/wp-content\/uploads\/2013\/08\/bandera_MEX_redonda.jpg 512w, https:\/\/www.adehon.org\/es\/wp-content\/uploads\/2013\/08\/bandera_MEX_redonda-150x150.jpg 150w, https:\/\/www.adehon.org\/es\/wp-content\/uploads\/2013\/08\/bandera_MEX_redonda-300x300.jpg 300w\" sizes=\"auto, (max-width: 100px) 100vw, 100px\" \/><\/a><a title=\"Ofertas en Mexico y Argentina\" href=\"http:\/\/www.adehon.org\/es\/ofertas-extranjero\/\"><span style=\"color: #99cc00;\">Que ofertas de empleo puedo tener en AMERICA?\u00a0<\/span><\/a><\/span><\/strong><\/h2>\n<p>&nbsp;<\/p>\n<p>&nbsp;<\/p>\n<p style=\"text-align: justify;\"><div class=\"top-content\"><div class=\"inner\">\u00bfSab\u00edas que los trabajadores espa\u00f1oles que m\u00e1s renta media reciben fuera de Espa\u00f1a trabajan en su mayor\u00eda pa\u00edses de la UE y Suiza?<\/div><\/div><!-- .top-content (end) -->\n<h3>Est\u00e1s interesado en poder participar en procesos de selecci\u00f3n para ofertas de empleo fuera de Espa\u00f1a? Cumplimenta este formulario y te daremos informaci\u00f3n detallada :<\/h3>\n[contact-form 1 \u00abContact form 1\u00bb]\n","protected":false},"excerpt":{"rendered":"<p>&nbsp; \u00a0 \u00bfC\u00f3mo puedes trabajar en\u00a0el EXTRANJERO? Nuestra entidad tiene suscritos convenios de colaboraci\u00f3n con entidades y agencias de empleo\u00a0internacionales siempre con el objetivo de acercarte m\u00e1s y mejores ofertas y posibilidades de empleo. Actualmente te podemos informar de ofertas de Empleo en \u00a0Alemania,\u00a0Suiza, Polonia, Panam\u00e1, M\u00e9xico y Argentina. Concretamente, en Suiza, ADEHON consigue canalizar demandantes de empleo del sector sociosanitario, fundamentalmente del \u00e1mbito de la enfermer\u00eda cualificada, para trabajar directamente en hospitales, residencias y entidades sanitarias suizas. &nbsp; \u00bfComo puedo trabajar de enfermero\/a en SUIZA? &nbsp; Algunas informaciones \u00fatiles sobre las condiciones laborales en Suiza Las oportunidades de trabajo donde los trabajadores espa\u00f1oles tienen m\u00e1s oportunidades de pueden ser muy variados pero lo m\u00e1s frecuente es gestionar puestos de trabajo en Residencias de Ancianos o Centros de Rehabilitaci\u00f3n as\u00ed como en Hospitales. El sueldo en Suiza depende de distintos factores como la regi\u00f3n del pa\u00eds, lugar del trabajo y las cualificaciones y la experiencia. Despu\u00e9s de llegar al Lugar&nbsp;<a href=\"https:\/\/www.adehon.org\/es\/trabaja-extranjero\/\" class=\"read-more\">Continuar Leyendo<\/a><\/p>\n","protected":false},"author":1,"featured_media":0,"parent":0,"menu_order":10,"comment_status":"closed","ping_status":"closed","template":"","meta":{"footnotes":""},"class_list":["post-1446","page","type-page","status-publish","hentry"],"_links":{"self":[{"href":"https:\/\/www.adehon.org\/es\/wp-json\/wp\/v2\/pages\/1446","targetHints":{"allow":["GET"]}}],"collection":[{"href":"https:\/\/www.adehon.org\/es\/wp-json\/wp\/v2\/pages"}],"about":[{"href":"https:\/\/www.adehon.org\/es\/wp-json\/wp\/v2\/types\/page"}],"author":[{"embeddable":true,"href":"https:\/\/www.adehon.org\/es\/wp-json\/wp\/v2\/users\/1"}],"replies":[{"embeddable":true,"href":"https:\/\/www.adehon.org\/es\/wp-json\/wp\/v2\/comments?post=1446"}],"version-history":[{"count":68,"href":"https:\/\/www.adehon.org\/es\/wp-json\/wp\/v2\/pages\/1446\/revisions"}],"predecessor-version":[{"id":2770,"href":"https:\/\/www.adehon.org\/es\/wp-json\/wp\/v2\/pages\/1446\/revisions\/2770"}],"wp:attachment":[{"href":"https:\/\/www.adehon.org\/es\/wp-json\/wp\/v2\/media?parent=1446"}],"curies":[{"name":"wp","href":"https:\/\/api.w.org\/{rel}","templated":true}]}}