{"id":2076,"date":"2014-01-07T18:07:43","date_gmt":"2014-01-07T18:07:43","guid":{"rendered":"http:\/\/www.adehon.org\/es\/?page_id=2076"},"modified":"2015-07-07T09:48:48","modified_gmt":"2015-07-07T09:48:48","slug":"como-aumentar-las-ventas-en-el-comercio-a-traves-de-las-redes-sociales","status":"publish","type":"page","link":"https:\/\/www.adehon.org\/es\/programas\/como-aumentar-las-ventas-en-el-comercio-a-traves-de-las-redes-sociales\/","title":{"rendered":"COMO AUMENTAR LAS VENTAS EN EL COMERCIO A TRAV\u00c9S DE LAS REDES SOCIALES"},"content":{"rendered":"<div class=\"grid_12 \"><h2 style=\"text-align: justify;\"><span style=\"color: #ff9900;\"><strong><a href=\"http:\/\/www.adehon.org\/es\/wp-content\/uploads\/2015\/05\/social_media.png\"><img loading=\"lazy\" decoding=\"async\" class=\"alignleft size-full wp-image-2544\" src=\"http:\/\/www.adehon.org\/es\/wp-content\/uploads\/2015\/05\/social_media.png\" alt=\"social_media\" width=\"771\" height=\"157\" srcset=\"https:\/\/www.adehon.org\/es\/wp-content\/uploads\/2015\/05\/social_media.png 771w, https:\/\/www.adehon.org\/es\/wp-content\/uploads\/2015\/05\/social_media-300x61.png 300w\" sizes=\"auto, (max-width: 771px) 100vw, 771px\" \/><\/a><br \/>\n<\/strong><\/span><\/h2>\n<p>&nbsp;<\/p>\n<p><strong>\u00a0<\/strong><\/div><div class=\"clear\"><\/div>\n<p><span style=\"font-size: 16px;\"><div class=\"grid_6 \"><\/span><\/p>\n<ul>\n<li><strong>100% Gratuito<\/strong><\/li>\n<li><strong>Promocionado por la Confederaci\u00f3n Espa\u00f1ola del Comercio<\/strong><\/li>\n<li><strong>Obtenci\u00f3n de T\u00edtulo OFICIAL<\/strong><\/li>\n<li><strong>Dirigido al Sector Comercio<\/strong><\/li>\n<\/ul>\n<h2><a href=\"http:\/\/www.adehon.org\/es\/wp-content\/uploads\/2014\/01\/LOGO_CORTO_CECOVAL_WORD.png\"><img loading=\"lazy\" decoding=\"async\" src=\"http:\/\/www.adehon.org\/es\/wp-content\/uploads\/2014\/01\/LOGO_CORTO_CECOVAL_WORD.png\" alt=\"LOGO_CORTO_CECOVAL_WORD\" width=\"128\" height=\"69\" \/><\/a>\u00a0 \u00a0 \u00a0 \u00a0 \u00a0 \u00a0 \u00a0 \u00a0 \u00a0 \u00a0 \u00a0 \u00a0 \u00a0 \u00a0 \u00a0 \u00a0 \u00a0 \u00a0 \u00a0\u00a0 \u00a0 \u00a0 \u00a0 \u00a0 \u00a0 \u00a0 \u00a0 \u00a0 <a href=\"http:\/\/www.adehon.org\/es\/wp-content\/uploads\/2014\/01\/LOGO_MTRABAJO_WORD.png\"><img loading=\"lazy\" decoding=\"async\" src=\"http:\/\/www.adehon.org\/es\/wp-content\/uploads\/2014\/01\/LOGO_MTRABAJO_WORD.png\" alt=\"LOGO_MTRABAJO_WORD\" width=\"108\" height=\"32\" \/><\/a><\/h2>\n<h4><strong><span style=\"color: #99cc00;\"><span style=\"color: #000000;\">Puedes llamarnos al tel\u00e9fono gratuito: <\/span><\/span><\/strong><\/h4>\n<h4><strong><span style=\"color: #99cc00;\"><span style=\"color: #000000;\">900 902 066<\/span><br \/>\n<\/span><\/strong><\/h4>\n<h2><strong><span style=\"color: #99cc00;\">\u00a0<\/span><\/strong><\/h2>\n<p><strong>\u00a0<\/strong><\/p>\n<p><span style=\"font-size: 16px;\">\u00a0<\/span><\/p>\n<p>&nbsp;<\/p>\n<p>&nbsp;<\/p>\n<p>&nbsp;<\/p>\n<p>&nbsp;<\/p>\n<h2 style=\"text-align: left;\"><span style=\"color: #000000;\"><strong>Ficha detallada del curso:<br \/>\n<\/strong><\/span><\/h2>\n<h4 style=\"text-align: justify;\"><a href=\"http:\/\/www.adehon.org\/es\/wp-content\/uploads\/2014\/01\/REDES_SOCIALES_1.jpg\"><img loading=\"lazy\" decoding=\"async\" class=\"alignleft size-full wp-image-2084\" src=\"http:\/\/www.adehon.org\/es\/wp-content\/uploads\/2014\/01\/REDES_SOCIALES_1.jpg\" alt=\"REDES_SOCIALES_1\" width=\"263\" height=\"192\" \/><\/a>Este curso se desarrolla bajo la\u00a0<strong>modalidad ONLINE,\u00a0<\/strong>tiene una\u00a0<strong>duraci\u00f3n de 185 horas a impartir entre Junio y Octubre de 2015 <\/strong>y forma parte del<strong>\u00a0<\/strong>Plan Nacional de Formaci\u00f3n del Comercio para 2015 a trav\u00e9s de CEC (Confederacion Espa\u00f1ola de\u00a0Comercio). Es eminentemente\u00a0<strong>pr\u00e1ctico y \u00fatil<\/strong>, <strong><span style=\"text-decoration: underline; color: #ff0000;\"><span style=\"color: #000000; text-decoration: underline;\">va dirigido a comerciantes y empleados del sector del COMERCIO<\/span> <\/span><\/strong>y busca desarrollar las habilidades y capacidades necesarias para que el \u00a0comercio tradicional pueda complementarse con nuevas lineas de negocio basadas en las\u00a0<strong>nuevas tecnolog\u00edas.<\/strong><\/h4>\n<p>A continuaci\u00f3n concretamos un poco m\u00e1s los objetivos de esta interesante acci\u00f3n formativa online\u00a0<strong>totalmente gratuita para el COMERCIO<\/strong>:<\/p>\n<h3><b>OBJETIVOS GENERALES:<\/b><\/h3>\n<h3><a href=\"http:\/\/www.adehon.org\/es\/wp-content\/uploads\/2014\/01\/REDES_SOCIALES_4.jpg\"><img loading=\"lazy\" decoding=\"async\" class=\"size-full wp-image-2081 alignright\" src=\"http:\/\/www.adehon.org\/es\/wp-content\/uploads\/2014\/01\/REDES_SOCIALES_4.jpg\" alt=\"REDES_SOCIALES_4\" width=\"201\" height=\"224\" \/><\/a><\/h3>\n<ul>\n<li>\n<p style=\"text-align: justify;\">Conocer la manera m\u00e1s eficaz de promocionar un comercio en Internet mediante el uso del Social Media, centrado en la Web 2.0.<\/p>\n<\/li>\n<li style=\"text-align: justify;\">Aprender a gestionar la presencia de un peque\u00f1o comercio en las redes sociales, logrando una buena reputaci\u00f3n, y aprendiendo as\u00ed a posicionar su web dentro de los buscadores.<\/li>\n<li>\n<p style=\"text-align: justify;\">Hacer destacar en Internet un negocio como la oferta m\u00e1s interesante entre las dem\u00e1s, gracias al uso y manejo estrat\u00e9gico de las redes sociales.<\/p>\n<\/li>\n<\/ul>\n<h3><b>OBJETIVOS ESPEC\u00cdFICOS:<\/b><\/h3>\n<h3><a href=\"http:\/\/www.adehon.org\/es\/wp-content\/uploads\/2014\/01\/REDES_SOCIALES_5.jpg\"><img loading=\"lazy\" decoding=\"async\" class=\"size-full wp-image-2080 alignright\" src=\"http:\/\/www.adehon.org\/es\/wp-content\/uploads\/2014\/01\/REDES_SOCIALES_5.jpg\" alt=\"REDES_SOCIALES_5\" width=\"225\" height=\"225\" srcset=\"https:\/\/www.adehon.org\/es\/wp-content\/uploads\/2014\/01\/REDES_SOCIALES_5.jpg 225w, https:\/\/www.adehon.org\/es\/wp-content\/uploads\/2014\/01\/REDES_SOCIALES_5-150x150.jpg 150w\" sizes=\"auto, (max-width: 225px) 100vw, 225px\" \/><\/a><\/h3>\n<ul>\n<li style=\"text-align: justify;\">Conocer qu\u00e9 es la Web 2.0 y las opciones de trabajo que \u00e9sta permite llevar a cabo, en webs de peque\u00f1os comercios, con el uso de contenidos de c\u00f3digo abierto, de recursos multimedia, blogs, etc.<\/li>\n<li style=\"text-align: justify;\">Aprender la importancia del Social Media y las redes sociales para construir una imagen de nuestro peque\u00f1o comercio en internet y alcanzar la reputaci\u00f3n deseada.<\/li>\n<li style=\"text-align: justify;\">Analizar la figura del community manager que debe estar presente en todo comercio, las habilidades que debe tener, sus funciones en el Social Media y los errores a evitar.<\/li>\n<li style=\"text-align: justify;\">Aprender el uso y manejo estrat\u00e9gico de las redes sociales m\u00e1s importantes a nivel profesional como son Linkedin o Xing; y de las redes comunes de mayor impacto mundial como Facebook o Twitter.<\/li>\n<li style=\"text-align: justify;\">Conocer c\u00f3mo posicionar una p\u00e1gina web en los buscadores mediante t\u00e9cnicas diversas como SEO y SEM.<\/li>\n<li style=\"text-align: justify;\">Analizar c\u00f3mo funciona Google Adwords, los motores de b\u00fasqueda y c\u00f3mo optimizar las p\u00e1ginas webs mediante Link Building, entre otras herramientas.<\/li>\n<li style=\"text-align: justify;\">Aprender c\u00f3mo proceder a la anal\u00edtica web de las campa\u00f1as de social media llevadas a cabo.<\/li>\n<li>Introducirse en el mundo de las aplicaciones m\u00f3viles y de la geolocalizaci\u00f3n como una herramienta m\u00e1s del Social Media y una posible oportunidad de negocio para comercios diversos.<\/li>\n<\/ul>\n<p style=\"text-align: center;\">\u00a0<a href=\"http:\/\/www.adehon.org\/es\/wp-content\/uploads\/2014\/01\/REDES_SOCIALES_2.jpg\"><img loading=\"lazy\" decoding=\"async\" class=\"size-full wp-image-2083 aligncenter\" src=\"http:\/\/www.adehon.org\/es\/wp-content\/uploads\/2014\/01\/REDES_SOCIALES_2.jpg\" alt=\"REDES_SOCIALES_2\" width=\"384\" height=\"102\" srcset=\"https:\/\/www.adehon.org\/es\/wp-content\/uploads\/2014\/01\/REDES_SOCIALES_2.jpg 384w, https:\/\/www.adehon.org\/es\/wp-content\/uploads\/2014\/01\/REDES_SOCIALES_2-300x79.jpg 300w\" sizes=\"auto, (max-width: 384px) 100vw, 384px\" \/><\/a><\/p>\n<h3 style=\"text-align: justify;\"><\/h3>\n<h3 style=\"text-align: justify;\"><div class=\"alert-box approved-box\">El uso de las redes sociales ha aumentado considerablemente en los \u00faltimos tiempos como apoyo al aumento del conocimiento y notoriedad de marca y como favorecedor del aumento de ventas en los comercios minoristas<\/div><\/h3>\n<h3><\/h3>\n<div class=\"alert-box notice-box\">\n<p><span style=\"color: #000000;\"><strong>\u00a0PROCEDIMIENTO DE INSCRIPCION<\/strong><\/span><\/p>\n<p>Para poder formalizar tu matr\u00edcula es necesario que nos env\u00edes,\u00a0lo antes posible, la siguiente documentaci\u00f3n:<\/p>\n<ol>\n<li><b><a href=\"http:\/\/www.adehon.org\/es\/wp-content\/uploads\/2014\/01\/Anexo-I.-Solicitud-de-participaci\u00f3n.doc\">Anexo IV. Solicitud de participaci\u00f3n<\/a><\/b>. Deber\u00e1s hacernos llegar la ficha adjunta cumplimentada y firmada. (<b>FIRMA ORIGINAL) e indicando el curso que te interesa.<\/b><\/li>\n<li><b><\/b><b>FOTOCOPIA DNI<\/b>,\u00a0CARN\u00c9 DE CONDUCIR O PASAPORTE (por ambas caras)<\/li>\n<li><b>FOTOCOPIA DE LA TARJETA DE LA SEGURIDAD SOCIAL<\/b>\u00a0O DOCUMENTO ACREDITATIVO DEL NISS (es v\u00e1lida la tarjeta sanitaria fotocopiada por ambas caras)<\/li>\n<li>Y uno de los documentos siguientes, en funci\u00f3n de tu situaci\u00f3n laboral:<\/li>\n<\/ol>\n<ul>\n<li><b><\/b>Si eres<b>\u00a0TRABAJADOR POR CUENTA AJENA*:\u00a0<\/b>el\u00a0<b>ENCABEZADO DE LA\u00a0\u00daLTIMA\u00a0N\u00d3MINA.<\/b><\/li>\n<li><b><\/b>Si eres<b>\u00a0AUT\u00d3NOMO*:\u00a0<\/b>copia del<b>\u00a0\u00daLTIMO\u00a0RECIBO DE AUT\u00d3NOMO.<\/b><\/li>\n<\/ul>\n<h6>*\u00a0<i>Nota: En el caso de ser trabajador por cuenta ajena o aut\u00f3nomo solamente se pueden incorporar al plan formativo aquellos que trabajen en el sector comercio y en empresas cuyo\u00a0<b>CNAE corresponda al grupo 45, 46 y 47.<\/b><\/i><\/h6>\n<h6><\/h6>\n<p>&nbsp;<\/p>\n<h6>Para poder garantizar tu plaza, la mencionada documentaci\u00f3n deber\u00e1s hacernosla llegar de la siguiente forma:<\/h6>\n<h6>1. Copia escaneada por e-mail a la siguiente direcci\u00f3n marketing@adehon.org<\/h6>\n<h6>2. Originales en un sobre por correo ordinario urgente o f\u00edsicamente a nuestras instalaciones en la siguiente direcci\u00f3n:<\/h6>\n<address><b>ADEHON<br \/>\n<\/b><\/address>\n<address><b>Calle Haraldo Dalhander, n\u00ba 9 bajo<\/b><\/address>\n<address><b>46113 \u2013 MONCADA<\/b><\/address>\n<address><b>VALENCIA<\/b><\/address>\n<\/div>\n<h3><\/h3>\n<h3><\/h3>\n<h3 style=\"text-align: justify;\">Puedes cumplimentar este formulario y te daremos informaci\u00f3n detallada de como realizar el curso <strong>\u00abCOMO AUMENTAR LAS VENTAS EN EL COMERCIO A TRAV\u00c9S DE LAS REDES SOCIALES &#8211; SOCIAL MEDIA MARKETING\u00bb<\/strong>:<\/h3>\n[contact-form-7 id=\u00bb2591&#8243; title=\u00bbContact form 1_comercio_2015_socialmedia\u00bb]\n<h3 style=\"text-align: justify;\"><div class=\"alert-box attention-box\"><strong>Importante:<\/strong>\u00a0<span style=\"color: #ff0000;\">Solicita tu preinscripci\u00f3n cuanto antes.\u00a0El Plan tiene limitado el n\u00ba de participantes y las matr\u00edculas seguir\u00e1n riguroso orden de solicitud<\/span>.<\/div><\/h3>\n<p>&nbsp;<\/p>\n<p>&nbsp;<\/p>\n<div><\/div><\/div>\n<div class=\"grid_6 \"><h3 style=\"text-align: center;\"><span style=\"color: #333300;\"><strong>RESERVA TU PLAZA<br \/>\n<\/strong><\/span><\/h3>\n[contact-form-7 id=\u00bb2591&#8243; title=\u00bbContact form 1_comercio_2015_socialmedia\u00bb]\n<p>&nbsp;<\/p>\n<p>&nbsp;<\/p>\n<p>&nbsp;<\/p>\n<p>&nbsp;<\/p>\n<p>&nbsp;<\/p>\n<p>&nbsp;<\/p>\n<p style=\"padding-left: 30px;\"><strong>A continuaci\u00f3n, te detallamos el esquema de esta acci\u00f3n formativa\u00a0<\/strong><strong>ONLINE:<\/strong><\/p>\n<pre>M\u00d3DULO 1.- LA CREACI\u00d3N DE CONTENIDOS SOCIALES (PAGINAS WEB 2.0- LOS BLOGS EN LA ESTRATEGIA CORPORATIVA- INTEGRACI\u00d3N DE PLATAFORMA EN LA WEB- VIODEO Y FOTOGRAF\u00cdA)\r\nTEMA 1: LA WEB 2.0.\r\n1.1. Ventajas que aporta al usuario.\r\n1.2. Importancia de la web 2.0 como canal de comunicaci\u00f3n y networking.\r\n1.3. Web 2.0. Una nube de informaci\u00f3n en permanente construcci\u00f3n.\r\nTEMA 2: EL OPEN SOURCE Y EL SOFTWARE DE C\u00d3DIGO ABIERTO.\r\n2.1. Mashup e integraci\u00f3n del conocimiento..\r\nTEMA 3: EL PODER DE LA INFORMACI\u00d3N EN LA RED. CONTENIDOS, MEDIOS Y BLOGS\r\n3.1. Feed, RSS y filtrado avanzado de la informaci\u00f3n.\r\n3.2. Lectores de feed. \r\n3.3. Wikis. La construcci\u00f3n del contenido en com\u00fan. \r\n3.4. Saturaci\u00f3n de Informaci\u00f3n: la figura del Content Curator.\r\nTEMA 4: RECURSOS MULTIMEDIA.\r\n4.1. Google: b\u00fasqueda de contenidos, usos y apps.\r\n4.2. Bookmarks, la mejor forma para almacenar contenidos.\r\n4.3. Bancos de im\u00e1genes: la importancia de los elementos gr\u00e1ficos en la web.\r\n4.4. Documentos y presentaciones online: Scribd, Slideshare.\r\n4.5. Youtube y contenidos v\u00eda streaming: usos y aplicaciones.\r\n4.6. Podcasts, videopodcasts y audio apps.\r\nTEMA 5: EL BLOG: SOPORTE DE COMUNICACI\u00d3N E INTERACCI\u00d3N.\r\n5.1. Usos de un blog: creaci\u00f3n de contenido eficaz y gesti\u00f3n.\r\n5.2. CMS y herramientas de gesti\u00f3n de blogs: WordPress, Blogger, Tumblr, etc.\r\n5.3. El blog como parte de una estrategia en Social Media. \r\nCUESTIONARIO M\u00d3DULO 1.\r\n\r\n\r\nM\u00d3DULO 2.- LAS REDES SOCIALES EN LA EMPRESA (REDES SOCIALES: FACEBOOK, LINKEDIN, XING, TWITTER- LOS BENEFICIOS DEL SOCIAL MEDIA EN LA EMPRESA- COMO INTEGRAR LAS REDES SOCIALES EN LA ESTRATEGIA CORPORATIVA- SELECCIONAR LOS CANALES ADECUADOS- MEDIR EL IMPACTO)\r\nTEMA 1: EL SOCIAL MEDIA PARA CONSTRUIR IMAGEN Y ALCANZAR REPUTACI\u00d3N.\r\n1.1. Concepto de Social Media. Importancia y repercusi\u00f3n.\r\n1.2. Redes sociales verticales y redes horizontales.\r\n1.3. Las redes sociales como fuente e intercambio de informaci\u00f3n.\r\nTEMA 2: LA FIGURA DEL COMMUNITY MANAGER.\r\n2.1. Perfil del Community Manager.\r\n2.2. Habilidades del Community Manager.\r\n2.3. El rol del Community Manager en una empresa o marca.\r\n2.4. Errores que no debe cometer un Community Manager.\r\nTEMA 3: REDES SOCIALES. USOS, HERRAMIENTAS, ESTRATEGIAS Y MONITORIZACI\u00d3N.\r\n3.1. Definici\u00f3n y usos de las redes sociales para el Community Manager.\r\n3.2. Redes sociales principales: usos y gesti\u00f3n.\r\n3.3. Uso de Twitter en profundidad.\r\n3.4. Uso de Facebook en profundidad.\r\nTEMA 4: LAS REDES SOCIALES PROFESIONALES.\r\n4.1. Concepto de networking. Creaci\u00f3n y optimizaci\u00f3n de nuestra red.\r\n4.2. Redes predominantes: LinkedIn, Xing y redes tem\u00e1ticas especializadas.\r\n4.3. Uso de LinkedIn en profundidad.\r\n4.4. Nuevas herramientas de promoci\u00f3n personal: videoblog, p\u00e1ginas profesionales, etc.\r\nTEMA 5: LAS REDES SOCIALES EN LAS EMPRESAS.\r\n5.1. Usos de una red social interna. \r\n5.2. Herramientas y ejemplos para la comunicaci\u00f3n dentro de la empresa.\r\nCUESTIONARIO M\u00d3DULO 2.\r\n\r\n\r\nM\u00d3DULO 3.- MARKETING ON-LINE y POSICIONAMIENTO EN BUSCADORES (INTRODUCCI\u00d3N DEL MARKETING EN INTERNET- SOCIAL MEDIA MARKETING- NUEVO CONSUMIDOR- C\u00d3MO DETECTAR TENDENCIAS- PUBLICIDAD EN LOS MEDIOS SOCIALES- C\u00d3MO MEDIR ACCIONES ON-LINE, \u00bfQU\u00c9 ES EL POSICIONAMIENTO?- C\u00d3MO FUNCIONA UN BUSCADOR- FACTORES \u201cON THE PAGE\u201d- FACTORES \u201cOFF THE PAGE\u201d- CONSEJOS PARA CONTRATAR SERVICIOS DE POSICIONAMIENTO EN BUSCADORES)\r\n\r\nTEMA 1: INTRODUCCI\u00d3N AL MARKETING DE B\u00daSQUEDA.\r\n1.1. Teor\u00eda de Long Tail y La Ley de Pareto\r\n1.2. El modelo Freemium\r\n1.3. La web sem\u00e1ntica y el marketing de b\u00fasqueda\r\n1.4. Herramientas del marketing de b\u00fasqueda\r\nTEMA 2: SEO VS SEM A LA HORA DE ELABORAR NUESTRA ESTRATEGIA\r\n2.1. C\u00f3mo elaborar una Keyword Research\r\n2.2. Estrategias de posicionamiento SEO\r\n2.3. Estrategias de posicionamiento SEM\r\n2.4. Potencial de tr\u00e1fico y competencia\r\nTEMA 3: CREACI\u00d3N DE CAMPA\u00d1AS DE GOOGLE ADWORDS\r\n3.1. \u00bfC\u00f3mo funciona el sistema de posicionamiento de Google?\r\n3.2. C\u00f3mo crear buenos anuncios\r\n3.3. Uso de la posici\u00f3n en los SERPs de pago\r\n3.4. Red de display de Google\r\nTEMA 4: MOTORES DE B\u00daSQUEDA\r\n4.1. \u00bfC\u00f3mo funciona un spider o ara\u00f1a?\r\n4.2. Google como motor de b\u00fasqueda. Indexaci\u00f3n de contenidos\r\nTEMA 5: OPTIMIZACI\u00d3N DE P\u00c1GINAS WEB\r\n5.1. Optimizaci\u00f3n On Page: factores internos de optimizaci\u00f3n web\r\n5.2. El contenido. Metatags, negritas cursivas y otras etiquetas\r\n5.3. Web Search Engine Friendly\r\n5.4. Optimizar el c\u00f3digo fuente\r\n5.5. Factor optimizaci\u00f3n on server\r\n5.6. Herramientas para Webmasters\r\n5.7. Optimizaci\u00f3n Off Page\r\n5.8. LinkBuilding\r\n5.9. Social Media Optimization (SMO)\r\n5.10. T\u00e9cnicas Black Hat SEO. Definici\u00f3n y usos\r\n5.11. Penalizaciones de los buscadores\r\nTEMA 6: ORGANIZAR UNA CAMPA\u00d1A DE LINK BUILDING\r\n6.1. Pasos y gesti\u00f3n de la campa\u00f1a\r\n6.2. Tipolog\u00eda de links y elecci\u00f3n eficaz\r\n6.3. Acciones efectivas que debemos realizar\r\n6.4. El intercambio de enlaces\r\n6.5. Monitorizaci\u00f3n de nuestra campa\u00f1a\r\nTEMA 7: ANAL\u00cdTICA WEB\r\n7.1. Introducci\u00f3n a la anal\u00edtica web: el proceso de las 5C\u2019s\r\n7.2. M\u00e9todos para mejorar un sitio con anal\u00edtica web\r\n7.3. M\u00e9tricas y An\u00e1lisis de campa\u00f1as: Crear tu Dashboard\r\nTEMA 8: MODELOS DE NEGOCIO EN DISPOSITIVOS M\u00d3VILES Y TABLETS\r\n1.1. Herramientas en el marketing m\u00f3vil\r\n1.2. Push\r\n1.3. Punto de venta\r\n1.4. An\u00e1lisis de efectividad\r\nTEMA 9: MODELOS DE NEGOCIO BASADOS EN GEOPOSICIONAMIENTO EN DISPOSITIVOS M\u00d3VILES\r\n2.1. Concepto de geolocalizaci\u00f3n\r\n2.2. Geomarketing\r\n2.3. Realidad Aumentada\r\nTEMA 10: PROMOCI\u00d3N Y PUBLICIDAD EN DISPOSITIVOS M\u00d3VILES Y TABLETS\r\n3.1. Plataformas sociales: Facebook, Twitter y ejemplos destacados\r\n3.2. Plataformas de publicidad: iAd, Admob\r\nTEMA 11: EL MARKETING M\u00d3VIL EN LOS JUEGOS\r\n4.1. Plataformas actuales\r\n4.2. T\u00e9cnicas y recursos<\/pre>\n<p>&nbsp;<\/p><\/div>\n<p>&nbsp;<\/p>\n","protected":false},"excerpt":{"rendered":"<p>&nbsp;<\/p>\n","protected":false},"author":1,"featured_media":0,"parent":9,"menu_order":0,"comment_status":"closed","ping_status":"closed","template":"page-fullwidth.php","meta":{"footnotes":""},"class_list":["post-2076","page","type-page","status-publish","hentry"],"_links":{"self":[{"href":"https:\/\/www.adehon.org\/es\/wp-json\/wp\/v2\/pages\/2076","targetHints":{"allow":["GET"]}}],"collection":[{"href":"https:\/\/www.adehon.org\/es\/wp-json\/wp\/v2\/pages"}],"about":[{"href":"https:\/\/www.adehon.org\/es\/wp-json\/wp\/v2\/types\/page"}],"author":[{"embeddable":true,"href":"https:\/\/www.adehon.org\/es\/wp-json\/wp\/v2\/users\/1"}],"replies":[{"embeddable":true,"href":"https:\/\/www.adehon.org\/es\/wp-json\/wp\/v2\/comments?post=2076"}],"version-history":[{"count":54,"href":"https:\/\/www.adehon.org\/es\/wp-json\/wp\/v2\/pages\/2076\/revisions"}],"predecessor-version":[{"id":2583,"href":"https:\/\/www.adehon.org\/es\/wp-json\/wp\/v2\/pages\/2076\/revisions\/2583"}],"up":[{"embeddable":true,"href":"https:\/\/www.adehon.org\/es\/wp-json\/wp\/v2\/pages\/9"}],"wp:attachment":[{"href":"https:\/\/www.adehon.org\/es\/wp-json\/wp\/v2\/media?parent=2076"}],"curies":[{"name":"wp","href":"https:\/\/api.w.org\/{rel}","templated":true}]}}