{"id":2483,"date":"2014-12-18T11:53:34","date_gmt":"2014-12-18T11:53:34","guid":{"rendered":"http:\/\/www.adehon.org\/es\/?page_id=2483"},"modified":"2019-07-22T10:48:01","modified_gmt":"2019-07-22T10:48:01","slug":"adaptacion-nueva-norma-alergenos-intolerancias-sector-hosteleria","status":"publish","type":"page","link":"https:\/\/www.adehon.org\/es\/entidad\/adaptacion-nueva-norma-alergenos-intolerancias-sector-hosteleria\/","title":{"rendered":"ALERGIAS ALIMENTARIAS"},"content":{"rendered":"<div class=\"grid_12 \"><h2><strong>Programa\u00a0GRATUITO \u00abAdaptaci\u00f3n a la Nueva Norma sobre Al\u00e9rgenos e Intolerancias para el\u00a0SECTOR HOSTELERIA\u00bb\u00a0<\/strong><\/h2>\n<h2><strong><span style=\"color: #ff0000;\">100% Gratuito\u00a0para Sector Hosteleria<\/span><\/strong><\/h2><\/div>\n<p style=\"text-align: justify;\"><div class=\"grid_12  alpha\"><span style=\"text-align: justify;\"><br \/>\n<a href=\"http:\/\/www.adehon.org\/es\/wp-content\/uploads\/2014\/12\/taza1.png\"><img loading=\"lazy\" decoding=\"async\" class=\"alignleft wp-image-2496\" src=\"http:\/\/www.adehon.org\/es\/wp-content\/uploads\/2014\/12\/taza1.png\" alt=\"taza\" width=\"305\" height=\"391\" srcset=\"https:\/\/www.adehon.org\/es\/wp-content\/uploads\/2014\/12\/taza1.png 470w, https:\/\/www.adehon.org\/es\/wp-content\/uploads\/2014\/12\/taza1-233x300.png 233w\" sizes=\"auto, (max-width: 305px) 100vw, 305px\" \/><\/a>ADEHON gestiona un Programa de Impartici\u00f3n de Jornadas Formativas a impartir dentro del <span style=\"text-decoration: underline;\">Sector HOSTELERIA<\/span> con el objetivo de adaptar a todos los componentes del sector (<strong>Bares, Cafeter\u00edas y Restaurantes<\/strong>) al <a title=\"Nuevo Reglamento ALERGENOS\" href=\"http:\/\/aesan.msssi.gob.es\/AESAN\/web\/cadena_alimentaria\/detalle\/futura_legislacion.shtml\">NUEVO\u00a0Reglamento- UE- n\u00ba. 1169\/2011<\/a> del igualar en derechos a las personas al\u00e9rgicas e intolerantes, al resto, con <strong>CARACTER OBLIGATORIO.<\/strong><\/span><\/p>\n<p style=\"text-align: justify;\">A trav\u00e9s de esta nueva legislaci\u00f3n se busca facilitar que se informe a todos los ciudadanos de todos los platos que contengan al\u00e9rgenos o productos que puedan generar intolerancias.<\/p>\n<h2 style=\"text-align: justify;\"><strong>\u00bfQu\u00e9 responsabilidad tienen las empresas hosteleras?<\/strong><\/h2>\n<p style=\"text-align: justify;\"><a href=\"http:\/\/www.adehon.org\/es\/wp-content\/uploads\/2014\/12\/images.jpg\"><img loading=\"lazy\" decoding=\"async\" class=\"alignright wp-image-2487 size-full\" src=\"http:\/\/www.adehon.org\/es\/wp-content\/uploads\/2014\/12\/images.jpg\" alt=\"images\" width=\"274\" height=\"184\" \/><\/a>El cambio m\u00e1s importante que introduce este nuevo Reglamento (UE- n\u00ba 1169\/2011) respecto a otras normativas, es la otorgaci\u00f3n de <strong>RESPONSABILIDAD DIRECTA<\/strong> a la empresa hostelera (Bar, restaurante, cafeter\u00eda o empresa operadora como son comedores de centros educativos, hospitales, residencias geri\u00e1tricas, etc&#8230;) en relaci\u00f3n con la <span style=\"text-decoration: underline;\">informaci\u00f3n de car\u00e1cter alimentario relativa a los al\u00e9rgenos<\/span>. Esta informaci\u00f3n es preciso facilitarla en todo momento al cliente o consumidor, que se debe facilitar al consumidor o cliente.<\/p>\n<p style=\"text-align: justify;\">En definitiva, \u201ccualquier comida que se sirva, sea de la \u00edndole que sea, que pueda contener al\u00e9rgenos, tendr\u00e1 que presentarse con la informaci\u00f3n espec\u00edfica necesaria. Incluso si estamos sirviendo platos o comidas de terceros.<\/p>\n<p style=\"text-align: justify;\">Esto es as\u00ed porque la normativa establece que <strong>el hecho de que exista un al\u00e9rgeno en una comida se considera como un peligro alimentario al nivel de la salmonella<\/strong>. Es por ello, que, teniendo en cuenta la legislaci\u00f3n vigente, pueden derivarse responsabilidades incluso penales (<strong>pena de prisi\u00f3n, sanciones, multas as\u00ed como tambi\u00e9n inhabilitaciones para ejercer la profesi\u00f3n, industria u oficio<\/strong>)<\/p>\n<h2 style=\"text-align: justify;\"><strong>\u00bfDe qu\u00e9 al\u00e9rgenos se tiene que informar?<\/strong><\/h2>\n<p style=\"text-align: justify;\">La normativa establece que la obligaci\u00f3n consiste en INFORMAR SOBRE TODO INGREDIENTE QUE CAUSE ALERGIAS O INTOLERANCIAS Y QUE FORME PARTE DE LA ELABORACION DEL ALIMENTO QUE SE ESTA COMERCIALIZANDO O SIGA ESTANDO PRESENTE EN EL PRODUCTO ACABADO QUE SE ESTA SIRVIENDO.<\/p>\n<p style=\"text-align: justify;\">En todo caso, la legislaci\u00f3n concreta una lista de un total de 14 grupos de al\u00e9rgenos sobre los que se tiene que\u00a0informar necesariamente.<\/p>\n<h2 style=\"text-align: justify;\"><\/h2>\n<p>En este sentido, el nuevo reglamento obliga a que todo el personal que trabaja en el sector debe tener conocimiento pleno de la normativa y en qu\u00e9 condiciones debe informar a los clientes sobre la presencias de productos al\u00e9rgenos o que produzcan intolerancias.<\/p>\n<p><a href=\"http:\/\/www.adehon.org\/es\/wp-content\/uploads\/2014\/12\/descarga.jpg\"><img loading=\"lazy\" decoding=\"async\" class=\"alignleft size-full wp-image-2499\" src=\"http:\/\/www.adehon.org\/es\/wp-content\/uploads\/2014\/12\/descarga.jpg\" alt=\"descarga\" width=\"422\" height=\"119\" srcset=\"https:\/\/www.adehon.org\/es\/wp-content\/uploads\/2014\/12\/descarga.jpg 422w, https:\/\/www.adehon.org\/es\/wp-content\/uploads\/2014\/12\/descarga-300x84.jpg 300w\" sizes=\"auto, (max-width: 422px) 100vw, 422px\" \/><\/a><\/p>\n<p align=\"center\"><\/div>\n<p>&nbsp;<\/p>\n<p><strong>\u00a0<\/strong><div class=\"grid_12 \"><\/div>\n<h3 style=\"text-align: justify;\"><\/h3>\n<h2><\/h2>\n<h2><strong>ADEHON colabora con la entidad de certificacion ECEDE<\/strong><\/h2>\n<p style=\"text-align: justify;\"><a href=\"http:\/\/www.ecede.es\/\"><img loading=\"lazy\" decoding=\"async\" class=\"alignleft wp-image-2576 size-thumbnail\" src=\"http:\/\/www.adehon.org\/es\/wp-content\/uploads\/2014\/12\/logo_small-150x150.gif\" alt=\"logo_small\" width=\"150\" height=\"150\" \/><\/a>Adehon cuenta con la colaboraci\u00f3n estrecha de ECEDE &#8211; Entidad de Certificaci\u00f3n de Directivas Europeas que tiene como objetivo realizar la certificaci\u00f3n del cumplimiento de la normativa sobre al\u00e9rgenos y acredita que la formaci\u00f3n realizada y la gesti\u00f3n del menu es correcta y conforme normas de al\u00e9rgenos e intolerancias alimentarias.<\/p>\n<h3 style=\"text-align: justify;\"><a href=\"https:\/\/forms.gle\/1k98seprt21ax3ud8\" target=\"_blank\" rel=\"noopener\"><img loading=\"lazy\" decoding=\"async\" class=\"aligncenter wp-image-2806\" src=\"http:\/\/www.adehon.org\/es\/wp-content\/uploads\/2019\/07\/CAMBIO-DE-FOTO.jpg\" alt=\"\" width=\"292\" height=\"284\" srcset=\"https:\/\/www.adehon.org\/es\/wp-content\/uploads\/2019\/07\/CAMBIO-DE-FOTO.jpg 420w, https:\/\/www.adehon.org\/es\/wp-content\/uploads\/2019\/07\/CAMBIO-DE-FOTO-300x291.jpg 300w\" sizes=\"auto, (max-width: 292px) 100vw, 292px\" \/>(PULSA PARA RELLENAR EL FORMULARIO)<\/a><\/h3>\n<p>&nbsp;<\/p>\n","protected":false},"excerpt":{"rendered":"<p>&nbsp; \u00a0 ADEHON colabora con la entidad de certificacion ECEDE Adehon cuenta con la colaboraci\u00f3n estrecha de ECEDE &#8211; Entidad de Certificaci\u00f3n de Directivas Europeas que tiene como objetivo realizar la certificaci\u00f3n del cumplimiento de la normativa sobre al\u00e9rgenos y acredita que la formaci\u00f3n realizada y la gesti\u00f3n del menu es correcta y conforme normas de al\u00e9rgenos e intolerancias alimentarias. (PULSA PARA RELLENAR EL FORMULARIO) &nbsp;<\/p>\n","protected":false},"author":1,"featured_media":0,"parent":654,"menu_order":3,"comment_status":"closed","ping_status":"closed","template":"page-fullwidth.php","meta":{"footnotes":""},"class_list":["post-2483","page","type-page","status-publish","hentry"],"_links":{"self":[{"href":"https:\/\/www.adehon.org\/es\/wp-json\/wp\/v2\/pages\/2483","targetHints":{"allow":["GET"]}}],"collection":[{"href":"https:\/\/www.adehon.org\/es\/wp-json\/wp\/v2\/pages"}],"about":[{"href":"https:\/\/www.adehon.org\/es\/wp-json\/wp\/v2\/types\/page"}],"author":[{"embeddable":true,"href":"https:\/\/www.adehon.org\/es\/wp-json\/wp\/v2\/users\/1"}],"replies":[{"embeddable":true,"href":"https:\/\/www.adehon.org\/es\/wp-json\/wp\/v2\/comments?post=2483"}],"version-history":[{"count":36,"href":"https:\/\/www.adehon.org\/es\/wp-json\/wp\/v2\/pages\/2483\/revisions"}],"predecessor-version":[{"id":2809,"href":"https:\/\/www.adehon.org\/es\/wp-json\/wp\/v2\/pages\/2483\/revisions\/2809"}],"up":[{"embeddable":true,"href":"https:\/\/www.adehon.org\/es\/wp-json\/wp\/v2\/pages\/654"}],"wp:attachment":[{"href":"https:\/\/www.adehon.org\/es\/wp-json\/wp\/v2\/media?parent=2483"}],"curies":[{"name":"wp","href":"https:\/\/api.w.org\/{rel}","templated":true}]}}