{"id":2736,"date":"2018-10-24T18:28:44","date_gmt":"2018-10-24T18:28:44","guid":{"rendered":"http:\/\/www.adehon.org\/es\/?page_id=2736"},"modified":"2018-11-13T14:37:58","modified_gmt":"2018-11-13T14:37:58","slug":"politicadeprivacidad","status":"publish","type":"page","link":"https:\/\/www.adehon.org\/es\/politicadeprivacidad\/","title":{"rendered":"Pol\u00edtica de privacidad"},"content":{"rendered":"<p><strong>POL\u00cdTICA DE PRIVACIDAD<\/strong><\/p>\n<p>Este sitio web est\u00e1 operado y controlado por Asociaci\u00f3n Ec-Social L\u00b4Horta Nord (Adehon) \u00a0con CIF G-97047187, en adelante (ADEHON) sito en C\/ Heraldo Dalhander, 9 Bajo CP 46.113 MONCADA (Valencia)<\/p>\n<p>Por favor, lea detenidamente nuestra <strong>Pol\u00edtica de Privacidad<\/strong>, conocer\u00e1 c\u00f3mo procesaremos sus datos personales y c\u00f3mo usamos las cookies. El uso de este sitio web implica que acepta esta Pol\u00edtica de Privacidad.<\/p>\n<ol>\n<li><strong> Derecho de Informaci\u00f3n<\/strong><\/li>\n<\/ol>\n<p>ADEHON se compromete claramente con el cumplimiento de la normativa espa\u00f1ola de protecci\u00f3n de datos de car\u00e1cter personal y garantiza el cumplimiento \u00edntegro de las obligaciones dispuestas, as\u00ed como la implementaci\u00f3n de las medidas de seguridad recogidas en el art\u00edculo 9 de la Ley Org\u00e1nica 15\/1999, de 13 de diciembre, de protecci\u00f3n de datos de car\u00e1cter personal (LOPD) y el Real Decreto 1720\/2007, de 21 de diciembre, de protecci\u00f3n de datos personales (en adelante RDLOPD) y el Reglamento General Europeo de Protecci\u00f3n de Datos.<\/p>\n<p>Adehon pone a disposici\u00f3n de los usuarios la pol\u00edtica de privacidad de la entidad informando a los usuarios respecto de los siguientes aspectos:<\/p>\n<p>En cumplimiento de lo dispuesto en los art\u00edculos 5 y 6 de la LOPD, se informa que Adehon Responsable del Tratamiento, dispone de un fichero debidamente registrado y administrado por Adehon, en el que se incluir\u00e1n los datos personales que usted nos facilite, siendo sometidos a los controles y normas establecidos en el Reglamento de Medidas de Seguridad. La direcci\u00f3n del responsable del tratamiento es\u00a0C\/ Heraldo Dalhander, 9 Bajo CP 46.113 MONCADA (Valencia)<\/p>\n<p>La finalidad para la que se recogen los datos ser\u00e1 para atender sus consultas o la realizaci\u00f3n de cualquier consulta relacionada con los productos comercializados, as\u00ed como la de cada caso concreto en particular que pueda presentarse, pero siempre tendr\u00e1 como objeto gestionar el servicio prestado por Adehon al cliente dentro del marco de la relaci\u00f3n comercial que los une, enviarle informaci\u00f3n y publicidad sobre ofertas, promociones, recomendaciones y confeccionar nuevos productos a partir de las preferencias de nuestros clientes as\u00ed como informarle de empleos o noticias que pudiesen ser de su inter\u00e9s.<\/p>\n<p>&nbsp;<\/p>\n<ol start=\"2\">\n<li><strong> Informaci\u00f3n sobre el tratamiento de los datos personales<\/strong><\/li>\n<\/ol>\n<p>Sus datos personales ser\u00e1n procesados para gestionar y cumplir sus solicitudes a trav\u00e9s de este sitio web.<\/p>\n<p>El tratamiento de los datos se basa en el Art. 6 (1) a) del Reglamento General de Protecci\u00f3n de Datos de la Uni\u00f3n Europea (RGPD) en caso de que exprese su consentimiento y\/o en el Art. 6 (1) b) del RGPD en caso de solicitudes online.<\/p>\n<p>Los usuarios, mediante la marcaci\u00f3n de las casillas correspondientes y entrada de datos en los campos, marcados con un asterisco (*) en el formulario de contacto o presentados en formularios, aceptan expresamente y de forma libre e inequ\u00edvoca, que sus datos son necesarios para atender su petici\u00f3n, por parte del prestador, siendo voluntaria la inclusi\u00f3n de datos en los campos restantes.<\/p>\n<p>Los datos facilitados por los usuarios podr\u00e1n ser\u00e1n tratados para realizar alguna de las siguientes <strong>finalidades<\/strong>: Consultas realizadas mediante el apartado CONTACTO de nuestra web, Remisi\u00f3n de comunicaciones comerciales publicitarias por email, fax, SMS, MMS, redes sociales o cualquier otro medio electr\u00f3nico o f\u00edsico, presente o futuro, que posibilite realizar comunicaciones comerciales. Estas comunicaciones ser\u00e1n realizadas por Adehon y relacionadas sobre sus productos y servicios, o de sus colaboradores o proveedores con los que \u00e9ste haya alcanzado alg\u00fan acuerdo de promoci\u00f3n. Tramitar encargos, solicitudes o cualquier tipo de petici\u00f3n que sea realizada por el usuario a trav\u00e9s de cualquiera de las formas de contacto que se ponen a su disposici\u00f3n. Remitir el bolet\u00edn de noticias de la p\u00e1gina web.<\/p>\n<p>Asimismo, nosotros, como controladores, procesamos sus datos personales de la siguiente forma:<\/p>\n<table>\n<tbody>\n<tr>\n<td><strong>Datos<\/strong><strong>(son obligatorios los marcados con *)<\/strong><\/td>\n<td><strong>Finalidad<\/strong><\/td>\n<\/tr>\n<tr>\n<td><strong>Datos de identificaci\u00f3n y contacto: <\/strong>Informaci\u00f3n de contacto:<\/p>\n<p>\u00b7\u00a0\u00a0\u00a0\u00a0\u00a0\u00a0\u00a0\u00a0 Nombre<\/p>\n<p>\u00b7\u00a0\u00a0\u00a0\u00a0\u00a0\u00a0\u00a0\u00a0 Apellidos<\/p>\n<p>\u00b7\u00a0\u00a0\u00a0\u00a0\u00a0\u00a0\u00a0\u00a0 Tel\u00e9fono<\/p>\n<p>\u00b7\u00a0\u00a0\u00a0\u00a0\u00a0\u00a0\u00a0\u00a0 E-mail<\/td>\n<td>Responder a su(s) solicitud(es), tales como: Registro como usuario, solicitud de presupuesto, solicitud de env\u00edo de newsletter, consultas generales.<\/p>\n<p><strong>Servicio al cliente:\u00a0<\/strong>Contacto para comunicarle, por ejemplo, la invitaci\u00f3n a un evento, informaci\u00f3n sobre actualizaciones o informaci\u00f3n sobre cualquier tipo de productos o servicios que prestemos.<\/p>\n<p><strong>Informaci\u00f3n al cliente:\u00a0<\/strong>Contacto para comunicarle, por ejemplo, las consultas que nos realice.<\/p>\n<p><strong>Publicidad:\u00a0<\/strong>Publicidad individual o personalizada de ofertas, productos y servicios.<\/p>\n<p><strong>Encuestas de satisfacci\u00f3n del cliente:\u00a0<\/strong>Contacto despu\u00e9s de la compra o servicio, para conocer su satisfacci\u00f3n con el producto adquirido.<\/td>\n<\/tr>\n<\/tbody>\n<\/table>\n<p>&nbsp;<\/p>\n<p>En base a su comportamiento como visitante a nuestra p\u00e1gina web, es posible que aparezca una ventana emergente que le ofrezca una informaci\u00f3n que entendemos sea de su inter\u00e9s. Por favor, consulte la Pol\u00edtica de Cookies para m\u00e1s Informaci\u00f3n.<\/p>\n<p><strong>Criterios de conservaci\u00f3n de los datos<\/strong>: Se conservar\u00e1n mientras exista un inter\u00e9s mutuo para mantener el fin del tratamiento y cuando ya no sea necesario para tal fin, se suprimir\u00e1n con medidas de seguridad adecuadas para garantizar la seudonimizaci\u00f3n de los datos o la destrucci\u00f3n total de los mismos.<\/p>\n<p><strong>Comunicaci\u00f3n de los datos:<\/strong> No se comunicar\u00e1n los datos a terceros, salvo obligaci\u00f3n legal o sin su consentimiento expreso u obligaci\u00f3n legal.<\/p>\n<p>&nbsp;<\/p>\n<p><strong>Destinatarios<\/strong><\/p>\n<p>Sus datos NO SE CEDER\u00c1N A TERCEROS, salvo obligaci\u00f3n legal.<\/p>\n<ol start=\"3\">\n<li><strong> Derechos del Usuario<\/strong><\/li>\n<\/ol>\n<p>Como \u201csujeto de datos\u201d, puede ejercer el derecho de acceso, el derecho de rectificaci\u00f3n, el derecho al olvido, el derecho a restringir el procesamiento, el derecho a la portabilidad de los datos y el derecho a no ser evaluado mediante un procesamiento automatizado, siempre de acuerdo con el Art. 6 (1) e) o f) del Reglamento General de Protecci\u00f3n de Datos de la Uni\u00f3n Europea (RGPD) o de acuerdo con la ley aplicable en caso de que los datos personales sean procesados para prop\u00f3sitos de marketing directo.<\/p>\n<p>El usuario podr\u00e1 darse de baja en cualquier momento de cualquiera de los servicios de suscripci\u00f3n facilitados, respondiendo a cualquier correo electr\u00f3nico remitido por ASOCIACION EC-SOCIAL L\u00b4HORTA NORD (ADEHON) e indicando en el asunto \u00abDar de baja (RGPD)\u00bb.<\/p>\n<p>Como controladores responsables del sitio web, podemos actualizar sus datos personales en cualquier momento, por ejemplo, actualizando su direcci\u00f3n. La actualizaci\u00f3n de sus datos puede ser realizada por usted en cualquier momento, siempre que nuestros sistemas o aplicaciones ofrezcan esta funcionalidad.<\/p>\n<p>Recuerde que los derechos citados est\u00e1n limitados por ley y deben ser satisfechos por nosotros bajo ciertas condiciones y en la medida de lo posible.<\/p>\n<p><strong>Derechos que asisten al Usuario:<\/strong><\/p>\n<ul>\n<li>Derecho a retirar el consentimiento en cualquier momento.<\/li>\n<li>Derecho de acceso, rectificaci\u00f3n, portabilidad y supresi\u00f3n de sus datos y a la limitaci\u00f3n u oposici\u00f3n al su tratamiento.<\/li>\n<li>Derecho a presentar una reclamaci\u00f3n ante la autoridad de control (agpd.es) si considera que el tratamiento no se ajusta a la normativa vigente.<\/li>\n<\/ul>\n<p><strong>Datos de contacto para ejercer sus derechos o retirar sus consentimientos:<\/strong><\/p>\n<ul>\n<li>Direcci\u00f3n postal: C\/ Heraldo Dalhander, 9 Bajo CP 46.113 MONCADA (Valencia)<\/li>\n<li>Direcci\u00f3n electr\u00f3nica: <a href=\"mailto:administracion@adehon.es\">administracion@adehon.es<\/a><\/li>\n<\/ul>\n<p>Para ejercer su derecho de reclamaci\u00f3n (Art. 77 del RGPD) por favor, p\u00f3ngase en contacto con la Agencia Espa\u00f1ola de Protecci\u00f3n de Datos, con NIF Q2813014D, domicilio en la calle Jorge Juan, n\u00ba 6, 28001 Madrid, y tel\u00e9fonos +34 901 100 099 \/ +34 91 266 35 17, <a href=\"https:\/\/www.agpd.es\">https:\/\/www.agpd.es<\/a>.<\/p>\n<ol start=\"4\">\n<li><strong> Medidas de Seguridad<\/strong><\/li>\n<\/ol>\n<p>Conforme el Real Decreto 1720\/2007, de 21 de diciembre, relativo a las Medidas de Seguridad de los tratamientos automatizados y no automatizados con datos de car\u00e1cter personal ASOCIACION EC-SOCIAL L\u00b4HORTA NORD (ADEHON)ha adoptado las medidas de \u00edndole t\u00e9cnica y organizativa necesarias para garantizar la seguridad e integridad de los datos de car\u00e1cter personal que trate, confidencialidad y privacidad de las mismas, as\u00ed como evitar su p\u00e9rdida, alteraci\u00f3n y\/o acceso por parte de terceros no autorizados.<\/p>\n<ol start=\"5\">\n<li><strong> Cambios en nuestra Pol\u00edtica de Privacidad<\/strong><\/li>\n<\/ol>\n<p>Todos los cambios futuros en nuestra Pol\u00edtica de Privacidad ser\u00e1n publicados en este sitio web. Por tanto, deber\u00eda revisar el contenido de esta secci\u00f3n de forma peri\u00f3dica.<\/p>\n<ol start=\"6\">\n<li><strong> Contacto<\/strong><\/li>\n<\/ol>\n<p>Para cualquier consulta, comentario o solicitud relativa a nuestra pol\u00edtica de privacidad, por favor dir\u00edjase a la siguiente direcci\u00f3n. Tambi\u00e9n puede contactar con nosotros para acceder a cualquier informaci\u00f3n personal que hayamos recogido a trav\u00e9s de este sitio web o para ejercer su derecho de rectificaci\u00f3n, bloqueo o anulaci\u00f3n de esta informaci\u00f3n.<\/p>\n<ul>\n<li>Direcci\u00f3n postal: C\/ Heraldo Dalhander, 9 Bajo CP 46.113 MONCADA (Valencia)<\/li>\n<li>Direcci\u00f3n electr\u00f3nica: <a href=\"mailto:%20administracion@adehon.es\">administracion@adehon.es <\/a><\/li>\n<\/ul>\n<p>Consulte nuestra\u00a0<u>Informaci\u00f3n Legal <\/u>para conocer todos los datos de la compa\u00f1\u00eda.<\/p>\n<p>Versi\u00f3n: 26 de Junio de 2018<\/p>\n<p>&nbsp;<\/p>\n","protected":false},"excerpt":{"rendered":"<p>POL\u00cdTICA DE PRIVACIDAD Este sitio web est\u00e1 operado y controlado por Asociaci\u00f3n Ec-Social L\u00b4Horta Nord (Adehon) \u00a0con CIF G-97047187, en adelante (ADEHON) sito en C\/ Heraldo Dalhander, 9 Bajo CP 46.113 MONCADA (Valencia) Por favor, lea detenidamente nuestra Pol\u00edtica de Privacidad, conocer\u00e1 c\u00f3mo procesaremos sus datos personales y c\u00f3mo usamos las cookies. El uso de este sitio web implica que acepta esta Pol\u00edtica de Privacidad. Derecho de Informaci\u00f3n ADEHON se compromete claramente con el cumplimiento de la normativa espa\u00f1ola de protecci\u00f3n de datos de car\u00e1cter personal y garantiza el cumplimiento \u00edntegro de las obligaciones dispuestas, as\u00ed como la implementaci\u00f3n de las medidas de seguridad recogidas en el art\u00edculo 9 de la Ley Org\u00e1nica 15\/1999, de 13 de diciembre, de protecci\u00f3n de datos de car\u00e1cter personal (LOPD) y el Real Decreto 1720\/2007, de 21 de diciembre, de protecci\u00f3n de datos personales (en adelante RDLOPD) y el Reglamento General Europeo de Protecci\u00f3n de Datos. Adehon pone a disposici\u00f3n de los usuarios la&nbsp;<a href=\"https:\/\/www.adehon.org\/es\/politicadeprivacidad\/\" class=\"read-more\">Continuar Leyendo<\/a><\/p>\n","protected":false},"author":1,"featured_media":0,"parent":0,"menu_order":9,"comment_status":"closed","ping_status":"closed","template":"","meta":{"footnotes":""},"class_list":["post-2736","page","type-page","status-publish","hentry"],"_links":{"self":[{"href":"https:\/\/www.adehon.org\/es\/wp-json\/wp\/v2\/pages\/2736","targetHints":{"allow":["GET"]}}],"collection":[{"href":"https:\/\/www.adehon.org\/es\/wp-json\/wp\/v2\/pages"}],"about":[{"href":"https:\/\/www.adehon.org\/es\/wp-json\/wp\/v2\/types\/page"}],"author":[{"embeddable":true,"href":"https:\/\/www.adehon.org\/es\/wp-json\/wp\/v2\/users\/1"}],"replies":[{"embeddable":true,"href":"https:\/\/www.adehon.org\/es\/wp-json\/wp\/v2\/comments?post=2736"}],"version-history":[{"count":5,"href":"https:\/\/www.adehon.org\/es\/wp-json\/wp\/v2\/pages\/2736\/revisions"}],"predecessor-version":[{"id":2743,"href":"https:\/\/www.adehon.org\/es\/wp-json\/wp\/v2\/pages\/2736\/revisions\/2743"}],"wp:attachment":[{"href":"https:\/\/www.adehon.org\/es\/wp-json\/wp\/v2\/media?parent=2736"}],"curies":[{"name":"wp","href":"https:\/\/api.w.org\/{rel}","templated":true}]}}