{"id":2789,"date":"2019-07-22T08:14:54","date_gmt":"2019-07-22T08:14:54","guid":{"rendered":"http:\/\/www.adehon.org\/es\/?page_id=2789"},"modified":"2019-07-22T08:16:20","modified_gmt":"2019-07-22T08:16:20","slug":"aviso-legal","status":"publish","type":"page","link":"https:\/\/www.adehon.org\/es\/aviso-legal\/","title":{"rendered":"AVISO LEGAL"},"content":{"rendered":"<p><a href=\"http:\/\/www.adehon.org\/es\/wp-content\/uploads\/2019\/07\/AVISO-LEGAL.pdf\">AVISO LEGAL<\/a>\u00a0(PINCHA AQU\u00cd PARA DESCARGAR)<\/p>\n<p>&nbsp;<\/p>\n<p><strong>\u00a01.-INFORMACI\u00d3N B\u00c1SICA SOBRE PROTECCI\u00d3N DE DATOS<\/strong><\/p>\n<p><strong>Responsable:<\/strong> ASOCIACION DESARROLLO EC-SOCIAL L\u00b4HORTA NORD (ADEHON)<\/p>\n<ul>\n<li><strong>Finalidad:<\/strong> Gesti\u00f3n de su consulta\/solicitud remitida a trav\u00e9s de nuestra p\u00e1gina web.<\/li>\n<li><strong>Legitimaci\u00f3n<\/strong>: Su consentimiento expresado por la marcaci\u00f3n del checkbox<\/li>\n<li><strong>Destinatarios:<\/strong> No se ceder\u00e1n datos a terceros, salvo obligaci\u00f3n legal<\/li>\n<li><strong>Derechos<\/strong>: Acceder, rectificar y suprimir los datos as\u00ed como otros derechos, como se explica en la informaci\u00f3n adicional<\/li>\n<li><strong>Informaci\u00f3n adicional<\/strong> Puede consultar la informaci\u00f3n adicional y detallada sobre Protecci\u00f3n de Datos en:<\/li>\n<\/ul>\n<p><a href=\"http:\/\/www.adehon.org\/es\/politicadeprivacidad\/\">http:\/\/www.adehon.org\/es\/politicadeprivacidad\/<\/a><\/p>\n<p>&nbsp;<\/p>\n<p><strong>INFORMACI\u00d3N ADICIONAL SOBRE PROTECCI\u00d3N DE DATOS<\/strong><\/p>\n<p><strong>\u00bfQui\u00e9n es el Responsable del tratamiento de sus datos?<\/strong><\/p>\n<p>Identidad: ASOCIACION EC-SOCIAL L\u00b4HORTA NORD (ADEHON)<\/p>\n<p>Dir. Postal: C\/ Heraldo Dalhander, 9 Bajo CP 46113 MONCADA (Valencia)<\/p>\n<p>Tel\u00e9fono: 96.130.90.44<\/p>\n<p>Correo electr\u00f3nico: <a href=\"mailto:comercial@arcemedioambiental.com\">comercial@arcemedioambiental.com<\/a><\/p>\n<p><strong>\u00bfCon qu\u00e9 finalidad tratamos sus datos personales?<\/strong><\/p>\n<p>En ASOCIACION EC-SOCIAL L\u00b4HORTA NORD (ADEHON) \u00a0tratamos la informaci\u00f3n que nos facilitan nuestros usuarios para atender a sus consultas y \u00a0comentarios, as\u00ed como en su caso mantener el contacto para informarle sobre nuestros productos\/servicios.<\/p>\n<p><strong>\u00bfPor cu\u00e1nto tiempo conservaremos sus datos?<\/strong><\/p>\n<p>Los datos personales proporcionados se conservar\u00e1n en todo caso mientras exista una relaci\u00f3n comercial, y durante el plazo m\u00e1ximo establecido en Normativa aplicable a partir del fin de \u00e9sta.<\/p>\n<p><strong>\u00bfCu\u00e1l es la legitimaci\u00f3n para el tratamiento de sus datos?<\/strong><\/p>\n<p>La base legal para el tratamiento de sus datos es la prestaci\u00f3n de su consentimiento a trav\u00e9s de la marcaci\u00f3n del checkbox que Vd. podr\u00e1 revocar en cualquier momento.<\/p>\n<p><strong>\u00bfA qu\u00e9 destinatarios se comunicar\u00e1n sus datos?<\/strong><\/p>\n<p>No se comunicar\u00e1n sus datos a terceros. No se prev\u00e9n Transferencias a terceros pa\u00edses.<\/p>\n<p><strong>\u00bfCu\u00e1les son sus derechos cuando nos facilita sus datos?<\/strong><\/p>\n<p>Cualquier persona tiene derecho a obtener confirmaci\u00f3n sobre si en ASOCIACION EC-SOCIAL L\u00b4HORTA NORD (ADEHON) \u00a0estamos tratando datos personales que les conciernan, o no.<\/p>\n<p>Las personas interesadas tienen derecho a acceder a sus datos personales, as\u00ed como a solicitar la rectificaci\u00f3n de los datos inexactos o, en su caso, solicitar su supresi\u00f3n cuando, entre otros motivos, los datos ya no sean necesarios para los fines para los que fueron recogidos.<\/p>\n<p>En determinadas circunstancias, los interesados podr\u00e1n solicitar la limitaci\u00f3n del tratamiento de sus datos, en cuyo caso \u00fanicamente los conservaremos para el ejercicio o defensa de reclamaciones.<\/p>\n<p>En determinadas circunstancias y por motivos relacionados con su situaci\u00f3n particular, los interesados podr\u00e1n oponerse al tratamiento de sus datos. ASOCIACION EC-SOCIAL L\u00b4HORTA NORD (ADEHON) \u00a0dejar\u00e1 de tratar los datos, salvo por motivos leg\u00edtimos e imperiosos, o el ejercicio o la defensa de posibles reclamaciones.<\/p>\n<p>Asimismo, en determinadas circunstancias y cuando sea t\u00e9cnicamente posible, los interesados tienen derecho a que los datos personales se transmitan directamente a otro responsable a solicitud suya.<\/p>\n<p>Para el ejercicio de estos derechos, dirija un escrito a: C\/ Heraldo Dalhander, 9 Bajo CP 46113 MONCADA (Valencia) o mediante correo electr\u00f3nico a <a href=\"mailto:administracion@adehon.com\">administracion@adehon.com<\/a><\/p>\n<p>De igual modo, puede ponerse en contacto con la Agencia Espa\u00f1ola de Protecci\u00f3n de Datos, especialmente cuando no haya obtenido satisfacci\u00f3n en el ejercicio de sus derechos <a href=\"http:\/\/www.aepd.es\">www.aepd.es<\/a><\/p>\n<p>&nbsp;<\/p>\n<p><strong>2.- RESPONSABLE DE LA WEB<\/strong><\/p>\n<p>En gogoprint.es queremos ser lo m\u00e1s transparentes posible, te dejamos a continuaci\u00f3n nuestros datos para que en todo momento puedas identificarnos:<\/p>\n<ul>\n<li><strong>Denominaci\u00f3n Social:<\/strong> ASOCIACION EC-SOCIAL L\u00b4HORTA NORD (ADEHON)<\/li>\n<li><strong>Domicilio Social:<\/strong> C\/ Heraldo Dalhander, 9 Bajo CP 46113 MONCADA (Valencia)<\/li>\n<li><strong>CIF\/ NIF<\/strong>: G-97047187<\/li>\n<li><strong>Tel\u00e9fono:<\/strong>130.90.44<\/li>\n<li><strong>E-mail<\/strong>: <a href=\"mailto:administracion@adehon.com\">administracion@adehon.com<\/a><\/li>\n<li><strong>Inscrita en el Registro de Asociaciones:<\/strong> <strong>11290<\/strong><\/li>\n<li><strong>Nombre de dominio:<\/strong> <a href=\"http:\/\/www.adehon.org\/es\/\">http:\/\/www.adehon.org\/es\/<\/a><\/li>\n<\/ul>\n<p>&nbsp;<\/p>\n<p><strong>Objeto<\/strong><\/p>\n<p>ASOCIACION EC-SOCIAL L\u00b4HORTA NORD (ADEHON), responsable del sitio web, pone a disposici\u00f3n de los usuarios el presente documento con el que pretende dar cumplimiento a las obligaciones dispuestas en la Ley 34\/2002, de Servicios de la Sociedad de la Informaci\u00f3n y del Comercio Electr\u00f3nico (LSSI-CE), as\u00ed como informar a todos los usuarios del sitio web respecto a cu\u00e1les son las condiciones de uso del sitio web.<\/p>\n<p>Toda persona que acceda a este sitio web asume el papel de usuario, comprometi\u00e9ndose a la observancia y cumplimiento riguroso de las disposiciones aqu\u00ed dispuestas, as\u00ed como cualquier otra disposici\u00f3n legal que fuera de aplicaci\u00f3n.<\/p>\n<p>ASOCIACION EC-SOCIAL L\u00b4HORTA NORD (ADEHON) \u00a0se reserva el derecho a modificar cualquier tipo de informaci\u00f3n que pudiera aparecer en el sitio web, sin que exista obligaci\u00f3n de preavisar o poner en conocimiento de los usuarios dichas obligaciones, entendi\u00e9ndose como suficiente con la publicaci\u00f3n en el sitio web del prestador.<\/p>\n<p>&nbsp;<\/p>\n<p><strong>Responsabilidad<\/strong><\/p>\n<p><strong>\u00a0<\/strong><\/p>\n<p>ASOCIACION EC-SOCIAL L\u00b4HORTA NORD (ADEHON) \u00a0se exime de cualquier tipo de responsabilidad derivada de la informaci\u00f3n publicada en su sitio web, siempre que esta informaci\u00f3n haya sido manipulada o introducida por un tercero ajeno al mismo.<\/p>\n<p>Esta p\u00e1gina web, dispone de enlaces y redirecciones hacia otras p\u00e1ginas webs externas a ASOCIACION EC-SOCIAL L\u00b4HORTA NORD (ADEHON) con la finalidad de proporcionar informaci\u00f3n sobre ofertas de empleo, enlaces a redes sociales como Twitter y Facebook as\u00ed como otras webs que consideramos que puedan ser de su inter\u00e9s. Dado que el prestador no puede controlar siempre los contenidos introducidos por los terceros en sus sitios web, \u00e9ste no asume ning\u00fan tipo de responsabilidad respecto a dichos contenidos. En todo caso, el prestador manifiesta que proceder\u00e1 a la retirada inmediata de cualquier contenido que pudiera contravenir la legislaci\u00f3n nacional o internacional, la moral o el orden p\u00fablico, procediendo a la retirada inmediata de la redirecci\u00f3n a dicho sitio web, poniendo en conocimiento de las autoridades competentes el contenido en cuesti\u00f3n.<\/p>\n<p>En cumplimiento de lo dispuesto en el art. 11 y 16 de la LSSI-CE, ASOCIACION EC-SOCIAL L\u00b4HORTA NORD (ADEHON) \u00a0se pone a disposici\u00f3n de todos los usuarios, autoridades y fuerzas de seguridad, y colaborando de forma activa en la retirada o en su caso bloqueo de todos aquellos contenidos que pudieran afectar o contravenir la legislaci\u00f3n nacional, o internacional, derechos de terceros o la moral y el orden p\u00fablico. En caso de que el usuario considere que existe en el sitio web alg\u00fan contenido que pudiera ser susceptible de esta clasificaci\u00f3n, se ruega lo notifique de forma inmediata al administrador del sitio web.<\/p>\n<p>Este sitio web ha sido revisado y probado para que funcione correctamente. En principio, puede garantizarse el correcto funcionamiento los 365 d\u00edas del a\u00f1o, 24 horas al d\u00eda. No obstante, el prestador no descarta la posibilidad de que existan ciertos errores de programaci\u00f3n, o que acontezcan causas de fuerza mayor, cat\u00e1strofes naturales, huelgas, o circunstancias semejantes que hagan imposible el acceso a la p\u00e1gina web.<\/p>\n<p><strong>Direcciones IP<\/strong><\/p>\n<p>Los servidores del sitio web podr\u00e1n detectar de manera autom\u00e1tica la direcci\u00f3n IP y el nombre de dominio utilizados por el usuario. Una direcci\u00f3n IP es un n\u00famero asignado autom\u00e1ticamente a un ordenador cuando \u00e9ste se conecta a Internet. Toda esta informaci\u00f3n es registrada en un fichero de actividad del servidor debidamente inscrito que permite el posterior procesamiento de los datos con el fin de obtener mediciones \u00fanicamente estad\u00edsticas que permitan conocer el n\u00famero de impresiones de p\u00e1ginas, el n\u00famero de visitas realizadas a los servidores web, el orden de visitas, el punto de acceso, etc.<\/p>\n<p><strong>\u00a0<\/strong><\/p>\n<p><strong>Pol\u00edtica de Cookies<\/strong><\/p>\n<p>El sitio Web de ASOCIACION EC-SOCIAL L\u00b4HORTA NORD (ADEHON) \u00a0y sus dominios utilizan cookies (peque\u00f1os archivos de informaci\u00f3n que el servidor env\u00eda al ordenador de quien accede a la p\u00e1gina) para el correcto funcionamiento y visualizaci\u00f3n de los sitios Web por parte del usuario, asi como la recogida de estad\u00edstica y la conexi\u00f3n con Redes sociales<\/p>\n<p>ASOCIACION EC-SOCIAL L\u00b4HORTA NORD (ADEHON) \u00a0muestra informaci\u00f3n sobre su Pol\u00edtica de cookies en la parte inferior de cualquier p\u00e1gina del portal con cada inicio de sesi\u00f3n con el objeto de que usted sea consciente.<\/p>\n<p>&nbsp;<\/p>\n<p><strong>Cookies utilizadas en este sitio web<\/strong><\/p>\n<p>&nbsp;<\/p>\n<p>Siguiendo las directrices de la Agencia Espa\u00f1ola de Protecci\u00f3n de Datos procedemos a detallar el uso de cookies que hace esta web con el fin de informarle con la m\u00e1xima exactitud posible. Puede ampliar m\u00e1s informaci\u00f3n respecto a las cookies accediendo a nuestra p\u00e1gina web: <a href=\"http:\/\/www.adehon.org\/es\/politica-de-cookies\/\">http:\/\/www.adehon.org\/es\/politica-de-cookies\/<\/a><\/p>\n<p><strong>Este sitio web utiliza las siguientes cookies de terceros:<\/strong><\/p>\n<p>Google Analytics: Almacena cookies para poder elaborar estad\u00edsticas sobre el tr\u00e1fico y volumen de visitas de esta web. Al utilizar este sitio web est\u00e1 consintiendo el tratamiento de informaci\u00f3n acerca de usted por Google. Por tanto, el ejercicio de cualquier derecho en este sentido deber\u00e1 hacerlo comunicando directamente con Google.<\/p>\n<p><strong>Redes sociales:<\/strong> Cada red social utiliza sus propias cookies para que usted pueda pinchar en botones del tipo Me gusta o Compartir.<\/p>\n<p>Ante esta informaci\u00f3n es posible llevar a cabo las siguientes acciones:<\/p>\n<ul>\n<li><strong>Aceptar cookies<\/strong>. No se volver\u00e1 a visualizar este aviso al acceder a cualquier p\u00e1gina del portal durante la presente sesi\u00f3n.<\/li>\n<li><strong>Modificar la configuraci\u00f3n<\/strong>. Podr\u00e1 obtener m\u00e1s informaci\u00f3n sobre qu\u00e9 son las cookies, conocer la Pol\u00edtica de cookies y modificar la configuraci\u00f3n de su navegador para restringir o bloquear las cookies de SISTEMBAL en cualquier momento. En el caso de restringir o bloquear las cookies puede ver reducidas las funcionalidades de la web.<\/li>\n<li><strong>Seguir navegando<\/strong>: en cuyo caso consideramos que acepta su uso.<\/li>\n<\/ul>\n<p>&nbsp;<\/p>\n<p><strong>(de Twitter Inc.)<\/strong> estas cookies permiten enlazar la red social con el perfil del usuario para poder compartir el contenido de la web. Estas cookies son persistentes, y son: eu_cn; external_referer; guest_id; kdt; remember_checked_on; twid; auth_token.<\/p>\n<p><strong>(de Facebook Inc.)<\/strong> estas cookies permiten enlazar la red social con el perfil del usuario para poder compartir el contenido de la web. Estas cookies son persistentes, y son: datr; sb; pl; lu; c_user; xs; csm; s; fr; x-src.<\/p>\n<p>&nbsp;<\/p>\n<p><strong>C\u00f3mo modificar la configuraci\u00f3n de las cookies<\/strong><\/p>\n<p>&nbsp;<\/p>\n<p>Usted puede restringir, bloquear o borrar las cookies de ASOCIACION EC-SOCIAL L\u00b4HORTA NORD (ADEHON) \u00a0o cualquier otra p\u00e1gina web, utilizando su navegador. En cada navegador la operativa es diferente, la funci\u00f3n de &#8216;Ayuda\u00bb le mostrar\u00e1 c\u00f3mo hacerlo.<\/p>\n<ul>\n<li>Internet Explorer: <a href=\"http:\/\/www.windows.microsoft.com\/es-xl\/internet-explorer\/delete-manage-cookies#ie=&quot;ie-10\">windows.microsoft.com\/es-xl\/internet-explorer\/delete-manage-cookies#ie=\u00bbie-10<\/a>\u00ab<\/li>\n<li>FireFox: <a href=\"http:\/\/www.support.mozilla.org\/es\/kb\/Borrar%20cookies\">support.mozilla.org\/es\/kb\/Borrar%20cookies<\/a><\/li>\n<li>Chrome: <a href=\"http:\/\/www.support.google.com\/chrome\/answer\/95647?hl=%22es\">support.google.com\/chrome\/answer\/95647?hl=\u00bbes<\/a>\u00ab<\/li>\n<li>Safari: <a href=\"http:\/\/www.apple.com\/es\/privacy\/use-of-cookies\/\">apple.com\/es\/privacy\/use-of-cookies\/<\/a><\/li>\n<\/ul>\n<p>Adem\u00e1s, tambi\u00e9n puede gestionar el almac\u00e9n de cookies en su navegador a trav\u00e9s de herramientas como las siguientes:<\/p>\n<ul>\n<li>Ghostery: www.ghostery.com\/<\/li>\n<\/ul>\n<p>&nbsp;<\/p>\n<p><strong>Propiedad Intelectual e Industrial<\/strong><\/p>\n<p>&nbsp;<\/p>\n<p>El sitio web, incluyendo a t\u00edtulo enunciativo pero no limitativo su programaci\u00f3n, edici\u00f3n, compilaci\u00f3n y dem\u00e1s elementos necesarios para su funcionamiento, los dise\u00f1os, logotipos, texto y\/o gr\u00e1ficos son propiedad de ASOCIACION EC-SOCIAL L\u00b4HORTA NORD (ADEHON) \u00a0o en su caso dispone de licencia o autorizaci\u00f3n expresa por parte de los autores. Todos los contenidos del sitio web se encuentran debidamente protegidos por la normativa de propiedad intelectual e industrial, as\u00ed como inscritos en los registros p\u00fablicos correspondientes.<\/p>\n<p>Independientemente de la finalidad para la que fueran destinados, la reproducci\u00f3n total o parcial, uso, explotaci\u00f3n, distribuci\u00f3n y comercializaci\u00f3n, requiere en todo caso de la autorizaci\u00f3n escrita previa por parte de ASOCIACION EC-SOCIAL L\u00b4HORTA NORD (ADEHON) \u00a0Cualquier uso no autorizado previamente por parte del prestador ser\u00e1 considerado un incumplimiento grave de los derechos de propiedad intelectual o industrial del autor.<\/p>\n<p>Los dise\u00f1os, logotipos, texto y\/o gr\u00e1ficos ajenos al prestador y que pudieran aparecer en el sitio web, pertenecen a sus respectivos propietarios, siendo ellos mismos responsables de cualquier posible controversia que pudiera suscitarse respecto a los mismos. En todo caso, el prestador cuenta con la autorizaci\u00f3n expresa y previa por parte de los mismos.<\/p>\n<p>&nbsp;<\/p>\n<p><strong>Ley Aplicable y Jurisdicci\u00f3n <\/strong><\/p>\n<p>Para la resoluci\u00f3n de todas las controversias o cuestiones relacionadas con el presente sitio web o de las actividades en \u00e9l desarrolladas, ser\u00e1 de aplicaci\u00f3n la legislaci\u00f3n espa\u00f1ola, a la que se someten expresamente las partes, siendo competentes para la resoluci\u00f3n de todos los conflictos derivados o relacionados con su uso los Juzgados y Tribunales de Valencia, renunciando el usuario a sus fueros establecidos.<\/p>\n","protected":false},"excerpt":{"rendered":"<p>AVISO LEGAL\u00a0(PINCHA AQU\u00cd PARA DESCARGAR) &nbsp; \u00a01.-INFORMACI\u00d3N B\u00c1SICA SOBRE PROTECCI\u00d3N DE DATOS Responsable: ASOCIACION DESARROLLO EC-SOCIAL L\u00b4HORTA NORD (ADEHON) Finalidad: Gesti\u00f3n de su consulta\/solicitud remitida a trav\u00e9s de nuestra p\u00e1gina web. Legitimaci\u00f3n: Su consentimiento expresado por la marcaci\u00f3n del checkbox Destinatarios: No se ceder\u00e1n datos a terceros, salvo obligaci\u00f3n legal Derechos: Acceder, rectificar y suprimir los datos as\u00ed como otros derechos, como se explica en la informaci\u00f3n adicional Informaci\u00f3n adicional Puede consultar la informaci\u00f3n adicional y detallada sobre Protecci\u00f3n de Datos en: http:\/\/www.adehon.org\/es\/politicadeprivacidad\/ &nbsp; INFORMACI\u00d3N ADICIONAL SOBRE PROTECCI\u00d3N DE DATOS \u00bfQui\u00e9n es el Responsable del tratamiento de sus datos? Identidad: ASOCIACION EC-SOCIAL L\u00b4HORTA NORD (ADEHON) Dir. Postal: C\/ Heraldo Dalhander, 9 Bajo CP 46113 MONCADA (Valencia) Tel\u00e9fono: 96.130.90.44 Correo electr\u00f3nico: comercial@arcemedioambiental.com \u00bfCon qu\u00e9 finalidad tratamos sus datos personales? En ASOCIACION EC-SOCIAL L\u00b4HORTA NORD (ADEHON) \u00a0tratamos la informaci\u00f3n que nos facilitan nuestros usuarios para atender a sus consultas y \u00a0comentarios, as\u00ed como en su caso mantener el contacto para informarle sobre&nbsp;<a href=\"https:\/\/www.adehon.org\/es\/aviso-legal\/\" class=\"read-more\">Continuar Leyendo<\/a><\/p>\n","protected":false},"author":1,"featured_media":0,"parent":0,"menu_order":0,"comment_status":"closed","ping_status":"closed","template":"","meta":{"footnotes":""},"class_list":["post-2789","page","type-page","status-publish","hentry"],"_links":{"self":[{"href":"https:\/\/www.adehon.org\/es\/wp-json\/wp\/v2\/pages\/2789","targetHints":{"allow":["GET"]}}],"collection":[{"href":"https:\/\/www.adehon.org\/es\/wp-json\/wp\/v2\/pages"}],"about":[{"href":"https:\/\/www.adehon.org\/es\/wp-json\/wp\/v2\/types\/page"}],"author":[{"embeddable":true,"href":"https:\/\/www.adehon.org\/es\/wp-json\/wp\/v2\/users\/1"}],"replies":[{"embeddable":true,"href":"https:\/\/www.adehon.org\/es\/wp-json\/wp\/v2\/comments?post=2789"}],"version-history":[{"count":4,"href":"https:\/\/www.adehon.org\/es\/wp-json\/wp\/v2\/pages\/2789\/revisions"}],"predecessor-version":[{"id":2794,"href":"https:\/\/www.adehon.org\/es\/wp-json\/wp\/v2\/pages\/2789\/revisions\/2794"}],"wp:attachment":[{"href":"https:\/\/www.adehon.org\/es\/wp-json\/wp\/v2\/media?parent=2789"}],"curies":[{"name":"wp","href":"https:\/\/api.w.org\/{rel}","templated":true}]}}