{"id":2797,"date":"2019-07-22T09:16:33","date_gmt":"2019-07-22T09:16:33","guid":{"rendered":"http:\/\/www.adehon.org\/es\/?page_id=2797"},"modified":"2020-04-06T13:45:05","modified_gmt":"2020-04-06T13:45:05","slug":"programa-nuevas-tecnologias-tics-sepe-para-ocupados","status":"publish","type":"page","link":"https:\/\/www.adehon.org\/es\/programa-nuevas-tecnologias-tics-sepe-para-ocupados\/","title":{"rendered":"PROGRAMA NUEVAS TECNOLOG\u00cdAS TICS-SEPE para ocupados"},"content":{"rendered":"<p style=\"text-align: right;\"><em>ADEHON ha sido adjudicataria de las acciones formativas calificadas dentro del Cat\u00e1logo Nacional de Especialidades Formativas en la Convocatoria Estatal. Se trata de <strong>cursos gratuitos<\/strong> subvencionados en su totalidad por la Resoluci\u00f3n del 11 de mayo de 2018, del <strong>Servicio P\u00fablico de Empleo Estatal<\/strong><\/em><em>, por la que se aprueba la convocatoria de programas de formaci\u00f3n de \u00e1mbito estatal para la adquisici\u00f3n y mejora de competencias profesionales relacionadas con los cambios tecnol\u00f3gicos y la transformaci\u00f3n digital, dirigidos prioritariamente a las personas ocupadas.<\/em><\/p>\n<h2>CURSOS &#8211; Modalidad online<\/h2>\n<ul>\n<li>\n<h2><a href=\"http:\/\/www.adehon.org\/es\/comercio-en-internet\/\" target=\"_blank\" rel=\"noopener noreferrer\">COMERCIO EN INTERNET &#8211; 90 horas (Finalizado)<\/a><\/h2>\n<\/li>\n<li>\n<h2><a href=\"http:\/\/www.adehon.org\/es\/gestion-de-comunidades-virtuales\/\" target=\"_blank\" rel=\"noopener noreferrer\">GESTI\u00d3N COMUNIDADES VIRTUALES &#8211; 100 horas (En curso)<\/a><\/h2>\n<\/li>\n<li>\n<h2><a href=\"http:\/\/www.adehon.org\/es\/marketing-y-reputacion-online-comunidades-virtuales-2\/\" target=\"_blank\" rel=\"noopener noreferrer\">MARKETING Y REPUTACI\u00d3N ONLINE &#8211; 180 horas (En curso)<\/a><\/h2>\n<\/li>\n<li>\n<h2><a href=\"http:\/\/www.adehon.org\/es\/social-media-marketing-en-comercio-4\/\" target=\"_blank\" rel=\"noopener noreferrer\">SOCIAL MEDIA MARKETING\u00a0 &#8211; 100 horas (En curso)<\/a><\/h2>\n<\/li>\n<li>\n<h2><a href=\"https:\/\/drive.google.com\/open?id=1PxfkVlNVkj4e24onFABcTX7mHVIY3JpN\">SOFTWARE CON SCRUM &#8211; 16 horas\u00a0<\/a><\/h2>\n<h2><a href=\"https:\/\/drive.google.com\/open?id=1FQ-adv954tKGw3LiqKrLuMXekHKquinV\">(Pr\u00f3ximamente)<\/a><\/h2>\n<h2>\u00a0<\/h2>\n<\/li>\n<\/ul>\n<h3>Puedes reservar tu plaza en el siguiente formulario<\/h3>\n<div class=\"ml-form-embed\" data-account=\"1702970:x2t9f5m1f1\" data-form=\"1865510:v6s2e8\">\u00a0<\/div>\n\n\n<p><\/p>\n","protected":false},"excerpt":{"rendered":"<p>ADEHON ha sido adjudicataria de las acciones formativas calificadas dentro del Cat\u00e1logo Nacional de Especialidades Formativas en la Convocatoria Estatal. Se trata de cursos gratuitos subvencionados en su totalidad por la Resoluci\u00f3n del 11 de mayo de 2018, del Servicio P\u00fablico de Empleo Estatal, por la que se aprueba la convocatoria de programas de formaci\u00f3n de \u00e1mbito estatal para la adquisici\u00f3n y mejora de competencias profesionales relacionadas con los cambios tecnol\u00f3gicos y la transformaci\u00f3n digital, dirigidos prioritariamente a las personas ocupadas. CURSOS &#8211; Modalidad online COMERCIO EN INTERNET &#8211; 90 horas (Finalizado) GESTI\u00d3N COMUNIDADES VIRTUALES &#8211; 100 horas (En curso) MARKETING Y REPUTACI\u00d3N ONLINE &#8211; 180 horas (En curso) SOCIAL MEDIA MARKETING\u00a0 &#8211; 100 horas (En curso) SOFTWARE CON SCRUM &#8211; 16 horas\u00a0 (Pr\u00f3ximamente) \u00a0 Puedes reservar tu plaza en el siguiente formulario \u00a0<\/p>\n","protected":false},"author":1,"featured_media":2851,"parent":0,"menu_order":0,"comment_status":"closed","ping_status":"closed","template":"","meta":{"footnotes":""},"class_list":["post-2797","page","type-page","status-publish","has-post-thumbnail","hentry"],"_links":{"self":[{"href":"https:\/\/www.adehon.org\/es\/wp-json\/wp\/v2\/pages\/2797","targetHints":{"allow":["GET"]}}],"collection":[{"href":"https:\/\/www.adehon.org\/es\/wp-json\/wp\/v2\/pages"}],"about":[{"href":"https:\/\/www.adehon.org\/es\/wp-json\/wp\/v2\/types\/page"}],"author":[{"embeddable":true,"href":"https:\/\/www.adehon.org\/es\/wp-json\/wp\/v2\/users\/1"}],"replies":[{"embeddable":true,"href":"https:\/\/www.adehon.org\/es\/wp-json\/wp\/v2\/comments?post=2797"}],"version-history":[{"count":22,"href":"https:\/\/www.adehon.org\/es\/wp-json\/wp\/v2\/pages\/2797\/revisions"}],"predecessor-version":[{"id":3368,"href":"https:\/\/www.adehon.org\/es\/wp-json\/wp\/v2\/pages\/2797\/revisions\/3368"}],"wp:featuredmedia":[{"embeddable":true,"href":"https:\/\/www.adehon.org\/es\/wp-json\/wp\/v2\/media\/2851"}],"wp:attachment":[{"href":"https:\/\/www.adehon.org\/es\/wp-json\/wp\/v2\/media?parent=2797"}],"curies":[{"name":"wp","href":"https:\/\/api.w.org\/{rel}","templated":true}]}}