{"id":3005,"date":"2020-02-27T11:35:21","date_gmt":"2020-02-27T11:35:21","guid":{"rendered":"http:\/\/www.adehon.org\/es\/?page_id=3005"},"modified":"2021-01-25T17:40:14","modified_gmt":"2021-01-25T17:40:14","slug":"marketing-y-reputacion-online-comunidades-virtuales","status":"publish","type":"page","link":"https:\/\/www.adehon.org\/es\/marketing-y-reputacion-online-comunidades-virtuales\/","title":{"rendered":"Marketing y reputaci\u00f3n online: Comunidades Virtuales"},"content":{"rendered":"<h2><a href=\"http:\/\/www.adehon.org\/es\/wp-content\/uploads\/2020\/02\/direccion-empresarial-de-emprendedores.jpg\"><img loading=\"lazy\" decoding=\"async\" class=\"alignleft wp-image-2908\" src=\"http:\/\/www.adehon.org\/es\/wp-content\/uploads\/2020\/02\/direccion-empresarial-de-emprendedores.jpg\" alt=\"\" width=\"192\" height=\"192\" \/><\/a><\/h2>\n<h1><span style=\"color: #000000;\">Marketing y reputaci\u00f3n online: Comunidades Virtuales<\/span><\/h1>\n<h2><span style=\"color: #000000;\"><a href=\"http:\/\/www.adehon.org\/es\/wp-content\/uploads\/2020\/02\/marketing-y-reputacion-online-e1582805653975.png\"><img loading=\"lazy\" decoding=\"async\" class=\"alignleft wp-image-2931 size-full\" src=\"http:\/\/www.adehon.org\/es\/wp-content\/uploads\/2020\/02\/marketing-y-reputacion-online-e1582805653975.png\" alt=\"\" width=\"273\" height=\"257\" \/><\/a><span style=\"color: #ff0000;\">Plazas limitadas<\/span><\/span><\/h2>\n<p><img loading=\"lazy\" decoding=\"async\" class=\"alignleft wp-image-2943\" src=\"http:\/\/www.adehon.org\/es\/wp-content\/uploads\/2020\/02\/cycle-2019535_1280.png\" alt=\"\" width=\"30\" height=\"30\" srcset=\"https:\/\/www.adehon.org\/es\/wp-content\/uploads\/2020\/02\/cycle-2019535_1280.png 1274w, https:\/\/www.adehon.org\/es\/wp-content\/uploads\/2020\/02\/cycle-2019535_1280-150x150.png 150w, https:\/\/www.adehon.org\/es\/wp-content\/uploads\/2020\/02\/cycle-2019535_1280-300x300.png 300w, https:\/\/www.adehon.org\/es\/wp-content\/uploads\/2020\/02\/cycle-2019535_1280-768x772.png 768w, https:\/\/www.adehon.org\/es\/wp-content\/uploads\/2020\/02\/cycle-2019535_1280-1019x1024.png 1019w\" sizes=\"auto, (max-width: 30px) 100vw, 30px\" \/><\/p>\n<h2><span style=\"color: #000000;\">Intersectorial<\/span><\/h2>\n<p><img loading=\"lazy\" decoding=\"async\" class=\"alignleft wp-image-2951\" src=\"http:\/\/www.adehon.org\/es\/wp-content\/uploads\/2020\/02\/person-1824147_1280.png\" alt=\"\" width=\"29\" height=\"30\" srcset=\"https:\/\/www.adehon.org\/es\/wp-content\/uploads\/2020\/02\/person-1824147_1280.png 1229w, https:\/\/www.adehon.org\/es\/wp-content\/uploads\/2020\/02\/person-1824147_1280-150x150.png 150w, https:\/\/www.adehon.org\/es\/wp-content\/uploads\/2020\/02\/person-1824147_1280-288x300.png 288w, https:\/\/www.adehon.org\/es\/wp-content\/uploads\/2020\/02\/person-1824147_1280-768x800.png 768w, https:\/\/www.adehon.org\/es\/wp-content\/uploads\/2020\/02\/person-1824147_1280-983x1024.png 983w\" sizes=\"auto, (max-width: 29px) 100vw, 29px\" \/><\/p>\n<h2><span style=\"color: #000000;\">Aut\u00f3nomos y trabajadores<\/span><\/h2>\n<p><img loading=\"lazy\" decoding=\"async\" class=\"alignleft wp-image-2944\" src=\"http:\/\/www.adehon.org\/es\/wp-content\/uploads\/2020\/02\/web-1873373_1280.png\" alt=\"\" width=\"30\" height=\"30\" srcset=\"https:\/\/www.adehon.org\/es\/wp-content\/uploads\/2020\/02\/web-1873373_1280.png 1280w, https:\/\/www.adehon.org\/es\/wp-content\/uploads\/2020\/02\/web-1873373_1280-150x150.png 150w, https:\/\/www.adehon.org\/es\/wp-content\/uploads\/2020\/02\/web-1873373_1280-300x300.png 300w, https:\/\/www.adehon.org\/es\/wp-content\/uploads\/2020\/02\/web-1873373_1280-768x768.png 768w, https:\/\/www.adehon.org\/es\/wp-content\/uploads\/2020\/02\/web-1873373_1280-1024x1024.png 1024w\" sizes=\"auto, (max-width: 30px) 100vw, 30px\" \/><\/p>\n<h2><span style=\"color: #000000;\">Teleformaci\u00f3n, 180 horas<\/span><\/h2>\n<p><img loading=\"lazy\" decoding=\"async\" class=\"alignleft wp-image-2946\" src=\"http:\/\/www.adehon.org\/es\/wp-content\/uploads\/2020\/02\/calendar-1559935_1280.png\" alt=\"\" width=\"30\" height=\"27\" srcset=\"https:\/\/www.adehon.org\/es\/wp-content\/uploads\/2020\/02\/calendar-1559935_1280.png 1280w, https:\/\/www.adehon.org\/es\/wp-content\/uploads\/2020\/02\/calendar-1559935_1280-300x269.png 300w, https:\/\/www.adehon.org\/es\/wp-content\/uploads\/2020\/02\/calendar-1559935_1280-768x688.png 768w, https:\/\/www.adehon.org\/es\/wp-content\/uploads\/2020\/02\/calendar-1559935_1280-1024x918.png 1024w\" sizes=\"auto, (max-width: 30px) 100vw, 30px\" \/><\/p>\n<h2><span style=\"color: #000000;\">Marzo 2021<\/span><\/h2>\n<p><img loading=\"lazy\" decoding=\"async\" class=\"alignleft wp-image-2957\" src=\"http:\/\/www.adehon.org\/es\/wp-content\/uploads\/2020\/02\/graduation-2864356_1280-1.png\" alt=\"\" width=\"30\" height=\"29\" srcset=\"https:\/\/www.adehon.org\/es\/wp-content\/uploads\/2020\/02\/graduation-2864356_1280-1.png 1280w, https:\/\/www.adehon.org\/es\/wp-content\/uploads\/2020\/02\/graduation-2864356_1280-1-150x150.png 150w, https:\/\/www.adehon.org\/es\/wp-content\/uploads\/2020\/02\/graduation-2864356_1280-1-300x288.png 300w, https:\/\/www.adehon.org\/es\/wp-content\/uploads\/2020\/02\/graduation-2864356_1280-1-768x738.png 768w, https:\/\/www.adehon.org\/es\/wp-content\/uploads\/2020\/02\/graduation-2864356_1280-1-1024x984.png 1024w\" sizes=\"auto, (max-width: 30px) 100vw, 30px\" \/><\/p>\n<h2><span style=\"color: #000000;\">Titulaci\u00f3n oficial por LABORA<\/span><\/h2>\n<h2><\/h2>\n<h2 style=\"padding-left: 30px;\">NOTA:<\/h2>\n<h2 style=\"padding-left: 30px;\">Hay un <strong>10% de plazas disponibles<\/strong> para trabajadores de la Administraci\u00f3n P\u00fablica y un <strong>30%<\/strong> para personas desempleadas.<\/h2>\n<h2><\/h2>\n<div class=\"ml-form-embed\" data-account=\"1702970:x2t9f5m1f1\" data-form=\"1865510:v6s2e8\"><\/div>\n<h3>O si lo prefieres puedes llamarnos al tel\u00e9fono GRATUITO:\u00a0<strong>961309044\u00a0<\/strong><\/h3>\n<p><strong>\u00a0<a href=\"http:\/\/www.adehon.org\/es\/wp-content\/uploads\/2020\/03\/telefono.png\"><img loading=\"lazy\" decoding=\"async\" class=\"alignnone wp-image-3081 \" src=\"http:\/\/www.adehon.org\/es\/wp-content\/uploads\/2020\/03\/telefono-150x150.png\" alt=\"\" width=\"114\" height=\"114\" \/><\/a><\/strong><\/p>\n<hr \/>\n<h2 style=\"padding-left: 40px;\"><span style=\"color: #000000;\"><strong>TEMARIO<\/strong><\/span><\/h2>\n<h3 style=\"padding-left: 40px;\"><em><strong><span style=\"color: #000000;\">Objetivos del curso:<\/span><\/strong><\/em><\/h3>\n<h6 style=\"padding-left: 70px;\"><em><span style=\"color: #000000;\">El objetivo de este<strong>\u00a0curso de marketing y reputaci\u00f3n online<\/strong>\u00a0es aprender los\u00a0conocimientos sobre las redes sociales en la empresa, la creaci\u00f3n de contenidos sociales, el marketing online, el posicionamiento en buscadores, las herramientas para optimizaci\u00f3n, la moderaci\u00f3n y gesti\u00f3n de contenidos en comunidades virtuales y la gesti\u00f3n de la reputaci\u00f3n on-line.<\/span><\/em><\/h6>\n<h3 style=\"padding-left: 40px;\"><span style=\"color: #000000;\"><strong>CONTENIDO:<\/strong><\/span><\/h3>\n<h3 style=\"padding-left: 60px;\">UNIDAD 1: LAS REDES SOCIALES EN LA EMPRESA<\/h3>\n<h6 style=\"padding-left: 90px;\">&#8211; Redes Sociales: Facebook, Linkedin, Xing, Twitter.<\/h6>\n<h6 style=\"padding-left: 90px;\">&#8211; Los Beneficios del Social Media en la Empresa.<\/h6>\n<h6 style=\"padding-left: 90px;\">&#8211; Como integrar las Redes Sociales en la Estrategia corporativa.<\/h6>\n<h6 style=\"padding-left: 90px;\">&#8211; Seleccionar los Canales Adecuados.<\/h6>\n<h6 style=\"padding-left: 90px;\">&#8211; Medir el Impacto.<\/h6>\n<h3 style=\"padding-left: 60px;\">UNIDAD 2: LA CREACI\u00d3N DE CONTENIDOS SOCIALES<\/h3>\n<h6 style=\"padding-left: 90px;\">&#8211; P\u00e1ginas web 2.0.<\/h6>\n<h6 style=\"padding-left: 90px;\">&#8211; Los Blogs en la estrategia corporativa.<\/h6>\n<h6 style=\"padding-left: 90px;\">&#8211; Integraci\u00f3n de plataforma en la web.<\/h6>\n<h6 style=\"padding-left: 90px;\">&#8211; V\u00eddeo y Fotograf\u00eda.<\/h6>\n<h3 style=\"padding-left: 60px;\">UNIDAD 3: MARKETING ON LINE<\/h3>\n<h6 style=\"padding-left: 90px;\">&#8211; Introducci\u00f3n del Marketing en Internet.<\/h6>\n<h6 style=\"padding-left: 90px;\">&#8211; Social Media Marketing.<\/h6>\n<h6 style=\"padding-left: 90px;\">&#8211; Nuevo Consumidor.<\/h6>\n<h6 style=\"padding-left: 90px;\">&#8211; C\u00f3mo detectar tendencias.<\/h6>\n<h6 style=\"padding-left: 90px;\">&#8211; Publicidad en los Medios Sociales.<\/h6>\n<h6 style=\"padding-left: 90px;\">&#8211; C\u00f3mo medir acciones on-line.<\/h6>\n<h3 style=\"padding-left: 60px;\">UNIDAD 4: POSICIONAMIENTO EN BUSCADORES<\/h3>\n<h6 style=\"padding-left: 90px;\">&#8211; \u00bfQu\u00e9 es el posicionamiento?<\/h6>\n<h6 style=\"padding-left: 90px;\">&#8211; C\u00f3mo funciona un buscador.<\/h6>\n<h6 style=\"padding-left: 90px;\">&#8211; Factores \u201cOn the page\u201d.<\/h6>\n<h6 style=\"padding-left: 90px;\">&#8211; Factores \u201cOff the page\u201d.<\/h6>\n<h6 style=\"padding-left: 90px;\">&#8211; Consejos para contratar servicios de posicionamiento en buscadores.<\/h6>\n<h3 style=\"padding-left: 60px;\">UNIDAD 5: SOCIAL MEDIA OPTIMIZACI\u00d3N: HERRAMIENTAS PARA ACCIONES DE SMO<\/h3>\n<h6 style=\"padding-left: 90px;\">&#8211; Herramientas b\u00e1sicas.<\/h6>\n<h6 style=\"padding-left: 90px;\">&#8211; Herramientas de gesti\u00f3n.<\/h6>\n<h6 style=\"padding-left: 90px;\">&#8211; Herramientas de multiposting.<\/h6>\n<h6 style=\"padding-left: 90px;\">&#8211; Herramientas de gesti\u00f3n integral.<\/h6>\n<h6 style=\"padding-left: 90px;\">&#8211; Herramientas de monitorizaci\u00f3n integral.<\/h6>\n<h3 style=\"padding-left: 60px;\">UNIDAD 6: MODERACI\u00d3N Y GESTI\u00d3N DE CONTENIDOS EN COMUNIDADES VIRTUALES<\/h3>\n<h6 style=\"padding-left: 90px;\">&#8211; Introducci\u00f3n.<\/h6>\n<h6 style=\"padding-left: 90px;\">&#8211; La importancia de los contenidos en una comunidad.<\/h6>\n<h6 style=\"padding-left: 90px;\">&#8211; Tareas y responsabilidades del Community Manager.<\/h6>\n<h6 style=\"padding-left: 90px;\">&#8211; Buenas pr\u00e1cticas y malas pr\u00e1cticas.<\/h6>\n<h6 style=\"padding-left: 90px;\">&#8211; Aspectos legales y propiedad intelectual.<\/h6>\n<h6 style=\"padding-left: 90px;\">&#8211; Gu\u00eda r\u00e1pida para gestionar contenidos en la red.<\/h6>\n<h3 style=\"padding-left: 60px;\">UNIDAD 7: ONLINE REPUTACI\u00d3N MANAGEMENT: GESTI\u00d3N DE LA REPUTACI\u00d3N ONLINE<\/h3>\n<h6 style=\"padding-left: 90px;\">&#8211; Introducci\u00f3n.<\/h6>\n<h6 style=\"padding-left: 90px;\">&#8211; \u00bfQu\u00e9 es el ORM?<\/h6>\n<h6 style=\"padding-left: 90px;\">&#8211; Definici\u00f3n de reputaci\u00f3n on-line.<\/h6>\n<h6 style=\"padding-left: 90px;\">&#8211; El plan de reputaci\u00f3n on-line.<\/h6>\n<h6 style=\"padding-left: 90px;\">&#8211; Desarrollo e implementaci\u00f3n del plan.<\/h6>\n<h6 style=\"padding-left: 90px;\">&#8211; An\u00e1lisis de la estrategia de portavoc\u00eda on-line.<\/h6>\n<h6 style=\"padding-left: 90px;\">&#8211; Principales amenazas en la estrategia de ORM.<\/h6>\n<h6 style=\"padding-left: 90px;\">&#8211; Casos de gesti\u00f3n de reputaci\u00f3n on-line actuales.<\/h6>\n<h6 style=\"padding-left: 90px;\">&#8211; Mejores y peores pr\u00e1cticas.<\/h6>\n<p style=\"padding-left: 30px;\"><strong>Este curso formativo se imparte en la <span style=\"color: #0000ff;\">modalidad online<\/span> y tiene una duraci\u00f3n de<span style=\"color: #0000ff;\"> 180 horas<\/span>.\u00a0<\/strong><\/p>\n<p style=\"padding-left: 30px;\"><strong>Se realiza a trav\u00e9s de nuestra Plataforma Virtual, de forma, que puedes disponer de todo el contenido did\u00e1ctico en el aula del curso y estar\u00e1 accesible desde el primer d\u00eda de inicio del curso, las 24 horas todos los d\u00edas de la semana. Adem\u00e1s, contamos con un grupo de tutores especializados en la materia, que podr\u00e1s contar con ellos a trav\u00e9s del correo electr\u00f3nico, o por medio de la plataforma.<\/strong><\/p>\n<hr style=\"padding-left: 30px;\" \/>\n<p style=\"padding-left: 30px;\"><b>Formaci\u00f3n 100% <\/b><span style=\"color: #000000;\"><b>Cofinanciada<\/b><\/span><b>\u00a0por:<\/b><a href=\"http:\/\/www.adehon.org\/es\/wp-content\/uploads\/2020\/04\/1200px-Imagotip_de_la_Generalitat_Valenciana.svg_.png\"><br \/>\n<img loading=\"lazy\" decoding=\"async\" class=\"alignleft  wp-image-3369\" src=\"http:\/\/www.adehon.org\/es\/wp-content\/uploads\/2020\/04\/1200px-Imagotip_de_la_Generalitat_Valenciana.svg_.png\" alt=\"\" width=\"201\" height=\"96\" srcset=\"https:\/\/www.adehon.org\/es\/wp-content\/uploads\/2020\/04\/1200px-Imagotip_de_la_Generalitat_Valenciana.svg_.png 1200w, https:\/\/www.adehon.org\/es\/wp-content\/uploads\/2020\/04\/1200px-Imagotip_de_la_Generalitat_Valenciana.svg_-300x143.png 300w, https:\/\/www.adehon.org\/es\/wp-content\/uploads\/2020\/04\/1200px-Imagotip_de_la_Generalitat_Valenciana.svg_-768x367.png 768w, https:\/\/www.adehon.org\/es\/wp-content\/uploads\/2020\/04\/1200px-Imagotip_de_la_Generalitat_Valenciana.svg_-1024x489.png 1024w\" sizes=\"auto, (max-width: 201px) 100vw, 201px\" \/><\/a><\/p>\n<p><a href=\"http:\/\/www.adehon.org\/es\/wp-content\/uploads\/2020\/02\/Labora-transparente-rojo-1788c.png\"><img loading=\"lazy\" decoding=\"async\" class=\"wp-image-2995 alignleft\" src=\"http:\/\/www.adehon.org\/es\/wp-content\/uploads\/2020\/02\/Labora-transparente-rojo-1788c.png\" alt=\"\" width=\"242\" height=\"65\" srcset=\"https:\/\/www.adehon.org\/es\/wp-content\/uploads\/2020\/02\/Labora-transparente-rojo-1788c.png 1007w, https:\/\/www.adehon.org\/es\/wp-content\/uploads\/2020\/02\/Labora-transparente-rojo-1788c-300x81.png 300w, https:\/\/www.adehon.org\/es\/wp-content\/uploads\/2020\/02\/Labora-transparente-rojo-1788c-768x207.png 768w\" sizes=\"auto, (max-width: 242px) 100vw, 242px\" \/><\/a><\/p>\n<p><a href=\"http:\/\/www.adehon.org\/es\/wp-content\/uploads\/2020\/02\/WEB_CAS_1206x250px.jpg\"><img loading=\"lazy\" decoding=\"async\" class=\"alignleft  wp-image-2991\" src=\"http:\/\/www.adehon.org\/es\/wp-content\/uploads\/2020\/02\/WEB_CAS_1206x250px.jpg\" alt=\"\" width=\"358\" height=\"74\" srcset=\"https:\/\/www.adehon.org\/es\/wp-content\/uploads\/2020\/02\/WEB_CAS_1206x250px.jpg 1206w, https:\/\/www.adehon.org\/es\/wp-content\/uploads\/2020\/02\/WEB_CAS_1206x250px-300x62.jpg 300w, https:\/\/www.adehon.org\/es\/wp-content\/uploads\/2020\/02\/WEB_CAS_1206x250px-768x159.jpg 768w, https:\/\/www.adehon.org\/es\/wp-content\/uploads\/2020\/02\/WEB_CAS_1206x250px-1024x212.jpg 1024w\" sizes=\"auto, (max-width: 358px) 100vw, 358px\" \/><\/a><\/p>\n","protected":false},"excerpt":{"rendered":"<p>Marketing y reputaci\u00f3n online: Comunidades Virtuales Plazas limitadas Intersectorial Aut\u00f3nomos y trabajadores Teleformaci\u00f3n, 180 horas Marzo 2021 Titulaci\u00f3n oficial por LABORA NOTA: Hay un 10% de plazas disponibles para trabajadores de la Administraci\u00f3n P\u00fablica y un 30% para personas desempleadas. O si lo prefieres puedes llamarnos al tel\u00e9fono GRATUITO:\u00a0961309044\u00a0 \u00a0 TEMARIO Objetivos del curso: El objetivo de este\u00a0curso de marketing y reputaci\u00f3n online\u00a0es aprender los\u00a0conocimientos sobre las redes sociales en la empresa, la creaci\u00f3n de contenidos sociales, el marketing online, el posicionamiento en buscadores, las herramientas para optimizaci\u00f3n, la moderaci\u00f3n y gesti\u00f3n de contenidos en comunidades virtuales y la gesti\u00f3n de la reputaci\u00f3n on-line. CONTENIDO: UNIDAD 1: LAS REDES SOCIALES EN LA EMPRESA &#8211; Redes Sociales: Facebook, Linkedin, Xing, Twitter. &#8211; Los Beneficios del Social Media en la Empresa. &#8211; Como integrar las Redes Sociales en la Estrategia corporativa. &#8211; Seleccionar los Canales Adecuados. &#8211; Medir el Impacto. UNIDAD 2: LA CREACI\u00d3N DE CONTENIDOS SOCIALES &#8211; P\u00e1ginas web 2.0. &#8211;&nbsp;<a href=\"https:\/\/www.adehon.org\/es\/marketing-y-reputacion-online-comunidades-virtuales\/\" class=\"read-more\">Continuar Leyendo<\/a><\/p>\n","protected":false},"author":1,"featured_media":0,"parent":0,"menu_order":0,"comment_status":"closed","ping_status":"closed","template":"page-fullwidth.php","meta":{"footnotes":""},"class_list":["post-3005","page","type-page","status-publish","hentry"],"_links":{"self":[{"href":"https:\/\/www.adehon.org\/es\/wp-json\/wp\/v2\/pages\/3005","targetHints":{"allow":["GET"]}}],"collection":[{"href":"https:\/\/www.adehon.org\/es\/wp-json\/wp\/v2\/pages"}],"about":[{"href":"https:\/\/www.adehon.org\/es\/wp-json\/wp\/v2\/types\/page"}],"author":[{"embeddable":true,"href":"https:\/\/www.adehon.org\/es\/wp-json\/wp\/v2\/users\/1"}],"replies":[{"embeddable":true,"href":"https:\/\/www.adehon.org\/es\/wp-json\/wp\/v2\/comments?post=3005"}],"version-history":[{"count":11,"href":"https:\/\/www.adehon.org\/es\/wp-json\/wp\/v2\/pages\/3005\/revisions"}],"predecessor-version":[{"id":3570,"href":"https:\/\/www.adehon.org\/es\/wp-json\/wp\/v2\/pages\/3005\/revisions\/3570"}],"wp:attachment":[{"href":"https:\/\/www.adehon.org\/es\/wp-json\/wp\/v2\/media?parent=3005"}],"curies":[{"name":"wp","href":"https:\/\/api.w.org\/{rel}","templated":true}]}}