{"id":3019,"date":"2020-02-27T12:22:07","date_gmt":"2020-02-27T12:22:07","guid":{"rendered":"http:\/\/www.adehon.org\/es\/?page_id=3019"},"modified":"2020-04-09T14:33:07","modified_gmt":"2020-04-09T14:33:07","slug":"ofimatica-2","status":"publish","type":"page","link":"https:\/\/www.adehon.org\/es\/ofimatica-2\/","title":{"rendered":"Ofim\u00e1tica"},"content":{"rendered":"<h2><a href=\"http:\/\/www.adehon.org\/es\/wp-content\/uploads\/2020\/02\/direccion-empresarial-de-emprendedores.jpg\"><img loading=\"lazy\" decoding=\"async\" class=\"alignleft wp-image-2908\" src=\"http:\/\/www.adehon.org\/es\/wp-content\/uploads\/2020\/02\/direccion-empresarial-de-emprendedores.jpg\" alt=\"\" width=\"192\" height=\"192\" \/><\/a><\/h2>\n<h1><span style=\"color: #000000;\">Ofim\u00e1tica<\/span><\/h1>\n<h2><span style=\"color: #000000;\"><a href=\"http:\/\/www.adehon.org\/es\/wp-content\/uploads\/2020\/02\/ofimatica-e1582805850360.png\"><img loading=\"lazy\" decoding=\"async\" class=\"alignleft wp-image-2930 \" src=\"http:\/\/www.adehon.org\/es\/wp-content\/uploads\/2020\/02\/ofimatica-e1582805850360.png\" alt=\"\" width=\"300\" height=\"219\" \/><\/a><span style=\"color: #ff0000;\">Plazas limitadas<\/span><\/span><\/h2>\n<p><img loading=\"lazy\" decoding=\"async\" class=\"alignleft wp-image-2943\" src=\"http:\/\/www.adehon.org\/es\/wp-content\/uploads\/2020\/02\/cycle-2019535_1280.png\" alt=\"\" width=\"30\" height=\"30\" srcset=\"https:\/\/www.adehon.org\/es\/wp-content\/uploads\/2020\/02\/cycle-2019535_1280.png 1274w, https:\/\/www.adehon.org\/es\/wp-content\/uploads\/2020\/02\/cycle-2019535_1280-150x150.png 150w, https:\/\/www.adehon.org\/es\/wp-content\/uploads\/2020\/02\/cycle-2019535_1280-300x300.png 300w, https:\/\/www.adehon.org\/es\/wp-content\/uploads\/2020\/02\/cycle-2019535_1280-768x772.png 768w, https:\/\/www.adehon.org\/es\/wp-content\/uploads\/2020\/02\/cycle-2019535_1280-1019x1024.png 1019w\" sizes=\"auto, (max-width: 30px) 100vw, 30px\" \/><\/p>\n<h2><span style=\"color: #000000;\">Intersectorial<\/span><\/h2>\n<p><img loading=\"lazy\" decoding=\"async\" class=\"alignleft wp-image-2951\" src=\"http:\/\/www.adehon.org\/es\/wp-content\/uploads\/2020\/02\/person-1824147_1280.png\" alt=\"\" width=\"29\" height=\"30\" srcset=\"https:\/\/www.adehon.org\/es\/wp-content\/uploads\/2020\/02\/person-1824147_1280.png 1229w, https:\/\/www.adehon.org\/es\/wp-content\/uploads\/2020\/02\/person-1824147_1280-150x150.png 150w, https:\/\/www.adehon.org\/es\/wp-content\/uploads\/2020\/02\/person-1824147_1280-288x300.png 288w, https:\/\/www.adehon.org\/es\/wp-content\/uploads\/2020\/02\/person-1824147_1280-768x800.png 768w, https:\/\/www.adehon.org\/es\/wp-content\/uploads\/2020\/02\/person-1824147_1280-983x1024.png 983w\" sizes=\"auto, (max-width: 29px) 100vw, 29px\" \/><\/p>\n<h2><span style=\"color: #000000;\">Aut\u00f3nomos y trabajadores<\/span><\/h2>\n<p><img loading=\"lazy\" decoding=\"async\" class=\"alignleft wp-image-2944\" src=\"http:\/\/www.adehon.org\/es\/wp-content\/uploads\/2020\/02\/web-1873373_1280.png\" alt=\"\" width=\"30\" height=\"30\" srcset=\"https:\/\/www.adehon.org\/es\/wp-content\/uploads\/2020\/02\/web-1873373_1280.png 1280w, https:\/\/www.adehon.org\/es\/wp-content\/uploads\/2020\/02\/web-1873373_1280-150x150.png 150w, https:\/\/www.adehon.org\/es\/wp-content\/uploads\/2020\/02\/web-1873373_1280-300x300.png 300w, https:\/\/www.adehon.org\/es\/wp-content\/uploads\/2020\/02\/web-1873373_1280-768x768.png 768w, https:\/\/www.adehon.org\/es\/wp-content\/uploads\/2020\/02\/web-1873373_1280-1024x1024.png 1024w\" sizes=\"auto, (max-width: 30px) 100vw, 30px\" \/><\/p>\n<h2><span style=\"color: #000000;\">Teleformaci\u00f3n, 100 horas<\/span><\/h2>\n<p><img loading=\"lazy\" decoding=\"async\" class=\"alignleft wp-image-2946\" src=\"http:\/\/www.adehon.org\/es\/wp-content\/uploads\/2020\/02\/calendar-1559935_1280.png\" alt=\"\" width=\"30\" height=\"27\" srcset=\"https:\/\/www.adehon.org\/es\/wp-content\/uploads\/2020\/02\/calendar-1559935_1280.png 1280w, https:\/\/www.adehon.org\/es\/wp-content\/uploads\/2020\/02\/calendar-1559935_1280-300x269.png 300w, https:\/\/www.adehon.org\/es\/wp-content\/uploads\/2020\/02\/calendar-1559935_1280-768x688.png 768w, https:\/\/www.adehon.org\/es\/wp-content\/uploads\/2020\/02\/calendar-1559935_1280-1024x918.png 1024w\" sizes=\"auto, (max-width: 30px) 100vw, 30px\" \/><\/p>\n<h2><span style=\"color: #000000;\">Marzo 2020<\/span><\/h2>\n<p><img loading=\"lazy\" decoding=\"async\" class=\"alignleft wp-image-2957\" src=\"http:\/\/www.adehon.org\/es\/wp-content\/uploads\/2020\/02\/graduation-2864356_1280-1.png\" alt=\"\" width=\"30\" height=\"29\" srcset=\"https:\/\/www.adehon.org\/es\/wp-content\/uploads\/2020\/02\/graduation-2864356_1280-1.png 1280w, https:\/\/www.adehon.org\/es\/wp-content\/uploads\/2020\/02\/graduation-2864356_1280-1-150x150.png 150w, https:\/\/www.adehon.org\/es\/wp-content\/uploads\/2020\/02\/graduation-2864356_1280-1-300x288.png 300w, https:\/\/www.adehon.org\/es\/wp-content\/uploads\/2020\/02\/graduation-2864356_1280-1-768x738.png 768w, https:\/\/www.adehon.org\/es\/wp-content\/uploads\/2020\/02\/graduation-2864356_1280-1-1024x984.png 1024w\" sizes=\"auto, (max-width: 30px) 100vw, 30px\" \/><\/p>\n<h2><span style=\"color: #000000;\">Titulaci\u00f3n oficial por LABORA<\/span><\/h2>\n<h2><\/h2>\n<h2 style=\"padding-left: 30px;\">NOTA:<\/h2>\n<h2 style=\"padding-left: 30px;\">Hay un <strong>10% de plazas disponibles<\/strong> para trabajadores de la Administraci\u00f3n P\u00fablica y un <strong>30%<\/strong> para personas desempleadas.<\/h2>\n<h2><\/h2>\n<div class=\"ml-form-embed\" data-account=\"1702970:x2t9f5m1f1\" data-form=\"1865510:v6s2e8\"><\/div>\n<h3>O si lo prefieres puedes llamarnos al tel\u00e9fono GRATUITO:\u00a0<strong>900902066\u00a0<\/strong><\/h3>\n<p><strong>\u00a0<a href=\"http:\/\/www.adehon.org\/es\/wp-content\/uploads\/2020\/03\/telefono.png\"><img loading=\"lazy\" decoding=\"async\" class=\"alignnone wp-image-3081 \" src=\"http:\/\/www.adehon.org\/es\/wp-content\/uploads\/2020\/03\/telefono-150x150.png\" alt=\"\" width=\"114\" height=\"114\" \/><\/a><\/strong><\/p>\n<hr \/>\n<h2 style=\"padding-left: 40px;\"><span style=\"color: #000000;\"><strong>TEMARIO<\/strong><\/span><\/h2>\n<h3 style=\"padding-left: 40px;\"><em><strong><span style=\"color: #000000;\">Objetivos del curso:<\/span><\/strong><\/em><\/h3>\n<h6 style=\"padding-left: 60px;\">El objetivo fundamental del curso se centra en que el alumno conozca el entorno Windows y sus posibilidades y que aprenda a manejar los distintos programas de Microsoft Office para el tratamiento de textos, el c\u00e1lculo, la utilizaci\u00f3n de bases de datos y la creaci\u00f3n de presentaciones.<\/h6>\n<h3 style=\"padding-left: 40px;\"><span style=\"color: #000000;\"><strong>CONTENIDO:<\/strong><\/span><\/h3>\n<h3 style=\"padding-left: 60px;\">UNIDAD DID\u00c1CTICA 1. HARDWARE Y SOFTWARE<\/h3>\n<h6 style=\"padding-left: 90px;\">1.1 Hardware<\/h6>\n<h6 style=\"padding-left: 90px;\">1.2 Software<\/h6>\n<h3 style=\"padding-left: 60px;\">UNIDAD DID\u00c1CTICA 2. SISTEMAS OPERATIVOS<\/h3>\n<h6 style=\"padding-left: 90px;\">2.1 Encender el ordenador. Sistema operativo.<\/h6>\n<h6 style=\"padding-left: 90px;\">2.2 Interface, carpetas, directorios y ficheros<\/h6>\n<h6 style=\"padding-left: 90px;\">2.3 Aplicaciones, configuraci\u00f3n y navegaci\u00f3n del sistema operativo<\/h6>\n<h3 style=\"padding-left: 60px;\">UNIDAD DID\u00c1CTICA 3. TRATAMIENTO DE TEXTOS: WORD<\/h3>\n<h6 style=\"padding-left: 90px;\">3.1 Conceptos b\u00e1sicos<\/h6>\n<h6 style=\"padding-left: 90px;\">3.2 Edici\u00f3n y manejo de documentos de word<\/h6>\n<h6 style=\"padding-left: 90px;\">3.3 Formatos<\/h6>\n<h6 style=\"padding-left: 90px;\">3.4 Im\u00e1genes<\/h6>\n<h6 style=\"padding-left: 90px;\">3.5 Estilos y plantillas<\/h6>\n<h6 style=\"padding-left: 90px;\">3.6 Opciones avanzadas de word<\/h6>\n<h3 style=\"padding-left: 60px;\">UNIDAD DID\u00c1CTICA 4. HOJA DE C\u00c1LCULO: EXCEL<\/h3>\n<h6 style=\"padding-left: 90px;\">4.1 Introducci\u00f3n a Microsoft Excel.<\/h6>\n<h6 style=\"padding-left: 90px;\">4.2 Manejo b\u00e1sico de hojas de c\u00e1lculo.<\/h6>\n<h6 style=\"padding-left: 90px;\">4.3 Desarrollo del libro de trabajo.<\/h6>\n<h6 style=\"padding-left: 90px;\">4.4 Formatos, autoformatos, vistas e impresi\u00f3n.<\/h6>\n<h6 style=\"padding-left: 90px;\">4.5 F\u00f3rmulas y funciones.<\/h6>\n<h6 style=\"padding-left: 90px;\">4.6 Listas de datos, filtros, trabajo con m\u00faltiples ventanas.<\/h6>\n<h6 style=\"padding-left: 90px;\">4.7 Diagramas y gr\u00e1ficos.<\/h6>\n<h3 style=\"padding-left: 60px;\">UNIDAD DID\u00c1CTICA 5. BASE DE DATOS: ACCESS<\/h3>\n<h6 style=\"padding-left: 90px;\">5.1 Introducci\u00f3n a Access.<\/h6>\n<h6 style=\"padding-left: 90px;\">5.2 Primeros pasos con la base de datos.<\/h6>\n<h6 style=\"padding-left: 90px;\">5.3 Trabajar con tablas y formularios<\/h6>\n<h6 style=\"padding-left: 90px;\">5.4 Consultas e informes<\/h6>\n<h3 style=\"padding-left: 60px;\">UNIDAD DID\u00c1CTICA 6. PRESENTACIONES: POWERPOINT<\/h3>\n<h6 style=\"padding-left: 90px;\">6.1 Conceptos b\u00e1sicos de PowerPoint.<\/h6>\n<h6 style=\"padding-left: 90px;\">6.2 Conceptos b\u00e1sicos de PowerPoint.<\/h6>\n<h6 style=\"padding-left: 90px;\">6.3 Elaboraci\u00f3n de presentaciones.<\/h6>\n<h6 style=\"padding-left: 90px;\">6.4 Maquetaci\u00f3n de la diapositiva.<\/h6>\n<h6 style=\"padding-left: 90px;\">6.5 Preparaci\u00f3n de la presentaci\u00f3n.<\/h6>\n<p style=\"padding-left: 30px;\"><strong>Este curso formativo se imparte en la <span style=\"color: #0000ff;\">modalidad online<\/span> y tiene una duraci\u00f3n de<span style=\"color: #0000ff;\"> 100 horas<\/span>.\u00a0<\/strong><\/p>\n<p style=\"padding-left: 30px;\"><strong>Se realiza a trav\u00e9s de nuestra Plataforma Virtual, de forma, que puedes disponer de todo el contenido did\u00e1ctico en el aula del curso y estar\u00e1 accesible desde el primer d\u00eda de inicio del curso, las 24 horas todos los d\u00edas de la semana. Adem\u00e1s, contamos con un grupo de tutores especializados en la materia, que podr\u00e1s contar con ellos a trav\u00e9s del correo electr\u00f3nico, o por medio de la plataforma.<\/strong><\/p>\n<p style=\"padding-left: 30px;\"><b>Formaci\u00f3n 100% <\/b><span style=\"color: #000000;\"><b>Cofinanciada<\/b><\/span><b>\u00a0por:<\/b><a href=\"http:\/\/www.adehon.org\/es\/wp-content\/uploads\/2020\/04\/1200px-Imagotip_de_la_Generalitat_Valenciana.svg_.png\"><br \/>\n<img loading=\"lazy\" decoding=\"async\" class=\"alignleft  wp-image-3369\" src=\"http:\/\/www.adehon.org\/es\/wp-content\/uploads\/2020\/04\/1200px-Imagotip_de_la_Generalitat_Valenciana.svg_.png\" alt=\"\" width=\"201\" height=\"96\" srcset=\"https:\/\/www.adehon.org\/es\/wp-content\/uploads\/2020\/04\/1200px-Imagotip_de_la_Generalitat_Valenciana.svg_.png 1200w, https:\/\/www.adehon.org\/es\/wp-content\/uploads\/2020\/04\/1200px-Imagotip_de_la_Generalitat_Valenciana.svg_-300x143.png 300w, https:\/\/www.adehon.org\/es\/wp-content\/uploads\/2020\/04\/1200px-Imagotip_de_la_Generalitat_Valenciana.svg_-768x367.png 768w, https:\/\/www.adehon.org\/es\/wp-content\/uploads\/2020\/04\/1200px-Imagotip_de_la_Generalitat_Valenciana.svg_-1024x489.png 1024w\" sizes=\"auto, (max-width: 201px) 100vw, 201px\" \/><\/a><\/p>\n<p><a href=\"http:\/\/www.adehon.org\/es\/wp-content\/uploads\/2020\/02\/Labora-transparente-rojo-1788c.png\"><img loading=\"lazy\" decoding=\"async\" class=\"wp-image-2995 alignleft\" src=\"http:\/\/www.adehon.org\/es\/wp-content\/uploads\/2020\/02\/Labora-transparente-rojo-1788c.png\" alt=\"\" width=\"242\" height=\"65\" srcset=\"https:\/\/www.adehon.org\/es\/wp-content\/uploads\/2020\/02\/Labora-transparente-rojo-1788c.png 1007w, https:\/\/www.adehon.org\/es\/wp-content\/uploads\/2020\/02\/Labora-transparente-rojo-1788c-300x81.png 300w, https:\/\/www.adehon.org\/es\/wp-content\/uploads\/2020\/02\/Labora-transparente-rojo-1788c-768x207.png 768w\" sizes=\"auto, (max-width: 242px) 100vw, 242px\" \/><\/a><\/p>\n<p><a href=\"http:\/\/www.adehon.org\/es\/wp-content\/uploads\/2020\/02\/WEB_CAS_1206x250px.jpg\"><img loading=\"lazy\" decoding=\"async\" class=\"alignleft  wp-image-2991\" src=\"http:\/\/www.adehon.org\/es\/wp-content\/uploads\/2020\/02\/WEB_CAS_1206x250px.jpg\" alt=\"\" width=\"358\" height=\"74\" srcset=\"https:\/\/www.adehon.org\/es\/wp-content\/uploads\/2020\/02\/WEB_CAS_1206x250px.jpg 1206w, https:\/\/www.adehon.org\/es\/wp-content\/uploads\/2020\/02\/WEB_CAS_1206x250px-300x62.jpg 300w, https:\/\/www.adehon.org\/es\/wp-content\/uploads\/2020\/02\/WEB_CAS_1206x250px-768x159.jpg 768w, https:\/\/www.adehon.org\/es\/wp-content\/uploads\/2020\/02\/WEB_CAS_1206x250px-1024x212.jpg 1024w\" sizes=\"auto, (max-width: 358px) 100vw, 358px\" \/><\/a><\/p>\n","protected":false},"excerpt":{"rendered":"<p>Ofim\u00e1tica Plazas limitadas Intersectorial Aut\u00f3nomos y trabajadores Teleformaci\u00f3n, 100 horas Marzo 2020 Titulaci\u00f3n oficial por LABORA NOTA: Hay un 10% de plazas disponibles para trabajadores de la Administraci\u00f3n P\u00fablica y un 30% para personas desempleadas. O si lo prefieres puedes llamarnos al tel\u00e9fono GRATUITO:\u00a0900902066\u00a0 \u00a0 TEMARIO Objetivos del curso: El objetivo fundamental del curso se centra en que el alumno conozca el entorno Windows y sus posibilidades y que aprenda a manejar los distintos programas de Microsoft Office para el tratamiento de textos, el c\u00e1lculo, la utilizaci\u00f3n de bases de datos y la creaci\u00f3n de presentaciones. CONTENIDO: UNIDAD DID\u00c1CTICA 1. HARDWARE Y SOFTWARE 1.1 Hardware 1.2 Software UNIDAD DID\u00c1CTICA 2. SISTEMAS OPERATIVOS 2.1 Encender el ordenador. Sistema operativo. 2.2 Interface, carpetas, directorios y ficheros 2.3 Aplicaciones, configuraci\u00f3n y navegaci\u00f3n del sistema operativo UNIDAD DID\u00c1CTICA 3. TRATAMIENTO DE TEXTOS: WORD 3.1 Conceptos b\u00e1sicos 3.2 Edici\u00f3n y manejo de documentos de word 3.3 Formatos 3.4 Im\u00e1genes 3.5 Estilos y plantillas 3.6 Opciones&nbsp;<a href=\"https:\/\/www.adehon.org\/es\/ofimatica-2\/\" class=\"read-more\">Continuar Leyendo<\/a><\/p>\n","protected":false},"author":1,"featured_media":0,"parent":0,"menu_order":0,"comment_status":"closed","ping_status":"closed","template":"page-fullwidth.php","meta":{"footnotes":""},"class_list":["post-3019","page","type-page","status-publish","hentry"],"_links":{"self":[{"href":"https:\/\/www.adehon.org\/es\/wp-json\/wp\/v2\/pages\/3019","targetHints":{"allow":["GET"]}}],"collection":[{"href":"https:\/\/www.adehon.org\/es\/wp-json\/wp\/v2\/pages"}],"about":[{"href":"https:\/\/www.adehon.org\/es\/wp-json\/wp\/v2\/types\/page"}],"author":[{"embeddable":true,"href":"https:\/\/www.adehon.org\/es\/wp-json\/wp\/v2\/users\/1"}],"replies":[{"embeddable":true,"href":"https:\/\/www.adehon.org\/es\/wp-json\/wp\/v2\/comments?post=3019"}],"version-history":[{"count":9,"href":"https:\/\/www.adehon.org\/es\/wp-json\/wp\/v2\/pages\/3019\/revisions"}],"predecessor-version":[{"id":3375,"href":"https:\/\/www.adehon.org\/es\/wp-json\/wp\/v2\/pages\/3019\/revisions\/3375"}],"wp:attachment":[{"href":"https:\/\/www.adehon.org\/es\/wp-json\/wp\/v2\/media?parent=3019"}],"curies":[{"name":"wp","href":"https:\/\/api.w.org\/{rel}","templated":true}]}}