{"id":3035,"date":"2020-02-27T12:38:25","date_gmt":"2020-02-27T12:38:25","guid":{"rendered":"http:\/\/www.adehon.org\/es\/?page_id=3035"},"modified":"2020-04-09T14:32:23","modified_gmt":"2020-04-09T14:32:23","slug":"direccion-empresarial-para-emprendedores","status":"publish","type":"page","link":"https:\/\/www.adehon.org\/es\/direccion-empresarial-para-emprendedores\/","title":{"rendered":"Direcci\u00f3n empresarial para emprendedores"},"content":{"rendered":"<h2><a href=\"http:\/\/www.adehon.org\/es\/wp-content\/uploads\/2020\/02\/direccion-empresarial-de-emprendedores.jpg\"><img loading=\"lazy\" decoding=\"async\" class=\"alignleft wp-image-2908\" src=\"http:\/\/www.adehon.org\/es\/wp-content\/uploads\/2020\/02\/direccion-empresarial-de-emprendedores.jpg\" alt=\"\" width=\"192\" height=\"192\" \/><\/a><\/h2>\n<h1><span style=\"color: #000000;\">Direcci\u00f3n empresarial para emprendedores<\/span><\/h1>\n<h2><span style=\"color: #000000;\"><a href=\"http:\/\/www.adehon.org\/es\/wp-content\/uploads\/2020\/02\/direccion-empresarial-de-emprendedores.png\"><img loading=\"lazy\" decoding=\"async\" class=\"alignleft wp-image-2938\" src=\"http:\/\/www.adehon.org\/es\/wp-content\/uploads\/2020\/02\/direccion-empresarial-de-emprendedores.png\" alt=\"\" width=\"272\" height=\"273\" srcset=\"https:\/\/www.adehon.org\/es\/wp-content\/uploads\/2020\/02\/direccion-empresarial-de-emprendedores.png 658w, https:\/\/www.adehon.org\/es\/wp-content\/uploads\/2020\/02\/direccion-empresarial-de-emprendedores-150x150.png 150w, https:\/\/www.adehon.org\/es\/wp-content\/uploads\/2020\/02\/direccion-empresarial-de-emprendedores-300x300.png 300w\" sizes=\"auto, (max-width: 272px) 100vw, 272px\" \/><\/a><span style=\"color: #ff0000;\">Plazas limitadas<\/span><\/span><\/h2>\n<p><img loading=\"lazy\" decoding=\"async\" class=\"alignleft wp-image-2943\" src=\"http:\/\/www.adehon.org\/es\/wp-content\/uploads\/2020\/02\/cycle-2019535_1280.png\" alt=\"\" width=\"30\" height=\"30\" srcset=\"https:\/\/www.adehon.org\/es\/wp-content\/uploads\/2020\/02\/cycle-2019535_1280.png 1274w, https:\/\/www.adehon.org\/es\/wp-content\/uploads\/2020\/02\/cycle-2019535_1280-150x150.png 150w, https:\/\/www.adehon.org\/es\/wp-content\/uploads\/2020\/02\/cycle-2019535_1280-300x300.png 300w, https:\/\/www.adehon.org\/es\/wp-content\/uploads\/2020\/02\/cycle-2019535_1280-768x772.png 768w, https:\/\/www.adehon.org\/es\/wp-content\/uploads\/2020\/02\/cycle-2019535_1280-1019x1024.png 1019w\" sizes=\"auto, (max-width: 30px) 100vw, 30px\" \/><\/p>\n<h2><span style=\"color: #000000;\">Intersectorial<\/span><\/h2>\n<p><img loading=\"lazy\" decoding=\"async\" class=\"alignleft wp-image-2951\" src=\"http:\/\/www.adehon.org\/es\/wp-content\/uploads\/2020\/02\/person-1824147_1280.png\" alt=\"\" width=\"29\" height=\"30\" srcset=\"https:\/\/www.adehon.org\/es\/wp-content\/uploads\/2020\/02\/person-1824147_1280.png 1229w, https:\/\/www.adehon.org\/es\/wp-content\/uploads\/2020\/02\/person-1824147_1280-150x150.png 150w, https:\/\/www.adehon.org\/es\/wp-content\/uploads\/2020\/02\/person-1824147_1280-288x300.png 288w, https:\/\/www.adehon.org\/es\/wp-content\/uploads\/2020\/02\/person-1824147_1280-768x800.png 768w, https:\/\/www.adehon.org\/es\/wp-content\/uploads\/2020\/02\/person-1824147_1280-983x1024.png 983w\" sizes=\"auto, (max-width: 29px) 100vw, 29px\" \/><\/p>\n<h2><span style=\"color: #000000;\">Aut\u00f3nomos y trabajadores<\/span><\/h2>\n<p><img loading=\"lazy\" decoding=\"async\" class=\"alignleft wp-image-2944\" src=\"http:\/\/www.adehon.org\/es\/wp-content\/uploads\/2020\/02\/web-1873373_1280.png\" alt=\"\" width=\"30\" height=\"30\" srcset=\"https:\/\/www.adehon.org\/es\/wp-content\/uploads\/2020\/02\/web-1873373_1280.png 1280w, https:\/\/www.adehon.org\/es\/wp-content\/uploads\/2020\/02\/web-1873373_1280-150x150.png 150w, https:\/\/www.adehon.org\/es\/wp-content\/uploads\/2020\/02\/web-1873373_1280-300x300.png 300w, https:\/\/www.adehon.org\/es\/wp-content\/uploads\/2020\/02\/web-1873373_1280-768x768.png 768w, https:\/\/www.adehon.org\/es\/wp-content\/uploads\/2020\/02\/web-1873373_1280-1024x1024.png 1024w\" sizes=\"auto, (max-width: 30px) 100vw, 30px\" \/><\/p>\n<h2><span style=\"color: #000000;\">Teleformaci\u00f3n, 165 horas<\/span><\/h2>\n<p><img loading=\"lazy\" decoding=\"async\" class=\"alignleft wp-image-2946\" src=\"http:\/\/www.adehon.org\/es\/wp-content\/uploads\/2020\/02\/calendar-1559935_1280.png\" alt=\"\" width=\"30\" height=\"27\" srcset=\"https:\/\/www.adehon.org\/es\/wp-content\/uploads\/2020\/02\/calendar-1559935_1280.png 1280w, https:\/\/www.adehon.org\/es\/wp-content\/uploads\/2020\/02\/calendar-1559935_1280-300x269.png 300w, https:\/\/www.adehon.org\/es\/wp-content\/uploads\/2020\/02\/calendar-1559935_1280-768x688.png 768w, https:\/\/www.adehon.org\/es\/wp-content\/uploads\/2020\/02\/calendar-1559935_1280-1024x918.png 1024w\" sizes=\"auto, (max-width: 30px) 100vw, 30px\" \/><\/p>\n<h2><span style=\"color: #000000;\">Febrero 2020<\/span><\/h2>\n<p><img loading=\"lazy\" decoding=\"async\" class=\"alignleft wp-image-2957\" src=\"http:\/\/www.adehon.org\/es\/wp-content\/uploads\/2020\/02\/graduation-2864356_1280-1.png\" alt=\"\" width=\"30\" height=\"29\" srcset=\"https:\/\/www.adehon.org\/es\/wp-content\/uploads\/2020\/02\/graduation-2864356_1280-1.png 1280w, https:\/\/www.adehon.org\/es\/wp-content\/uploads\/2020\/02\/graduation-2864356_1280-1-150x150.png 150w, https:\/\/www.adehon.org\/es\/wp-content\/uploads\/2020\/02\/graduation-2864356_1280-1-300x288.png 300w, https:\/\/www.adehon.org\/es\/wp-content\/uploads\/2020\/02\/graduation-2864356_1280-1-768x738.png 768w, https:\/\/www.adehon.org\/es\/wp-content\/uploads\/2020\/02\/graduation-2864356_1280-1-1024x984.png 1024w\" sizes=\"auto, (max-width: 30px) 100vw, 30px\" \/><\/p>\n<h2><span style=\"color: #000000;\">Titulaci\u00f3n oficial por LABORA<\/span><\/h2>\n<h2><\/h2>\n<h2 style=\"padding-left: 30px;\">NOTA:<\/h2>\n<h2 style=\"padding-left: 30px;\">Hay un <strong>10% de plazas disponibles<\/strong> para trabajadores de la Administraci\u00f3n P\u00fablica y un <strong>30%<\/strong> para personas desempleadas.<\/h2>\n<h2><\/h2>\n<div class=\"ml-form-embed\" data-account=\"1702970:x2t9f5m1f1\" data-form=\"1865510:v6s2e8\"><\/div>\n<h3>O si lo prefieres puedes llamarnos al tel\u00e9fono GRATUITO:\u00a0<strong>900902066\u00a0<\/strong><\/h3>\n<p><strong>\u00a0<a href=\"http:\/\/www.adehon.org\/es\/wp-content\/uploads\/2020\/03\/telefono.png\"><img loading=\"lazy\" decoding=\"async\" class=\"alignnone wp-image-3081 \" src=\"http:\/\/www.adehon.org\/es\/wp-content\/uploads\/2020\/03\/telefono-150x150.png\" alt=\"\" width=\"114\" height=\"114\" \/><\/a><\/strong><\/p>\n<hr \/>\n<h2 style=\"padding-left: 40px;\"><span style=\"color: #000000;\"><strong>TEMARIO<\/strong><\/span><\/h2>\n<h3 style=\"padding-left: 40px;\"><em><strong><span style=\"color: #000000;\">Objetivos del curso:<\/span><\/strong><\/em><\/h3>\n<h6 style=\"padding-left: 70px;\"><em><span style=\"color: #000000;\">Con este curso de Direcci\u00f3n empresarial para emprendedores aprender\u00e1s las capacidades para crear y liderar su propia organizaci\u00f3n en un entorno competitivo, global y din\u00e1mico.<\/span><\/em><\/h6>\n<h3 style=\"padding-left: 40px;\"><span style=\"color: #000000;\"><strong>CONTENIDO:<\/strong><\/span><\/h3>\n<h3 style=\"padding-left: 40px;\"><span style=\"color: #000000;\"><strong>1- CULTURA EMPRENDEDORA DE LA IDEA DE NEGOCIO (PROCESO EMPRENDEDOR)<\/strong><\/span><\/h3>\n<h6 style=\"padding-left: 60px;\"><span style=\"color: #000000;\">1.- El proceso emprendedor.<\/span><\/h6>\n<h6 style=\"padding-left: 60px;\"><span style=\"color: #000000;\">2.- El\/La emprendedor\/a y la idea de negocio.<\/span><\/h6>\n<h6 style=\"padding-left: 60px;\"><span style=\"color: #000000;\">3.- Constituci\u00f3n y obligaciones legales de la nueva empresa.<\/span><\/h6>\n<h3 style=\"padding-left: 40px;\"><strong><span style=\"color: #000000;\">2- ESTRUCTURA FINANCIERA DE LA EMPRESA. FUENTES DE FINANCIACI\u00d3N PARA EMPRENDEDORES\/AS<\/span><\/strong><\/h3>\n<h6 style=\"padding-left: 60px;\"><span style=\"color: #000000;\">1.- Fuentes de financiaci\u00f3n propia.<\/span><\/h6>\n<h6 style=\"padding-left: 60px;\"><span style=\"color: #000000;\">2.- Financiaci\u00f3n ajena a corto plazo.<\/span><\/h6>\n<h6 style=\"padding-left: 60px;\"><span style=\"color: #000000;\">3.- Planificaci\u00f3n financiera.<\/span><\/h6>\n<h6 style=\"padding-left: 60px;\"><span style=\"color: #000000;\">4.- Presupuesto de tesorer\u00eda.<\/span><\/h6>\n<h6 style=\"padding-left: 60px;\"><span style=\"color: #000000;\">5.- El plan financiero.<\/span><\/h6>\n<h6 style=\"padding-left: 60px;\"><span style=\"color: #000000;\">6.- Financiaci\u00f3n de la nueva empresa.<\/span><\/h6>\n<h3 style=\"padding-left: 40px;\"><strong><span style=\"color: #000000;\">3- BUSINESS PLAN. PRESENTACI\u00d3N<\/span><\/strong><\/h3>\n<h6 style=\"padding-left: 60px;\"><span style=\"color: #000000;\">1.- El plan de negocios o Business Plan.<\/span><\/h6>\n<h3 style=\"padding-left: 40px;\"><strong><span style=\"color: #000000;\">4- PROYECTO FINAL: ELABORACI\u00d3N Y DEFENSA DE UN PLAN DE NEGOCIO PARA UNA EMPRESA.<\/span><\/strong><\/h3>\n<h6 style=\"padding-left: 60px;\"><span style=\"color: #000000;\">1.- De la idea al negocio.<\/span><\/h6>\n<h6 style=\"padding-left: 60px;\"><span style=\"color: #000000;\">2.- Presentaci\u00f3n del emprendedor.<\/span><\/h6>\n<h6 style=\"padding-left: 60px;\"><span style=\"color: #000000;\">3.- Actividad de la empresa.<\/span><\/h6>\n<h6 style=\"padding-left: 60px;\"><span style=\"color: #000000;\">4.- El Mercado.<\/span><\/h6>\n<h6 style=\"padding-left: 60px;\"><span style=\"color: #000000;\">5.- Comercializaci\u00f3n del Producto o Servicio.<\/span><\/h6>\n<h6 style=\"padding-left: 60px;\"><span style=\"color: #000000;\">6.- Producci\u00f3n o prestaci\u00f3n del servicio.<\/span><\/h6>\n<h6 style=\"padding-left: 60px;\"><span style=\"color: #000000;\">7.- Localizaci\u00f3n del negocio.<\/span><\/h6>\n<h6 style=\"padding-left: 60px;\"><span style=\"color: #000000;\">8.- Recursos Humanos.<\/span><\/h6>\n<h6 style=\"padding-left: 60px;\"><span style=\"color: #000000;\">9.- Plan Econ\u00f3mico Financiero.<\/span><\/h6>\n<h6 style=\"padding-left: 60px;\"><span style=\"color: #000000;\">10.- El Aspecto formal.<\/span><\/h6>\n<h6 style=\"padding-left: 60px;\"><span style=\"color: #000000;\">11.- La innovaci\u00f3n.<\/span><\/h6>\n<h6 style=\"padding-left: 60px;\"><span style=\"color: #000000;\">12.- Planificaci\u00f3n temporal.\u00a0<\/span><\/h6>\n<p style=\"padding-left: 30px;\"><strong>Este curso formativo se imparte en la <span style=\"color: #0000ff;\">modalidad online<\/span> y tiene una duraci\u00f3n de<span style=\"color: #0000ff;\"> 165 horas<\/span>.\u00a0<\/strong><\/p>\n<p style=\"padding-left: 30px;\"><strong>Se realiza a trav\u00e9s de nuestra Plataforma Virtual, de forma, que puedes disponer de todo el contenido did\u00e1ctico en el aula del curso y estar\u00e1 accesible desde el primer d\u00eda de inicio del curso, las 24 horas todos los d\u00edas de la semana. Adem\u00e1s, contamos con un grupo de tutores especializados en la materia, que podr\u00e1s contar con ellos a trav\u00e9s del correo electr\u00f3nico, o por medio de la plataforma.<\/strong><\/p>\n<hr style=\"padding-left: 30px;\" \/>\n<p style=\"padding-left: 30px;\"><b>Formaci\u00f3n 100% <\/b><span style=\"color: #000000;\"><b>Cofinanciada<\/b><\/span><b>\u00a0por:<\/b><a href=\"http:\/\/www.adehon.org\/es\/wp-content\/uploads\/2020\/04\/1200px-Imagotip_de_la_Generalitat_Valenciana.svg_.png\"><br \/>\n<img loading=\"lazy\" decoding=\"async\" class=\"alignleft  wp-image-3369\" src=\"http:\/\/www.adehon.org\/es\/wp-content\/uploads\/2020\/04\/1200px-Imagotip_de_la_Generalitat_Valenciana.svg_.png\" alt=\"\" width=\"201\" height=\"96\" srcset=\"https:\/\/www.adehon.org\/es\/wp-content\/uploads\/2020\/04\/1200px-Imagotip_de_la_Generalitat_Valenciana.svg_.png 1200w, https:\/\/www.adehon.org\/es\/wp-content\/uploads\/2020\/04\/1200px-Imagotip_de_la_Generalitat_Valenciana.svg_-300x143.png 300w, https:\/\/www.adehon.org\/es\/wp-content\/uploads\/2020\/04\/1200px-Imagotip_de_la_Generalitat_Valenciana.svg_-768x367.png 768w, https:\/\/www.adehon.org\/es\/wp-content\/uploads\/2020\/04\/1200px-Imagotip_de_la_Generalitat_Valenciana.svg_-1024x489.png 1024w\" sizes=\"auto, (max-width: 201px) 100vw, 201px\" \/><\/a><\/p>\n<p><a href=\"http:\/\/www.adehon.org\/es\/wp-content\/uploads\/2020\/02\/Labora-transparente-rojo-1788c.png\"><img loading=\"lazy\" decoding=\"async\" class=\"wp-image-2995 alignleft\" src=\"http:\/\/www.adehon.org\/es\/wp-content\/uploads\/2020\/02\/Labora-transparente-rojo-1788c.png\" alt=\"\" width=\"242\" height=\"65\" srcset=\"https:\/\/www.adehon.org\/es\/wp-content\/uploads\/2020\/02\/Labora-transparente-rojo-1788c.png 1007w, https:\/\/www.adehon.org\/es\/wp-content\/uploads\/2020\/02\/Labora-transparente-rojo-1788c-300x81.png 300w, https:\/\/www.adehon.org\/es\/wp-content\/uploads\/2020\/02\/Labora-transparente-rojo-1788c-768x207.png 768w\" sizes=\"auto, (max-width: 242px) 100vw, 242px\" \/><\/a><\/p>\n<p><a href=\"http:\/\/www.adehon.org\/es\/wp-content\/uploads\/2020\/02\/WEB_CAS_1206x250px.jpg\"><img loading=\"lazy\" decoding=\"async\" class=\"alignleft  wp-image-2991\" src=\"http:\/\/www.adehon.org\/es\/wp-content\/uploads\/2020\/02\/WEB_CAS_1206x250px.jpg\" alt=\"\" width=\"358\" height=\"74\" srcset=\"https:\/\/www.adehon.org\/es\/wp-content\/uploads\/2020\/02\/WEB_CAS_1206x250px.jpg 1206w, https:\/\/www.adehon.org\/es\/wp-content\/uploads\/2020\/02\/WEB_CAS_1206x250px-300x62.jpg 300w, https:\/\/www.adehon.org\/es\/wp-content\/uploads\/2020\/02\/WEB_CAS_1206x250px-768x159.jpg 768w, https:\/\/www.adehon.org\/es\/wp-content\/uploads\/2020\/02\/WEB_CAS_1206x250px-1024x212.jpg 1024w\" sizes=\"auto, (max-width: 358px) 100vw, 358px\" \/><\/a><\/p>\n","protected":false},"excerpt":{"rendered":"<p>Direcci\u00f3n empresarial para emprendedores Plazas limitadas Intersectorial Aut\u00f3nomos y trabajadores Teleformaci\u00f3n, 165 horas Febrero 2020 Titulaci\u00f3n oficial por LABORA NOTA: Hay un 10% de plazas disponibles para trabajadores de la Administraci\u00f3n P\u00fablica y un 30% para personas desempleadas. O si lo prefieres puedes llamarnos al tel\u00e9fono GRATUITO:\u00a0900902066\u00a0 \u00a0 TEMARIO Objetivos del curso: Con este curso de Direcci\u00f3n empresarial para emprendedores aprender\u00e1s las capacidades para crear y liderar su propia organizaci\u00f3n en un entorno competitivo, global y din\u00e1mico. CONTENIDO: 1- CULTURA EMPRENDEDORA DE LA IDEA DE NEGOCIO (PROCESO EMPRENDEDOR) 1.- El proceso emprendedor. 2.- El\/La emprendedor\/a y la idea de negocio. 3.- Constituci\u00f3n y obligaciones legales de la nueva empresa. 2- ESTRUCTURA FINANCIERA DE LA EMPRESA. FUENTES DE FINANCIACI\u00d3N PARA EMPRENDEDORES\/AS 1.- Fuentes de financiaci\u00f3n propia. 2.- Financiaci\u00f3n ajena a corto plazo. 3.- Planificaci\u00f3n financiera. 4.- Presupuesto de tesorer\u00eda. 5.- El plan financiero. 6.- Financiaci\u00f3n de la nueva empresa. 3- BUSINESS PLAN. PRESENTACI\u00d3N 1.- El plan de negocios o Business Plan.&nbsp;<a href=\"https:\/\/www.adehon.org\/es\/direccion-empresarial-para-emprendedores\/\" class=\"read-more\">Continuar Leyendo<\/a><\/p>\n","protected":false},"author":1,"featured_media":0,"parent":0,"menu_order":0,"comment_status":"closed","ping_status":"closed","template":"page-fullwidth.php","meta":{"footnotes":""},"class_list":["post-3035","page","type-page","status-publish","hentry"],"_links":{"self":[{"href":"https:\/\/www.adehon.org\/es\/wp-json\/wp\/v2\/pages\/3035","targetHints":{"allow":["GET"]}}],"collection":[{"href":"https:\/\/www.adehon.org\/es\/wp-json\/wp\/v2\/pages"}],"about":[{"href":"https:\/\/www.adehon.org\/es\/wp-json\/wp\/v2\/types\/page"}],"author":[{"embeddable":true,"href":"https:\/\/www.adehon.org\/es\/wp-json\/wp\/v2\/users\/1"}],"replies":[{"embeddable":true,"href":"https:\/\/www.adehon.org\/es\/wp-json\/wp\/v2\/comments?post=3035"}],"version-history":[{"count":5,"href":"https:\/\/www.adehon.org\/es\/wp-json\/wp\/v2\/pages\/3035\/revisions"}],"predecessor-version":[{"id":3374,"href":"https:\/\/www.adehon.org\/es\/wp-json\/wp\/v2\/pages\/3035\/revisions\/3374"}],"wp:attachment":[{"href":"https:\/\/www.adehon.org\/es\/wp-json\/wp\/v2\/media?parent=3035"}],"curies":[{"name":"wp","href":"https:\/\/api.w.org\/{rel}","templated":true}]}}