{"id":3049,"date":"2020-02-27T18:21:30","date_gmt":"2020-02-27T18:21:30","guid":{"rendered":"http:\/\/www.adehon.org\/es\/?page_id=3049"},"modified":"2020-12-04T09:27:34","modified_gmt":"2020-12-04T09:27:34","slug":"banca-electronica-2","status":"publish","type":"page","link":"https:\/\/www.adehon.org\/es\/banca-electronica-2\/","title":{"rendered":"Banca electr\u00f3nica"},"content":{"rendered":"<h2><a href=\"http:\/\/www.adehon.org\/es\/wp-content\/uploads\/2020\/02\/direccion-empresarial-de-emprendedores.jpg\"><img loading=\"lazy\" decoding=\"async\" class=\"alignleft wp-image-2908\" src=\"http:\/\/www.adehon.org\/es\/wp-content\/uploads\/2020\/02\/direccion-empresarial-de-emprendedores.jpg\" alt=\"\" width=\"192\" height=\"192\"><\/a><\/h2>\n<h1><span style=\"color: #000000;\">Banca electr\u00f3nica<\/span><\/h1>\n<h2><span style=\"color: #000000;\"><a href=\"http:\/\/www.adehon.org\/es\/wp-content\/uploads\/2020\/02\/direccion-empresarial-de-emprendedores.png\"><img loading=\"lazy\" decoding=\"async\" class=\"alignleft wp-image-2938\" src=\"http:\/\/www.adehon.org\/es\/wp-content\/uploads\/2020\/02\/direccion-empresarial-de-emprendedores.png\" alt=\"\" width=\"272\" height=\"273\" srcset=\"https:\/\/www.adehon.org\/es\/wp-content\/uploads\/2020\/02\/direccion-empresarial-de-emprendedores.png 658w, https:\/\/www.adehon.org\/es\/wp-content\/uploads\/2020\/02\/direccion-empresarial-de-emprendedores-150x150.png 150w, https:\/\/www.adehon.org\/es\/wp-content\/uploads\/2020\/02\/direccion-empresarial-de-emprendedores-300x300.png 300w\" sizes=\"auto, (max-width: 272px) 100vw, 272px\" \/><\/a><span style=\"color: #ff0000;\">Plazas limitadas<\/span><\/span><\/h2>\n<p><img loading=\"lazy\" decoding=\"async\" class=\"alignleft wp-image-2943\" src=\"http:\/\/www.adehon.org\/es\/wp-content\/uploads\/2020\/02\/cycle-2019535_1280.png\" alt=\"\" width=\"30\" height=\"30\" srcset=\"https:\/\/www.adehon.org\/es\/wp-content\/uploads\/2020\/02\/cycle-2019535_1280.png 1274w, https:\/\/www.adehon.org\/es\/wp-content\/uploads\/2020\/02\/cycle-2019535_1280-150x150.png 150w, https:\/\/www.adehon.org\/es\/wp-content\/uploads\/2020\/02\/cycle-2019535_1280-300x300.png 300w, https:\/\/www.adehon.org\/es\/wp-content\/uploads\/2020\/02\/cycle-2019535_1280-768x772.png 768w, https:\/\/www.adehon.org\/es\/wp-content\/uploads\/2020\/02\/cycle-2019535_1280-1019x1024.png 1019w\" sizes=\"auto, (max-width: 30px) 100vw, 30px\" \/><\/p>\n<h2><span style=\"color: #000000;\">Intersectorial<\/span><\/h2>\n<p><img loading=\"lazy\" decoding=\"async\" class=\"alignleft wp-image-2951\" src=\"http:\/\/www.adehon.org\/es\/wp-content\/uploads\/2020\/02\/person-1824147_1280.png\" alt=\"\" width=\"29\" height=\"30\" srcset=\"https:\/\/www.adehon.org\/es\/wp-content\/uploads\/2020\/02\/person-1824147_1280.png 1229w, https:\/\/www.adehon.org\/es\/wp-content\/uploads\/2020\/02\/person-1824147_1280-150x150.png 150w, https:\/\/www.adehon.org\/es\/wp-content\/uploads\/2020\/02\/person-1824147_1280-288x300.png 288w, https:\/\/www.adehon.org\/es\/wp-content\/uploads\/2020\/02\/person-1824147_1280-768x800.png 768w, https:\/\/www.adehon.org\/es\/wp-content\/uploads\/2020\/02\/person-1824147_1280-983x1024.png 983w\" sizes=\"auto, (max-width: 29px) 100vw, 29px\" \/><\/p>\n<h2><span style=\"color: #000000;\">Trabajadores<\/span><\/h2>\n<p><img loading=\"lazy\" decoding=\"async\" class=\"alignleft wp-image-2944\" src=\"http:\/\/www.adehon.org\/es\/wp-content\/uploads\/2020\/02\/web-1873373_1280.png\" alt=\"\" width=\"30\" height=\"30\" srcset=\"https:\/\/www.adehon.org\/es\/wp-content\/uploads\/2020\/02\/web-1873373_1280.png 1280w, https:\/\/www.adehon.org\/es\/wp-content\/uploads\/2020\/02\/web-1873373_1280-150x150.png 150w, https:\/\/www.adehon.org\/es\/wp-content\/uploads\/2020\/02\/web-1873373_1280-300x300.png 300w, https:\/\/www.adehon.org\/es\/wp-content\/uploads\/2020\/02\/web-1873373_1280-768x768.png 768w, https:\/\/www.adehon.org\/es\/wp-content\/uploads\/2020\/02\/web-1873373_1280-1024x1024.png 1024w\" sizes=\"auto, (max-width: 30px) 100vw, 30px\" \/><\/p>\n<h2><span style=\"color: #000000;\">Teleformaci\u00f3n, 120 horas<\/span><\/h2>\n<p><img loading=\"lazy\" decoding=\"async\" class=\"alignleft wp-image-2946\" src=\"http:\/\/www.adehon.org\/es\/wp-content\/uploads\/2020\/02\/calendar-1559935_1280.png\" alt=\"\" width=\"30\" height=\"27\" srcset=\"https:\/\/www.adehon.org\/es\/wp-content\/uploads\/2020\/02\/calendar-1559935_1280.png 1280w, https:\/\/www.adehon.org\/es\/wp-content\/uploads\/2020\/02\/calendar-1559935_1280-300x269.png 300w, https:\/\/www.adehon.org\/es\/wp-content\/uploads\/2020\/02\/calendar-1559935_1280-768x688.png 768w, https:\/\/www.adehon.org\/es\/wp-content\/uploads\/2020\/02\/calendar-1559935_1280-1024x918.png 1024w\" sizes=\"auto, (max-width: 30px) 100vw, 30px\" \/><\/p>\n<h2><span style=\"color: #000000;\">Abril 2020<\/span><\/h2>\n<p><img loading=\"lazy\" decoding=\"async\" class=\"alignleft wp-image-2957\" src=\"http:\/\/www.adehon.org\/es\/wp-content\/uploads\/2020\/02\/graduation-2864356_1280-1.png\" alt=\"\" width=\"30\" height=\"29\" srcset=\"https:\/\/www.adehon.org\/es\/wp-content\/uploads\/2020\/02\/graduation-2864356_1280-1.png 1280w, https:\/\/www.adehon.org\/es\/wp-content\/uploads\/2020\/02\/graduation-2864356_1280-1-150x150.png 150w, https:\/\/www.adehon.org\/es\/wp-content\/uploads\/2020\/02\/graduation-2864356_1280-1-300x288.png 300w, https:\/\/www.adehon.org\/es\/wp-content\/uploads\/2020\/02\/graduation-2864356_1280-1-768x738.png 768w, https:\/\/www.adehon.org\/es\/wp-content\/uploads\/2020\/02\/graduation-2864356_1280-1-1024x984.png 1024w\" sizes=\"auto, (max-width: 30px) 100vw, 30px\" \/><\/p>\n<h2><span style=\"color: #000000;\">Titulaci\u00f3n oficial por el SEPE<\/span><\/h2>\n<h2><\/h2>\n<h2 style=\"padding-left: 30px;\">NOTA:<\/h2>\n<h2 style=\"padding-left: 30px;\">Hay un <strong>10% de plazas disponibles<\/strong> para trabajadores de la Administraci\u00f3n P\u00fablica y un <strong>30%<\/strong> para personas desempleadas.<\/h2>\n<h3 style=\"padding-left: 30px;\">Colectivos prioritarios:<\/h3>\n<h6 style=\"padding-left: 60px;\">&#8211; Pymes.<br \/>\n&#8211; Mujeres.<br \/>\n&#8211; Baja cualificaci\u00f3n (Grupo de cotizaci\u00f3n: 6, 7, 9 y 10).<br \/>\n&#8211; Mayores de 45 a\u00f1os.<br \/>\n&#8211;&nbsp;Personas con discapacidad.<\/h6>\n<div class=\"ml-form-embed\" data-account=\"1702970:x2t9f5m1f1\" data-form=\"1865510:v6s2e8\"><\/div>\n<h3>O si lo prefieres puedes llamarnos al tel\u00e9fono GRATUITO:&nbsp;<strong>900902066&nbsp;<\/strong><\/h3>\n<p><strong>&nbsp;<a href=\"http:\/\/www.adehon.org\/es\/wp-content\/uploads\/2020\/03\/telefono.png\"><img loading=\"lazy\" decoding=\"async\" class=\"alignnone wp-image-3081 \" src=\"http:\/\/www.adehon.org\/es\/wp-content\/uploads\/2020\/03\/telefono-150x150.png\" alt=\"\" width=\"114\" height=\"114\"><\/a><\/strong><\/p>\n<hr>\n<h2><\/h2>\n<h2 style=\"padding-left: 40px;\"><span style=\"color: #000000;\"><strong>TEMARIO<\/strong><\/span><\/h2>\n<h3 style=\"padding-left: 40px;\"><em><strong><span style=\"color: #000000;\">Objetivos del curso:<\/span><\/strong><\/em><\/h3>\n<h6 style=\"padding-left: 60px;\"><em>Conocer el rol de la Banca Electr\u00f3nica dentro de la estrategia global de las Empresas financieras.&nbsp;<\/em><em>Conocer los cambios empresariales producto de una estrategia de intermediaci\u00f3n de pagos.&nbsp;<\/em><em>Conocer los elementos comerciales, operacionales, tecnol\u00f3gicos y de seguridad que comprende la implementaci\u00f3n de soluciones de Banca Electr\u00f3nica.<\/em><\/h6>\n<h3 style=\"padding-left: 40px;\"><span style=\"color: #000000;\"><strong>CONTENIDO:<\/strong><\/span><\/h3>\n<h3 style=\"padding-left: 60px;\">M\u00d3DULO 1. LA BANCA ELECTR\u00d3NICA Y LOS PAGOS ELECTR\u00d3NICOS: DEFINICI\u00d3N Y ELEMENTOS CLAVE<\/h3>\n<h6 style=\"padding-left: 90px;\">1.1. La Informaci\u00f3n como Recurso Empresarial.<\/h6>\n<h6 style=\"padding-left: 90px;\">1.2. Definici\u00f3n de Banca Electr\u00f3nica.<\/h6>\n<h6 style=\"padding-left: 90px;\">1.3. La Banca Electr\u00f3nica y el Negocio de los Pagos Electr\u00f3nicos.<\/h6>\n<h3 style=\"padding-left: 60px;\">M\u00d3DULO 2. CANALES ELECTR\u00d3NICOS<\/h3>\n<h6 style=\"padding-left: 90px;\">2.1. Canales Convencionales: Cajeros Autom\u00e1ticos, Banca Telef\u00f3nica, Puntos de Venta, WebBanking.<\/h6>\n<h6 style=\"padding-left: 90px;\">2.2. Canales 2.0: Mobile Banking, Electronic Bill Payment, Bank Relationship Management, MobileBanking.<\/h6>\n<h3 style=\"padding-left: 60px;\">M\u00d3DULO 3. MEDIOS DE PAGO<\/h3>\n<h6 style=\"padding-left: 90px;\">3.1. Sistemas de Pago: Diferido, Inmediato y Pre-Pago.<\/h6>\n<h6 style=\"padding-left: 90px;\">3.2. Tarjetas Inteligentes.<\/h6>\n<h6 style=\"padding-left: 90px;\">3.3. Estructura de los Sistemas de Tarjeta de Cr\u00e9dito y D\u00e9bito.<\/h6>\n<h3 style=\"padding-left: 60px;\">M\u00d3DULO 4. ESTRATEGIA COMERCIAL EN BANCA ELECTR\u00d3NICA<\/h3>\n<h6 style=\"padding-left: 90px;\">4.1. Modelo Empresarial de la Banca Electr\u00f3nica.<\/h6>\n<h6 style=\"padding-left: 90px;\">4.2. Diagn\u00f3stico Competitivo de los Negocio de Pagos Electr\u00f3nicos.<\/h6>\n<h6 style=\"padding-left: 90px;\">4.3. Cadena de Valor de Banca Electr\u00f3nica.<\/h6>\n<h6 style=\"padding-left: 90px;\">4.4. Estrategias de Negocios de Pagos Electr\u00f3nicos.<\/h6>\n<h6 style=\"padding-left: 90px;\">4.5. Administraci\u00f3n de Riesgos en Banca Electr\u00f3nica.<\/h6>\n<h3 style=\"padding-left: 60px;\">M\u00d3DULO 5. OPERACIONES EN BANCA ELECTR\u00d3NICA<\/h3>\n<h6 style=\"padding-left: 90px;\">5.1. Disponibilidad y Calidad de los Servicios de Banca Electr\u00f3nica.<\/h6>\n<h6 style=\"padding-left: 90px;\">5.2. Migraci\u00f3n hacia canales electr\u00f3nicos.<\/h6>\n<h6 style=\"padding-left: 90px;\">5.3. Servicio al Cliente y atenci\u00f3n de reclamaciones.<\/h6>\n<h6 style=\"padding-left: 90px;\">5.4. Administraci\u00f3n del Efectivo.<\/h6>\n<h3 style=\"padding-left: 60px;\">M\u00d3DULO 6. TECNOLOG\u00cdA Y SEGURIDAD<\/h3>\n<h6 style=\"padding-left: 90px;\">6.1. Arquitectura Tecnol\u00f3gica de Banca Electr\u00f3nica.<\/h6>\n<h6 style=\"padding-left: 90px;\">6.2. Seguridad en Banca Electr\u00f3nica.<\/h6>\n<h6 style=\"padding-left: 90px;\">6.3. Fraude en Banca Electr\u00f3nica.<\/h6>\n<h6 style=\"padding-left: 90px;\">6.4. Est\u00e1ndares de Seguridad en Banca Electr\u00f3nica.<\/h6>\n<p style=\"padding-left: 30px;\"><strong>Este curso formativo se imparte en la <span style=\"color: #0000ff;\">modalidad online<\/span> y tiene una duraci\u00f3n de<span style=\"color: #0000ff;\"> 120 horas<\/span>.&nbsp;<\/strong><\/p>\n<p style=\"padding-left: 30px;\"><strong>Se realiza a trav\u00e9s de nuestra Plataforma Virtual, de forma, que puedes disponer de todo el contenido did\u00e1ctico en el aula del curso y estar\u00e1 accesible desde el primer d\u00eda de inicio del curso, las 24 horas todos los d\u00edas de la semana. Adem\u00e1s, contamos con un grupo de tutores especializados en la materia, que podr\u00e1s contar con ellos a trav\u00e9s del correo electr\u00f3nico, o por medio de la plataforma.<\/strong><\/p>\n<hr style=\"padding-left: 30px;\">\n<p style=\"padding-left: 30px;\"><b>Formaci\u00f3n 100% <\/b><span style=\"color: #000000;\"><b>Subvencionada<\/b><\/span><b>&nbsp;por:<\/b><\/p>\n<p>&nbsp;<a href=\"http:\/\/www.adehon.org\/es\/wp-content\/uploads\/2020\/02\/WEB_CAS_1206x250px.jpg\"><img loading=\"lazy\" decoding=\"async\" class=\"alignleft wp-image-2991\" src=\"http:\/\/www.adehon.org\/es\/wp-content\/uploads\/2020\/02\/WEB_CAS_1206x250px.jpg\" alt=\"\" width=\"409\" height=\"85\" srcset=\"https:\/\/www.adehon.org\/es\/wp-content\/uploads\/2020\/02\/WEB_CAS_1206x250px.jpg 1206w, https:\/\/www.adehon.org\/es\/wp-content\/uploads\/2020\/02\/WEB_CAS_1206x250px-300x62.jpg 300w, https:\/\/www.adehon.org\/es\/wp-content\/uploads\/2020\/02\/WEB_CAS_1206x250px-768x159.jpg 768w, https:\/\/www.adehon.org\/es\/wp-content\/uploads\/2020\/02\/WEB_CAS_1206x250px-1024x212.jpg 1024w\" sizes=\"auto, (max-width: 409px) 100vw, 409px\" \/><\/a><\/p>\n","protected":false},"excerpt":{"rendered":"<p>Banca electr\u00f3nica Plazas limitadas Intersectorial Trabajadores Teleformaci\u00f3n, 120 horas Abril 2020 Titulaci\u00f3n oficial por el SEPE NOTA: Hay un 10% de plazas disponibles para trabajadores de la Administraci\u00f3n P\u00fablica y un 30% para personas desempleadas. Colectivos prioritarios: &#8211; Pymes. &#8211; Mujeres. &#8211; Baja cualificaci\u00f3n (Grupo de cotizaci\u00f3n: 6, 7, 9 y 10). &#8211; Mayores de 45 a\u00f1os. &#8211;&nbsp;Personas con discapacidad. O si lo prefieres puedes llamarnos al tel\u00e9fono GRATUITO:&nbsp;900902066&nbsp; &nbsp; TEMARIO Objetivos del curso: Conocer el rol de la Banca Electr\u00f3nica dentro de la estrategia global de las Empresas financieras.&nbsp;Conocer los cambios empresariales producto de una estrategia de intermediaci\u00f3n de pagos.&nbsp;Conocer los elementos comerciales, operacionales, tecnol\u00f3gicos y de seguridad que comprende la implementaci\u00f3n de soluciones de Banca Electr\u00f3nica. CONTENIDO: M\u00d3DULO 1. LA BANCA ELECTR\u00d3NICA Y LOS PAGOS ELECTR\u00d3NICOS: DEFINICI\u00d3N Y ELEMENTOS CLAVE 1.1. La Informaci\u00f3n como Recurso Empresarial. 1.2. Definici\u00f3n de Banca Electr\u00f3nica. 1.3. La Banca Electr\u00f3nica y el Negocio de los Pagos Electr\u00f3nicos. M\u00d3DULO 2. CANALES ELECTR\u00d3NICOS 2.1. Canales&nbsp;<a href=\"https:\/\/www.adehon.org\/es\/banca-electronica-2\/\" class=\"read-more\">Continuar Leyendo<\/a><\/p>\n","protected":false},"author":1,"featured_media":0,"parent":0,"menu_order":0,"comment_status":"closed","ping_status":"closed","template":"page-fullwidth.php","meta":{"footnotes":""},"class_list":["post-3049","page","type-page","status-publish","hentry"],"_links":{"self":[{"href":"https:\/\/www.adehon.org\/es\/wp-json\/wp\/v2\/pages\/3049","targetHints":{"allow":["GET"]}}],"collection":[{"href":"https:\/\/www.adehon.org\/es\/wp-json\/wp\/v2\/pages"}],"about":[{"href":"https:\/\/www.adehon.org\/es\/wp-json\/wp\/v2\/types\/page"}],"author":[{"embeddable":true,"href":"https:\/\/www.adehon.org\/es\/wp-json\/wp\/v2\/users\/1"}],"replies":[{"embeddable":true,"href":"https:\/\/www.adehon.org\/es\/wp-json\/wp\/v2\/comments?post=3049"}],"version-history":[{"count":7,"href":"https:\/\/www.adehon.org\/es\/wp-json\/wp\/v2\/pages\/3049\/revisions"}],"predecessor-version":[{"id":3349,"href":"https:\/\/www.adehon.org\/es\/wp-json\/wp\/v2\/pages\/3049\/revisions\/3349"}],"wp:attachment":[{"href":"https:\/\/www.adehon.org\/es\/wp-json\/wp\/v2\/media?parent=3049"}],"curies":[{"name":"wp","href":"https:\/\/api.w.org\/{rel}","templated":true}]}}