{"id":3052,"date":"2020-02-27T18:44:05","date_gmt":"2020-02-27T18:44:05","guid":{"rendered":"http:\/\/www.adehon.org\/es\/?page_id=3052"},"modified":"2020-03-24T18:02:47","modified_gmt":"2020-03-24T18:02:47","slug":"desarrollo-web-para-comercio-electronico","status":"publish","type":"page","link":"https:\/\/www.adehon.org\/es\/desarrollo-web-para-comercio-electronico\/","title":{"rendered":"Desarrollo web para comercio electr\u00f3nico"},"content":{"rendered":"<h2><a href=\"http:\/\/www.adehon.org\/es\/wp-content\/uploads\/2020\/02\/direccion-empresarial-de-emprendedores.jpg\"><img loading=\"lazy\" decoding=\"async\" class=\"alignleft wp-image-2908\" src=\"http:\/\/www.adehon.org\/es\/wp-content\/uploads\/2020\/02\/direccion-empresarial-de-emprendedores.jpg\" alt=\"\" width=\"192\" height=\"192\"><\/a><\/h2>\n<h1><span style=\"color: #000000;\">Desarrollo web para comercio electr\u00f3nico<\/span><\/h1>\n<h2><span style=\"color: #000000;\"><a href=\"http:\/\/www.adehon.org\/es\/wp-content\/uploads\/2020\/02\/development-4536630_1920.png\"><img loading=\"lazy\" decoding=\"async\" class=\"alignleft wp-image-3055 \" src=\"http:\/\/www.adehon.org\/es\/wp-content\/uploads\/2020\/02\/development-4536630_1920.png\" alt=\"\" width=\"289\" height=\"287\" srcset=\"https:\/\/www.adehon.org\/es\/wp-content\/uploads\/2020\/02\/development-4536630_1920.png 1920w, https:\/\/www.adehon.org\/es\/wp-content\/uploads\/2020\/02\/development-4536630_1920-150x150.png 150w, https:\/\/www.adehon.org\/es\/wp-content\/uploads\/2020\/02\/development-4536630_1920-300x298.png 300w, https:\/\/www.adehon.org\/es\/wp-content\/uploads\/2020\/02\/development-4536630_1920-768x764.png 768w, https:\/\/www.adehon.org\/es\/wp-content\/uploads\/2020\/02\/development-4536630_1920-1024x1018.png 1024w\" sizes=\"auto, (max-width: 289px) 100vw, 289px\" \/><\/a><span style=\"color: #ff0000;\">Plazas limitadas<\/span><\/span><\/h2>\n<p><img loading=\"lazy\" decoding=\"async\" class=\"alignleft wp-image-2943\" src=\"http:\/\/www.adehon.org\/es\/wp-content\/uploads\/2020\/02\/cycle-2019535_1280.png\" alt=\"\" width=\"30\" height=\"30\" srcset=\"https:\/\/www.adehon.org\/es\/wp-content\/uploads\/2020\/02\/cycle-2019535_1280.png 1274w, https:\/\/www.adehon.org\/es\/wp-content\/uploads\/2020\/02\/cycle-2019535_1280-150x150.png 150w, https:\/\/www.adehon.org\/es\/wp-content\/uploads\/2020\/02\/cycle-2019535_1280-300x300.png 300w, https:\/\/www.adehon.org\/es\/wp-content\/uploads\/2020\/02\/cycle-2019535_1280-768x772.png 768w, https:\/\/www.adehon.org\/es\/wp-content\/uploads\/2020\/02\/cycle-2019535_1280-1019x1024.png 1019w\" sizes=\"auto, (max-width: 30px) 100vw, 30px\" \/><\/p>\n<h2><span style=\"color: #000000;\">Intersectorial<\/span><\/h2>\n<p><img loading=\"lazy\" decoding=\"async\" class=\"alignleft wp-image-2951\" src=\"http:\/\/www.adehon.org\/es\/wp-content\/uploads\/2020\/02\/person-1824147_1280.png\" alt=\"\" width=\"29\" height=\"30\" srcset=\"https:\/\/www.adehon.org\/es\/wp-content\/uploads\/2020\/02\/person-1824147_1280.png 1229w, https:\/\/www.adehon.org\/es\/wp-content\/uploads\/2020\/02\/person-1824147_1280-150x150.png 150w, https:\/\/www.adehon.org\/es\/wp-content\/uploads\/2020\/02\/person-1824147_1280-288x300.png 288w, https:\/\/www.adehon.org\/es\/wp-content\/uploads\/2020\/02\/person-1824147_1280-768x800.png 768w, https:\/\/www.adehon.org\/es\/wp-content\/uploads\/2020\/02\/person-1824147_1280-983x1024.png 983w\" sizes=\"auto, (max-width: 29px) 100vw, 29px\" \/><\/p>\n<h2><span style=\"color: #000000;\">Trabajadores<\/span><\/h2>\n<p><img loading=\"lazy\" decoding=\"async\" class=\"alignleft wp-image-2944\" src=\"http:\/\/www.adehon.org\/es\/wp-content\/uploads\/2020\/02\/web-1873373_1280.png\" alt=\"\" width=\"30\" height=\"30\" srcset=\"https:\/\/www.adehon.org\/es\/wp-content\/uploads\/2020\/02\/web-1873373_1280.png 1280w, https:\/\/www.adehon.org\/es\/wp-content\/uploads\/2020\/02\/web-1873373_1280-150x150.png 150w, https:\/\/www.adehon.org\/es\/wp-content\/uploads\/2020\/02\/web-1873373_1280-300x300.png 300w, https:\/\/www.adehon.org\/es\/wp-content\/uploads\/2020\/02\/web-1873373_1280-768x768.png 768w, https:\/\/www.adehon.org\/es\/wp-content\/uploads\/2020\/02\/web-1873373_1280-1024x1024.png 1024w\" sizes=\"auto, (max-width: 30px) 100vw, 30px\" \/><\/p>\n<h2><span style=\"color: #000000;\">Teleformaci\u00f3n, 150 horas<\/span><\/h2>\n<p><img loading=\"lazy\" decoding=\"async\" class=\"alignleft wp-image-2946\" src=\"http:\/\/www.adehon.org\/es\/wp-content\/uploads\/2020\/02\/calendar-1559935_1280.png\" alt=\"\" width=\"30\" height=\"27\" srcset=\"https:\/\/www.adehon.org\/es\/wp-content\/uploads\/2020\/02\/calendar-1559935_1280.png 1280w, https:\/\/www.adehon.org\/es\/wp-content\/uploads\/2020\/02\/calendar-1559935_1280-300x269.png 300w, https:\/\/www.adehon.org\/es\/wp-content\/uploads\/2020\/02\/calendar-1559935_1280-768x688.png 768w, https:\/\/www.adehon.org\/es\/wp-content\/uploads\/2020\/02\/calendar-1559935_1280-1024x918.png 1024w\" sizes=\"auto, (max-width: 30px) 100vw, 30px\" \/><\/p>\n<h2><span style=\"color: #000000;\">Julio 2020<\/span><\/h2>\n<p><img loading=\"lazy\" decoding=\"async\" class=\"alignleft wp-image-2957\" src=\"http:\/\/www.adehon.org\/es\/wp-content\/uploads\/2020\/02\/graduation-2864356_1280-1.png\" alt=\"\" width=\"30\" height=\"29\" srcset=\"https:\/\/www.adehon.org\/es\/wp-content\/uploads\/2020\/02\/graduation-2864356_1280-1.png 1280w, https:\/\/www.adehon.org\/es\/wp-content\/uploads\/2020\/02\/graduation-2864356_1280-1-150x150.png 150w, https:\/\/www.adehon.org\/es\/wp-content\/uploads\/2020\/02\/graduation-2864356_1280-1-300x288.png 300w, https:\/\/www.adehon.org\/es\/wp-content\/uploads\/2020\/02\/graduation-2864356_1280-1-768x738.png 768w, https:\/\/www.adehon.org\/es\/wp-content\/uploads\/2020\/02\/graduation-2864356_1280-1-1024x984.png 1024w\" sizes=\"auto, (max-width: 30px) 100vw, 30px\" \/><\/p>\n<h2><span style=\"color: #000000;\">Titulaci\u00f3n oficial por el SEPE<\/span><\/h2>\n<h2><\/h2>\n<h2 style=\"padding-left: 30px;\">NOTA:<\/h2>\n<h2 style=\"padding-left: 30px;\">Hay un <strong>10% de plazas disponibles<\/strong> para trabajadores de la Administraci\u00f3n P\u00fablica y un <strong>30%<\/strong> para personas desempleadas.<\/h2>\n<h3 style=\"padding-left: 30px;\">Colectivos prioritarios:<\/h3>\n<h6 style=\"padding-left: 60px;\">&#8211; Pymes.<br \/>\n&#8211; Mujeres.<br \/>\n&#8211; Baja cualificaci\u00f3n (Grupo de cotizaci\u00f3n: 6, 7, 9 y 10).<br \/>\n&#8211; Mayores de 45 a\u00f1os.<br \/>\n&#8211;&nbsp;Personas con discapacidad.<\/h6>\n<div class=\"ml-form-embed\" data-account=\"1702970:x2t9f5m1f1\" data-form=\"1865510:v6s2e8\"><\/div>\n<h3>O si lo prefieres puedes llamarnos al tel\u00e9fono GRATUITO:&nbsp;<strong>900902066&nbsp;<\/strong><\/h3>\n<p><strong>&nbsp;<a href=\"http:\/\/www.adehon.org\/es\/wp-content\/uploads\/2020\/03\/telefono.png\"><img loading=\"lazy\" decoding=\"async\" class=\"alignnone wp-image-3081 \" src=\"http:\/\/www.adehon.org\/es\/wp-content\/uploads\/2020\/03\/telefono-150x150.png\" alt=\"\" width=\"114\" height=\"114\"><\/a><\/strong><\/p>\n<hr>\n<h2 style=\"padding-left: 40px;\"><span style=\"color: #000000;\"><strong>TEMARIO<\/strong><\/span><\/h2>\n<h3 style=\"padding-left: 40px;\"><em><strong><span style=\"color: #000000;\">Objetivos del curso:<\/span><\/strong><\/em><\/h3>\n<h6 style=\"padding-left: 60px;\">El objetivo de este&nbsp;<strong>curso online de&nbsp;Desarrollo web para comercio electr\u00f3nico<\/strong>&nbsp;es aprender a desarrollar y administrar p\u00e1ginas web para comercio electr\u00f3nico.<\/h6>\n<h3 style=\"padding-left: 40px;\"><span style=\"color: #000000;\"><strong>CONTENIDO:<\/strong><\/span><\/h3>\n<h3 style=\"padding-left: 60px;\"><strong>MARKETING WEB.<\/strong><\/h3>\n<h6 style=\"padding-left: 90px;\">&#8211; Venta estrat\u00e9gica.<\/h6>\n<h6 style=\"padding-left: 90px;\">&#8211; Visibilidad en buscadores<\/h6>\n<h6 style=\"padding-left: 90px;\">&#8211; Presentaci\u00f3n de la informaci\u00f3n.<\/h6>\n<h6 style=\"padding-left: 90px;\">&#8211; Audiencia.<\/h6>\n<h6 style=\"padding-left: 90px;\">&#8211; Entorno de negocio.<\/h6>\n<h6 style=\"padding-left: 90px;\">&#8211; Beneficios y costes.<\/h6>\n<h3 style=\"padding-left: 60px;\"><strong>DISE\u00d1O WEB.<\/strong><\/h3>\n<h6 style=\"padding-left: 90px;\">&#8211; La Web: Dise\u00f1o efectivo, desarrollo y uso.<\/h6>\n<h6 style=\"padding-left: 90px;\">&#8211; Organizaci\u00f3n del contenido: CMS.<\/h6>\n<h6 style=\"padding-left: 90px;\">&#8211; Estructura.<\/h6>\n<h6 style=\"padding-left: 90px;\">&#8211; Presentaciones multimedia.<\/h6>\n<h6 style=\"padding-left: 90px;\">&#8211; Objetivos medibles.<\/h6>\n<h6 style=\"padding-left: 90px;\">&#8211; Roles. Workflows (Flujos de trabajo) .<\/h6>\n<h6 style=\"padding-left: 90px;\">&#8211; La Web corporativa.<\/h6>\n<h6 style=\"padding-left: 90px;\">&#8211; Est\u00e1ndares.<\/h6>\n<h6 style=\"padding-left: 90px;\">&#8211; Usabilidad.<\/h6>\n<h6 style=\"padding-left: 90px;\">&#8211; Creaci\u00f3n de un modelo de usuario.<\/h6>\n<h6 style=\"padding-left: 90px;\">&#8211; Test de usabilidad.<\/h6>\n<h6 style=\"padding-left: 90px;\">&#8211; Feed RSS.<\/h6>\n<h6 style=\"padding-left: 90px;\">&#8211; Tiempos de carga y respuesta.<\/h6>\n<h6 style=\"padding-left: 90px;\">&#8211; Beneficios del desarrollo de un buen sitio web.<\/h6>\n<h3 style=\"padding-left: 60px;\"><strong>WWW: PROTOCOLOS Y LENGUAJES.<\/strong><\/h3>\n<h6 style=\"padding-left: 90px;\">&#8211; World Wide Web.<\/h6>\n<h6 style=\"padding-left: 90px;\">&#8211; Conceptos b\u00e1sicos.<\/h6>\n<h6 style=\"padding-left: 90px;\">&#8211; URL.<\/h6>\n<h6 style=\"padding-left: 90px;\">&#8211; Cliente-servidor.<\/h6>\n<h6 style=\"padding-left: 90px;\">&#8211; Protocolos HTTP y HTTPS. HTTP y MIME<\/h6>\n<h6 style=\"padding-left: 90px;\">&#8211; Lenguajes markup.<\/h6>\n<h6 style=\"padding-left: 90px;\">&#8211; CGI. Applet.<\/h6>\n<h6 style=\"padding-left: 90px;\">&#8211; Cookies.<\/h6>\n<h6 style=\"padding-left: 90px;\">&#8211; Configuraci\u00f3n de los principales navegadores<\/h6>\n<h6 style=\"padding-left: 90px;\">&#8211; Sistemas operativos m\u00f3viles.<\/h6>\n<h6 style=\"padding-left: 90px;\">&#8211; Configuraciones.<\/h6>\n<h6 style=\"padding-left: 90px;\">&#8211; Servicios Web.<\/h6>\n<h6 style=\"padding-left: 90px;\">&#8211; Conexiones seguras.<\/h6>\n<h6 style=\"padding-left: 90px;\">&#8211; Verificaci\u00f3n de los est\u00e1ndares de una web -W3C (World Wide Web Consortium)<\/h6>\n<h3 style=\"padding-left: 60px;\"><strong>DISE\u00d1O Y DESARROLLO DE APLICACIONES WEB.<\/strong><\/h3>\n<h6 style=\"padding-left: 90px;\">&#8211; Elecci\u00f3n de la plataforma.<\/h6>\n<h6 style=\"padding-left: 90px;\">&#8211; Lenguajes.<\/h6>\n<h6 style=\"padding-left: 90px;\">&#8211; Componentes del Est\u00e1ndar J2EE: Servlets y JSPs.<\/h6>\n<h6 style=\"padding-left: 90px;\">&#8211; Elementos cr\u00edticos en p\u00e1ginas e-commerce.<\/h6>\n<h6 style=\"padding-left: 90px;\">&#8211; Im\u00e1genes Digitales.<\/h6>\n<h6 style=\"padding-left: 90px;\">&#8211; Edici\u00f3n multimedia.<\/h6>\n<h6 style=\"padding-left: 90px;\">&#8211; El video digital.<\/h6>\n<h6 style=\"padding-left: 90px;\">&#8211; Historia. P\u00edxel.<\/h6>\n<h6 style=\"padding-left: 90px;\">&#8211; Frame (fotograma).<\/h6>\n<h6 style=\"padding-left: 90px;\">&#8211; Relaci\u00f3n de Aspecto (Aspect Ratio).<\/h6>\n<h6 style=\"padding-left: 90px;\">&#8211; FPS (Frames per second).<\/h6>\n<h6 style=\"padding-left: 90px;\">&#8211; Video progresivo\/entrelazado.<\/h6>\n<h6 style=\"padding-left: 90px;\">&#8211; Compresi\u00f3n de video.<\/h6>\n<h6 style=\"padding-left: 90px;\">&#8211; Contenedor de v\u00eddeo.<\/h6>\n<h6 style=\"padding-left: 90px;\">&#8211; Est\u00e1ndares de video anal\u00f3gico y digital.<\/h6>\n<h6 style=\"padding-left: 90px;\">&#8211; Emisi\u00f3n de TV anal\u00f3gica: PAL, NTSC y SECAM.<\/h6>\n<h6 style=\"padding-left: 90px;\">&#8211; Formatos est\u00e1ndares anal\u00f3gicos: VHS, S-VHS, Video8.<\/h6>\n<h6 style=\"padding-left: 90px;\">&#8211; Formatos est\u00e1ndares digitales de reproducci\u00f3n: DV, miniDV, DVD, Blu-Ray.<\/h6>\n<h6 style=\"padding-left: 90px;\">&#8211; Interfaces de se\u00f1al de video: anal\u00f3gicas y digitales.<\/h6>\n<h6 style=\"padding-left: 90px;\">&#8211; Audio digital.<\/h6>\n<h6 style=\"padding-left: 90px;\">&#8211; La se\u00f1al de audio como archivo.<\/h6>\n<h6 style=\"padding-left: 90px;\">&#8211; Storyboard para dise\u00f1ar pel\u00edculas y animaciones.<\/h6>\n<h6 style=\"padding-left: 90px;\">&#8211; Hardware para la manipulaci\u00f3n de audio\/video digital.<\/h6>\n<h6 style=\"padding-left: 90px;\">&#8211; Tarjeta de sonido.<\/h6>\n<h6 style=\"padding-left: 90px;\">&#8211; Conexiones de audio.<\/h6>\n<h6 style=\"padding-left: 90px;\">&#8211; Capturadora de video anal\u00f3gico.<\/h6>\n<h6 style=\"padding-left: 90px;\">&#8211; Tarjeta de video.<\/h6>\n<h6 style=\"padding-left: 90px;\">&#8211; Animaciones Flash.<\/h6>\n<h6 style=\"padding-left: 90px;\">&#8211; Captura de video digital.<\/h6>\n<p style=\"padding-left: 30px;\"><strong>Este curso formativo se imparte en la <span style=\"color: #0000ff;\">modalidad online<\/span> y tiene una duraci\u00f3n de<span style=\"color: #0000ff;\"> 150 horas<\/span>.&nbsp;<\/strong><\/p>\n<p style=\"padding-left: 30px;\"><strong>Se realiza a trav\u00e9s de nuestra Plataforma Virtual, de forma, que puedes disponer de todo el contenido did\u00e1ctico en el aula del curso y estar\u00e1 accesible desde el primer d\u00eda de inicio del curso, las 24 horas todos los d\u00edas de la semana. Adem\u00e1s, contamos con un grupo de tutores especializados en la materia, que podr\u00e1s contar con ellos a trav\u00e9s del correo electr\u00f3nico, o por medio de la plataforma.<\/strong><\/p>\n<hr style=\"padding-left: 30px;\">\n<p style=\"padding-left: 30px;\"><b>Formaci\u00f3n 100% <\/b><span style=\"color: #000000;\"><b>Subvencionada<\/b><\/span><b>&nbsp;por:<\/b><\/p>\n<p>&nbsp;<a href=\"http:\/\/www.adehon.org\/es\/wp-content\/uploads\/2020\/02\/WEB_CAS_1206x250px.jpg\"><img loading=\"lazy\" decoding=\"async\" class=\"alignleft wp-image-2991\" src=\"http:\/\/www.adehon.org\/es\/wp-content\/uploads\/2020\/02\/WEB_CAS_1206x250px.jpg\" alt=\"\" width=\"409\" height=\"85\" srcset=\"https:\/\/www.adehon.org\/es\/wp-content\/uploads\/2020\/02\/WEB_CAS_1206x250px.jpg 1206w, https:\/\/www.adehon.org\/es\/wp-content\/uploads\/2020\/02\/WEB_CAS_1206x250px-300x62.jpg 300w, https:\/\/www.adehon.org\/es\/wp-content\/uploads\/2020\/02\/WEB_CAS_1206x250px-768x159.jpg 768w, https:\/\/www.adehon.org\/es\/wp-content\/uploads\/2020\/02\/WEB_CAS_1206x250px-1024x212.jpg 1024w\" sizes=\"auto, (max-width: 409px) 100vw, 409px\" \/><\/a><\/p>\n","protected":false},"excerpt":{"rendered":"<p>Desarrollo web para comercio electr\u00f3nico Plazas limitadas Intersectorial Trabajadores Teleformaci\u00f3n, 150 horas Julio 2020 Titulaci\u00f3n oficial por el SEPE NOTA: Hay un 10% de plazas disponibles para trabajadores de la Administraci\u00f3n P\u00fablica y un 30% para personas desempleadas. Colectivos prioritarios: &#8211; Pymes. &#8211; Mujeres. &#8211; Baja cualificaci\u00f3n (Grupo de cotizaci\u00f3n: 6, 7, 9 y 10). &#8211; Mayores de 45 a\u00f1os. &#8211;&nbsp;Personas con discapacidad. O si lo prefieres puedes llamarnos al tel\u00e9fono GRATUITO:&nbsp;900902066&nbsp; &nbsp; TEMARIO Objetivos del curso: El objetivo de este&nbsp;curso online de&nbsp;Desarrollo web para comercio electr\u00f3nico&nbsp;es aprender a desarrollar y administrar p\u00e1ginas web para comercio electr\u00f3nico. CONTENIDO: MARKETING WEB. &#8211; Venta estrat\u00e9gica. &#8211; Visibilidad en buscadores &#8211; Presentaci\u00f3n de la informaci\u00f3n. &#8211; Audiencia. &#8211; Entorno de negocio. &#8211; Beneficios y costes. DISE\u00d1O WEB. &#8211; La Web: Dise\u00f1o efectivo, desarrollo y uso. &#8211; Organizaci\u00f3n del contenido: CMS. &#8211; Estructura. &#8211; Presentaciones multimedia. &#8211; Objetivos medibles. &#8211; Roles. Workflows (Flujos de trabajo) . &#8211; La Web corporativa. &#8211; Est\u00e1ndares. &#8211; Usabilidad.&nbsp;<a href=\"https:\/\/www.adehon.org\/es\/desarrollo-web-para-comercio-electronico\/\" class=\"read-more\">Continuar Leyendo<\/a><\/p>\n","protected":false},"author":1,"featured_media":0,"parent":0,"menu_order":0,"comment_status":"closed","ping_status":"closed","template":"page-fullwidth.php","meta":{"footnotes":""},"class_list":["post-3052","page","type-page","status-publish","hentry"],"_links":{"self":[{"href":"https:\/\/www.adehon.org\/es\/wp-json\/wp\/v2\/pages\/3052","targetHints":{"allow":["GET"]}}],"collection":[{"href":"https:\/\/www.adehon.org\/es\/wp-json\/wp\/v2\/pages"}],"about":[{"href":"https:\/\/www.adehon.org\/es\/wp-json\/wp\/v2\/types\/page"}],"author":[{"embeddable":true,"href":"https:\/\/www.adehon.org\/es\/wp-json\/wp\/v2\/users\/1"}],"replies":[{"embeddable":true,"href":"https:\/\/www.adehon.org\/es\/wp-json\/wp\/v2\/comments?post=3052"}],"version-history":[{"count":8,"href":"https:\/\/www.adehon.org\/es\/wp-json\/wp\/v2\/pages\/3052\/revisions"}],"predecessor-version":[{"id":3350,"href":"https:\/\/www.adehon.org\/es\/wp-json\/wp\/v2\/pages\/3052\/revisions\/3350"}],"wp:attachment":[{"href":"https:\/\/www.adehon.org\/es\/wp-json\/wp\/v2\/media?parent=3052"}],"curies":[{"name":"wp","href":"https:\/\/api.w.org\/{rel}","templated":true}]}}