{"id":3058,"date":"2020-02-27T18:56:11","date_gmt":"2020-02-27T18:56:11","guid":{"rendered":"http:\/\/www.adehon.org\/es\/?page_id=3058"},"modified":"2020-03-24T18:03:14","modified_gmt":"2020-03-24T18:03:14","slug":"formador-de-formadores-en-e-learning","status":"publish","type":"page","link":"https:\/\/www.adehon.org\/es\/formador-de-formadores-en-e-learning\/","title":{"rendered":"Formador de formadores en E-learning"},"content":{"rendered":"<h2><a href=\"http:\/\/www.adehon.org\/es\/wp-content\/uploads\/2020\/02\/direccion-empresarial-de-emprendedores.jpg\"><img loading=\"lazy\" decoding=\"async\" class=\"alignleft wp-image-2908\" src=\"http:\/\/www.adehon.org\/es\/wp-content\/uploads\/2020\/02\/direccion-empresarial-de-emprendedores.jpg\" alt=\"\" width=\"192\" height=\"192\"><\/a><\/h2>\n<h1><span style=\"color: #000000;\">Formador de formadores en <\/span><\/h1>\n<h1><span style=\"color: #000000;\">E-learning<\/span><\/h1>\n<h2><span style=\"color: #000000;\"><a href=\"http:\/\/www.adehon.org\/es\/wp-content\/uploads\/2020\/02\/development-4536630_1920.png\"><img loading=\"lazy\" decoding=\"async\" class=\"alignleft wp-image-3055 \" src=\"http:\/\/www.adehon.org\/es\/wp-content\/uploads\/2020\/02\/development-4536630_1920.png\" alt=\"\" width=\"289\" height=\"287\" srcset=\"https:\/\/www.adehon.org\/es\/wp-content\/uploads\/2020\/02\/development-4536630_1920.png 1920w, https:\/\/www.adehon.org\/es\/wp-content\/uploads\/2020\/02\/development-4536630_1920-150x150.png 150w, https:\/\/www.adehon.org\/es\/wp-content\/uploads\/2020\/02\/development-4536630_1920-300x298.png 300w, https:\/\/www.adehon.org\/es\/wp-content\/uploads\/2020\/02\/development-4536630_1920-768x764.png 768w, https:\/\/www.adehon.org\/es\/wp-content\/uploads\/2020\/02\/development-4536630_1920-1024x1018.png 1024w\" sizes=\"auto, (max-width: 289px) 100vw, 289px\" \/><\/a><span style=\"color: #ff0000;\">Plazas limitadas<\/span><\/span><\/h2>\n<p><img loading=\"lazy\" decoding=\"async\" class=\"alignleft wp-image-2943\" src=\"http:\/\/www.adehon.org\/es\/wp-content\/uploads\/2020\/02\/cycle-2019535_1280.png\" alt=\"\" width=\"30\" height=\"30\" srcset=\"https:\/\/www.adehon.org\/es\/wp-content\/uploads\/2020\/02\/cycle-2019535_1280.png 1274w, https:\/\/www.adehon.org\/es\/wp-content\/uploads\/2020\/02\/cycle-2019535_1280-150x150.png 150w, https:\/\/www.adehon.org\/es\/wp-content\/uploads\/2020\/02\/cycle-2019535_1280-300x300.png 300w, https:\/\/www.adehon.org\/es\/wp-content\/uploads\/2020\/02\/cycle-2019535_1280-768x772.png 768w, https:\/\/www.adehon.org\/es\/wp-content\/uploads\/2020\/02\/cycle-2019535_1280-1019x1024.png 1019w\" sizes=\"auto, (max-width: 30px) 100vw, 30px\" \/><\/p>\n<h2><span style=\"color: #000000;\">Intersectorial<\/span><\/h2>\n<p><img loading=\"lazy\" decoding=\"async\" class=\"alignleft wp-image-2951\" src=\"http:\/\/www.adehon.org\/es\/wp-content\/uploads\/2020\/02\/person-1824147_1280.png\" alt=\"\" width=\"29\" height=\"30\" srcset=\"https:\/\/www.adehon.org\/es\/wp-content\/uploads\/2020\/02\/person-1824147_1280.png 1229w, https:\/\/www.adehon.org\/es\/wp-content\/uploads\/2020\/02\/person-1824147_1280-150x150.png 150w, https:\/\/www.adehon.org\/es\/wp-content\/uploads\/2020\/02\/person-1824147_1280-288x300.png 288w, https:\/\/www.adehon.org\/es\/wp-content\/uploads\/2020\/02\/person-1824147_1280-768x800.png 768w, https:\/\/www.adehon.org\/es\/wp-content\/uploads\/2020\/02\/person-1824147_1280-983x1024.png 983w\" sizes=\"auto, (max-width: 29px) 100vw, 29px\" \/><\/p>\n<h2><span style=\"color: #000000;\">Trabajadores<\/span><\/h2>\n<p><img loading=\"lazy\" decoding=\"async\" class=\"alignleft wp-image-2944\" src=\"http:\/\/www.adehon.org\/es\/wp-content\/uploads\/2020\/02\/web-1873373_1280.png\" alt=\"\" width=\"30\" height=\"30\" srcset=\"https:\/\/www.adehon.org\/es\/wp-content\/uploads\/2020\/02\/web-1873373_1280.png 1280w, https:\/\/www.adehon.org\/es\/wp-content\/uploads\/2020\/02\/web-1873373_1280-150x150.png 150w, https:\/\/www.adehon.org\/es\/wp-content\/uploads\/2020\/02\/web-1873373_1280-300x300.png 300w, https:\/\/www.adehon.org\/es\/wp-content\/uploads\/2020\/02\/web-1873373_1280-768x768.png 768w, https:\/\/www.adehon.org\/es\/wp-content\/uploads\/2020\/02\/web-1873373_1280-1024x1024.png 1024w\" sizes=\"auto, (max-width: 30px) 100vw, 30px\" \/><\/p>\n<h2><span style=\"color: #000000;\">Teleformaci\u00f3n, 120 horas<\/span><\/h2>\n<p><img loading=\"lazy\" decoding=\"async\" class=\"alignleft wp-image-2946\" src=\"http:\/\/www.adehon.org\/es\/wp-content\/uploads\/2020\/02\/calendar-1559935_1280.png\" alt=\"\" width=\"30\" height=\"27\" srcset=\"https:\/\/www.adehon.org\/es\/wp-content\/uploads\/2020\/02\/calendar-1559935_1280.png 1280w, https:\/\/www.adehon.org\/es\/wp-content\/uploads\/2020\/02\/calendar-1559935_1280-300x269.png 300w, https:\/\/www.adehon.org\/es\/wp-content\/uploads\/2020\/02\/calendar-1559935_1280-768x688.png 768w, https:\/\/www.adehon.org\/es\/wp-content\/uploads\/2020\/02\/calendar-1559935_1280-1024x918.png 1024w\" sizes=\"auto, (max-width: 30px) 100vw, 30px\" \/><\/p>\n<h2><span style=\"color: #000000;\">Julio 2020<\/span><\/h2>\n<p><img loading=\"lazy\" decoding=\"async\" class=\"alignleft wp-image-2957\" src=\"http:\/\/www.adehon.org\/es\/wp-content\/uploads\/2020\/02\/graduation-2864356_1280-1.png\" alt=\"\" width=\"30\" height=\"29\" srcset=\"https:\/\/www.adehon.org\/es\/wp-content\/uploads\/2020\/02\/graduation-2864356_1280-1.png 1280w, https:\/\/www.adehon.org\/es\/wp-content\/uploads\/2020\/02\/graduation-2864356_1280-1-150x150.png 150w, https:\/\/www.adehon.org\/es\/wp-content\/uploads\/2020\/02\/graduation-2864356_1280-1-300x288.png 300w, https:\/\/www.adehon.org\/es\/wp-content\/uploads\/2020\/02\/graduation-2864356_1280-1-768x738.png 768w, https:\/\/www.adehon.org\/es\/wp-content\/uploads\/2020\/02\/graduation-2864356_1280-1-1024x984.png 1024w\" sizes=\"auto, (max-width: 30px) 100vw, 30px\" \/><\/p>\n<h2><span style=\"color: #000000;\">Titulaci\u00f3n oficial por el SEPE<\/span><\/h2>\n<h2><\/h2>\n<h2 style=\"padding-left: 30px;\">NOTA:<\/h2>\n<h2 style=\"padding-left: 30px;\">Hay un <strong>10% de plazas disponibles<\/strong> para trabajadores de la Administraci\u00f3n P\u00fablica y un <strong>30%<\/strong> para personas desempleadas.<\/h2>\n<h3 style=\"padding-left: 30px;\">Colectivos prioritarios:<\/h3>\n<h6 style=\"padding-left: 60px;\">&#8211; Pymes.<br \/>\n&#8211; Mujeres.<br \/>\n&#8211; Baja cualificaci\u00f3n (Grupo de cotizaci\u00f3n: 6, 7, 9 y 10).<br \/>\n&#8211; Mayores de 45 a\u00f1os.<br \/>\n&#8211;&nbsp;Personas con discapacidad.<\/h6>\n<div class=\"ml-form-embed\" data-account=\"1702970:x2t9f5m1f1\" data-form=\"1865510:v6s2e8\"><\/div>\n<h3>O si lo prefieres puedes llamarnos al tel\u00e9fono GRATUITO:&nbsp;<strong>900902066&nbsp;<\/strong><\/h3>\n<p><strong>&nbsp;<a href=\"http:\/\/www.adehon.org\/es\/wp-content\/uploads\/2020\/03\/telefono.png\"><img loading=\"lazy\" decoding=\"async\" class=\"alignnone wp-image-3081 \" src=\"http:\/\/www.adehon.org\/es\/wp-content\/uploads\/2020\/03\/telefono-150x150.png\" alt=\"\" width=\"114\" height=\"114\"><\/a><\/strong><\/p>\n<hr>\n<h2 style=\"padding-left: 40px;\"><span style=\"color: #000000;\"><strong>TEMARIO<\/strong><\/span><\/h2>\n<h3 style=\"padding-left: 40px;\"><em><strong><span style=\"color: #000000;\">Objetivos del curso:<\/span><\/strong><\/em><\/h3>\n<h6 style=\"padding-left: 60px;\">Con este&nbsp;<strong>Curso de Formaci\u00f3n de Formadores en e-learning<\/strong>,&nbsp;aprender\u00e1s a aplicar los recursos que ofrece la red como medio para favorecer el aprendizaje en la formaci\u00f3n E-Learning.<\/h6>\n<h3 style=\"padding-left: 40px;\"><span style=\"color: #000000;\"><strong>CONTENIDO:<\/strong><\/span><\/h3>\n<h3 style=\"padding-left: 60px;\"><strong>1- La formaci\u00f3n profesional y su organizaci\u00f3n.<\/strong><\/h3>\n<h3 style=\"padding-left: 60px;\"><strong>2- Las nuevas tecnolog\u00edas como herramientas de formaci\u00f3n: La formaci\u00f3n E-learning.<\/strong><\/h3>\n<h6 style=\"padding-left: 90px;\">2.1- La educaci\u00f3n de adultos en Espa\u00f1a.<\/h6>\n<h6 style=\"padding-left: 90px;\">2.2- Nacimiento de la educaci\u00f3n a distancia y la formaci\u00f3n E-Learning.<\/h6>\n<h6 style=\"padding-left: 90px;\">2.3- Las posibilidades de Internet en la formaci\u00f3n: las plataformas virtuales de formaci\u00f3n.<\/h6>\n<h3 style=\"padding-left: 60px;\"><strong>3- Creaci\u00f3n de un curso E-Learning: Planificaci\u00f3n formativa.&nbsp;<\/strong><\/h3>\n<h6 style=\"padding-left: 90px;\">3.1- Introducci\u00f3n.<\/h6>\n<h6 style=\"padding-left: 90px;\">3.2- Determinaci\u00f3n y desarrollo de objetivos formativos.<\/h6>\n<h6 style=\"padding-left: 90px;\">3.3- Selecci\u00f3n y secuenciaci\u00f3n de contenidos.<\/h6>\n<h6 style=\"padding-left: 90px;\">3.4- Estrategias metodol\u00f3gicas.<\/h6>\n<h6 style=\"padding-left: 90px;\">3.5- Dise\u00f1o de actividades: Creaci\u00f3n de grupos de trabajo en la formaci\u00f3n On-line.<\/h6>\n<h6 style=\"padding-left: 90px;\">3.6- La documentaci\u00f3n en la Educaci\u00f3n a distancia.<\/h6>\n<h3 style=\"padding-left: 60px;\"><strong>4- El papel de la comunicaci\u00f3n en entornos virtuales de aprendizaje.<\/strong><\/h3>\n<h6 style=\"padding-left: 90px;\">4.1- Teor\u00edas de aprendizaje y su aplicaci\u00f3n en la formaci\u00f3n e-Learning.<\/h6>\n<h6 style=\"padding-left: 90px;\">4.2- Funciones del formador: el formador como organizador y dinamizador del aula virtual.<\/h6>\n<h6 style=\"padding-left: 90px;\">4.3- El estilo de aprendizaje y su influencia en los procesos de formaci\u00f3n.<\/h6>\n<h6 style=\"padding-left: 90px;\">4.4- La comunicaci\u00f3n y la ense\u00f1anza en l\u00ednea: el feedback y la socializaci\u00f3n a trav\u00e9s de la red.<\/h6>\n<h3 style=\"padding-left: 60px;\"><strong>5- La evaluaci\u00f3n en entornos virtuales de aprendizaje.<\/strong><\/h3>\n<h6 style=\"padding-left: 90px;\">5.1- Necesidad de evaluar: concepto y utilidad.<\/h6>\n<h6 style=\"padding-left: 90px;\">5.2- Planificaci\u00f3n de la evaluaci\u00f3n.<\/h6>\n<h6 style=\"padding-left: 90px;\">5.3- Aspectos a evaluar: calidad de la formaci\u00f3n y grado de aprendizaje.<\/h6>\n<p style=\"padding-left: 30px;\"><strong>Este curso formativo se imparte en la <span style=\"color: #0000ff;\">modalidad online<\/span> y tiene una duraci\u00f3n de<span style=\"color: #0000ff;\"> 120 horas<\/span>.&nbsp;<\/strong><\/p>\n<p style=\"padding-left: 30px;\"><strong>Se realiza a trav\u00e9s de nuestra Plataforma Virtual, de forma, que puedes disponer de todo el contenido did\u00e1ctico en el aula del curso y estar\u00e1 accesible desde el primer d\u00eda de inicio del curso, las 24 horas todos los d\u00edas de la semana. Adem\u00e1s, contamos con un grupo de tutores especializados en la materia, que podr\u00e1s contar con ellos a trav\u00e9s del correo electr\u00f3nico, o por medio de la plataforma.<\/strong><\/p>\n<hr style=\"padding-left: 30px;\">\n<p style=\"padding-left: 30px;\"><b>Formaci\u00f3n 100% <\/b><span style=\"color: #000000;\"><b>Subvencionada<\/b><\/span><b>&nbsp;por:<\/b><\/p>\n<p>&nbsp;<a href=\"http:\/\/www.adehon.org\/es\/wp-content\/uploads\/2020\/02\/WEB_CAS_1206x250px.jpg\"><img loading=\"lazy\" decoding=\"async\" class=\"alignleft wp-image-2991\" src=\"http:\/\/www.adehon.org\/es\/wp-content\/uploads\/2020\/02\/WEB_CAS_1206x250px.jpg\" alt=\"\" width=\"409\" height=\"85\" srcset=\"https:\/\/www.adehon.org\/es\/wp-content\/uploads\/2020\/02\/WEB_CAS_1206x250px.jpg 1206w, https:\/\/www.adehon.org\/es\/wp-content\/uploads\/2020\/02\/WEB_CAS_1206x250px-300x62.jpg 300w, https:\/\/www.adehon.org\/es\/wp-content\/uploads\/2020\/02\/WEB_CAS_1206x250px-768x159.jpg 768w, https:\/\/www.adehon.org\/es\/wp-content\/uploads\/2020\/02\/WEB_CAS_1206x250px-1024x212.jpg 1024w\" sizes=\"auto, (max-width: 409px) 100vw, 409px\" \/><\/a><\/p>\n","protected":false},"excerpt":{"rendered":"<p>Formador de formadores en E-learning Plazas limitadas Intersectorial Trabajadores Teleformaci\u00f3n, 120 horas Julio 2020 Titulaci\u00f3n oficial por el SEPE NOTA: Hay un 10% de plazas disponibles para trabajadores de la Administraci\u00f3n P\u00fablica y un 30% para personas desempleadas. Colectivos prioritarios: &#8211; Pymes. &#8211; Mujeres. &#8211; Baja cualificaci\u00f3n (Grupo de cotizaci\u00f3n: 6, 7, 9 y 10). &#8211; Mayores de 45 a\u00f1os. &#8211;&nbsp;Personas con discapacidad. O si lo prefieres puedes llamarnos al tel\u00e9fono GRATUITO:&nbsp;900902066&nbsp; &nbsp; TEMARIO Objetivos del curso: Con este&nbsp;Curso de Formaci\u00f3n de Formadores en e-learning,&nbsp;aprender\u00e1s a aplicar los recursos que ofrece la red como medio para favorecer el aprendizaje en la formaci\u00f3n E-Learning. CONTENIDO: 1- La formaci\u00f3n profesional y su organizaci\u00f3n. 2- Las nuevas tecnolog\u00edas como herramientas de formaci\u00f3n: La formaci\u00f3n E-learning. 2.1- La educaci\u00f3n de adultos en Espa\u00f1a. 2.2- Nacimiento de la educaci\u00f3n a distancia y la formaci\u00f3n E-Learning. 2.3- Las posibilidades de Internet en la formaci\u00f3n: las plataformas virtuales de formaci\u00f3n. 3- Creaci\u00f3n de un curso E-Learning: Planificaci\u00f3n&nbsp;<a href=\"https:\/\/www.adehon.org\/es\/formador-de-formadores-en-e-learning\/\" class=\"read-more\">Continuar Leyendo<\/a><\/p>\n","protected":false},"author":1,"featured_media":0,"parent":0,"menu_order":0,"comment_status":"closed","ping_status":"closed","template":"page-fullwidth.php","meta":{"footnotes":""},"class_list":["post-3058","page","type-page","status-publish","hentry"],"_links":{"self":[{"href":"https:\/\/www.adehon.org\/es\/wp-json\/wp\/v2\/pages\/3058","targetHints":{"allow":["GET"]}}],"collection":[{"href":"https:\/\/www.adehon.org\/es\/wp-json\/wp\/v2\/pages"}],"about":[{"href":"https:\/\/www.adehon.org\/es\/wp-json\/wp\/v2\/types\/page"}],"author":[{"embeddable":true,"href":"https:\/\/www.adehon.org\/es\/wp-json\/wp\/v2\/users\/1"}],"replies":[{"embeddable":true,"href":"https:\/\/www.adehon.org\/es\/wp-json\/wp\/v2\/comments?post=3058"}],"version-history":[{"count":6,"href":"https:\/\/www.adehon.org\/es\/wp-json\/wp\/v2\/pages\/3058\/revisions"}],"predecessor-version":[{"id":3351,"href":"https:\/\/www.adehon.org\/es\/wp-json\/wp\/v2\/pages\/3058\/revisions\/3351"}],"wp:attachment":[{"href":"https:\/\/www.adehon.org\/es\/wp-json\/wp\/v2\/media?parent=3058"}],"curies":[{"name":"wp","href":"https:\/\/api.w.org\/{rel}","templated":true}]}}