{"id":3062,"date":"2020-02-27T19:00:34","date_gmt":"2020-02-27T19:00:34","guid":{"rendered":"http:\/\/www.adehon.org\/es\/?page_id=3062"},"modified":"2021-12-20T11:15:10","modified_gmt":"2021-12-20T11:15:10","slug":"social-media-marketing-en-comercio-3","status":"publish","type":"page","link":"https:\/\/www.adehon.org\/es\/social-media-marketing-en-comercio-3\/","title":{"rendered":"Social media marketing en comercio"},"content":{"rendered":"<h2><\/h2>\n<h1><span style=\"color: #000000;\">Social media marketing en comercio<\/span><\/h1>\n<h2><span style=\"color: #000000;\"><a href=\"http:\/\/www.adehon.org\/es\/wp-content\/uploads\/2020\/02\/social-media-marketing-e1582807360675.png\"><img loading=\"lazy\" decoding=\"async\" class=\"alignleft wp-image-2929 size-full\" src=\"http:\/\/www.adehon.org\/es\/wp-content\/uploads\/2020\/02\/social-media-marketing-e1582807360675.png\" alt=\"\" width=\"273\" height=\"339\" \/><\/a><span style=\"color: #ff0000;\">Plazas limitadas<\/span><\/span><\/h2>\n<p><img loading=\"lazy\" decoding=\"async\" class=\"alignleft wp-image-2943\" src=\"http:\/\/www.adehon.org\/es\/wp-content\/uploads\/2020\/02\/cycle-2019535_1280.png\" alt=\"\" width=\"30\" height=\"30\" srcset=\"https:\/\/www.adehon.org\/es\/wp-content\/uploads\/2020\/02\/cycle-2019535_1280.png 1274w, https:\/\/www.adehon.org\/es\/wp-content\/uploads\/2020\/02\/cycle-2019535_1280-150x150.png 150w, https:\/\/www.adehon.org\/es\/wp-content\/uploads\/2020\/02\/cycle-2019535_1280-300x300.png 300w, https:\/\/www.adehon.org\/es\/wp-content\/uploads\/2020\/02\/cycle-2019535_1280-768x772.png 768w, https:\/\/www.adehon.org\/es\/wp-content\/uploads\/2020\/02\/cycle-2019535_1280-1019x1024.png 1019w\" sizes=\"auto, (max-width: 30px) 100vw, 30px\" \/><\/p>\n<h2><span style=\"color: #000000;\">Sector Comercio<\/span><\/h2>\n<p><img loading=\"lazy\" decoding=\"async\" class=\"alignleft wp-image-2951\" src=\"http:\/\/www.adehon.org\/es\/wp-content\/uploads\/2020\/02\/person-1824147_1280.png\" alt=\"\" width=\"29\" height=\"30\" srcset=\"https:\/\/www.adehon.org\/es\/wp-content\/uploads\/2020\/02\/person-1824147_1280.png 1229w, https:\/\/www.adehon.org\/es\/wp-content\/uploads\/2020\/02\/person-1824147_1280-150x150.png 150w, https:\/\/www.adehon.org\/es\/wp-content\/uploads\/2020\/02\/person-1824147_1280-288x300.png 288w, https:\/\/www.adehon.org\/es\/wp-content\/uploads\/2020\/02\/person-1824147_1280-768x800.png 768w, https:\/\/www.adehon.org\/es\/wp-content\/uploads\/2020\/02\/person-1824147_1280-983x1024.png 983w\" sizes=\"auto, (max-width: 29px) 100vw, 29px\" \/><\/p>\n<h2><span style=\"color: #000000;\">Aut\u00f3nomos y trabajadores<\/span><\/h2>\n<p><img loading=\"lazy\" decoding=\"async\" class=\"alignleft wp-image-2944\" src=\"http:\/\/www.adehon.org\/es\/wp-content\/uploads\/2020\/02\/web-1873373_1280.png\" alt=\"\" width=\"30\" height=\"30\" srcset=\"https:\/\/www.adehon.org\/es\/wp-content\/uploads\/2020\/02\/web-1873373_1280.png 1280w, https:\/\/www.adehon.org\/es\/wp-content\/uploads\/2020\/02\/web-1873373_1280-150x150.png 150w, https:\/\/www.adehon.org\/es\/wp-content\/uploads\/2020\/02\/web-1873373_1280-300x300.png 300w, https:\/\/www.adehon.org\/es\/wp-content\/uploads\/2020\/02\/web-1873373_1280-768x768.png 768w, https:\/\/www.adehon.org\/es\/wp-content\/uploads\/2020\/02\/web-1873373_1280-1024x1024.png 1024w\" sizes=\"auto, (max-width: 30px) 100vw, 30px\" \/><\/p>\n<h2><span style=\"color: #000000;\">Teleformaci\u00f3n, 100 horas<\/span><\/h2>\n<p><img loading=\"lazy\" decoding=\"async\" class=\"alignleft wp-image-2946\" src=\"http:\/\/www.adehon.org\/es\/wp-content\/uploads\/2020\/02\/calendar-1559935_1280.png\" alt=\"\" width=\"30\" height=\"27\" srcset=\"https:\/\/www.adehon.org\/es\/wp-content\/uploads\/2020\/02\/calendar-1559935_1280.png 1280w, https:\/\/www.adehon.org\/es\/wp-content\/uploads\/2020\/02\/calendar-1559935_1280-300x269.png 300w, https:\/\/www.adehon.org\/es\/wp-content\/uploads\/2020\/02\/calendar-1559935_1280-768x688.png 768w, https:\/\/www.adehon.org\/es\/wp-content\/uploads\/2020\/02\/calendar-1559935_1280-1024x918.png 1024w\" sizes=\"auto, (max-width: 30px) 100vw, 30px\" \/><\/p>\n<h2><span style=\"color: #000000;\">Julio 2020<\/span><\/h2>\n<p><img loading=\"lazy\" decoding=\"async\" class=\"alignleft wp-image-2957\" src=\"http:\/\/www.adehon.org\/es\/wp-content\/uploads\/2020\/02\/graduation-2864356_1280-1.png\" alt=\"\" width=\"30\" height=\"29\" srcset=\"https:\/\/www.adehon.org\/es\/wp-content\/uploads\/2020\/02\/graduation-2864356_1280-1.png 1280w, https:\/\/www.adehon.org\/es\/wp-content\/uploads\/2020\/02\/graduation-2864356_1280-1-150x150.png 150w, https:\/\/www.adehon.org\/es\/wp-content\/uploads\/2020\/02\/graduation-2864356_1280-1-300x288.png 300w, https:\/\/www.adehon.org\/es\/wp-content\/uploads\/2020\/02\/graduation-2864356_1280-1-768x738.png 768w, https:\/\/www.adehon.org\/es\/wp-content\/uploads\/2020\/02\/graduation-2864356_1280-1-1024x984.png 1024w\" sizes=\"auto, (max-width: 30px) 100vw, 30px\" \/><\/p>\n<h2><span style=\"color: #000000;\">Titulaci\u00f3n oficial por el SEPE<\/span><\/h2>\n<h2><\/h2>\n<h3 style=\"padding-left: 30px;\">NOTA: Hay un <strong>10% de plazas disponibles<\/strong> para trabajadores de la Admon. P\u00fablica y un <strong>30%<\/strong> para personas desempleadas.<\/h3>\n<h3 style=\"padding-left: 30px;\">Colectivos prioritarios:<\/h3>\n<h6 style=\"padding-left: 60px;\">&#8211; Pymes.<br \/>\n&#8211; Mujeres.<br \/>\n&#8211; Baja cualificaci\u00f3n (Grupo de cotizaci\u00f3n: 6, 7, 9 y 10).<br \/>\n&#8211; Mayores de 45 a\u00f1os.<br \/>\n&#8211;\u00a0Personas con discapacidad.<\/h6>\n<h2><\/h2>\n<div class=\"ml-form-embed\" data-account=\"1702970:x2t9f5m1f1\" data-form=\"1865510:v6s2e8\"><\/div>\n<h3>O si lo prefieres puedes llamarnos al tel\u00e9fono GRATUITO:\u00a0<strong>900902066\u00a0<\/strong><\/h3>\n<p><strong>\u00a0<a href=\"http:\/\/www.adehon.org\/es\/wp-content\/uploads\/2020\/03\/telefono.png\"><img loading=\"lazy\" decoding=\"async\" class=\"alignnone wp-image-3081 \" src=\"http:\/\/www.adehon.org\/es\/wp-content\/uploads\/2020\/03\/telefono-150x150.png\" alt=\"\" width=\"114\" height=\"114\" \/><\/a><\/strong><\/p>\n<hr \/>\n<h2 style=\"padding-left: 40px;\"><span style=\"color: #000000;\"><strong>TEMARIO<\/strong><\/span><\/h2>\n<h3 style=\"padding-left: 40px;\"><em><strong><span style=\"color: #000000;\">Objetivos del curso:<\/span><\/strong><\/em><\/h3>\n<h6 style=\"padding-left: 60px;\">Adquirir conocimientos sobre Web 2.0, Community Manager, posicionamiento natural SEO, marketing digital y herramientas de comunicaci\u00f3n y publicidad 2.0.<\/h6>\n<h3 style=\"padding-left: 40px;\"><span style=\"color: #000000;\"><strong>CONTENIDO:<\/strong><\/span><\/h3>\n<h3 style=\"padding-left: 70px;\">TEMA 1: INTRODUCCI\u00d3N A LA WEB 2.0.<br \/>\nTEMA 2: GESTOR DE COMUNIDAD O COMMUNITY MANAGER.<br \/>\nTEMA 3. REDES SOCIALES: TIPOS Y USOS (I).<br \/>\nTEMA 4: REDES SOCIALES: TIPOS Y USOS (II).<br \/>\nTEMA 5: GENERACI\u00d3N DE CONTENIDOS. CREACI\u00d3N DE BLOGS.<br \/>\nTEMA 6: HERRAMIENTA PARA LA MEDICI\u00d3N DE LAS REDES SOCIALES.<br \/>\nTEMA 7: ESTRATEGIA PARA ACTUAR CON \u00c9XITO EN SOCIAL MEDIA.<br \/>\nTEMA 8: ANAL\u00cdTICA: MEDICI\u00d3N E INTERPRETACI\u00d3N DE RESULTADOS.<br \/>\nTEMA 9: \u00bfQU\u00c9 ES SEO?<br \/>\nTEMA 10.\u00a0 INTRODUCCI\u00d3N AL MARKETING DIGITAL.<br \/>\nTEMA 11: ELEMENTOS DEL MARKETING DIGITAL.<br \/>\nTEMA 12: HERRAMIENTAS ESTRAT\u00c9GICAS DEL MARKETING DIGITAL.<br \/>\nTEMA 13: LA PERSONALIZACI\u00d3N Y EL MARKETING DIGITAL.<br \/>\nTEMA 14: CAMPA\u00d1AS DE COMUNICACI\u00d3N ON LINE.<br \/>\nTEMA 15: LA PUBLICIDAD ON LINE Y SU EFICACIA.<\/h3>\n<p style=\"padding-left: 30px;\"><strong>Este curso formativo se imparte en la <span style=\"color: #0000ff;\">modalidad online<\/span> y tiene una duraci\u00f3n de<span style=\"color: #0000ff;\"> 100 horas<\/span>.\u00a0<\/strong><\/p>\n<p style=\"padding-left: 30px;\"><strong>Se realiza a trav\u00e9s de nuestra Plataforma Virtual, de forma, que puedes disponer de todo el contenido did\u00e1ctico en el aula del curso y estar\u00e1 accesible desde el primer d\u00eda de inicio del curso, las 24 horas todos los d\u00edas de la semana. Adem\u00e1s, contamos con un grupo de tutores especializados en la materia, que podr\u00e1s contar con ellos a trav\u00e9s del correo electr\u00f3nico, o por medio de la plataforma.<\/strong><\/p>\n<hr style=\"padding-left: 30px;\" \/>\n<p style=\"padding-left: 30px;\"><b>Formaci\u00f3n 100% <\/b><span style=\"color: #000000;\"><b>Subvencionada<\/b><\/span><b>\u00a0por:<\/b><\/p>\n<p>\u00a0<a href=\"http:\/\/www.adehon.org\/es\/wp-content\/uploads\/2020\/02\/WEB_CAS_1206x250px.jpg\"><img loading=\"lazy\" decoding=\"async\" class=\"alignleft wp-image-2991 \" src=\"http:\/\/www.adehon.org\/es\/wp-content\/uploads\/2020\/02\/WEB_CAS_1206x250px.jpg\" alt=\"\" width=\"428\" height=\"89\" srcset=\"https:\/\/www.adehon.org\/es\/wp-content\/uploads\/2020\/02\/WEB_CAS_1206x250px.jpg 1206w, https:\/\/www.adehon.org\/es\/wp-content\/uploads\/2020\/02\/WEB_CAS_1206x250px-300x62.jpg 300w, https:\/\/www.adehon.org\/es\/wp-content\/uploads\/2020\/02\/WEB_CAS_1206x250px-768x159.jpg 768w, https:\/\/www.adehon.org\/es\/wp-content\/uploads\/2020\/02\/WEB_CAS_1206x250px-1024x212.jpg 1024w\" sizes=\"auto, (max-width: 428px) 100vw, 428px\" \/><\/a><\/p>\n","protected":false},"excerpt":{"rendered":"<p>Social media marketing en comercio Plazas limitadas Sector Comercio Aut\u00f3nomos y trabajadores Teleformaci\u00f3n, 100 horas Julio 2020 Titulaci\u00f3n oficial por el SEPE NOTA: Hay un 10% de plazas disponibles para trabajadores de la Admon. P\u00fablica y un 30% para personas desempleadas. Colectivos prioritarios: &#8211; Pymes. &#8211; Mujeres. &#8211; Baja cualificaci\u00f3n (Grupo de cotizaci\u00f3n: 6, 7, 9 y 10). &#8211; Mayores de 45 a\u00f1os. &#8211;\u00a0Personas con discapacidad. O si lo prefieres puedes llamarnos al tel\u00e9fono GRATUITO:\u00a0900902066\u00a0 \u00a0 TEMARIO Objetivos del curso: Adquirir conocimientos sobre Web 2.0, Community Manager, posicionamiento natural SEO, marketing digital y herramientas de comunicaci\u00f3n y publicidad 2.0. CONTENIDO: TEMA 1: INTRODUCCI\u00d3N A LA WEB 2.0. TEMA 2: GESTOR DE COMUNIDAD O COMMUNITY MANAGER. TEMA 3. REDES SOCIALES: TIPOS Y USOS (I). TEMA 4: REDES SOCIALES: TIPOS Y USOS (II). TEMA 5: GENERACI\u00d3N DE CONTENIDOS. CREACI\u00d3N DE BLOGS. TEMA 6: HERRAMIENTA PARA LA MEDICI\u00d3N DE LAS REDES SOCIALES. TEMA 7: ESTRATEGIA PARA ACTUAR CON \u00c9XITO EN SOCIAL MEDIA. TEMA&nbsp;<a href=\"https:\/\/www.adehon.org\/es\/social-media-marketing-en-comercio-3\/\" class=\"read-more\">Continuar Leyendo<\/a><\/p>\n","protected":false},"author":1,"featured_media":0,"parent":0,"menu_order":0,"comment_status":"closed","ping_status":"closed","template":"page-fullwidth.php","meta":{"footnotes":""},"class_list":["post-3062","page","type-page","status-publish","hentry"],"_links":{"self":[{"href":"https:\/\/www.adehon.org\/es\/wp-json\/wp\/v2\/pages\/3062","targetHints":{"allow":["GET"]}}],"collection":[{"href":"https:\/\/www.adehon.org\/es\/wp-json\/wp\/v2\/pages"}],"about":[{"href":"https:\/\/www.adehon.org\/es\/wp-json\/wp\/v2\/types\/page"}],"author":[{"embeddable":true,"href":"https:\/\/www.adehon.org\/es\/wp-json\/wp\/v2\/users\/1"}],"replies":[{"embeddable":true,"href":"https:\/\/www.adehon.org\/es\/wp-json\/wp\/v2\/comments?post=3062"}],"version-history":[{"count":9,"href":"https:\/\/www.adehon.org\/es\/wp-json\/wp\/v2\/pages\/3062\/revisions"}],"predecessor-version":[{"id":3858,"href":"https:\/\/www.adehon.org\/es\/wp-json\/wp\/v2\/pages\/3062\/revisions\/3858"}],"wp:attachment":[{"href":"https:\/\/www.adehon.org\/es\/wp-json\/wp\/v2\/media?parent=3062"}],"curies":[{"name":"wp","href":"https:\/\/api.w.org\/{rel}","templated":true}]}}