{"id":3177,"date":"2020-03-23T17:12:19","date_gmt":"2020-03-23T17:12:19","guid":{"rendered":"http:\/\/www.adehon.org\/es\/?page_id=3177"},"modified":"2020-03-24T17:55:24","modified_gmt":"2020-03-24T17:55:24","slug":"tics-comercio-sepe","status":"publish","type":"page","link":"https:\/\/www.adehon.org\/es\/tics-comercio-sepe\/","title":{"rendered":"TICS-COMERCIO-SEPE"},"content":{"rendered":"<h2 style=\"text-align: center;\"><span style=\"color: #ff6600;\">Est\u00e1s en casa y no sabes como emplear tu tiempo? Qu\u00e9 mejor momento para ampliar tus conocimientos y sacarle provecho a la situaci\u00f3n!<\/span><\/h2>\n<h3 style=\"text-align: center;\">Cursos online <span style=\"color: #ff6600;\">GRATUITOS<\/span><\/h3>\n<h3 style=\"text-align: center;\">con <span style=\"color: #ff6600;\">Titulaci\u00f3n Oficial<\/span><\/h3>\n<h3 style=\"text-align: center;\">Plan de Formaci\u00f3n TIC&#8217;s&nbsp;SECTOR COMERCIO del Servicio P\u00fablico de Empleo Estatal &#8211; SEPE<\/h3>\n\n\n<p><\/p>\n\n\n\n<div class=\"wp-block-media-text alignwide\" style=\"grid-template-columns:15% auto\"><figure class=\"wp-block-media-text__media\"><img decoding=\"async\" src=\"http:\/\/www.adehon.org\/es\/wp-content\/uploads\/2020\/03\/SOCIAL-MEDIA.jpg\" alt=\"\" class=\"wp-image-3104\"\/><\/figure><div class=\"wp-block-media-text__content\">\n<p class=\"has-medium-font-size\"><\/p>\n\n\n\n<p class=\"has-medium-font-size\"><strong><a href=\"http:\/\/www.adehon.org\/es\/social-media-marketing-en-comercio\/\" target=\"_blank\" rel=\"noreferrer noopener\" aria-label=\"Social media marketing en comercio (abre en una nueva pesta\u00f1a)\">Social media marketing en comercio<\/a><\/strong><\/p>\n\n\n\n<p class=\"has-medium-font-size\">\u00bfQuieres mejorar la estrategia global de comunicaci\u00f3n de tu empresa? Planifica tus acciones de marketing a trav\u00e9s de los medios sociales de forma m\u00e1s r\u00e1pida y eficaz para llegar a todos los consumidores.<\/p>\n\n\n\n<p class=\"has-medium-font-size\"><strong>Duraci\u00f3n: 100 horas<\/strong><\/p>\n\n\n\n<p class=\"has-medium-font-size\"><strong>Ap\u00fantate, plazas limitadas<\/strong><\/p>\n\n\n\n<p class=\"has-medium-font-size\"><strong>Se inician pr\u00f3ximamente<\/strong><\/p>\n\n\n\n<p><\/p>\n<\/div><\/div>\n\n\n\n<p><\/p>\n\n\n<table border=\"0\" width=\"752\" align=\"center\">\n<tbody>\n<tr>\n<td style=\"font-size: 18px; text-align: center;\" width=\"382\"><strong><img loading=\"lazy\" decoding=\"async\" src=\"file:\/\/\/C|\/Users\/RBelkis\/Downloads\/chat-150496_1280.png\" alt=\"\" width=\"74\" height=\"81\" align=\"left\"><a href=\"http:\/\/www.adehon.org\/es\/wp-content\/uploads\/2020\/03\/chat-150496_1280.png\"><img loading=\"lazy\" decoding=\"async\" class=\"wp-image-3107 alignleft\" src=\"http:\/\/www.adehon.org\/es\/wp-content\/uploads\/2020\/03\/chat-150496_1280.png\" alt=\"\" width=\"74\" height=\"75\" srcset=\"https:\/\/www.adehon.org\/es\/wp-content\/uploads\/2020\/03\/chat-150496_1280.png 1264w, https:\/\/www.adehon.org\/es\/wp-content\/uploads\/2020\/03\/chat-150496_1280-150x150.png 150w, https:\/\/www.adehon.org\/es\/wp-content\/uploads\/2020\/03\/chat-150496_1280-296x300.png 296w, https:\/\/www.adehon.org\/es\/wp-content\/uploads\/2020\/03\/chat-150496_1280-768x778.png 768w, https:\/\/www.adehon.org\/es\/wp-content\/uploads\/2020\/03\/chat-150496_1280-1011x1024.png 1011w\" sizes=\"auto, (max-width: 74px) 100vw, 74px\" \/><\/a><\/strong><p><\/p>\n<p><\/p>\n<p><\/p>\n<p><\/p>\n<p><\/p>\n<p><strong>Formaci\u00f3n<br>Sector COMERCIO TRABAJADORES Y AUT\u00d3NOMOS<\/strong><\/p>\n<\/td>\n<td style=\"text-align: center; font-size: 18px;\" width=\"354\"><strong><img loading=\"lazy\" decoding=\"async\" src=\"file:\/\/\/C|\/Users\/RBelkis\/Downloads\/diploma-152025_1280.png\" alt=\"\" width=\"74\" height=\"81\" align=\"left\"><a href=\"http:\/\/www.adehon.org\/es\/wp-content\/uploads\/2020\/03\/diploma-152025_1280.png\"><img loading=\"lazy\" decoding=\"async\" class=\"alignleft  wp-image-3109\" src=\"http:\/\/www.adehon.org\/es\/wp-content\/uploads\/2020\/03\/diploma-152025_1280.png\" alt=\"\" width=\"74\" height=\"87\" srcset=\"https:\/\/www.adehon.org\/es\/wp-content\/uploads\/2020\/03\/diploma-152025_1280.png 1095w, https:\/\/www.adehon.org\/es\/wp-content\/uploads\/2020\/03\/diploma-152025_1280-257x300.png 257w, https:\/\/www.adehon.org\/es\/wp-content\/uploads\/2020\/03\/diploma-152025_1280-768x898.png 768w, https:\/\/www.adehon.org\/es\/wp-content\/uploads\/2020\/03\/diploma-152025_1280-876x1024.png 876w\" sizes=\"auto, (max-width: 74px) 100vw, 74px\" \/><\/a><\/strong><p><\/p>\n<p><\/p>\n<p><\/p>\n<p><\/p>\n<p><\/p>\n<p><strong>TITULACI\u00d3N OFICIAL<br>EMITIDA POR EL SEPE<\/strong><\/p>\n<\/td>\n<\/tr>\n<tr>\n<td style=\"text-align: center; font-size: 18px;\"><strong><img loading=\"lazy\" decoding=\"async\" src=\"file:\/\/\/C|\/Users\/RBelkis\/Downloads\/calendar-1559935_1280 (1).png\" alt=\"\" width=\"74\" height=\"81\" align=\"left\"><a href=\"http:\/\/www.adehon.org\/es\/wp-content\/uploads\/2020\/03\/calendar-1559935_1280-1.png\"><img loading=\"lazy\" decoding=\"async\" class=\"alignleft  wp-image-3110\" src=\"http:\/\/www.adehon.org\/es\/wp-content\/uploads\/2020\/03\/calendar-1559935_1280-1.png\" alt=\"\" width=\"70\" height=\"63\" srcset=\"https:\/\/www.adehon.org\/es\/wp-content\/uploads\/2020\/03\/calendar-1559935_1280-1.png 1280w, https:\/\/www.adehon.org\/es\/wp-content\/uploads\/2020\/03\/calendar-1559935_1280-1-300x269.png 300w, https:\/\/www.adehon.org\/es\/wp-content\/uploads\/2020\/03\/calendar-1559935_1280-1-768x688.png 768w, https:\/\/www.adehon.org\/es\/wp-content\/uploads\/2020\/03\/calendar-1559935_1280-1-1024x918.png 1024w\" sizes=\"auto, (max-width: 70px) 100vw, 70px\" \/><\/a>Plazas limitadas<br>INSCRIPCI\u00d3N ABIERTA<\/strong><\/td>\n<td style=\"text-align: center; font-size: 18px;\"><strong><img loading=\"lazy\" decoding=\"async\" src=\"file:\/\/\/C|\/Users\/RBelkis\/Downloads\/mouse-34688_1280.png\" alt=\"\" width=\"74\" height=\"81\" align=\"left\"><a href=\"http:\/\/www.adehon.org\/es\/wp-content\/uploads\/2020\/03\/mouse-34688_1280.png\"><img loading=\"lazy\" decoding=\"async\" class=\"alignleft  wp-image-3108\" src=\"http:\/\/www.adehon.org\/es\/wp-content\/uploads\/2020\/03\/mouse-34688_1280.png\" alt=\"\" width=\"45\" height=\"90\" srcset=\"https:\/\/www.adehon.org\/es\/wp-content\/uploads\/2020\/03\/mouse-34688_1280.png 640w, https:\/\/www.adehon.org\/es\/wp-content\/uploads\/2020\/03\/mouse-34688_1280-150x300.png 150w, https:\/\/www.adehon.org\/es\/wp-content\/uploads\/2020\/03\/mouse-34688_1280-512x1024.png 512w\" sizes=\"auto, (max-width: 45px) 100vw, 45px\" \/><\/a>CURSOS ONLINE<br>Formaci\u00f3n a<br>medida<\/strong><\/td>\n<\/tr>\n<\/tbody>\n<\/table>\n<h2>&nbsp;<\/h2>\n<div class=\"ml-form-embed\" data-account=\"1702970:x2t9f5m1f1\" data-form=\"1865510:v6s2e8\">\n<\/div>\n<h3>&nbsp;<\/h3>\n<h3 style=\"text-align: center;\"><strong><span style=\"font-family: Cambria, 'Hoefler Text', 'Liberation Serif', Times, 'Times New Roman', serif;\">Contacta con nosotros a trav\u00e9s de nuestro tel\u00e9fono gratuito o correo electr\u00f3nico<\/span><\/strong><br><strong>900902066 &#8211; <\/strong><strong>sepe@adehon.es<\/strong><\/h3>\n<h3 style=\"text-align: center;\"><strong>Formaci\u00f3n 100% subvencionadas por:<\/strong><\/h3>\n<p style=\"text-align: center;\"><a href=\"http:\/\/www.adehon.org\/es\/wp-content\/uploads\/2020\/02\/WEB_CAS_1206x250px.jpg\"><img loading=\"lazy\" decoding=\"async\" class=\"wp-image-2991 aligncenter\" src=\"http:\/\/www.adehon.org\/es\/wp-content\/uploads\/2020\/02\/WEB_CAS_1206x250px.jpg\" alt=\"\" width=\"440\" height=\"91\" srcset=\"https:\/\/www.adehon.org\/es\/wp-content\/uploads\/2020\/02\/WEB_CAS_1206x250px.jpg 1206w, https:\/\/www.adehon.org\/es\/wp-content\/uploads\/2020\/02\/WEB_CAS_1206x250px-300x62.jpg 300w, https:\/\/www.adehon.org\/es\/wp-content\/uploads\/2020\/02\/WEB_CAS_1206x250px-768x159.jpg 768w, https:\/\/www.adehon.org\/es\/wp-content\/uploads\/2020\/02\/WEB_CAS_1206x250px-1024x212.jpg 1024w\" sizes=\"auto, (max-width: 440px) 100vw, 440px\" \/><\/a><\/p>\n<p style=\"text-align: center;\"><img loading=\"lazy\" decoding=\"async\" src=\"file:\/\/\/Z|\/COORDINACION\/publicidad\/WEB_CAS_1206x250px.jpg\" alt=\"\" width=\"412\" height=\"96\"><strong>Esta formaci\u00f3n esta 100% subvencionada por el Ministerio de Trabajo y Econom\u00eda Social, y dirigida principalmente a trabajadores y aut\u00f3nomos del SECTOR COMERCIO. Recuerda que esta formaci\u00f3n NO es bonificada, y es completamente gratuita.<\/strong><\/p>\n<p><!-- Main Container --><!-- Main Container Ends --><\/p>","protected":false},"excerpt":{"rendered":"<p>Est\u00e1s en casa y no sabes como emplear tu tiempo? Qu\u00e9 mejor momento para ampliar tus conocimientos y sacarle provecho a la situaci\u00f3n! Cursos online GRATUITOS con Titulaci\u00f3n Oficial Plan de Formaci\u00f3n TIC&#8217;s&nbsp;SECTOR COMERCIO del Servicio P\u00fablico de Empleo Estatal &#8211; SEPE Social media marketing en comercio \u00bfQuieres mejorar la estrategia global de comunicaci\u00f3n de tu empresa? Planifica tus acciones de marketing a trav\u00e9s de los medios sociales de forma m\u00e1s r\u00e1pida y eficaz para llegar a todos los consumidores. Duraci\u00f3n: 100 horas Ap\u00fantate, plazas limitadas Se inician pr\u00f3ximamente Formaci\u00f3nSector COMERCIO TRABAJADORES Y AUT\u00d3NOMOS TITULACI\u00d3N OFICIALEMITIDA POR EL SEPE Plazas limitadasINSCRIPCI\u00d3N ABIERTA CURSOS ONLINEFormaci\u00f3n amedida &nbsp; &nbsp; Contacta con nosotros a trav\u00e9s de nuestro tel\u00e9fono gratuito o correo electr\u00f3nico900902066 &#8211; sepe@adehon.es Formaci\u00f3n 100% subvencionadas por: Esta formaci\u00f3n esta 100% subvencionada por el Ministerio de Trabajo y Econom\u00eda Social, y dirigida principalmente a trabajadores y aut\u00f3nomos del SECTOR COMERCIO. Recuerda que esta formaci\u00f3n NO es bonificada, y es completamente gratuita.<\/p>\n","protected":false},"author":1,"featured_media":0,"parent":0,"menu_order":0,"comment_status":"closed","ping_status":"closed","template":"page-fullwidth.php","meta":{"footnotes":""},"class_list":["post-3177","page","type-page","status-publish","hentry"],"_links":{"self":[{"href":"https:\/\/www.adehon.org\/es\/wp-json\/wp\/v2\/pages\/3177","targetHints":{"allow":["GET"]}}],"collection":[{"href":"https:\/\/www.adehon.org\/es\/wp-json\/wp\/v2\/pages"}],"about":[{"href":"https:\/\/www.adehon.org\/es\/wp-json\/wp\/v2\/types\/page"}],"author":[{"embeddable":true,"href":"https:\/\/www.adehon.org\/es\/wp-json\/wp\/v2\/users\/1"}],"replies":[{"embeddable":true,"href":"https:\/\/www.adehon.org\/es\/wp-json\/wp\/v2\/comments?post=3177"}],"version-history":[{"count":5,"href":"https:\/\/www.adehon.org\/es\/wp-json\/wp\/v2\/pages\/3177\/revisions"}],"predecessor-version":[{"id":3334,"href":"https:\/\/www.adehon.org\/es\/wp-json\/wp\/v2\/pages\/3177\/revisions\/3334"}],"wp:attachment":[{"href":"https:\/\/www.adehon.org\/es\/wp-json\/wp\/v2\/media?parent=3177"}],"curies":[{"name":"wp","href":"https:\/\/api.w.org\/{rel}","templated":true}]}}