{"id":3182,"date":"2020-03-23T17:43:50","date_gmt":"2020-03-23T17:43:50","guid":{"rendered":"http:\/\/www.adehon.org\/es\/?page_id=3182"},"modified":"2021-12-22T11:56:33","modified_gmt":"2021-12-22T11:56:33","slug":"intersectorial-sepe","status":"publish","type":"page","link":"https:\/\/www.adehon.org\/es\/intersectorial-sepe\/","title":{"rendered":"INTERSECTORIAL &#8211; SEPE &#8211; OCUPADOS"},"content":{"rendered":"<h2 style=\"text-align: center;\"><span style=\"color: #ff6600;\">Est\u00e1s en casa y no sabes como emplear tu tiempo? Qu\u00e9 mejor momento para ampliar tus conocimientos y sacarle provecho a la situaci\u00f3n!<\/span><\/h2>\n<h3 style=\"text-align: center;\">Cursos online <span style=\"color: #ff6600;\">GRATUITOS <\/span><\/h3>\n<h3 style=\"text-align: center;\">con <span style=\"color: #ff6600;\">Titulaci\u00f3n Oficial <\/span><\/h3>\n<h3 style=\"text-align: center;\">Plan de Formaci\u00f3n OCUPADOS INTERSECTORIAL del Servicio P\u00fablico de Empleo Estatal &#8211; SEPE<\/h3>\n\n\n<div class=\"wp-block-media-text alignwide is-stacked-on-mobile\" style=\"grid-template-columns:31% auto\"><figure class=\"wp-block-media-text__media\"><img loading=\"lazy\" decoding=\"async\" width=\"294\" height=\"286\" src=\"https:\/\/www.adehon.org\/es\/wp-content\/uploads\/2020\/03\/SOCIAL-MEDIA-e1639998824461.jpg\" alt=\"\" class=\"wp-image-3104 size-full\"\/><\/figure><div class=\"wp-block-media-text__content\">\n<p class=\"has-medium-font-size\"><strong><a rel=\"noreferrer noopener\" href=\"https:\/\/www.adehon.org\/es\/social-media-marketing-en-comercio-3\/\" target=\"_blank\">Social media marketing en Comerci<\/a><a href=\"https:\/\/www.adehon.org\/es\/social-media-marketing-en-comercio-3\/\" target=\"_blank\" rel=\"noreferrer noopener\">o<\/a><\/strong><\/p>\n\n\n\n<p class=\"has-medium-font-size\">\u00bfQuieres mejorar la estrategia global de comunicaci\u00f3n de tu empresa? Planifica tus acciones de marketing a trav\u00e9s de los medios sociales de forma m\u00e1s r\u00e1pida y eficaz para llegar a todos los consumidores.<\/p>\n\n\n\n<p class=\"has-medium-font-size\"><strong>Duraci\u00f3n: 100 horas<\/strong><\/p>\n\n\n\n<p class=\"has-medium-font-size\"><strong>Ap\u00fantate, plazas limitadas<\/strong><\/p>\n\n\n\n<p class=\"has-medium-font-size\"><strong>Se inician pr\u00f3ximamente<\/strong><\/p>\n\n\n\n<p><\/p>\n<\/div><\/div>\n\n\n\n<div class=\"wp-block-media-text alignwide is-stacked-on-mobile\" style=\"grid-template-columns:31% auto\"><figure class=\"wp-block-media-text__media\"><img loading=\"lazy\" decoding=\"async\" width=\"296\" height=\"286\" src=\"http:\/\/www.adehon.org\/es\/wp-content\/uploads\/2020\/03\/banca-electronica-1.jpg\" alt=\"\" class=\"wp-image-3185 size-full\"\/><\/figure><div class=\"wp-block-media-text__content\">\n<p class=\"has-medium-font-size\"><strong><a href=\"http:\/\/Herramientas tecnol\u00f3gicas al servicio de la gesti\u00f3n comercial de clientes\" target=\"_blank\" rel=\"noreferrer noopener\">Herramientas tecnol\u00f3gicas al servicio de la gesti\u00f3n comercial de clientes<\/a><\/strong><\/p>\n\n\n\n<p class=\"has-medium-font-size\">Aprende a planificar y gestionar actividades comerciales con clientes, estrategias de marketing, aplicando herramientas tecnol\u00f3gicas que optimicen los procesos de gesti\u00f3n, seguimiento y fidelizaci\u00f3n de clientes y faciliten la consecuci\u00f3n efectiva de los objetivos comerciales definidos. <\/p>\n\n\n\n<p class=\"has-medium-font-size\"><strong>Duraci\u00f3n: 60 horas<\/strong> (formaci\u00f3n presencial)<\/p>\n\n\n\n<p class=\"has-medium-font-size\"><strong>Ap\u00fantate, plazas limitadas<\/strong><\/p>\n\n\n\n<p class=\"has-medium-font-size\"><strong>Se inician pr\u00f3ximamente<\/strong><\/p>\n\n\n\n<p><\/p>\n\n\n\n<p><\/p>\n<\/div><\/div>\n\n\n\n<div class=\"wp-block-media-text alignwide is-stacked-on-mobile\" style=\"grid-template-columns:31% auto\"><figure class=\"wp-block-media-text__media\"><img loading=\"lazy\" decoding=\"async\" width=\"300\" height=\"285\" src=\"http:\/\/www.adehon.org\/es\/wp-content\/uploads\/2020\/03\/desarrollo.jpg\" alt=\"\" class=\"wp-image-3187 size-full\"\/><\/figure><div class=\"wp-block-media-text__content\">\n<p class=\"has-medium-font-size\"><strong><a href=\"http:\/\/www.adehon.org\/es\/desarrollo-web-para-comercio-electronico\/\" target=\"_blank\" rel=\"noreferrer noopener\" aria-label=\"Desarrollo web para comercio electr\u00f3nico  (abre en una nueva pesta\u00f1a)\">Desarrollo web para comercio electr\u00f3nico<\/a><\/strong><a href=\"http:\/\/www.adehon.org\/es\/desarrollo-web-para-comercio-electronico\/\" target=\"_blank\" rel=\"noreferrer noopener\" aria-label=\"Desarrollo web para comercio electr\u00f3nico  (abre en una nueva pesta\u00f1a)\"> <\/a><\/p>\n\n\n\n<p class=\"has-medium-font-size\">\u00bfQuieres que tus clientes finalicen el proceso de compra de forma \u00e1gil y sencilla? El e-commerce te ayuda a desarrollar tu sitio web para una venta online m\u00e1s eficaz.  <\/p>\n\n\n\n<p class=\"has-medium-font-size\"><strong>Duraci\u00f3n: 150 horas<\/strong><\/p>\n\n\n\n<p class=\"has-medium-font-size\"><strong>Ap\u00fantate, plazas limitadas<\/strong><\/p>\n\n\n\n<p class=\"has-medium-font-size\"><strong>Se inician pr\u00f3ximamente<\/strong><\/p>\n\n\n\n<p><\/p>\n\n\n\n<p><\/p>\n<\/div><\/div>\n\n\n\n<div class=\"wp-block-media-text alignwide is-stacked-on-mobile\" style=\"grid-template-columns:31% auto\"><figure class=\"wp-block-media-text__media\"><img loading=\"lazy\" decoding=\"async\" width=\"292\" height=\"308\" src=\"http:\/\/www.adehon.org\/es\/wp-content\/uploads\/2020\/03\/formador.jpg\" alt=\"\" class=\"wp-image-3188 size-full\" srcset=\"https:\/\/www.adehon.org\/es\/wp-content\/uploads\/2020\/03\/formador.jpg 292w, https:\/\/www.adehon.org\/es\/wp-content\/uploads\/2020\/03\/formador-284x300.jpg 284w\" sizes=\"auto, (max-width: 292px) 100vw, 292px\" \/><\/figure><div class=\"wp-block-media-text__content\">\n<p class=\"has-medium-font-size\"><strong><a href=\"http:\/\/www.adehon.org\/es\/formador-de-formadores-en-e-learning\/\" target=\"_blank\" rel=\"noreferrer noopener\" aria-label=\"Formador de formadores en E-learning  (abre en una nueva pesta\u00f1a)\">Formador de formadores en E-learning<\/a><\/strong><a href=\"http:\/\/www.adehon.org\/es\/formador-de-formadores-en-e-learning\/\" target=\"_blank\" rel=\"noreferrer noopener\" aria-label=\"Formador de formadores en E-learning  (abre en una nueva pesta\u00f1a)\"> <\/a><\/p>\n\n\n\n<p class=\"has-medium-font-size\">Los cambios tecnol\u00f3gicos favorecen el crecimiento de la formaci\u00f3n e-learning. Accede y facilita el proceso de aprendizaje a trav\u00e9s de las herramientas digitales y multimedia en un entorno virtual de  aprendizaje. <\/p>\n\n\n\n<p class=\"has-medium-font-size\"><strong>Duraci\u00f3n: 120 horas<\/strong><\/p>\n\n\n\n<p class=\"has-medium-font-size\"><strong>Ap\u00fantate, plazas limitadas<\/strong><\/p>\n\n\n\n<p class=\"has-medium-font-size\"><strong>Se inician pr\u00f3ximamente<\/strong><\/p>\n\n\n\n<p><\/p>\n\n\n\n<p><\/p>\n<\/div><\/div>\n\n\n\n<p><\/p>\n\n\n<table border=\"0\" width=\"752\" align=\"center\">\n<tbody>\n<tr>\n<td style=\"font-size: 18px; text-align: center;\" width=\"382\"><strong><a href=\"http:\/\/www.adehon.org\/es\/wp-content\/uploads\/2020\/03\/chat-150496_1280.png\"><img loading=\"lazy\" decoding=\"async\" class=\"wp-image-3107 alignleft\" src=\"http:\/\/www.adehon.org\/es\/wp-content\/uploads\/2020\/03\/chat-150496_1280.png\" alt=\"\" width=\"74\" height=\"75\" srcset=\"https:\/\/www.adehon.org\/es\/wp-content\/uploads\/2020\/03\/chat-150496_1280.png 1264w, https:\/\/www.adehon.org\/es\/wp-content\/uploads\/2020\/03\/chat-150496_1280-150x150.png 150w, https:\/\/www.adehon.org\/es\/wp-content\/uploads\/2020\/03\/chat-150496_1280-296x300.png 296w, https:\/\/www.adehon.org\/es\/wp-content\/uploads\/2020\/03\/chat-150496_1280-768x778.png 768w, https:\/\/www.adehon.org\/es\/wp-content\/uploads\/2020\/03\/chat-150496_1280-1011x1024.png 1011w\" sizes=\"auto, (max-width: 74px) 100vw, 74px\" \/><\/a><\/strong><p><\/p>\n<p><strong>Formaci\u00f3n<br>Intersectorial <\/strong><\/p>\n<p><strong>TRABAJADORES Y AUT\u00d3NOMOS<\/strong><\/p>\n<\/td>\n<td style=\"text-align: center; font-size: 18px;\" width=\"354\"><strong><a href=\"http:\/\/www.adehon.org\/es\/wp-content\/uploads\/2020\/03\/diploma-152025_1280.png\"><img loading=\"lazy\" decoding=\"async\" class=\"alignleft  wp-image-3109\" src=\"http:\/\/www.adehon.org\/es\/wp-content\/uploads\/2020\/03\/diploma-152025_1280.png\" alt=\"\" width=\"74\" height=\"87\" srcset=\"https:\/\/www.adehon.org\/es\/wp-content\/uploads\/2020\/03\/diploma-152025_1280.png 1095w, https:\/\/www.adehon.org\/es\/wp-content\/uploads\/2020\/03\/diploma-152025_1280-257x300.png 257w, https:\/\/www.adehon.org\/es\/wp-content\/uploads\/2020\/03\/diploma-152025_1280-768x898.png 768w, https:\/\/www.adehon.org\/es\/wp-content\/uploads\/2020\/03\/diploma-152025_1280-876x1024.png 876w\" sizes=\"auto, (max-width: 74px) 100vw, 74px\" \/><\/a><\/strong><p><\/p>\n<p><strong>TITULACI\u00d3N OFICIAL<br>EMITIDA POR EL SEPE<\/strong><\/p>\n<\/td>\n<\/tr>\n<tr>\n<td style=\"text-align: center; font-size: 18px;\"><strong><a href=\"http:\/\/www.adehon.org\/es\/wp-content\/uploads\/2020\/03\/calendar-1559935_1280-1.png\"><img loading=\"lazy\" decoding=\"async\" class=\"alignleft  wp-image-3110\" src=\"http:\/\/www.adehon.org\/es\/wp-content\/uploads\/2020\/03\/calendar-1559935_1280-1.png\" alt=\"\" width=\"70\" height=\"63\" srcset=\"https:\/\/www.adehon.org\/es\/wp-content\/uploads\/2020\/03\/calendar-1559935_1280-1.png 1280w, https:\/\/www.adehon.org\/es\/wp-content\/uploads\/2020\/03\/calendar-1559935_1280-1-300x269.png 300w, https:\/\/www.adehon.org\/es\/wp-content\/uploads\/2020\/03\/calendar-1559935_1280-1-768x688.png 768w, https:\/\/www.adehon.org\/es\/wp-content\/uploads\/2020\/03\/calendar-1559935_1280-1-1024x918.png 1024w\" sizes=\"auto, (max-width: 70px) 100vw, 70px\" \/><\/a>Plazas limitadas<br>INSCRIPCI\u00d3N ABIERTA<\/strong><\/td>\n<td style=\"text-align: center; font-size: 18px;\"><strong><a href=\"http:\/\/www.adehon.org\/es\/wp-content\/uploads\/2020\/03\/mouse-34688_1280.png\"><img loading=\"lazy\" decoding=\"async\" class=\"alignleft  wp-image-3108\" src=\"http:\/\/www.adehon.org\/es\/wp-content\/uploads\/2020\/03\/mouse-34688_1280.png\" alt=\"\" width=\"45\" height=\"90\" srcset=\"https:\/\/www.adehon.org\/es\/wp-content\/uploads\/2020\/03\/mouse-34688_1280.png 640w, https:\/\/www.adehon.org\/es\/wp-content\/uploads\/2020\/03\/mouse-34688_1280-150x300.png 150w, https:\/\/www.adehon.org\/es\/wp-content\/uploads\/2020\/03\/mouse-34688_1280-512x1024.png 512w\" sizes=\"auto, (max-width: 45px) 100vw, 45px\" \/><\/a>CURSOS ONLINE<br>Formaci\u00f3n a<br>medida<\/strong><\/td>\n<\/tr>\n<\/tbody>\n<\/table>\n<h2>&nbsp;<\/h2>\n<div class=\"ml-form-embed\" data-account=\"1702970:x2t9f5m1f1\" data-form=\"1865510:v6s2e8\">&nbsp;<\/div>\n<h3>&nbsp;<\/h3>\n<h3 style=\"text-align: center;\"><strong><span style=\"font-family: Cambria, 'Hoefler Text', 'Liberation Serif', Times, 'Times New Roman', serif;\">Contacta con nosotros a trav\u00e9s de nuestro tel\u00e9fono gratuito o correo electr\u00f3nico<\/span><\/strong><br><strong>900902066 &#8211; <\/strong><strong>sepe@adehon.es<\/strong><\/h3>\n<h3 style=\"text-align: center;\"><strong>Formaci\u00f3n 100% subvencionadas por:<\/strong><\/h3>\n<p style=\"text-align: center;\"><a href=\"http:\/\/www.adehon.org\/es\/wp-content\/uploads\/2020\/02\/WEB_CAS_1206x250px.jpg\"><img loading=\"lazy\" decoding=\"async\" class=\"wp-image-2991  aligncenter\" src=\"http:\/\/www.adehon.org\/es\/wp-content\/uploads\/2020\/02\/WEB_CAS_1206x250px.jpg\" alt=\"\" width=\"406\" height=\"84\" srcset=\"https:\/\/www.adehon.org\/es\/wp-content\/uploads\/2020\/02\/WEB_CAS_1206x250px.jpg 1206w, https:\/\/www.adehon.org\/es\/wp-content\/uploads\/2020\/02\/WEB_CAS_1206x250px-300x62.jpg 300w, https:\/\/www.adehon.org\/es\/wp-content\/uploads\/2020\/02\/WEB_CAS_1206x250px-768x159.jpg 768w, https:\/\/www.adehon.org\/es\/wp-content\/uploads\/2020\/02\/WEB_CAS_1206x250px-1024x212.jpg 1024w\" sizes=\"auto, (max-width: 406px) 100vw, 406px\" \/><\/a><\/p>\n<p style=\"text-align: center;\"><strong>Esta formaci\u00f3n esta 100% subvencionada por el Ministerio de Trabajo y Econom\u00eda Social, y dirigida principalmente a trabajadores y aut\u00f3nomos. Recuerda que esta formaci\u00f3n NO es bonificada, y es completamente gratuita.<\/strong><\/p>\n<p><!-- Main Container --><!-- Main Container Ends --><\/p>","protected":false},"excerpt":{"rendered":"<p>Est\u00e1s en casa y no sabes como emplear tu tiempo? Qu\u00e9 mejor momento para ampliar tus conocimientos y sacarle provecho a la situaci\u00f3n! Cursos online GRATUITOS con Titulaci\u00f3n Oficial Plan de Formaci\u00f3n OCUPADOS INTERSECTORIAL del Servicio P\u00fablico de Empleo Estatal &#8211; SEPE Social media marketing en Comercio \u00bfQuieres mejorar la estrategia global de comunicaci\u00f3n de tu empresa? Planifica tus acciones de marketing a trav\u00e9s de los medios sociales de forma m\u00e1s r\u00e1pida y eficaz para llegar a todos los consumidores. Duraci\u00f3n: 100 horas Ap\u00fantate, plazas limitadas Se inician pr\u00f3ximamente Herramientas tecnol\u00f3gicas al servicio de la gesti\u00f3n comercial de clientes Aprende a planificar y gestionar actividades comerciales con clientes, estrategias de marketing, aplicando herramientas tecnol\u00f3gicas que optimicen los procesos de gesti\u00f3n, seguimiento y fidelizaci\u00f3n de clientes y faciliten la consecuci\u00f3n efectiva de los objetivos comerciales definidos. Duraci\u00f3n: 60 horas (formaci\u00f3n presencial) Ap\u00fantate, plazas limitadas Se inician pr\u00f3ximamente Desarrollo web para comercio electr\u00f3nico \u00bfQuieres que tus clientes finalicen el proceso de compra&nbsp;<a href=\"https:\/\/www.adehon.org\/es\/intersectorial-sepe\/\" class=\"read-more\">Continuar Leyendo<\/a><\/p>\n","protected":false},"author":1,"featured_media":0,"parent":0,"menu_order":0,"comment_status":"closed","ping_status":"closed","template":"page-fullwidth.php","meta":{"footnotes":""},"class_list":["post-3182","page","type-page","status-publish","hentry"],"_links":{"self":[{"href":"https:\/\/www.adehon.org\/es\/wp-json\/wp\/v2\/pages\/3182","targetHints":{"allow":["GET"]}}],"collection":[{"href":"https:\/\/www.adehon.org\/es\/wp-json\/wp\/v2\/pages"}],"about":[{"href":"https:\/\/www.adehon.org\/es\/wp-json\/wp\/v2\/types\/page"}],"author":[{"embeddable":true,"href":"https:\/\/www.adehon.org\/es\/wp-json\/wp\/v2\/users\/1"}],"replies":[{"embeddable":true,"href":"https:\/\/www.adehon.org\/es\/wp-json\/wp\/v2\/comments?post=3182"}],"version-history":[{"count":25,"href":"https:\/\/www.adehon.org\/es\/wp-json\/wp\/v2\/pages\/3182\/revisions"}],"predecessor-version":[{"id":3860,"href":"https:\/\/www.adehon.org\/es\/wp-json\/wp\/v2\/pages\/3182\/revisions\/3860"}],"wp:attachment":[{"href":"https:\/\/www.adehon.org\/es\/wp-json\/wp\/v2\/media?parent=3182"}],"curies":[{"name":"wp","href":"https:\/\/api.w.org\/{rel}","templated":true}]}}