{"id":3211,"date":"2020-03-24T09:49:17","date_gmt":"2020-03-24T09:49:17","guid":{"rendered":"http:\/\/www.adehon.org\/es\/?page_id=3211"},"modified":"2021-01-28T09:36:29","modified_gmt":"2021-01-28T09:36:29","slug":"intersectorial-labora","status":"publish","type":"page","link":"https:\/\/www.adehon.org\/es\/intersectorial-labora\/","title":{"rendered":"INTERSECTORIAL &#8211; LABORA"},"content":{"rendered":"<h2 style=\"text-align: center;\"><span style=\"color: #ff6600;\">Est\u00e1s en casa y no sabes como emplear tu tiempo? Qu\u00e9 mejor momento para ampliar tus conocimientos y sacarle provecho a la situaci\u00f3n!<\/span><\/h2>\n<h3 style=\"text-align: center;\">Cursos online <span style=\"color: #ff6600;\">GRATUITOS <\/span><\/h3>\n<h3 style=\"text-align: center;\">con <span style=\"color: #ff6600;\">Titulaci\u00f3n Oficial <\/span><\/h3>\n<h3 style=\"text-align: center;\">Plan de Formaci\u00f3n para OCUPADOS &#8211; INTERSECTORIAL del Servicio Valenciano de Formaci\u00f3n y Ocupaci\u00f3n &#8211; LABORA<\/h3>\n\n\n<p><\/p>\n\n\n\n<div class=\"wp-block-media-text alignwide\" style=\"grid-template-columns:15% auto\"><figure class=\"wp-block-media-text__media\"><img loading=\"lazy\" decoding=\"async\" width=\"361\" height=\"361\" src=\"http:\/\/www.adehon.org\/es\/wp-content\/uploads\/2020\/03\/marketing.jpg\" alt=\"\" class=\"wp-image-3212\" srcset=\"https:\/\/www.adehon.org\/es\/wp-content\/uploads\/2020\/03\/marketing.jpg 361w, https:\/\/www.adehon.org\/es\/wp-content\/uploads\/2020\/03\/marketing-150x150.jpg 150w, https:\/\/www.adehon.org\/es\/wp-content\/uploads\/2020\/03\/marketing-300x300.jpg 300w\" sizes=\"auto, (max-width: 361px) 100vw, 361px\" \/><\/figure><div class=\"wp-block-media-text__content\">\n<p class=\"has-medium-font-size\"><\/p>\n\n\n\n<p><\/p>\n\n\n\n<p class=\"has-medium-font-size\"> <br><strong><a href=\"http:\/\/www.adehon.org\/es\/marketing-y-reputacion-online-comunidades-virtuales\/\" target=\"_blank\" rel=\"noreferrer noopener\" aria-label=\"Marketing y reputaci\u00f3n online: Comunidades virtuales (abre en una nueva pesta\u00f1a)\">Marketing y reputaci\u00f3n online: Comunidades virtuales<\/a><\/strong> <\/p>\n\n\n\n<p class=\"has-medium-font-size\">\u00bfManejas las redes sociales en tu empresa? Accede y domina el marketing online, el posicionamiento en buscadores, la gesti\u00f3n de las comunidades virtuales y la reputaci\u00f3n on-line empresarial. <\/p>\n\n\n\n<p class=\"has-medium-font-size\"><strong>Duraci\u00f3n: 180 horas<\/strong><\/p>\n\n\n\n<p class=\"has-medium-font-size\"><strong>Ap\u00fantate, plazas limitadas<\/strong><\/p>\n\n\n\n<p class=\"has-medium-font-size\"><strong>Se inician pr\u00f3ximamente<\/strong><\/p>\n<\/div><\/div>\n\n\n\n<div class=\"wp-block-media-text alignwide\" style=\"grid-template-columns:15% auto\"><figure class=\"wp-block-media-text__media\"><img loading=\"lazy\" decoding=\"async\" width=\"369\" height=\"346\" src=\"http:\/\/www.adehon.org\/es\/wp-content\/uploads\/2020\/03\/image.png\" alt=\"\" class=\"wp-image-3184\" srcset=\"https:\/\/www.adehon.org\/es\/wp-content\/uploads\/2020\/03\/image.png 369w, https:\/\/www.adehon.org\/es\/wp-content\/uploads\/2020\/03\/image-300x281.png 300w\" sizes=\"auto, (max-width: 369px) 100vw, 369px\" \/><\/figure><div class=\"wp-block-media-text__content\">\n<p class=\"has-medium-font-size\"> <br><strong><a href=\"http:\/\/www.adehon.org\/es\/direccion-empresarial-para-emprendedores\/\" target=\"_blank\" rel=\"noreferrer noopener\" aria-label=\"Direcci\u00f3n empresarial para emprendedores  (abre en una nueva pesta\u00f1a)\">Direcci\u00f3n empresarial para emprendedores<\/a><\/strong><a href=\"http:\/\/www.adehon.org\/es\/direccion-empresarial-para-emprendedores\/\" target=\"_blank\" rel=\"noreferrer noopener\" aria-label=\"Direcci\u00f3n empresarial para emprendedores  (abre en una nueva pesta\u00f1a)\"> <\/a><\/p>\n\n\n\n<p class=\"has-medium-font-size\">Transforma la idea de tu negocio y pon en marcha el plan productivo de la empresa. Lidera tu propia organizaci\u00f3n. <\/p>\n\n\n\n<p class=\"has-medium-font-size\"><strong>Duraci\u00f3n: 165 horas<\/strong><\/p>\n\n\n\n<p class=\"has-medium-font-size\"><strong>Ap\u00fantate, plazas limitadas<\/strong><\/p>\n\n\n\n<p class=\"has-medium-font-size\"><strong>Se inician pr\u00f3ximamente<\/strong><\/p>\n<\/div><\/div>\n\n\n\n<div class=\"wp-block-media-text alignwide\" style=\"grid-template-columns:15% auto\"><figure class=\"wp-block-media-text__media\"><img loading=\"lazy\" decoding=\"async\" width=\"343\" height=\"357\" src=\"http:\/\/www.adehon.org\/es\/wp-content\/uploads\/2020\/03\/ofimatica.jpg\" alt=\"\" class=\"wp-image-3213\" srcset=\"https:\/\/www.adehon.org\/es\/wp-content\/uploads\/2020\/03\/ofimatica.jpg 343w, https:\/\/www.adehon.org\/es\/wp-content\/uploads\/2020\/03\/ofimatica-288x300.jpg 288w\" sizes=\"auto, (max-width: 343px) 100vw, 343px\" \/><\/figure><div class=\"wp-block-media-text__content\">\n<p class=\"has-medium-font-size\"><\/p>\n\n\n\n<p class=\"has-medium-font-size\"><strong><a href=\"http:\/\/www.adehon.org\/es\/ofimatica-2\/\" target=\"_blank\" rel=\"noreferrer noopener\" aria-label=\"Ofim\u00e1tica (abre en una nueva pesta\u00f1a)\">Ofim\u00e1tica<\/a><\/strong><\/p>\n\n\n\n<p class=\"has-medium-font-size\">\u00bfConocer el entorno Windows y sus posibilidades? Ahora puedes aprender y manejar los distintos programas de Microsoft Office y ser eficaz en tu trabajo. <\/p>\n\n\n\n<p class=\"has-medium-font-size\"><strong>Duraci\u00f3n: 100 horas<\/strong><\/p>\n\n\n\n<p class=\"has-medium-font-size\"><strong>Ap\u00fantate, plazas limitadas<\/strong><\/p>\n\n\n\n<p class=\"has-medium-font-size\"><strong>Se inician pr\u00f3ximamente<\/strong><\/p>\n<\/div><\/div>\n\n\n\n<div class=\"wp-block-media-text alignwide\" style=\"grid-template-columns:15% auto\"><figure class=\"wp-block-media-text__media\"><img loading=\"lazy\" decoding=\"async\" width=\"361\" height=\"361\" src=\"http:\/\/www.adehon.org\/es\/wp-content\/uploads\/2020\/03\/liderazgo.jpg\" alt=\"\" class=\"wp-image-3215\" srcset=\"https:\/\/www.adehon.org\/es\/wp-content\/uploads\/2020\/03\/liderazgo.jpg 361w, https:\/\/www.adehon.org\/es\/wp-content\/uploads\/2020\/03\/liderazgo-150x150.jpg 150w, https:\/\/www.adehon.org\/es\/wp-content\/uploads\/2020\/03\/liderazgo-300x300.jpg 300w\" sizes=\"auto, (max-width: 361px) 100vw, 361px\" \/><\/figure><div class=\"wp-block-media-text__content\">\n<p class=\"has-medium-font-size\"><\/p>\n\n\n\n<p class=\"has-medium-font-size\"><strong><a href=\"http:\/\/www.adehon.org\/es\/liderazgo-y-direccion-de-organizaciones\/\" target=\"_blank\" rel=\"noreferrer noopener\" aria-label=\"Liderazgo y direcci\u00f3n de organizaciones  (abre en una nueva pesta\u00f1a)\">Liderazgo y direcci\u00f3n de organizaciones<\/a><\/strong><a href=\"http:\/\/www.adehon.org\/es\/liderazgo-y-direccion-de-organizaciones\/\" target=\"_blank\" rel=\"noreferrer noopener\" aria-label=\"Liderazgo y direcci\u00f3n de organizaciones  (abre en una nueva pesta\u00f1a)\"> <\/a><\/p>\n\n\n\n<p class=\"has-medium-font-size\">Consigue los mejores logros y objetivos, lidera a tu equipo y adquiere las habilidades directivas con resultados de \u00e9xito para tu empresa. <\/p>\n\n\n\n<p class=\"has-medium-font-size\"><strong>Duraci\u00f3n: 100 horas<\/strong><\/p>\n\n\n\n<p class=\"has-medium-font-size\"><strong>Ap\u00fantate, plazas limitadas<\/strong><\/p>\n\n\n\n<p class=\"has-medium-font-size\"><strong>Se inician pr\u00f3ximamente<\/strong><\/p>\n<\/div><\/div>\n\n\n\n<div class=\"wp-block-media-text alignwide\" style=\"grid-template-columns:15% auto\"><figure class=\"wp-block-media-text__media\"><img loading=\"lazy\" decoding=\"async\" width=\"345\" height=\"344\" src=\"http:\/\/www.adehon.org\/es\/wp-content\/uploads\/2020\/03\/drive-1.jpg\" alt=\"\" class=\"wp-image-3216\" srcset=\"https:\/\/www.adehon.org\/es\/wp-content\/uploads\/2020\/03\/drive-1.jpg 345w, https:\/\/www.adehon.org\/es\/wp-content\/uploads\/2020\/03\/drive-1-150x150.jpg 150w, https:\/\/www.adehon.org\/es\/wp-content\/uploads\/2020\/03\/drive-1-300x300.jpg 300w\" sizes=\"auto, (max-width: 345px) 100vw, 345px\" \/><\/figure><div class=\"wp-block-media-text__content\">\n<p class=\"has-medium-font-size\"><\/p>\n\n\n\n<p class=\"has-medium-font-size\"><strong><a href=\"http:\/\/www.adehon.org\/es\/ofimatica-en-la-nube-google-drive\/\" target=\"_blank\" rel=\"noreferrer noopener\" aria-label=\"Ofim\u00e1tica en la nube: GOOGLE DRIVE  (abre en una nueva pesta\u00f1a)\">Ofim\u00e1tica en la nube: GOOGLE DRIVE<\/a><\/strong><a href=\"http:\/\/www.adehon.org\/es\/ofimatica-en-la-nube-google-drive\/\" target=\"_blank\" rel=\"noreferrer noopener\" aria-label=\"Ofim\u00e1tica en la nube: GOOGLE DRIVE  (abre en una nueva pesta\u00f1a)\"> <\/a> <\/p>\n\n\n\n<p class=\"has-medium-font-size\">\u00bfQuieres trabajar en l\u00ednea y desde cualquier parte? Google Drive te ofrece la posibilidad de gestionar tu trabajo con la gesti\u00f3n ofim\u00e1tica en la nube de Google.  <\/p>\n\n\n\n<p class=\"has-medium-font-size\"><strong>Duraci\u00f3n: 100 horas<\/strong><\/p>\n\n\n\n<p class=\"has-medium-font-size\"><strong>Ap\u00fantate, plazas limitadas<\/strong><\/p>\n\n\n\n<p class=\"has-medium-font-size\"><strong>Se inician pr\u00f3ximamente<\/strong><\/p>\n<\/div><\/div>\n\n\n\n<p><\/p>\n\n\n<table border=\"0\" width=\"752\" align=\"center\">\n<tbody>\n<tr>\n<td style=\"font-size: 18px; text-align: center;\" width=\"382\">\n<p><strong style=\"font-family: inherit; font-size: 16px;\">&nbsp; &nbsp; &nbsp; &nbsp; &nbsp; &nbsp; &nbsp; &nbsp; &nbsp; &nbsp; Formaci\u00f3n<\/strong><strong><img loading=\"lazy\" decoding=\"async\" src=\"file:\/\/\/C|\/Users\/RBelkis\/Downloads\/chat-150496_1280.png\" alt=\"\" width=\"74\" height=\"81\" align=\"left\"><\/strong><strong style=\"font-size: 16px; font-family: inherit;\"> Intersectorial<\/strong><strong><a href=\"http:\/\/www.adehon.org\/es\/wp-content\/uploads\/2020\/03\/chat-150496_1280.png\"><br><img loading=\"lazy\" decoding=\"async\" class=\"wp-image-3107 alignleft\" src=\"http:\/\/www.adehon.org\/es\/wp-content\/uploads\/2020\/03\/chat-150496_1280.png\" alt=\"\" width=\"74\" height=\"75\" srcset=\"https:\/\/www.adehon.org\/es\/wp-content\/uploads\/2020\/03\/chat-150496_1280.png 1264w, https:\/\/www.adehon.org\/es\/wp-content\/uploads\/2020\/03\/chat-150496_1280-150x150.png 150w, https:\/\/www.adehon.org\/es\/wp-content\/uploads\/2020\/03\/chat-150496_1280-296x300.png 296w, https:\/\/www.adehon.org\/es\/wp-content\/uploads\/2020\/03\/chat-150496_1280-768x778.png 768w, https:\/\/www.adehon.org\/es\/wp-content\/uploads\/2020\/03\/chat-150496_1280-1011x1024.png 1011w\" sizes=\"auto, (max-width: 74px) 100vw, 74px\" \/><\/a><\/strong><strong style=\"font-family: inherit; font-size: 16px;\">TRABAJADORES Y AUT\u00d3NOMOS<\/strong><\/p>\n<\/td>\n<td style=\"text-align: center; font-size: 18px;\" width=\"354\"><strong style=\"font-family: inherit; font-size: 16px;\">&nbsp; &nbsp; &nbsp; &nbsp; &nbsp; &nbsp; &nbsp; &nbsp; &nbsp; &nbsp;TITULACI\u00d3N OFICIAL<\/strong><strong><img loading=\"lazy\" decoding=\"async\" src=\"file:\/\/\/C|\/Users\/RBelkis\/Downloads\/diploma-152025_1280.png\" alt=\"\" width=\"74\" height=\"81\" align=\"left\"><\/strong><strong><a href=\"http:\/\/www.adehon.org\/es\/wp-content\/uploads\/2020\/03\/diploma-152025_1280.png\"><br><img loading=\"lazy\" decoding=\"async\" class=\"alignleft  wp-image-3109\" src=\"http:\/\/www.adehon.org\/es\/wp-content\/uploads\/2020\/03\/diploma-152025_1280.png\" alt=\"\" width=\"74\" height=\"87\" srcset=\"https:\/\/www.adehon.org\/es\/wp-content\/uploads\/2020\/03\/diploma-152025_1280.png 1095w, https:\/\/www.adehon.org\/es\/wp-content\/uploads\/2020\/03\/diploma-152025_1280-257x300.png 257w, https:\/\/www.adehon.org\/es\/wp-content\/uploads\/2020\/03\/diploma-152025_1280-768x898.png 768w, https:\/\/www.adehon.org\/es\/wp-content\/uploads\/2020\/03\/diploma-152025_1280-876x1024.png 876w\" sizes=\"auto, (max-width: 74px) 100vw, 74px\" \/><\/a><\/strong><strong style=\"font-size: 16px; font-family: inherit;\">EMITIDA POR LABORA<\/strong><\/td>\n<\/tr>\n<tr>\n<td style=\"text-align: center; font-size: 18px;\"><strong><img loading=\"lazy\" decoding=\"async\" src=\"file:\/\/\/C|\/Users\/RBelkis\/Downloads\/calendar-1559935_1280 (1).png\" alt=\"\" width=\"74\" height=\"81\" align=\"left\"><a href=\"http:\/\/www.adehon.org\/es\/wp-content\/uploads\/2020\/03\/calendar-1559935_1280-1.png\"><img loading=\"lazy\" decoding=\"async\" class=\"alignleft  wp-image-3110\" src=\"http:\/\/www.adehon.org\/es\/wp-content\/uploads\/2020\/03\/calendar-1559935_1280-1.png\" alt=\"\" width=\"70\" height=\"63\" srcset=\"https:\/\/www.adehon.org\/es\/wp-content\/uploads\/2020\/03\/calendar-1559935_1280-1.png 1280w, https:\/\/www.adehon.org\/es\/wp-content\/uploads\/2020\/03\/calendar-1559935_1280-1-300x269.png 300w, https:\/\/www.adehon.org\/es\/wp-content\/uploads\/2020\/03\/calendar-1559935_1280-1-768x688.png 768w, https:\/\/www.adehon.org\/es\/wp-content\/uploads\/2020\/03\/calendar-1559935_1280-1-1024x918.png 1024w\" sizes=\"auto, (max-width: 70px) 100vw, 70px\" \/><\/a>Plazas limitadas<br>INSCRIPCI\u00d3N ABIERTA<\/strong><\/td>\n<td style=\"text-align: center; font-size: 18px;\"><strong><img loading=\"lazy\" decoding=\"async\" src=\"file:\/\/\/C|\/Users\/RBelkis\/Downloads\/mouse-34688_1280.png\" alt=\"\" width=\"74\" height=\"81\" align=\"left\"><a href=\"http:\/\/www.adehon.org\/es\/wp-content\/uploads\/2020\/03\/mouse-34688_1280.png\"><img loading=\"lazy\" decoding=\"async\" class=\"alignleft  wp-image-3108\" src=\"http:\/\/www.adehon.org\/es\/wp-content\/uploads\/2020\/03\/mouse-34688_1280.png\" alt=\"\" width=\"45\" height=\"90\" srcset=\"https:\/\/www.adehon.org\/es\/wp-content\/uploads\/2020\/03\/mouse-34688_1280.png 640w, https:\/\/www.adehon.org\/es\/wp-content\/uploads\/2020\/03\/mouse-34688_1280-150x300.png 150w, https:\/\/www.adehon.org\/es\/wp-content\/uploads\/2020\/03\/mouse-34688_1280-512x1024.png 512w\" sizes=\"auto, (max-width: 45px) 100vw, 45px\" \/><\/a>CURSOS ONLINE<br>Formaci\u00f3n a<br>medida<\/strong><\/td>\n<\/tr>\n<\/tbody>\n<\/table>\n<h2>&nbsp;<\/h2>\n<div class=\"ml-form-embed\" data-account=\"1702970:x2t9f5m1f1\" data-form=\"1865510:v6s2e8\">&nbsp;<\/div>\n<h3>&nbsp;<\/h3>\n<h3 style=\"text-align: center;\"><strong><span style=\"font-family: Cambria, 'Hoefler Text', 'Liberation Serif', Times, 'Times New Roman', serif;\">Contacta con nosotros a trav\u00e9s de nuestro tel\u00e9fono gratuito o correo electr\u00f3nico<\/span><\/strong><br><strong>900902066 &#8211; <\/strong><strong>sepe@adehon.es<\/strong><\/h3>\n<h3 style=\"text-align: center;\"><strong>Formaci\u00f3n 100% cofinanciada por:<\/strong><\/h3>\n<p><a href=\"http:\/\/www.adehon.org\/es\/wp-content\/uploads\/2020\/06\/Copia-de-Sin-t\u00edtulo.jpg\"><img loading=\"lazy\" decoding=\"async\" class=\"aligncenter wp-image-3381\" src=\"http:\/\/www.adehon.org\/es\/wp-content\/uploads\/2020\/06\/Copia-de-Sin-t\u00edtulo-1024x147.jpg\" alt=\"\" width=\"950\" height=\"137\" srcset=\"https:\/\/www.adehon.org\/es\/wp-content\/uploads\/2020\/06\/Copia-de-Sin-t\u00edtulo-1024x147.jpg 1024w, https:\/\/www.adehon.org\/es\/wp-content\/uploads\/2020\/06\/Copia-de-Sin-t\u00edtulo-300x43.jpg 300w, https:\/\/www.adehon.org\/es\/wp-content\/uploads\/2020\/06\/Copia-de-Sin-t\u00edtulo-768x110.jpg 768w\" sizes=\"auto, (max-width: 950px) 100vw, 950px\" \/><\/a><\/p>\n<p style=\"text-align: center;\">&nbsp;<\/p>\n<p style=\"text-align: center;\">&nbsp;<\/p>\n<p style=\"text-align: center;\">&nbsp;<\/p>\n<p style=\"text-align: center;\"><strong>Esta formaci\u00f3n esta 100% subvencionada por Labora de la Generalitat Valenciana, y dirigida principalmente a trabajadores y aut\u00f3nomos. Recuerda que esta formaci\u00f3n NO es bonificada, y es completamente gratuita.<\/strong><\/p>\n<p><!-- Main Container --><!-- Main Container Ends --><\/p>","protected":false},"excerpt":{"rendered":"<p>Est\u00e1s en casa y no sabes como emplear tu tiempo? Qu\u00e9 mejor momento para ampliar tus conocimientos y sacarle provecho a la situaci\u00f3n! Cursos online GRATUITOS con Titulaci\u00f3n Oficial Plan de Formaci\u00f3n para OCUPADOS &#8211; INTERSECTORIAL del Servicio Valenciano de Formaci\u00f3n y Ocupaci\u00f3n &#8211; LABORA Marketing y reputaci\u00f3n online: Comunidades virtuales \u00bfManejas las redes sociales en tu empresa? Accede y domina el marketing online, el posicionamiento en buscadores, la gesti\u00f3n de las comunidades virtuales y la reputaci\u00f3n on-line empresarial. Duraci\u00f3n: 180 horas Ap\u00fantate, plazas limitadas Se inician pr\u00f3ximamente Direcci\u00f3n empresarial para emprendedores Transforma la idea de tu negocio y pon en marcha el plan productivo de la empresa. Lidera tu propia organizaci\u00f3n. Duraci\u00f3n: 165 horas Ap\u00fantate, plazas limitadas Se inician pr\u00f3ximamente Ofim\u00e1tica \u00bfConocer el entorno Windows y sus posibilidades? Ahora puedes aprender y manejar los distintos programas de Microsoft Office y ser eficaz en tu trabajo. Duraci\u00f3n: 100 horas Ap\u00fantate, plazas limitadas Se inician pr\u00f3ximamente Liderazgo y direcci\u00f3n de organizaciones&nbsp;<a href=\"https:\/\/www.adehon.org\/es\/intersectorial-labora\/\" class=\"read-more\">Continuar Leyendo<\/a><\/p>\n","protected":false},"author":1,"featured_media":0,"parent":0,"menu_order":0,"comment_status":"closed","ping_status":"closed","template":"page-fullwidth.php","meta":{"footnotes":""},"class_list":["post-3211","page","type-page","status-publish","hentry"],"_links":{"self":[{"href":"https:\/\/www.adehon.org\/es\/wp-json\/wp\/v2\/pages\/3211","targetHints":{"allow":["GET"]}}],"collection":[{"href":"https:\/\/www.adehon.org\/es\/wp-json\/wp\/v2\/pages"}],"about":[{"href":"https:\/\/www.adehon.org\/es\/wp-json\/wp\/v2\/types\/page"}],"author":[{"embeddable":true,"href":"https:\/\/www.adehon.org\/es\/wp-json\/wp\/v2\/users\/1"}],"replies":[{"embeddable":true,"href":"https:\/\/www.adehon.org\/es\/wp-json\/wp\/v2\/comments?post=3211"}],"version-history":[{"count":25,"href":"https:\/\/www.adehon.org\/es\/wp-json\/wp\/v2\/pages\/3211\/revisions"}],"predecessor-version":[{"id":3693,"href":"https:\/\/www.adehon.org\/es\/wp-json\/wp\/v2\/pages\/3211\/revisions\/3693"}],"wp:attachment":[{"href":"https:\/\/www.adehon.org\/es\/wp-json\/wp\/v2\/media?parent=3211"}],"curies":[{"name":"wp","href":"https:\/\/api.w.org\/{rel}","templated":true}]}}