{"id":3235,"date":"2020-03-24T10:28:58","date_gmt":"2020-03-24T10:28:58","guid":{"rendered":"http:\/\/www.adehon.org\/es\/?page_id=3235"},"modified":"2020-03-24T18:25:49","modified_gmt":"2020-03-24T18:25:49","slug":"comercio-en-internet","status":"publish","type":"page","link":"https:\/\/www.adehon.org\/es\/comercio-en-internet\/","title":{"rendered":"Comercio en Internet"},"content":{"rendered":"<h2><a href=\"http:\/\/www.adehon.org\/es\/wp-content\/uploads\/2020\/02\/direccion-empresarial-de-emprendedores.jpg\"><img loading=\"lazy\" decoding=\"async\" class=\"alignleft wp-image-2908\" src=\"http:\/\/www.adehon.org\/es\/wp-content\/uploads\/2020\/02\/direccion-empresarial-de-emprendedores.jpg\" alt=\"\" width=\"192\" height=\"192\"><\/a><\/h2>\n<h1><span style=\"color: #000000;\">Comercio en Internet<\/span><\/h1>\n<h2><span style=\"color: #000000;\"><a href=\"http:\/\/www.adehon.org\/es\/wp-content\/uploads\/2020\/03\/comercio-en-internet.jpg\"><img loading=\"lazy\" decoding=\"async\" class=\"alignleft wp-image-3236 size-full\" src=\"http:\/\/www.adehon.org\/es\/wp-content\/uploads\/2020\/03\/comercio-en-internet.jpg\" alt=\"\" width=\"233\" height=\"238\"><\/a><span style=\"color: #ff0000;\">Plazas limitadas<\/span><\/span><\/h2>\n<p><img loading=\"lazy\" decoding=\"async\" class=\"alignleft wp-image-2943\" src=\"http:\/\/www.adehon.org\/es\/wp-content\/uploads\/2020\/02\/cycle-2019535_1280.png\" alt=\"\" width=\"30\" height=\"30\" srcset=\"https:\/\/www.adehon.org\/es\/wp-content\/uploads\/2020\/02\/cycle-2019535_1280.png 1274w, https:\/\/www.adehon.org\/es\/wp-content\/uploads\/2020\/02\/cycle-2019535_1280-150x150.png 150w, https:\/\/www.adehon.org\/es\/wp-content\/uploads\/2020\/02\/cycle-2019535_1280-300x300.png 300w, https:\/\/www.adehon.org\/es\/wp-content\/uploads\/2020\/02\/cycle-2019535_1280-768x772.png 768w, https:\/\/www.adehon.org\/es\/wp-content\/uploads\/2020\/02\/cycle-2019535_1280-1019x1024.png 1019w\" sizes=\"auto, (max-width: 30px) 100vw, 30px\" \/><\/p>\n<h2><span style=\"color: #000000;\">Intersectorial<\/span><\/h2>\n<p><img loading=\"lazy\" decoding=\"async\" class=\"alignleft wp-image-2951\" src=\"http:\/\/www.adehon.org\/es\/wp-content\/uploads\/2020\/02\/person-1824147_1280.png\" alt=\"\" width=\"29\" height=\"30\" srcset=\"https:\/\/www.adehon.org\/es\/wp-content\/uploads\/2020\/02\/person-1824147_1280.png 1229w, https:\/\/www.adehon.org\/es\/wp-content\/uploads\/2020\/02\/person-1824147_1280-150x150.png 150w, https:\/\/www.adehon.org\/es\/wp-content\/uploads\/2020\/02\/person-1824147_1280-288x300.png 288w, https:\/\/www.adehon.org\/es\/wp-content\/uploads\/2020\/02\/person-1824147_1280-768x800.png 768w, https:\/\/www.adehon.org\/es\/wp-content\/uploads\/2020\/02\/person-1824147_1280-983x1024.png 983w\" sizes=\"auto, (max-width: 29px) 100vw, 29px\" \/><\/p>\n<h2><span style=\"color: #000000;\">Aut\u00f3nomos y trabajadores<\/span><\/h2>\n<p><img loading=\"lazy\" decoding=\"async\" class=\"alignleft wp-image-2944\" src=\"http:\/\/www.adehon.org\/es\/wp-content\/uploads\/2020\/02\/web-1873373_1280.png\" alt=\"\" width=\"30\" height=\"30\" srcset=\"https:\/\/www.adehon.org\/es\/wp-content\/uploads\/2020\/02\/web-1873373_1280.png 1280w, https:\/\/www.adehon.org\/es\/wp-content\/uploads\/2020\/02\/web-1873373_1280-150x150.png 150w, https:\/\/www.adehon.org\/es\/wp-content\/uploads\/2020\/02\/web-1873373_1280-300x300.png 300w, https:\/\/www.adehon.org\/es\/wp-content\/uploads\/2020\/02\/web-1873373_1280-768x768.png 768w, https:\/\/www.adehon.org\/es\/wp-content\/uploads\/2020\/02\/web-1873373_1280-1024x1024.png 1024w\" sizes=\"auto, (max-width: 30px) 100vw, 30px\" \/><\/p>\n<h2><span style=\"color: #000000;\">Teleformaci\u00f3n, 90 horas<\/span><\/h2>\n<p><img loading=\"lazy\" decoding=\"async\" class=\"alignleft wp-image-2946\" src=\"http:\/\/www.adehon.org\/es\/wp-content\/uploads\/2020\/02\/calendar-1559935_1280.png\" alt=\"\" width=\"30\" height=\"27\" srcset=\"https:\/\/www.adehon.org\/es\/wp-content\/uploads\/2020\/02\/calendar-1559935_1280.png 1280w, https:\/\/www.adehon.org\/es\/wp-content\/uploads\/2020\/02\/calendar-1559935_1280-300x269.png 300w, https:\/\/www.adehon.org\/es\/wp-content\/uploads\/2020\/02\/calendar-1559935_1280-768x688.png 768w, https:\/\/www.adehon.org\/es\/wp-content\/uploads\/2020\/02\/calendar-1559935_1280-1024x918.png 1024w\" sizes=\"auto, (max-width: 30px) 100vw, 30px\" \/><\/p>\n<h2><span style=\"color: #000000;\">Julio 2019<\/span><\/h2>\n<p><img loading=\"lazy\" decoding=\"async\" class=\"alignleft wp-image-2957\" src=\"http:\/\/www.adehon.org\/es\/wp-content\/uploads\/2020\/02\/graduation-2864356_1280-1.png\" alt=\"\" width=\"30\" height=\"29\" srcset=\"https:\/\/www.adehon.org\/es\/wp-content\/uploads\/2020\/02\/graduation-2864356_1280-1.png 1280w, https:\/\/www.adehon.org\/es\/wp-content\/uploads\/2020\/02\/graduation-2864356_1280-1-150x150.png 150w, https:\/\/www.adehon.org\/es\/wp-content\/uploads\/2020\/02\/graduation-2864356_1280-1-300x288.png 300w, https:\/\/www.adehon.org\/es\/wp-content\/uploads\/2020\/02\/graduation-2864356_1280-1-768x738.png 768w, https:\/\/www.adehon.org\/es\/wp-content\/uploads\/2020\/02\/graduation-2864356_1280-1-1024x984.png 1024w\" sizes=\"auto, (max-width: 30px) 100vw, 30px\" \/><\/p>\n<h2><span style=\"color: #000000;\">Titulaci\u00f3n oficial por SEPE<\/span><\/h2>\n<h2><\/h2>\n<h2 style=\"padding-left: 30px;\">NOTA:<\/h2>\n<h2 style=\"padding-left: 30px;\">Hay un <strong>10% de plazas disponibles<\/strong> para trabajadores de la Administraci\u00f3n P\u00fablica y un <strong>30%<\/strong> para personas desempleadas.<\/h2>\n<h2><\/h2>\n<div class=\"ml-form-embed\" data-account=\"1702970:x2t9f5m1f1\" data-form=\"1865510:v6s2e8\"><\/div>\n<h3>O si lo prefieres puedes llamarnos al tel\u00e9fono GRATUITO:&nbsp;<strong>900902066&nbsp;<\/strong><\/h3>\n<p><strong>&nbsp;<a href=\"http:\/\/www.adehon.org\/es\/wp-content\/uploads\/2020\/03\/telefono.png\"><img loading=\"lazy\" decoding=\"async\" class=\"alignnone wp-image-3081 \" src=\"http:\/\/www.adehon.org\/es\/wp-content\/uploads\/2020\/03\/telefono-150x150.png\" alt=\"\" width=\"114\" height=\"114\"><\/a><\/strong><\/p>\n<hr>\n<h2 style=\"padding-left: 40px;\"><span style=\"color: #000000;\"><strong>TEMARIO<\/strong><\/span><\/h2>\n<h3 style=\"padding-left: 40px;\"><em><strong><span style=\"color: #000000;\">Objetivos del curso:<\/span><\/strong><\/em><\/h3>\n<h6 style=\"padding-left: 70px;\"><em><span style=\"color: #000000;\">El objetivo de este<strong>&nbsp;curso de marketing y reputaci\u00f3n online<\/strong>&nbsp;es aprender los&nbsp;conocimientos sobre las redes sociales en la empresa, la creaci\u00f3n de contenidos sociales, el marketing online, el posicionamiento en buscadores, las herramientas para optimizaci\u00f3n, la moderaci\u00f3n y gesti\u00f3n de contenidos en comunidades virtuales y la gesti\u00f3n de la reputaci\u00f3n on-line.<\/span><\/em><\/h6>\n<h3 style=\"padding-left: 40px;\"><span style=\"color: #000000;\"><strong>CONTENIDO:<\/strong><\/span><\/h3>\n<p style=\"padding-left: 40px;\"><span style=\"color: #000000;\"><strong>TEMA 1: MINIMIZAR COSTES<\/strong><\/span><\/p>\n<p style=\"padding-left: 40px;\"><span style=\"color: #000000;\">1.1. Web 2.0 + mundo online.<\/span><\/p>\n<p style=\"padding-left: 40px;\"><span style=\"color: #000000;\">1.2. Ahorra en tiempo.<\/span><\/p>\n<p style=\"padding-left: 40px;\"><span style=\"color: #000000;\">1.3. No pagar, o pagar menos (dentro de la legalidad).<\/span><\/p>\n<p style=\"padding-left: 40px;\"><span style=\"color: #000000;\">1.4. Clientes contentos, menos reclamaciones.<\/span><\/p>\n<p style=\"padding-left: 40px;\"><span style=\"color: #000000;\"><strong>TEMA 2. AUMENTAR LOS POSIBLES CLIENTES (MARKETING 2.0)<\/strong><\/span><\/p>\n<p style=\"padding-left: 40px;\"><span style=\"color: #000000;\">2.1. \u00bfCrear una p\u00e1gina? No siempre\u2026<\/span><\/p>\n<p style=\"padding-left: 40px;\"><span style=\"color: #000000;\">2.2. Trasladar lo \u00abtradicional\u00bb a Internet.<\/span><\/p>\n<p style=\"padding-left: 40px;\"><span style=\"color: #000000;\">2.3. Pensar \u00abpara\u00bb la red.<\/span><\/p>\n<p style=\"padding-left: 40px;\"><span style=\"color: #000000;\">2.4. Herramientas s\u00ed, \u2026 pero no todas para todo.<\/span><\/p>\n<p style=\"padding-left: 40px;\"><span style=\"color: #000000;\"><strong>TEMA 3: PRESENCIA EN LAS REDES SOCIALES<\/strong><\/span><\/p>\n<p style=\"padding-left: 40px;\"><span style=\"color: #000000;\">3.1. Que hablen de nosotros.<\/span><\/p>\n<p style=\"padding-left: 40px;\"><span style=\"color: #000000;\">3.2. Que hablen bien de nosotros.<\/span><\/p>\n<p style=\"padding-left: 40px;\"><span style=\"color: #000000;\">3.3. Mirar hacia el futuro: Web 3.0 y marketing 3.0.<\/span><\/p>\n<p style=\"padding-left: 40px;\"><span style=\"color: #000000;\"><strong>TEMA 4. CREAR INGRESOS (COMERCIO ELECTR\u00d3NICO)<\/strong><\/span><\/p>\n<p style=\"padding-left: 40px;\"><span style=\"color: #000000;\">4.1. Soluciones antes de crear una tienda virtual.<\/span><\/p>\n<p style=\"padding-left: 40px;\"><span style=\"color: #000000;\">4.2. Quiero una tienda\u2026<\/span><\/p>\n<p style=\"padding-left: 40px;\"><span style=\"color: #000000;\">4.3. Mejorar el proceso de cobro.<\/span><\/p>\n<p style=\"padding-left: 40px;\"><span style=\"color: #000000;\">4.4. M- Commerce.<\/span><\/p>\n<p style=\"padding-left: 40px;\"><span style=\"color: #000000;\">4.5. Aspectos legales.<\/span><\/p>\n<p style=\"padding-left: 30px;\"><strong>Este curso formativo se imparte en la <span style=\"color: #0000ff;\">modalidad online<\/span> y tiene una duraci\u00f3n de<span style=\"color: #0000ff;\"> 90 horas<\/span>.&nbsp;<\/strong><\/p>\n<p style=\"padding-left: 30px;\"><strong>Se realiza a trav\u00e9s de nuestra Plataforma Virtual, de forma, que puedes disponer de todo el contenido did\u00e1ctico en el aula del curso y estar\u00e1 accesible desde el primer d\u00eda de inicio del curso, las 24 horas todos los d\u00edas de la semana. Adem\u00e1s, contamos con un grupo de tutores especializados en la materia, que podr\u00e1s contar con ellos a trav\u00e9s del correo electr\u00f3nico, o por medio de la plataforma.<\/strong><\/p>\n<hr style=\"padding-left: 30px;\">\n<p style=\"padding-left: 30px;\"><b>Formaci\u00f3n 100% <\/b><span style=\"color: #000000;\"><b>Subvencionada<\/b><\/span><b>&nbsp;por:<\/b><\/p>\n<p>&nbsp;<a href=\"http:\/\/www.adehon.org\/es\/wp-content\/uploads\/2020\/02\/WEB_CAS_1206x250px.jpg\"><img loading=\"lazy\" decoding=\"async\" class=\"alignleft wp-image-2991 \" src=\"http:\/\/www.adehon.org\/es\/wp-content\/uploads\/2020\/02\/WEB_CAS_1206x250px.jpg\" alt=\"\" width=\"362\" height=\"75\" srcset=\"https:\/\/www.adehon.org\/es\/wp-content\/uploads\/2020\/02\/WEB_CAS_1206x250px.jpg 1206w, https:\/\/www.adehon.org\/es\/wp-content\/uploads\/2020\/02\/WEB_CAS_1206x250px-300x62.jpg 300w, https:\/\/www.adehon.org\/es\/wp-content\/uploads\/2020\/02\/WEB_CAS_1206x250px-768x159.jpg 768w, https:\/\/www.adehon.org\/es\/wp-content\/uploads\/2020\/02\/WEB_CAS_1206x250px-1024x212.jpg 1024w\" sizes=\"auto, (max-width: 362px) 100vw, 362px\" \/><\/a><\/p>\n","protected":false},"excerpt":{"rendered":"<p>Comercio en Internet Plazas limitadas Intersectorial Aut\u00f3nomos y trabajadores Teleformaci\u00f3n, 90 horas Julio 2019 Titulaci\u00f3n oficial por SEPE NOTA: Hay un 10% de plazas disponibles para trabajadores de la Administraci\u00f3n P\u00fablica y un 30% para personas desempleadas. O si lo prefieres puedes llamarnos al tel\u00e9fono GRATUITO:&nbsp;900902066&nbsp; &nbsp; TEMARIO Objetivos del curso: El objetivo de este&nbsp;curso de marketing y reputaci\u00f3n online&nbsp;es aprender los&nbsp;conocimientos sobre las redes sociales en la empresa, la creaci\u00f3n de contenidos sociales, el marketing online, el posicionamiento en buscadores, las herramientas para optimizaci\u00f3n, la moderaci\u00f3n y gesti\u00f3n de contenidos en comunidades virtuales y la gesti\u00f3n de la reputaci\u00f3n on-line. CONTENIDO: TEMA 1: MINIMIZAR COSTES 1.1. Web 2.0 + mundo online. 1.2. Ahorra en tiempo. 1.3. No pagar, o pagar menos (dentro de la legalidad). 1.4. Clientes contentos, menos reclamaciones. TEMA 2. AUMENTAR LOS POSIBLES CLIENTES (MARKETING 2.0) 2.1. \u00bfCrear una p\u00e1gina? No siempre\u2026 2.2. Trasladar lo \u00abtradicional\u00bb a Internet. 2.3. Pensar \u00abpara\u00bb la red. 2.4. Herramientas s\u00ed, \u2026&nbsp;<a href=\"https:\/\/www.adehon.org\/es\/comercio-en-internet\/\" class=\"read-more\">Continuar Leyendo<\/a><\/p>\n","protected":false},"author":1,"featured_media":0,"parent":0,"menu_order":0,"comment_status":"closed","ping_status":"closed","template":"page-fullwidth.php","meta":{"footnotes":""},"class_list":["post-3235","page","type-page","status-publish","hentry"],"_links":{"self":[{"href":"https:\/\/www.adehon.org\/es\/wp-json\/wp\/v2\/pages\/3235","targetHints":{"allow":["GET"]}}],"collection":[{"href":"https:\/\/www.adehon.org\/es\/wp-json\/wp\/v2\/pages"}],"about":[{"href":"https:\/\/www.adehon.org\/es\/wp-json\/wp\/v2\/types\/page"}],"author":[{"embeddable":true,"href":"https:\/\/www.adehon.org\/es\/wp-json\/wp\/v2\/users\/1"}],"replies":[{"embeddable":true,"href":"https:\/\/www.adehon.org\/es\/wp-json\/wp\/v2\/comments?post=3235"}],"version-history":[{"count":4,"href":"https:\/\/www.adehon.org\/es\/wp-json\/wp\/v2\/pages\/3235\/revisions"}],"predecessor-version":[{"id":3356,"href":"https:\/\/www.adehon.org\/es\/wp-json\/wp\/v2\/pages\/3235\/revisions\/3356"}],"wp:attachment":[{"href":"https:\/\/www.adehon.org\/es\/wp-json\/wp\/v2\/media?parent=3235"}],"curies":[{"name":"wp","href":"https:\/\/api.w.org\/{rel}","templated":true}]}}