{"id":3416,"date":"2020-12-04T09:29:19","date_gmt":"2020-12-04T09:29:19","guid":{"rendered":"https:\/\/www.adehon.org\/es\/?page_id=3416"},"modified":"2021-01-23T10:24:59","modified_gmt":"2021-01-23T10:24:59","slug":"actividades-administrativas-en-relacion-con-el-cliente","status":"publish","type":"page","link":"https:\/\/www.adehon.org\/es\/actividades-administrativas-en-relacion-con-el-cliente\/","title":{"rendered":"ACTIVIDADES ADMINISTRATIVAS EN RELACION CON EL CLIENTE"},"content":{"rendered":"\n<h2 class=\"wp-block-heading\"><strong>ACTIVIDADES ADMINISTRATIVAS EN RELACION CON EL CLIENTE<\/strong><\/h2>\n\n\n\n<div class=\"wp-block-image\"><figure class=\"alignright\"><img loading=\"lazy\" decoding=\"async\" width=\"300\" height=\"199\" src=\"https:\/\/www.adehon.org\/es\/wp-content\/uploads\/2020\/12\/bookkeeping-615384_1920-300x199.jpg\" alt=\"\" class=\"wp-image-3458\" srcset=\"https:\/\/www.adehon.org\/es\/wp-content\/uploads\/2020\/12\/bookkeeping-615384_1920-300x199.jpg 300w, https:\/\/www.adehon.org\/es\/wp-content\/uploads\/2020\/12\/bookkeeping-615384_1920-768x510.jpg 768w, https:\/\/www.adehon.org\/es\/wp-content\/uploads\/2020\/12\/bookkeeping-615384_1920-1024x680.jpg 1024w, https:\/\/www.adehon.org\/es\/wp-content\/uploads\/2020\/12\/bookkeeping-615384_1920-280x185.jpg 280w, https:\/\/www.adehon.org\/es\/wp-content\/uploads\/2020\/12\/bookkeeping-615384_1920.jpg 1920w\" sizes=\"auto, (max-width: 300px) 100vw, 300px\" \/><\/figure><\/div>\n\n\n\n<p class=\"has-medium-font-size\"><strong>Duraci\u00f3n del curso: <\/strong>800 horas<strong><br>Comienzo aprox.: <\/strong>30 Diciembre 2020<strong><br>Horario: <\/strong>Ma\u00f1ana o Tarde<strong><br>Homologado por: <\/strong>Conselleria de Econom\u00eda Sostenible, Sectores Productivos, Comercio y Trabajo<\/p>\n\n\n\n<p style=\"font-size:18px\"><strong>M\u00d3DULOS:<\/strong><\/p>\n\n\n\n<p><strong>MF0975_2:<\/strong> T\u00e9cnicas de recepci\u00f3n y comunicaci\u00f3n.<br><strong>MF0976_2: <\/strong>Operaciones administrativas comerciales<br><strong>MF0973_1: <\/strong>Grabaci\u00f3n de datos.<br><strong>MF0978_2: <\/strong>Gesti\u00f3n de Archivos.<br><strong>MF0977_2:<\/strong> Lengua extranjera profesional para la gesti\u00f3n administrativa en la relaci\u00f3n con el cliente<br><strong>MF0233_2: <\/strong>Ofim\u00e1tica<br><strong>MP0079:<\/strong> M\u00f3dulo de pr\u00e1cticas profesionales no laborales<\/p>\n\n\n\n<p style=\"font-size:18px\"><strong>SALIDAS PROFESIONALES: <\/strong><\/p>\n\n\n\n<p>Recepcionistas-telefonistas en oficinas, Operadores de central telef\u00f3nica, Empleados administrativos de los servicios de almacenamiento y recepci\u00f3n, Azafatos o auxiliares de informaci\u00f3n, Operadores-grabadores de datos en ordenador, Empleados administrativos con tareas de atenci\u00f3n al p\u00fablico, Auxiliar de apoyo administrativo a la gesti\u00f3n de compra y\/o venta\u2026<\/p>\n\n\n\n<p class=\"has-medium-font-size\"><strong>INFORMACI\u00d3N MATR\u00cdCULAS:<\/strong><\/p>\n\n\n\n<p class=\"has-medium-font-size\"><strong>promocion@adehon.es &#8211; marketing@adehon.es &#8211; 961309044<\/strong><\/p>\n\n\n\n<div class=\"ml-form-embed\" data-account=\"1702970:x2t9f5m1f1\" data-form=\"1865510:v6s2e8\"><\/div>\n\n\n\n<figure class=\"wp-block-image\"><img loading=\"lazy\" decoding=\"async\" width=\"1024\" height=\"147\" src=\"https:\/\/www.adehon.org\/es\/wp-content\/uploads\/2020\/06\/Copia-de-Sin-t\u00edtulo-1024x147.jpg\" alt=\"\" class=\"wp-image-3381\" srcset=\"https:\/\/www.adehon.org\/es\/wp-content\/uploads\/2020\/06\/Copia-de-Sin-t\u00edtulo-1024x147.jpg 1024w, https:\/\/www.adehon.org\/es\/wp-content\/uploads\/2020\/06\/Copia-de-Sin-t\u00edtulo-300x43.jpg 300w, https:\/\/www.adehon.org\/es\/wp-content\/uploads\/2020\/06\/Copia-de-Sin-t\u00edtulo-768x110.jpg 768w\" sizes=\"auto, (max-width: 1024px) 100vw, 1024px\" \/><\/figure>\n","protected":false},"excerpt":{"rendered":"<p>ACTIVIDADES ADMINISTRATIVAS EN RELACION CON EL CLIENTE Duraci\u00f3n del curso: 800 horasComienzo aprox.: 30 Diciembre 2020Horario: Ma\u00f1ana o TardeHomologado por: Conselleria de Econom\u00eda Sostenible, Sectores Productivos, Comercio y Trabajo M\u00d3DULOS: MF0975_2: T\u00e9cnicas de recepci\u00f3n y comunicaci\u00f3n.MF0976_2: Operaciones administrativas comercialesMF0973_1: Grabaci\u00f3n de datos.MF0978_2: Gesti\u00f3n de Archivos.MF0977_2: Lengua extranjera profesional para la gesti\u00f3n administrativa en la relaci\u00f3n con el clienteMF0233_2: Ofim\u00e1ticaMP0079: M\u00f3dulo de pr\u00e1cticas profesionales no laborales SALIDAS PROFESIONALES: Recepcionistas-telefonistas en oficinas, Operadores de central telef\u00f3nica, Empleados administrativos de los servicios de almacenamiento y recepci\u00f3n, Azafatos o auxiliares de informaci\u00f3n, Operadores-grabadores de datos en ordenador, Empleados administrativos con tareas de atenci\u00f3n al p\u00fablico, Auxiliar de apoyo administrativo a la gesti\u00f3n de compra y\/o venta\u2026 INFORMACI\u00d3N MATR\u00cdCULAS: promocion@adehon.es &#8211; marketing@adehon.es &#8211; 961309044<\/p>\n","protected":false},"author":1,"featured_media":0,"parent":0,"menu_order":0,"comment_status":"closed","ping_status":"closed","template":"page-fullwidth.php","meta":{"footnotes":""},"class_list":["post-3416","page","type-page","status-publish","hentry"],"_links":{"self":[{"href":"https:\/\/www.adehon.org\/es\/wp-json\/wp\/v2\/pages\/3416","targetHints":{"allow":["GET"]}}],"collection":[{"href":"https:\/\/www.adehon.org\/es\/wp-json\/wp\/v2\/pages"}],"about":[{"href":"https:\/\/www.adehon.org\/es\/wp-json\/wp\/v2\/types\/page"}],"author":[{"embeddable":true,"href":"https:\/\/www.adehon.org\/es\/wp-json\/wp\/v2\/users\/1"}],"replies":[{"embeddable":true,"href":"https:\/\/www.adehon.org\/es\/wp-json\/wp\/v2\/comments?post=3416"}],"version-history":[{"count":25,"href":"https:\/\/www.adehon.org\/es\/wp-json\/wp\/v2\/pages\/3416\/revisions"}],"predecessor-version":[{"id":3528,"href":"https:\/\/www.adehon.org\/es\/wp-json\/wp\/v2\/pages\/3416\/revisions\/3528"}],"wp:attachment":[{"href":"https:\/\/www.adehon.org\/es\/wp-json\/wp\/v2\/media?parent=3416"}],"curies":[{"name":"wp","href":"https:\/\/api.w.org\/{rel}","templated":true}]}}