{"id":3448,"date":"2020-12-04T09:44:58","date_gmt":"2020-12-04T09:44:58","guid":{"rendered":"https:\/\/www.adehon.org\/es\/?page_id=3448"},"modified":"2021-01-28T09:45:42","modified_gmt":"2021-01-28T09:45:42","slug":"programas-cursos-labora-desempleados-2020-2021","status":"publish","type":"page","link":"https:\/\/www.adehon.org\/es\/programas-cursos-labora-desempleados-2020-2021\/","title":{"rendered":"PROGRAMA CURSOS LABORA -DESEMPLEADOS 2020-2021"},"content":{"rendered":"\n<figure class=\"wp-block-image\"><img loading=\"lazy\" decoding=\"async\" width=\"1024\" height=\"147\" src=\"https:\/\/www.adehon.org\/es\/wp-content\/uploads\/2020\/06\/Copia-de-Sin-t\u00edtulo-1024x147.jpg\" alt=\"\" class=\"wp-image-3381\" srcset=\"https:\/\/www.adehon.org\/es\/wp-content\/uploads\/2020\/06\/Copia-de-Sin-t\u00edtulo-1024x147.jpg 1024w, https:\/\/www.adehon.org\/es\/wp-content\/uploads\/2020\/06\/Copia-de-Sin-t\u00edtulo-300x43.jpg 300w, https:\/\/www.adehon.org\/es\/wp-content\/uploads\/2020\/06\/Copia-de-Sin-t\u00edtulo-768x110.jpg 768w\" sizes=\"auto, (max-width: 1024px) 100vw, 1024px\" \/><\/figure>\n\n\n<ul>\n<li>\n<h2><span style=\"color: #99cc00;\"><a style=\"color: #99cc00;\" href=\"https:\/\/www.adehon.org\/es\/actividades-de-gestion-administrativa\/\" target=\"_blank\" rel=\"noopener noreferrer\">Actividades de Gesti\u00f3n Administrativa<\/a><\/span><\/h2>\n<\/li>\n<li>\n<h2><span style=\"color: #99cc00;\"><a style=\"color: #99cc00;\" href=\"https:\/\/www.adehon.org\/es\/actividades-administrativas-en-relacion-con-el-cliente\/\" target=\"_blank\" rel=\"noopener noreferrer\">Actividades Administrativas en Relaci\u00f3n con el Cliente<\/a><\/span><\/h2>\n<\/li>\n<li>\n<h2><span style=\"color: #99cc00;\"><a style=\"color: #99cc00;\" href=\"https:\/\/www.adehon.org\/es\/asistencia-a-la-direccion\/\" target=\"_blank\" rel=\"noopener noreferrer\">Asistencia a la Direcci\u00f3n<\/a><\/span><\/h2>\n<\/li>\n<li>\n<h2><span style=\"color: #99cc00;\"><a style=\"color: #99cc00;\" href=\"https:\/\/www.adehon.org\/es\/financiacion-de-empresas\/\" target=\"_blank\" rel=\"noopener noreferrer\">Financiaci\u00f3n de Empresas<\/a><\/span><\/h2>\n<\/li>\n<li>\n<h2><span style=\"color: #99cc00;\"><a style=\"color: #99cc00;\" href=\"https:\/\/www.adehon.org\/es\/gestion-administrativa-y-financiera-del-comercio-internacional\/\" target=\"_blank\" rel=\"noopener noreferrer\">Gesti\u00f3n Administrativa y Financiera del Comercio Internacional<\/a><\/span><\/h2>\n<\/li>\n<li>\n<h2><a href=\"https:\/\/www.adehon.org\/es\/gestion-contable-y-gestion-administrativa-para-auditoria\/\"><span style=\"color: #99cc00;\">Gesti\u00f3n contable y gesti\u00f3n administrativa para auditor\u00eda<\/span><\/a><\/h2>\n<\/li>\n<li>\n<h2><span style=\"color: #99cc00;\"><a style=\"color: #99cc00;\" href=\"https:\/\/www.adehon.org\/es\/marketing-y-compraventa-internacional\/\" target=\"_blank\" rel=\"noopener noreferrer\">Marketing y Compraventa Internacional<\/a><\/span><\/h2>\n<\/li>\n<li>\n<h2><span style=\"color: #99cc00;\"><a style=\"color: #99cc00;\" href=\"https:\/\/www.adehon.org\/es\/operaciones-auxiliares-de-servicios-administrativos-y-generales\/\">Operaciones Auxiliares de servicios administrativos y generales<\/a><\/span><\/h2>\n<\/li>\n<li>\n<h2><span style=\"color: #99cc00;\"><a style=\"color: #99cc00;\" href=\"https:\/\/www.adehon.org\/es\/operaciones-de-grabacion-y-tratamiento-de-datos-y-documentos\/\">Operaciones de grabaci\u00f3n y tratamiento de datos y documentos<\/a><\/span><\/h2>\n<\/li>\n<\/ul>\n<p style=\"text-align: right;\"><strong><span style=\"color: #000000;\">ACTUALIZADO 28\/01\/2021<\/span><\/strong><\/p>\n<p><\/p>\n\n\n<div class=\"ml-form-embed\" data-account=\"1702970:x2t9f5m1f1\" data-form=\"1865510:v6s2e8\"><\/div>\n","protected":false},"excerpt":{"rendered":"<p>Actividades de Gesti\u00f3n Administrativa Actividades Administrativas en Relaci\u00f3n con el Cliente Asistencia a la Direcci\u00f3n Financiaci\u00f3n de Empresas Gesti\u00f3n Administrativa y Financiera del Comercio Internacional Gesti\u00f3n contable y gesti\u00f3n administrativa para auditor\u00eda Marketing y Compraventa Internacional Operaciones Auxiliares de servicios administrativos y generales Operaciones de grabaci\u00f3n y tratamiento de datos y documentos ACTUALIZADO 28\/01\/2021<\/p>\n","protected":false},"author":1,"featured_media":0,"parent":0,"menu_order":2,"comment_status":"closed","ping_status":"closed","template":"","meta":{"footnotes":""},"class_list":["post-3448","page","type-page","status-publish","hentry"],"_links":{"self":[{"href":"https:\/\/www.adehon.org\/es\/wp-json\/wp\/v2\/pages\/3448","targetHints":{"allow":["GET"]}}],"collection":[{"href":"https:\/\/www.adehon.org\/es\/wp-json\/wp\/v2\/pages"}],"about":[{"href":"https:\/\/www.adehon.org\/es\/wp-json\/wp\/v2\/types\/page"}],"author":[{"embeddable":true,"href":"https:\/\/www.adehon.org\/es\/wp-json\/wp\/v2\/users\/1"}],"replies":[{"embeddable":true,"href":"https:\/\/www.adehon.org\/es\/wp-json\/wp\/v2\/comments?post=3448"}],"version-history":[{"count":14,"href":"https:\/\/www.adehon.org\/es\/wp-json\/wp\/v2\/pages\/3448\/revisions"}],"predecessor-version":[{"id":3695,"href":"https:\/\/www.adehon.org\/es\/wp-json\/wp\/v2\/pages\/3448\/revisions\/3695"}],"wp:attachment":[{"href":"https:\/\/www.adehon.org\/es\/wp-json\/wp\/v2\/media?parent=3448"}],"curies":[{"name":"wp","href":"https:\/\/api.w.org\/{rel}","templated":true}]}}