{"id":3455,"date":"2020-12-04T10:05:17","date_gmt":"2020-12-04T10:05:17","guid":{"rendered":"https:\/\/www.adehon.org\/es\/?page_id=3455"},"modified":"2021-01-23T10:25:46","modified_gmt":"2021-01-23T10:25:46","slug":"actividades-de-gestion-administrativa","status":"publish","type":"page","link":"https:\/\/www.adehon.org\/es\/actividades-de-gestion-administrativa\/","title":{"rendered":"ACTIVIDADES DE GESTION ADMINISTRATIVA"},"content":{"rendered":"\n<h2 class=\"wp-block-heading\">ACTIVIDADES DE GESTION ADMINISTRATIVA<\/h2>\n\n\n\n<div class=\"wp-block-image\"><figure class=\"alignright\"><img loading=\"lazy\" decoding=\"async\" width=\"300\" height=\"177\" src=\"https:\/\/www.adehon.org\/es\/wp-content\/uploads\/2020\/12\/calculator-385506_1920-300x177.jpg\" alt=\"\" class=\"wp-image-3462\" srcset=\"https:\/\/www.adehon.org\/es\/wp-content\/uploads\/2020\/12\/calculator-385506_1920-300x177.jpg 300w, https:\/\/www.adehon.org\/es\/wp-content\/uploads\/2020\/12\/calculator-385506_1920-768x452.jpg 768w, https:\/\/www.adehon.org\/es\/wp-content\/uploads\/2020\/12\/calculator-385506_1920-1024x603.jpg 1024w, https:\/\/www.adehon.org\/es\/wp-content\/uploads\/2020\/12\/calculator-385506_1920.jpg 1920w\" sizes=\"auto, (max-width: 300px) 100vw, 300px\" \/><\/figure><\/div>\n\n\n\n<p class=\"has-medium-font-size\"><strong>Duraci\u00f3n del curso: <\/strong>810 horas<strong><br>Comienzo aprox.: <\/strong>30 Diciembre 2020<strong><br>Horario: <\/strong>Ma\u00f1ana o Tarde<strong><br>Homologado por: <\/strong>Conselleria de Econom\u00eda Sostenible, Sectores Productivos, Comercio y Trabajo<\/p>\n\n\n\n<p style=\"font-size:18px\"><strong>M\u00d3DULOS:<\/strong><\/p>\n\n\n\n<p><strong>MF0976_2:<\/strong>\nOperaciones administrativas comerciales. <\/p>\n\n\n\n<p><strong>MF0979_2:<\/strong>\nGesti\u00f3n operativa de tesorer\u00eda. <\/p>\n\n\n\n<p><strong>MF0980_2:<\/strong>\nGesti\u00f3n auxiliar de personal. <\/p>\n\n\n\n<p><strong>MF0981_2:<\/strong>\nRegistros contables. <\/p>\n\n\n\n<p><strong>MF0978_2:<\/strong>\nGesti\u00f3n de archivos. <\/p>\n\n\n\n<p><strong>MF0233_2:<\/strong>\nOfim\u00e1tica <\/p>\n\n\n\n<p><strong>MP0079:<\/strong> M\u00f3dulo de pr\u00e1cticas profesionales no laborales <\/p>\n\n\n\n<p class=\"has-text-color has-background has-very-light-gray-color has-vivid-red-background-color\">REQUISITOS: TENER CURSADO MF0973_1: Grabaci\u00f3n de datos.<\/p>\n\n\n\n<p style=\"font-size:18px\"><strong>SALIDAS PROFESIONALES: <\/strong><\/p>\n\n\n\n<p>Empleados administrativos de contabilidad, aux. admvo. de cobros y pagos, aux. admvo. de contabilidad, aux. admvo. de facturaci\u00f3n, empleados administrativos, aux. admvo. comercial, aux. admvo. de RRHH, auxiliar administrativo en Administraciones P\u00fablicas.<\/p>\n\n\n\n<p class=\"has-medium-font-size\"><strong>INFORMACI\u00d3N MATR\u00cdCULAS:<\/strong><\/p>\n\n\n\n<p class=\"has-medium-font-size\"><strong>promocion@adehon.es &#8211; marketing@adehon.es &#8211; 961309044<\/strong><\/p>\n\n\n\n<div class=\"ml-form-embed\" data-account=\"1702970:x2t9f5m1f1\" data-form=\"1865510:v6s2e8\"><\/div>\n\n\n\n<figure class=\"wp-block-image\"><img loading=\"lazy\" decoding=\"async\" width=\"1024\" height=\"147\" src=\"https:\/\/www.adehon.org\/es\/wp-content\/uploads\/2020\/06\/Copia-de-Sin-t\u00edtulo-1024x147.jpg\" alt=\"\" class=\"wp-image-3381\" srcset=\"https:\/\/www.adehon.org\/es\/wp-content\/uploads\/2020\/06\/Copia-de-Sin-t\u00edtulo-1024x147.jpg 1024w, https:\/\/www.adehon.org\/es\/wp-content\/uploads\/2020\/06\/Copia-de-Sin-t\u00edtulo-300x43.jpg 300w, https:\/\/www.adehon.org\/es\/wp-content\/uploads\/2020\/06\/Copia-de-Sin-t\u00edtulo-768x110.jpg 768w\" sizes=\"auto, (max-width: 1024px) 100vw, 1024px\" \/><\/figure>\n","protected":false},"excerpt":{"rendered":"<p>ACTIVIDADES DE GESTION ADMINISTRATIVA Duraci\u00f3n del curso: 810 horasComienzo aprox.: 30 Diciembre 2020Horario: Ma\u00f1ana o TardeHomologado por: Conselleria de Econom\u00eda Sostenible, Sectores Productivos, Comercio y Trabajo M\u00d3DULOS: MF0976_2: Operaciones administrativas comerciales. MF0979_2: Gesti\u00f3n operativa de tesorer\u00eda. MF0980_2: Gesti\u00f3n auxiliar de personal. MF0981_2: Registros contables. MF0978_2: Gesti\u00f3n de archivos. MF0233_2: Ofim\u00e1tica MP0079: M\u00f3dulo de pr\u00e1cticas profesionales no laborales REQUISITOS: TENER CURSADO MF0973_1: Grabaci\u00f3n de datos. SALIDAS PROFESIONALES: Empleados administrativos de contabilidad, aux. admvo. de cobros y pagos, aux. admvo. de contabilidad, aux. admvo. de facturaci\u00f3n, empleados administrativos, aux. admvo. comercial, aux. admvo. de RRHH, auxiliar administrativo en Administraciones P\u00fablicas. INFORMACI\u00d3N MATR\u00cdCULAS: promocion@adehon.es &#8211; marketing@adehon.es &#8211; 961309044<\/p>\n","protected":false},"author":1,"featured_media":0,"parent":0,"menu_order":0,"comment_status":"closed","ping_status":"closed","template":"page-fullwidth.php","meta":{"footnotes":""},"class_list":["post-3455","page","type-page","status-publish","hentry"],"_links":{"self":[{"href":"https:\/\/www.adehon.org\/es\/wp-json\/wp\/v2\/pages\/3455","targetHints":{"allow":["GET"]}}],"collection":[{"href":"https:\/\/www.adehon.org\/es\/wp-json\/wp\/v2\/pages"}],"about":[{"href":"https:\/\/www.adehon.org\/es\/wp-json\/wp\/v2\/types\/page"}],"author":[{"embeddable":true,"href":"https:\/\/www.adehon.org\/es\/wp-json\/wp\/v2\/users\/1"}],"replies":[{"embeddable":true,"href":"https:\/\/www.adehon.org\/es\/wp-json\/wp\/v2\/comments?post=3455"}],"version-history":[{"count":5,"href":"https:\/\/www.adehon.org\/es\/wp-json\/wp\/v2\/pages\/3455\/revisions"}],"predecessor-version":[{"id":3529,"href":"https:\/\/www.adehon.org\/es\/wp-json\/wp\/v2\/pages\/3455\/revisions\/3529"}],"wp:attachment":[{"href":"https:\/\/www.adehon.org\/es\/wp-json\/wp\/v2\/media?parent=3455"}],"curies":[{"name":"wp","href":"https:\/\/api.w.org\/{rel}","templated":true}]}}