{"id":3464,"date":"2020-12-04T10:10:27","date_gmt":"2020-12-04T10:10:27","guid":{"rendered":"https:\/\/www.adehon.org\/es\/?page_id=3464"},"modified":"2021-01-23T10:26:06","modified_gmt":"2021-01-23T10:26:06","slug":"asistencia-a-la-direccion","status":"publish","type":"page","link":"https:\/\/www.adehon.org\/es\/asistencia-a-la-direccion\/","title":{"rendered":"ASISTENCIA A LA DIRECCI\u00d3N"},"content":{"rendered":"\n<h2 class=\"wp-block-heading\">ASISTENCIA A LA DIRECCI\u00d3N<\/h2>\n\n\n\n<div class=\"wp-block-image\"><figure class=\"alignright\"><img loading=\"lazy\" decoding=\"async\" width=\"300\" height=\"177\" src=\"https:\/\/www.adehon.org\/es\/wp-content\/uploads\/2020\/12\/write-593333_1920-300x177.jpg\" alt=\"\" class=\"wp-image-3465\" srcset=\"https:\/\/www.adehon.org\/es\/wp-content\/uploads\/2020\/12\/write-593333_1920-300x177.jpg 300w, https:\/\/www.adehon.org\/es\/wp-content\/uploads\/2020\/12\/write-593333_1920-768x454.jpg 768w, https:\/\/www.adehon.org\/es\/wp-content\/uploads\/2020\/12\/write-593333_1920-1024x605.jpg 1024w, https:\/\/www.adehon.org\/es\/wp-content\/uploads\/2020\/12\/write-593333_1920.jpg 1920w\" sizes=\"auto, (max-width: 300px) 100vw, 300px\" \/><\/figure><\/div>\n\n\n\n<p class=\"has-medium-font-size\"><strong>Duraci\u00f3n del curso: 685<\/strong> horas<strong><br>Comienzo aprox.: <\/strong>30 Diciembre 2020<strong><br>Horario: <\/strong>Ma\u00f1ana o Tarde<strong><br>Homologado por: <\/strong>Conselleria de Econom\u00eda Sostenible, Sectores Productivos, Comercio y Trabajo<\/p>\n\n\n\n<p style=\"font-size:18px\"><strong>M\u00d3DULOS:<\/strong><\/p>\n\n\n\n<p><strong>MF0982_3:<\/strong> Administraci\u00f3n y gesti\u00f3n de las\ncomunicaciones de la direcci\u00f3n. <\/p>\n\n\n\n<p><strong>MF0983_3:<\/strong> Gesti\u00f3n de reuniones, viajes y eventos. <\/p>\n\n\n\n<p><strong>MF0986_3:<\/strong> Elaboraci\u00f3n, tratamiento y presentaci\u00f3n de\ndocumentos de trabajo. <\/p>\n\n\n\n<p><strong>MF0984_3:<\/strong> Ingl\u00e9s profesional para la asistencia a la\ndirecci\u00f3n. <\/p>\n\n\n\n<p><strong>MF0985_2:<\/strong> Lengua extranjera profesional distinta del\ningl\u00e9s, para la asistencia a la direcci\u00f3n. <\/p>\n\n\n\n<p><strong>MP0076:<\/strong> M\u00f3dulo de pr\u00e1cticas profesionales no\nlaborales.<\/p>\n\n\n\n<p style=\"font-size:18px\"><strong>SALIDAS PROFESIONALES: <\/strong><\/p>\n\n\n\n<p>Secretarios\/as de direcci\u00f3n, secretarios\/as en general, asistente a la direcci\u00f3n.<\/p>\n\n\n\n<p class=\"has-medium-font-size\"><strong>INFORMACI\u00d3N MATR\u00cdCULAS:<\/strong><\/p>\n\n\n\n<p class=\"has-medium-font-size\"><strong>promocion@adehon.es &#8211; marketing@adehon.es &#8211; 961309044<\/strong><\/p>\n\n\n\n<div class=\"ml-form-embed\" data-account=\"1702970:x2t9f5m1f1\" data-form=\"1865510:v6s2e8\"><\/div>\n\n\n\n<figure class=\"wp-block-image\"><img loading=\"lazy\" decoding=\"async\" width=\"1024\" height=\"147\" src=\"https:\/\/www.adehon.org\/es\/wp-content\/uploads\/2020\/06\/Copia-de-Sin-t\u00edtulo-1024x147.jpg\" alt=\"\" class=\"wp-image-3381\" srcset=\"https:\/\/www.adehon.org\/es\/wp-content\/uploads\/2020\/06\/Copia-de-Sin-t\u00edtulo-1024x147.jpg 1024w, https:\/\/www.adehon.org\/es\/wp-content\/uploads\/2020\/06\/Copia-de-Sin-t\u00edtulo-300x43.jpg 300w, https:\/\/www.adehon.org\/es\/wp-content\/uploads\/2020\/06\/Copia-de-Sin-t\u00edtulo-768x110.jpg 768w\" sizes=\"auto, (max-width: 1024px) 100vw, 1024px\" \/><\/figure>\n","protected":false},"excerpt":{"rendered":"<p>ASISTENCIA A LA DIRECCI\u00d3N Duraci\u00f3n del curso: 685 horasComienzo aprox.: 30 Diciembre 2020Horario: Ma\u00f1ana o TardeHomologado por: Conselleria de Econom\u00eda Sostenible, Sectores Productivos, Comercio y Trabajo M\u00d3DULOS: MF0982_3: Administraci\u00f3n y gesti\u00f3n de las comunicaciones de la direcci\u00f3n. MF0983_3: Gesti\u00f3n de reuniones, viajes y eventos. MF0986_3: Elaboraci\u00f3n, tratamiento y presentaci\u00f3n de documentos de trabajo. MF0984_3: Ingl\u00e9s profesional para la asistencia a la direcci\u00f3n. MF0985_2: Lengua extranjera profesional distinta del ingl\u00e9s, para la asistencia a la direcci\u00f3n. MP0076: M\u00f3dulo de pr\u00e1cticas profesionales no laborales. SALIDAS PROFESIONALES: Secretarios\/as de direcci\u00f3n, secretarios\/as en general, asistente a la direcci\u00f3n. INFORMACI\u00d3N MATR\u00cdCULAS: promocion@adehon.es &#8211; marketing@adehon.es &#8211; 961309044<\/p>\n","protected":false},"author":1,"featured_media":0,"parent":0,"menu_order":0,"comment_status":"closed","ping_status":"closed","template":"page-fullwidth.php","meta":{"footnotes":""},"class_list":["post-3464","page","type-page","status-publish","hentry"],"_links":{"self":[{"href":"https:\/\/www.adehon.org\/es\/wp-json\/wp\/v2\/pages\/3464","targetHints":{"allow":["GET"]}}],"collection":[{"href":"https:\/\/www.adehon.org\/es\/wp-json\/wp\/v2\/pages"}],"about":[{"href":"https:\/\/www.adehon.org\/es\/wp-json\/wp\/v2\/types\/page"}],"author":[{"embeddable":true,"href":"https:\/\/www.adehon.org\/es\/wp-json\/wp\/v2\/users\/1"}],"replies":[{"embeddable":true,"href":"https:\/\/www.adehon.org\/es\/wp-json\/wp\/v2\/comments?post=3464"}],"version-history":[{"count":3,"href":"https:\/\/www.adehon.org\/es\/wp-json\/wp\/v2\/pages\/3464\/revisions"}],"predecessor-version":[{"id":3530,"href":"https:\/\/www.adehon.org\/es\/wp-json\/wp\/v2\/pages\/3464\/revisions\/3530"}],"wp:attachment":[{"href":"https:\/\/www.adehon.org\/es\/wp-json\/wp\/v2\/media?parent=3464"}],"curies":[{"name":"wp","href":"https:\/\/api.w.org\/{rel}","templated":true}]}}