{"id":3467,"date":"2020-12-04T10:15:11","date_gmt":"2020-12-04T10:15:11","guid":{"rendered":"https:\/\/www.adehon.org\/es\/?page_id=3467"},"modified":"2021-01-23T10:26:24","modified_gmt":"2021-01-23T10:26:24","slug":"financiacion-de-empresas","status":"publish","type":"page","link":"https:\/\/www.adehon.org\/es\/financiacion-de-empresas\/","title":{"rendered":"FINANCIACI\u00d3N DE EMPRESAS"},"content":{"rendered":"\n<h2 class=\"wp-block-heading\">FINANCIACI\u00d3N DE EMPRESAS<\/h2>\n\n\n\n<div class=\"wp-block-image\"><figure class=\"alignright\"><img loading=\"lazy\" decoding=\"async\" width=\"300\" height=\"199\" src=\"https:\/\/www.adehon.org\/es\/wp-content\/uploads\/2020\/12\/financial-2860753_1920-300x199.jpg\" alt=\"\" class=\"wp-image-3468\" srcset=\"https:\/\/www.adehon.org\/es\/wp-content\/uploads\/2020\/12\/financial-2860753_1920-300x199.jpg 300w, https:\/\/www.adehon.org\/es\/wp-content\/uploads\/2020\/12\/financial-2860753_1920-768x508.jpg 768w, https:\/\/www.adehon.org\/es\/wp-content\/uploads\/2020\/12\/financial-2860753_1920-1024x678.jpg 1024w, https:\/\/www.adehon.org\/es\/wp-content\/uploads\/2020\/12\/financial-2860753_1920-280x185.jpg 280w, https:\/\/www.adehon.org\/es\/wp-content\/uploads\/2020\/12\/financial-2860753_1920.jpg 1920w\" sizes=\"auto, (max-width: 300px) 100vw, 300px\" \/><\/figure><\/div>\n\n\n\n<p class=\"has-medium-font-size\"><strong>Duraci\u00f3n del curso: 705<\/strong> horas<strong><br>Comienzo aprox.: <\/strong>30 Diciembre 2020<strong><br>Horario: <\/strong>Ma\u00f1ana o Tarde<strong><br>Homologado por: <\/strong>Conselleria de Econom\u00eda Sostenible, Sectores Productivos, Comercio y Trabajo<\/p>\n\n\n\n<p style=\"font-size:18px\"><strong>M\u00d3DULOS:<\/strong><\/p>\n\n\n\n<p><strong>MF0498_3:<\/strong> An\u00e1lisis contable y presupuestario. <\/p>\n\n\n\n<p><strong>MF0499_3:<\/strong> Productos, servicios y activos financieros.\n<\/p>\n\n\n\n<p><strong>MF0500_3:<\/strong> Gesti\u00f3n de tesorer\u00eda. <\/p>\n\n\n\n<p><strong>MF0233_2:<\/strong> Ofim\u00e1tica. <\/p>\n\n\n\n<p><strong>MP0077:<\/strong> M\u00f3dulo de pr\u00e1cticas profesionales no\nlaborales.<\/p>\n\n\n\n<p style=\"font-size:18px\"><strong>SALIDAS PROFESIONALES: <\/strong><\/p>\n\n\n\n<p>Directores de sucursal de entidad financiera, t\u00e9cnicos superiores en contabilidad y finanzas en general, interventores de empresa, an\u00e1lisis presupuestarios y de riesgos, t\u00e9cnicos de operat iva interna de entidad, t\u00e9cnicos de apoyo en auditoria y operaciones financieras, gestores de solvencia y cobros.<\/p>\n\n\n\n<p class=\"has-medium-font-size\"><strong>INFORMACI\u00d3N MATR\u00cdCULAS:<\/strong><\/p>\n\n\n\n<p class=\"has-medium-font-size\"><strong>promocion@adehon.es &#8211; marketing@adehon.es &#8211; 961309044<\/strong><\/p>\n\n\n\n<div class=\"ml-form-embed\" data-account=\"1702970:x2t9f5m1f1\" data-form=\"1865510:v6s2e8\"><\/div>\n\n\n\n<figure class=\"wp-block-image\"><img loading=\"lazy\" decoding=\"async\" width=\"1024\" height=\"147\" src=\"https:\/\/www.adehon.org\/es\/wp-content\/uploads\/2020\/06\/Copia-de-Sin-t\u00edtulo-1024x147.jpg\" alt=\"\" class=\"wp-image-3381\" srcset=\"https:\/\/www.adehon.org\/es\/wp-content\/uploads\/2020\/06\/Copia-de-Sin-t\u00edtulo-1024x147.jpg 1024w, https:\/\/www.adehon.org\/es\/wp-content\/uploads\/2020\/06\/Copia-de-Sin-t\u00edtulo-300x43.jpg 300w, https:\/\/www.adehon.org\/es\/wp-content\/uploads\/2020\/06\/Copia-de-Sin-t\u00edtulo-768x110.jpg 768w\" sizes=\"auto, (max-width: 1024px) 100vw, 1024px\" \/><\/figure>\n","protected":false},"excerpt":{"rendered":"<p>FINANCIACI\u00d3N DE EMPRESAS Duraci\u00f3n del curso: 705 horasComienzo aprox.: 30 Diciembre 2020Horario: Ma\u00f1ana o TardeHomologado por: Conselleria de Econom\u00eda Sostenible, Sectores Productivos, Comercio y Trabajo M\u00d3DULOS: MF0498_3: An\u00e1lisis contable y presupuestario. MF0499_3: Productos, servicios y activos financieros. MF0500_3: Gesti\u00f3n de tesorer\u00eda. MF0233_2: Ofim\u00e1tica. MP0077: M\u00f3dulo de pr\u00e1cticas profesionales no laborales. SALIDAS PROFESIONALES: Directores de sucursal de entidad financiera, t\u00e9cnicos superiores en contabilidad y finanzas en general, interventores de empresa, an\u00e1lisis presupuestarios y de riesgos, t\u00e9cnicos de operat iva interna de entidad, t\u00e9cnicos de apoyo en auditoria y operaciones financieras, gestores de solvencia y cobros. INFORMACI\u00d3N MATR\u00cdCULAS: promocion@adehon.es &#8211; marketing@adehon.es &#8211; 961309044<\/p>\n","protected":false},"author":1,"featured_media":0,"parent":0,"menu_order":0,"comment_status":"closed","ping_status":"closed","template":"page-fullwidth.php","meta":{"footnotes":""},"class_list":["post-3467","page","type-page","status-publish","hentry"],"_links":{"self":[{"href":"https:\/\/www.adehon.org\/es\/wp-json\/wp\/v2\/pages\/3467","targetHints":{"allow":["GET"]}}],"collection":[{"href":"https:\/\/www.adehon.org\/es\/wp-json\/wp\/v2\/pages"}],"about":[{"href":"https:\/\/www.adehon.org\/es\/wp-json\/wp\/v2\/types\/page"}],"author":[{"embeddable":true,"href":"https:\/\/www.adehon.org\/es\/wp-json\/wp\/v2\/users\/1"}],"replies":[{"embeddable":true,"href":"https:\/\/www.adehon.org\/es\/wp-json\/wp\/v2\/comments?post=3467"}],"version-history":[{"count":3,"href":"https:\/\/www.adehon.org\/es\/wp-json\/wp\/v2\/pages\/3467\/revisions"}],"predecessor-version":[{"id":3531,"href":"https:\/\/www.adehon.org\/es\/wp-json\/wp\/v2\/pages\/3467\/revisions\/3531"}],"wp:attachment":[{"href":"https:\/\/www.adehon.org\/es\/wp-json\/wp\/v2\/media?parent=3467"}],"curies":[{"name":"wp","href":"https:\/\/api.w.org\/{rel}","templated":true}]}}