{"id":3470,"date":"2020-12-04T10:29:19","date_gmt":"2020-12-04T10:29:19","guid":{"rendered":"https:\/\/www.adehon.org\/es\/?page_id=3470"},"modified":"2021-01-23T10:26:49","modified_gmt":"2021-01-23T10:26:49","slug":"gestion-administrativa-y-financiera-del-comercio-internacional","status":"publish","type":"page","link":"https:\/\/www.adehon.org\/es\/gestion-administrativa-y-financiera-del-comercio-internacional\/","title":{"rendered":"GESTI\u00d3N ADMINISTRATIVA Y FINANCIERA DEL COMERCIO INTERNACIONAL"},"content":{"rendered":"\n<h2 class=\"wp-block-heading\">GESTI\u00d3N ADMINISTRATIVA Y FINANCIERA DEL COMERCIO INTERNACIONAL<\/h2>\n\n\n\n<div class=\"wp-block-image\"><figure class=\"alignright\"><img loading=\"lazy\" decoding=\"async\" width=\"300\" height=\"200\" src=\"https:\/\/www.adehon.org\/es\/wp-content\/uploads\/2020\/12\/handshake-2998302_1920-300x200.jpg\" alt=\"\" class=\"wp-image-3471\" srcset=\"https:\/\/www.adehon.org\/es\/wp-content\/uploads\/2020\/12\/handshake-2998302_1920-300x200.jpg 300w, https:\/\/www.adehon.org\/es\/wp-content\/uploads\/2020\/12\/handshake-2998302_1920-768x512.jpg 768w, https:\/\/www.adehon.org\/es\/wp-content\/uploads\/2020\/12\/handshake-2998302_1920-1024x682.jpg 1024w, https:\/\/www.adehon.org\/es\/wp-content\/uploads\/2020\/12\/handshake-2998302_1920.jpg 1920w\" sizes=\"auto, (max-width: 300px) 100vw, 300px\" \/><\/figure><\/div>\n\n\n\n<p class=\"has-medium-font-size\"><strong>Duraci\u00f3n del curso: 700<\/strong> horas<strong><br>Comienzo aprox.: <\/strong>30 Diciembre 2020<strong><br>Horario: <\/strong>Ma\u00f1ana o Tarde<strong><br>Homologado por: <\/strong>Conselleria de Econom\u00eda Sostenible, Sectores Productivos, Comercio y Trabajo<\/p>\n\n\n\n<p style=\"font-size:18px\"><strong>M\u00d3DULOS:<\/strong><\/p>\n\n\n\n<p><strong>MF0242_3: <\/strong>Gesti\u00f3n administrativa del comercio\ninternacional. <\/p>\n\n\n\n<p><strong>MF0243_3: <\/strong>Financiaci\u00f3n internacional. <\/p>\n\n\n\n<p><strong>MF0244_3: <\/strong>Medios de pago internacionales. <\/p>\n\n\n\n<p><strong>MF1010_3: <\/strong>Ingl\u00e9s profesional para comercio\ninternacional. <\/p>\n\n\n\n<p><strong>MP0110: <\/strong>M\u00f3dulo de pr\u00e1cticas profesionales no\nlaborales.<\/p>\n\n\n\n<p style=\"font-size:18px\"><strong>SALIDAS PROFESIONALES: <\/strong><\/p>\n\n\n\n<p>T\u00e9cnicos\/as en comercio exterior, gestores\/as de aduanas, asistente al departamento de operaciones comerciales internacionales, t\u00e9cnico\/a de operaciones exteriores en  entidades financieras\/seguros, t\u00e9cnico en administraci\u00f3n del comercio internacional.<\/p>\n\n\n\n<p class=\"has-medium-font-size\"><strong>INFORMACI\u00d3N MATR\u00cdCULAS:<\/strong><\/p>\n\n\n\n<p class=\"has-medium-font-size\"><strong>promocion@adehon.es &#8211; marketing@adehon.es &#8211; 961309044<\/strong><\/p>\n\n\n\n<div class=\"ml-form-embed\" data-account=\"1702970:x2t9f5m1f1\" data-form=\"1865510:v6s2e8\"><\/div>\n\n\n\n<figure class=\"wp-block-image\"><img loading=\"lazy\" decoding=\"async\" width=\"1024\" height=\"147\" src=\"https:\/\/www.adehon.org\/es\/wp-content\/uploads\/2020\/06\/Copia-de-Sin-t\u00edtulo-1024x147.jpg\" alt=\"\" class=\"wp-image-3381\" srcset=\"https:\/\/www.adehon.org\/es\/wp-content\/uploads\/2020\/06\/Copia-de-Sin-t\u00edtulo-1024x147.jpg 1024w, https:\/\/www.adehon.org\/es\/wp-content\/uploads\/2020\/06\/Copia-de-Sin-t\u00edtulo-300x43.jpg 300w, https:\/\/www.adehon.org\/es\/wp-content\/uploads\/2020\/06\/Copia-de-Sin-t\u00edtulo-768x110.jpg 768w\" sizes=\"auto, (max-width: 1024px) 100vw, 1024px\" \/><\/figure>\n","protected":false},"excerpt":{"rendered":"<p>GESTI\u00d3N ADMINISTRATIVA Y FINANCIERA DEL COMERCIO INTERNACIONAL Duraci\u00f3n del curso: 700 horasComienzo aprox.: 30 Diciembre 2020Horario: Ma\u00f1ana o TardeHomologado por: Conselleria de Econom\u00eda Sostenible, Sectores Productivos, Comercio y Trabajo M\u00d3DULOS: MF0242_3: Gesti\u00f3n administrativa del comercio internacional. MF0243_3: Financiaci\u00f3n internacional. MF0244_3: Medios de pago internacionales. MF1010_3: Ingl\u00e9s profesional para comercio internacional. MP0110: M\u00f3dulo de pr\u00e1cticas profesionales no laborales. SALIDAS PROFESIONALES: T\u00e9cnicos\/as en comercio exterior, gestores\/as de aduanas, asistente al departamento de operaciones comerciales internacionales, t\u00e9cnico\/a de operaciones exteriores en entidades financieras\/seguros, t\u00e9cnico en administraci\u00f3n del comercio internacional. INFORMACI\u00d3N MATR\u00cdCULAS: promocion@adehon.es &#8211; marketing@adehon.es &#8211; 961309044<\/p>\n","protected":false},"author":1,"featured_media":0,"parent":0,"menu_order":0,"comment_status":"closed","ping_status":"closed","template":"page-fullwidth.php","meta":{"footnotes":""},"class_list":["post-3470","page","type-page","status-publish","hentry"],"_links":{"self":[{"href":"https:\/\/www.adehon.org\/es\/wp-json\/wp\/v2\/pages\/3470","targetHints":{"allow":["GET"]}}],"collection":[{"href":"https:\/\/www.adehon.org\/es\/wp-json\/wp\/v2\/pages"}],"about":[{"href":"https:\/\/www.adehon.org\/es\/wp-json\/wp\/v2\/types\/page"}],"author":[{"embeddable":true,"href":"https:\/\/www.adehon.org\/es\/wp-json\/wp\/v2\/users\/1"}],"replies":[{"embeddable":true,"href":"https:\/\/www.adehon.org\/es\/wp-json\/wp\/v2\/comments?post=3470"}],"version-history":[{"count":3,"href":"https:\/\/www.adehon.org\/es\/wp-json\/wp\/v2\/pages\/3470\/revisions"}],"predecessor-version":[{"id":3532,"href":"https:\/\/www.adehon.org\/es\/wp-json\/wp\/v2\/pages\/3470\/revisions\/3532"}],"wp:attachment":[{"href":"https:\/\/www.adehon.org\/es\/wp-json\/wp\/v2\/media?parent=3470"}],"curies":[{"name":"wp","href":"https:\/\/api.w.org\/{rel}","templated":true}]}}