{"id":3505,"date":"2020-12-14T15:23:30","date_gmt":"2020-12-14T15:23:30","guid":{"rendered":"https:\/\/www.adehon.org\/es\/?page_id=3505"},"modified":"2021-01-23T10:27:33","modified_gmt":"2021-01-23T10:27:33","slug":"gestion-contable-y-gestion-administrativa-para-auditoria","status":"publish","type":"page","link":"https:\/\/www.adehon.org\/es\/gestion-contable-y-gestion-administrativa-para-auditoria\/","title":{"rendered":"GESTI\u00d3N CONTABLE Y GESTI\u00d3N ADMINISTRATIVA PARA AUDITOR\u00cdA"},"content":{"rendered":"\n<h2 class=\"wp-block-heading\">GESTI\u00d3N CONTABLE Y GESTI\u00d3N ADMINISTRATIVA PARA AUDITOR\u00cdA<\/h2>\n\n\n\n<div class=\"wp-block-image\"><figure class=\"alignright is-resized\"><img loading=\"lazy\" decoding=\"async\" src=\"https:\/\/www.adehon.org\/es\/wp-content\/uploads\/2020\/12\/analysis-3782319_1920-1024x594.jpg\" alt=\"\" class=\"wp-image-3518\" width=\"303\" height=\"175\" srcset=\"https:\/\/www.adehon.org\/es\/wp-content\/uploads\/2020\/12\/analysis-3782319_1920-1024x594.jpg 1024w, https:\/\/www.adehon.org\/es\/wp-content\/uploads\/2020\/12\/analysis-3782319_1920-300x174.jpg 300w, https:\/\/www.adehon.org\/es\/wp-content\/uploads\/2020\/12\/analysis-3782319_1920-768x446.jpg 768w, https:\/\/www.adehon.org\/es\/wp-content\/uploads\/2020\/12\/analysis-3782319_1920.jpg 1920w\" sizes=\"auto, (max-width: 303px) 100vw, 303px\" \/><\/figure><\/div>\n\n\n\n<p class=\"has-medium-font-size\"><strong>Duraci\u00f3n del curso: 450<\/strong> horas<strong><br>Comienzo aprox.:<\/strong>Diciembre 2020<strong><br>Horario: <\/strong>Ma\u00f1ana o Tarde<strong><br>Homologado por: <\/strong>Conselleria de Econom\u00eda Sostenible, Sectores Productivos, Comercio y Trabajo<\/p>\n\n\n\n<p style=\"font-size:18px\"><strong>M\u00d3DULOS:<\/strong><\/p>\n\n\n\n<p><strong>MF0231_3:<\/strong> Contabilidad y Fiscalidad<br><strong>MF0232_3:<\/strong> Auditoria<br><strong>MF0233_2: Ofim\u00e1tica (*)<\/strong><br><strong>MP0111:<\/strong> M\u00f3dulo de pr\u00e1cticas profesionales no laborales en empresas<br><\/p>\n\n\n\n<p><strong>* REQUISITOS: ACREDITAR TENER EL M\u00d3DULO OFIM\u00c1TICA CURSADO<\/strong><\/p>\n\n\n\n<p style=\"font-size:18px\"><strong>SALIDAS PROFESIONALES: <\/strong><\/p>\n\n\n\n<p>T\u00e9cnicos superiores en contabilidad y\/o finanzas en general, Auditores de cuentas, T\u00e9cnicos medios en auditoria, Asesores fiscales y tributarios, T\u00e9cnicos de apoyo en auditoria y\/u operaciones financieras, T\u00e9cnicos en contabilidad, en general.<\/p>\n\n\n\n<p class=\"has-medium-font-size\"><strong>INFORMACI\u00d3N MATR\u00cdCULAS:<\/strong><\/p>\n\n\n\n<p class=\"has-medium-font-size\"><strong>promocion@adehon.es &#8211; marketing@adehon.es &#8211; 961309044<\/strong><\/p>\n\n\n\n<div class=\"ml-form-embed\" data-account=\"1702970:x2t9f5m1f1\" data-form=\"1865510:v6s2e8\"><\/div>\n\n\n\n<figure class=\"wp-block-image\"><img loading=\"lazy\" decoding=\"async\" width=\"1024\" height=\"147\" src=\"https:\/\/www.adehon.org\/es\/wp-content\/uploads\/2020\/06\/Copia-de-Sin-t\u00edtulo-1024x147.jpg\" alt=\"\" class=\"wp-image-3381\" srcset=\"https:\/\/www.adehon.org\/es\/wp-content\/uploads\/2020\/06\/Copia-de-Sin-t\u00edtulo-1024x147.jpg 1024w, https:\/\/www.adehon.org\/es\/wp-content\/uploads\/2020\/06\/Copia-de-Sin-t\u00edtulo-300x43.jpg 300w, https:\/\/www.adehon.org\/es\/wp-content\/uploads\/2020\/06\/Copia-de-Sin-t\u00edtulo-768x110.jpg 768w\" sizes=\"auto, (max-width: 1024px) 100vw, 1024px\" \/><\/figure>\n","protected":false},"excerpt":{"rendered":"<p>GESTI\u00d3N CONTABLE Y GESTI\u00d3N ADMINISTRATIVA PARA AUDITOR\u00cdA Duraci\u00f3n del curso: 450 horasComienzo aprox.:Diciembre 2020Horario: Ma\u00f1ana o TardeHomologado por: Conselleria de Econom\u00eda Sostenible, Sectores Productivos, Comercio y Trabajo M\u00d3DULOS: MF0231_3: Contabilidad y FiscalidadMF0232_3: AuditoriaMF0233_2: Ofim\u00e1tica (*)MP0111: M\u00f3dulo de pr\u00e1cticas profesionales no laborales en empresas * REQUISITOS: ACREDITAR TENER EL M\u00d3DULO OFIM\u00c1TICA CURSADO SALIDAS PROFESIONALES: T\u00e9cnicos superiores en contabilidad y\/o finanzas en general, Auditores de cuentas, T\u00e9cnicos medios en auditoria, Asesores fiscales y tributarios, T\u00e9cnicos de apoyo en auditoria y\/u operaciones financieras, T\u00e9cnicos en contabilidad, en general. INFORMACI\u00d3N MATR\u00cdCULAS: promocion@adehon.es &#8211; marketing@adehon.es &#8211; 961309044<\/p>\n","protected":false},"author":1,"featured_media":0,"parent":0,"menu_order":0,"comment_status":"closed","ping_status":"closed","template":"page-fullwidth.php","meta":{"footnotes":""},"class_list":["post-3505","page","type-page","status-publish","hentry"],"_links":{"self":[{"href":"https:\/\/www.adehon.org\/es\/wp-json\/wp\/v2\/pages\/3505","targetHints":{"allow":["GET"]}}],"collection":[{"href":"https:\/\/www.adehon.org\/es\/wp-json\/wp\/v2\/pages"}],"about":[{"href":"https:\/\/www.adehon.org\/es\/wp-json\/wp\/v2\/types\/page"}],"author":[{"embeddable":true,"href":"https:\/\/www.adehon.org\/es\/wp-json\/wp\/v2\/users\/1"}],"replies":[{"embeddable":true,"href":"https:\/\/www.adehon.org\/es\/wp-json\/wp\/v2\/comments?post=3505"}],"version-history":[{"count":4,"href":"https:\/\/www.adehon.org\/es\/wp-json\/wp\/v2\/pages\/3505\/revisions"}],"predecessor-version":[{"id":3534,"href":"https:\/\/www.adehon.org\/es\/wp-json\/wp\/v2\/pages\/3505\/revisions\/3534"}],"wp:attachment":[{"href":"https:\/\/www.adehon.org\/es\/wp-json\/wp\/v2\/media?parent=3505"}],"curies":[{"name":"wp","href":"https:\/\/api.w.org\/{rel}","templated":true}]}}