{"id":3507,"date":"2020-12-14T15:28:53","date_gmt":"2020-12-14T15:28:53","guid":{"rendered":"https:\/\/www.adehon.org\/es\/?page_id=3507"},"modified":"2021-01-23T10:27:49","modified_gmt":"2021-01-23T10:27:49","slug":"operaciones-auxiliares-de-servicios-administrativos-y-generales","status":"publish","type":"page","link":"https:\/\/www.adehon.org\/es\/operaciones-auxiliares-de-servicios-administrativos-y-generales\/","title":{"rendered":"OPERACIONES AUXILIARES DE SERVICIOS ADMINISTRATIVOS Y GENERALES"},"content":{"rendered":"\n<h2 class=\"wp-block-heading\">OPERACIONES AUXILIARES DE SERVICIOS ADMINISTRATIVOS Y GENERALES<\/h2>\n\n\n\n<div class=\"wp-block-image\"><figure class=\"alignright is-resized\"><img loading=\"lazy\" decoding=\"async\" src=\"https:\/\/www.adehon.org\/es\/wp-content\/uploads\/2020\/12\/computer-1867741_1920-1024x683.jpg\" alt=\"\" class=\"wp-image-3516\" width=\"301\" height=\"200\" srcset=\"https:\/\/www.adehon.org\/es\/wp-content\/uploads\/2020\/12\/computer-1867741_1920-1024x683.jpg 1024w, https:\/\/www.adehon.org\/es\/wp-content\/uploads\/2020\/12\/computer-1867741_1920-300x200.jpg 300w, https:\/\/www.adehon.org\/es\/wp-content\/uploads\/2020\/12\/computer-1867741_1920-768x512.jpg 768w, https:\/\/www.adehon.org\/es\/wp-content\/uploads\/2020\/12\/computer-1867741_1920-280x185.jpg 280w, https:\/\/www.adehon.org\/es\/wp-content\/uploads\/2020\/12\/computer-1867741_1920.jpg 1920w\" sizes=\"auto, (max-width: 301px) 100vw, 301px\" \/><\/figure><\/div>\n\n\n\n<p class=\"has-medium-font-size\"><strong>Duraci\u00f3n del curso: <\/strong>470 horas<strong><br>Comienzo aprox.: <\/strong>Diciembre 2020<strong><br>Horario: <\/strong>Ma\u00f1ana o Tarde<strong><br>Homologado por: <\/strong>Conselleria de Econom\u00eda Sostenible, Sectores Productivos, Comercio y Trabajo<\/p>\n\n\n\n<p style=\"font-size:18px\"><strong>M\u00d3DULOS:<\/strong><\/p>\n\n\n\n<p>MF0969_1: T\u00e9cnicas administrativas b\u00e1sicas de oficina.<br>MF0970_1: Operaciones b\u00e1sicas de comunicaci\u00f3n.<br>MF0971_1: Reproducci\u00f3n y archivo.<br>MP0112: M\u00f3dulo de pr\u00e1cticas profesionales no laborales en empresas<\/p>\n\n\n\n<p style=\"font-size:18px\"><strong>SALIDAS PROFESIONALES: <\/strong><\/p>\n\n\n\n<p>Operadores de central telef\u00f3nica, teleoperadores, empleados de ventanilla de correos, recepcionistas telefonistas en oficinas, clasificadores\/repartidores de correspondencia, ordenanzas, taquilleros, auxiliar de servicios generales, auxiliar de oficina, auxiliar de archivo, auxiliar de informaci\u00f3n.<\/p>\n\n\n\n<p class=\"has-medium-font-size\"><strong>INFORMACI\u00d3N MATR\u00cdCULAS:<\/strong><\/p>\n\n\n\n<p class=\"has-medium-font-size\"><strong>promocion@adehon.es &#8211; marketing@adehon.es &#8211; 961309044<\/strong><\/p>\n\n\n\n<div class=\"ml-form-embed\" data-account=\"1702970:x2t9f5m1f1\" data-form=\"1865510:v6s2e8\"><\/div>\n\n\n\n<figure class=\"wp-block-image\"><img loading=\"lazy\" decoding=\"async\" width=\"1024\" height=\"147\" src=\"https:\/\/www.adehon.org\/es\/wp-content\/uploads\/2020\/06\/Copia-de-Sin-t\u00edtulo-1024x147.jpg\" alt=\"\" class=\"wp-image-3381\" srcset=\"https:\/\/www.adehon.org\/es\/wp-content\/uploads\/2020\/06\/Copia-de-Sin-t\u00edtulo-1024x147.jpg 1024w, https:\/\/www.adehon.org\/es\/wp-content\/uploads\/2020\/06\/Copia-de-Sin-t\u00edtulo-300x43.jpg 300w, https:\/\/www.adehon.org\/es\/wp-content\/uploads\/2020\/06\/Copia-de-Sin-t\u00edtulo-768x110.jpg 768w\" sizes=\"auto, (max-width: 1024px) 100vw, 1024px\" \/><\/figure>\n","protected":false},"excerpt":{"rendered":"<p>OPERACIONES AUXILIARES DE SERVICIOS ADMINISTRATIVOS Y GENERALES Duraci\u00f3n del curso: 470 horasComienzo aprox.: Diciembre 2020Horario: Ma\u00f1ana o TardeHomologado por: Conselleria de Econom\u00eda Sostenible, Sectores Productivos, Comercio y Trabajo M\u00d3DULOS: MF0969_1: T\u00e9cnicas administrativas b\u00e1sicas de oficina.MF0970_1: Operaciones b\u00e1sicas de comunicaci\u00f3n.MF0971_1: Reproducci\u00f3n y archivo.MP0112: M\u00f3dulo de pr\u00e1cticas profesionales no laborales en empresas SALIDAS PROFESIONALES: Operadores de central telef\u00f3nica, teleoperadores, empleados de ventanilla de correos, recepcionistas telefonistas en oficinas, clasificadores\/repartidores de correspondencia, ordenanzas, taquilleros, auxiliar de servicios generales, auxiliar de oficina, auxiliar de archivo, auxiliar de informaci\u00f3n. INFORMACI\u00d3N MATR\u00cdCULAS: promocion@adehon.es &#8211; marketing@adehon.es &#8211; 961309044<\/p>\n","protected":false},"author":1,"featured_media":0,"parent":0,"menu_order":0,"comment_status":"closed","ping_status":"closed","template":"page-fullwidth.php","meta":{"footnotes":""},"class_list":["post-3507","page","type-page","status-publish","hentry"],"_links":{"self":[{"href":"https:\/\/www.adehon.org\/es\/wp-json\/wp\/v2\/pages\/3507","targetHints":{"allow":["GET"]}}],"collection":[{"href":"https:\/\/www.adehon.org\/es\/wp-json\/wp\/v2\/pages"}],"about":[{"href":"https:\/\/www.adehon.org\/es\/wp-json\/wp\/v2\/types\/page"}],"author":[{"embeddable":true,"href":"https:\/\/www.adehon.org\/es\/wp-json\/wp\/v2\/users\/1"}],"replies":[{"embeddable":true,"href":"https:\/\/www.adehon.org\/es\/wp-json\/wp\/v2\/comments?post=3507"}],"version-history":[{"count":4,"href":"https:\/\/www.adehon.org\/es\/wp-json\/wp\/v2\/pages\/3507\/revisions"}],"predecessor-version":[{"id":3535,"href":"https:\/\/www.adehon.org\/es\/wp-json\/wp\/v2\/pages\/3507\/revisions\/3535"}],"wp:attachment":[{"href":"https:\/\/www.adehon.org\/es\/wp-json\/wp\/v2\/media?parent=3507"}],"curies":[{"name":"wp","href":"https:\/\/api.w.org\/{rel}","templated":true}]}}