{"id":3509,"date":"2020-12-14T15:33:01","date_gmt":"2020-12-14T15:33:01","guid":{"rendered":"https:\/\/www.adehon.org\/es\/?page_id=3509"},"modified":"2021-01-23T10:28:04","modified_gmt":"2021-01-23T10:28:04","slug":"operaciones-de-grabacion-y-tratamiento-de-datos-y-documentos","status":"publish","type":"page","link":"https:\/\/www.adehon.org\/es\/operaciones-de-grabacion-y-tratamiento-de-datos-y-documentos\/","title":{"rendered":"OPERACIONES DE GRABACI\u00d3N Y TRATAMIENTO DE DATOS Y DOCUMENTOS"},"content":{"rendered":"\n<h2 class=\"wp-block-heading\">OPERACIONES DE GRABACI\u00d3N Y TRATAMIENTO DE DATOS Y DOCUMENTOS<\/h2>\n\n\n\n<div class=\"wp-block-image\"><figure class=\"alignright is-resized\"><img loading=\"lazy\" decoding=\"async\" src=\"https:\/\/www.adehon.org\/es\/wp-content\/uploads\/2020\/12\/keyboard-2132919_1920-1024x768.jpg\" alt=\"\" class=\"wp-image-3514\" width=\"300\" height=\"225\" srcset=\"https:\/\/www.adehon.org\/es\/wp-content\/uploads\/2020\/12\/keyboard-2132919_1920-1024x768.jpg 1024w, https:\/\/www.adehon.org\/es\/wp-content\/uploads\/2020\/12\/keyboard-2132919_1920-300x225.jpg 300w, https:\/\/www.adehon.org\/es\/wp-content\/uploads\/2020\/12\/keyboard-2132919_1920-768x576.jpg 768w, https:\/\/www.adehon.org\/es\/wp-content\/uploads\/2020\/12\/keyboard-2132919_1920.jpg 1920w\" sizes=\"auto, (max-width: 300px) 100vw, 300px\" \/><\/figure><\/div>\n\n\n\n<p class=\"has-medium-font-size\"><strong>Duraci\u00f3n del curso: <\/strong>480 horas<strong><br>Comienzo aprox.:<\/strong>Diciembre 2020<strong><br>Horario: <\/strong>Ma\u00f1ana o Tarde<strong><br>Homologado por: <\/strong>Conselleria de Econom\u00eda Sostenible, Sectores Productivos, Comercio y Trabajo<\/p>\n\n\n\n<p style=\"font-size:18px\"><strong>M\u00d3DULOS:<\/strong><\/p>\n\n\n\n<p>MF0973_1: Grabaci\u00f3n de datos.<br>MF0974_1: Tratamiento de datos, texto y documentaci\u00f3n.<br>MF0971_1: Reproducci\u00f3n y archivo.<br>MP0110: Pr\u00e1cticas profesionales no laborales en empresas<\/p>\n\n\n\n<p style=\"font-size:18px\"><strong>SALIDAS PROFESIONALES: <\/strong><\/p>\n\n\n\n<p>Operadores\/as Grabadores\/as de datos en ordenador, auxiliar de oficina, auxiliar de archivo, operador\/a documental, auxiliar de digitalizaci\u00f3n.<\/p>\n\n\n\n<p class=\"has-medium-font-size\"><strong>INFORMACI\u00d3N MATR\u00cdCULAS:<\/strong><\/p>\n\n\n\n<p class=\"has-medium-font-size\"><strong>promocion@adehon.es &#8211; marketing@adehon.es &#8211; 961309044<\/strong><\/p>\n\n\n\n<div class=\"ml-form-embed\" data-account=\"1702970:x2t9f5m1f1\" data-form=\"1865510:v6s2e8\"><\/div>\n\n\n\n<figure class=\"wp-block-image\"><img loading=\"lazy\" decoding=\"async\" width=\"1024\" height=\"147\" src=\"https:\/\/www.adehon.org\/es\/wp-content\/uploads\/2020\/06\/Copia-de-Sin-t\u00edtulo-1024x147.jpg\" alt=\"\" class=\"wp-image-3381\" srcset=\"https:\/\/www.adehon.org\/es\/wp-content\/uploads\/2020\/06\/Copia-de-Sin-t\u00edtulo-1024x147.jpg 1024w, https:\/\/www.adehon.org\/es\/wp-content\/uploads\/2020\/06\/Copia-de-Sin-t\u00edtulo-300x43.jpg 300w, https:\/\/www.adehon.org\/es\/wp-content\/uploads\/2020\/06\/Copia-de-Sin-t\u00edtulo-768x110.jpg 768w\" sizes=\"auto, (max-width: 1024px) 100vw, 1024px\" \/><\/figure>\n","protected":false},"excerpt":{"rendered":"<p>OPERACIONES DE GRABACI\u00d3N Y TRATAMIENTO DE DATOS Y DOCUMENTOS Duraci\u00f3n del curso: 480 horasComienzo aprox.:Diciembre 2020Horario: Ma\u00f1ana o TardeHomologado por: Conselleria de Econom\u00eda Sostenible, Sectores Productivos, Comercio y Trabajo M\u00d3DULOS: MF0973_1: Grabaci\u00f3n de datos.MF0974_1: Tratamiento de datos, texto y documentaci\u00f3n.MF0971_1: Reproducci\u00f3n y archivo.MP0110: Pr\u00e1cticas profesionales no laborales en empresas SALIDAS PROFESIONALES: Operadores\/as Grabadores\/as de datos en ordenador, auxiliar de oficina, auxiliar de archivo, operador\/a documental, auxiliar de digitalizaci\u00f3n. INFORMACI\u00d3N MATR\u00cdCULAS: promocion@adehon.es &#8211; marketing@adehon.es &#8211; 961309044<\/p>\n","protected":false},"author":1,"featured_media":0,"parent":0,"menu_order":0,"comment_status":"closed","ping_status":"closed","template":"page-fullwidth.php","meta":{"footnotes":""},"class_list":["post-3509","page","type-page","status-publish","hentry"],"_links":{"self":[{"href":"https:\/\/www.adehon.org\/es\/wp-json\/wp\/v2\/pages\/3509","targetHints":{"allow":["GET"]}}],"collection":[{"href":"https:\/\/www.adehon.org\/es\/wp-json\/wp\/v2\/pages"}],"about":[{"href":"https:\/\/www.adehon.org\/es\/wp-json\/wp\/v2\/types\/page"}],"author":[{"embeddable":true,"href":"https:\/\/www.adehon.org\/es\/wp-json\/wp\/v2\/users\/1"}],"replies":[{"embeddable":true,"href":"https:\/\/www.adehon.org\/es\/wp-json\/wp\/v2\/comments?post=3509"}],"version-history":[{"count":5,"href":"https:\/\/www.adehon.org\/es\/wp-json\/wp\/v2\/pages\/3509\/revisions"}],"predecessor-version":[{"id":3536,"href":"https:\/\/www.adehon.org\/es\/wp-json\/wp\/v2\/pages\/3509\/revisions\/3536"}],"wp:attachment":[{"href":"https:\/\/www.adehon.org\/es\/wp-json\/wp\/v2\/media?parent=3509"}],"curies":[{"name":"wp","href":"https:\/\/api.w.org\/{rel}","templated":true}]}}