{"id":3537,"date":"2021-01-24T10:40:15","date_gmt":"2021-01-24T10:40:15","guid":{"rendered":"https:\/\/www.adehon.org\/es\/?page_id=3537"},"modified":"2021-01-28T09:47:56","modified_gmt":"2021-01-28T09:47:56","slug":"ocupados-labora-intersectorial-2020-2021","status":"publish","type":"page","link":"https:\/\/www.adehon.org\/es\/programas\/ocupados-labora-intersectorial-2020-2021\/","title":{"rendered":"PROGRAMA FORMACION OCUPADOS &#8211; LABORA &#8211; INTERSECTORIAL 2020\/2021"},"content":{"rendered":"<h3 style=\"text-align: center;\">Cursos online y presenciales <span style=\"color: #ff6600;\">GRATUITOS <\/span><\/h3>\n<h3 style=\"text-align: center;\">con <span style=\"color: #ff6600;\">Titulaci\u00f3n Oficial <\/span><\/h3>\n<h3 style=\"text-align: center;\">Plan de Formaci\u00f3n INTERSECTORIAL del Servicio Valenciano de Formaci\u00f3n y Ocupaci\u00f3n &#8211; LABORA<\/h3>\n\n\n<p><\/p>\n\n\n\n<p style=\"text-align:center\" class=\"has-medium-font-size\"><\/p>\n\n\n\n<p style=\"text-align:center\" class=\"has-medium-font-size\"> <br><strong>\ufeffONLINE<\/strong> <br><\/p>\n\n\n\n<div class=\"wp-block-media-text alignwide\" style=\"grid-template-columns:15% auto\"><figure class=\"wp-block-media-text__media\"><img loading=\"lazy\" decoding=\"async\" width=\"361\" height=\"361\" src=\"http:\/\/www.adehon.org\/es\/wp-content\/uploads\/2020\/03\/marketing.jpg\" alt=\"\" class=\"wp-image-3212\" srcset=\"https:\/\/www.adehon.org\/es\/wp-content\/uploads\/2020\/03\/marketing.jpg 361w, https:\/\/www.adehon.org\/es\/wp-content\/uploads\/2020\/03\/marketing-150x150.jpg 150w, https:\/\/www.adehon.org\/es\/wp-content\/uploads\/2020\/03\/marketing-300x300.jpg 300w\" sizes=\"auto, (max-width: 361px) 100vw, 361px\" \/><\/figure><div class=\"wp-block-media-text__content\">\n<p class=\"has-medium-font-size\"><strong><a href=\"https:\/\/www.adehon.org\/es\/marketing-y-reputacion-online-comunidades-virtuales-2021\/\" target=\"_blank\" rel=\"noreferrer noopener\" aria-label=\"Marketing y reputaci\u00f3n online: Comunidades virtuales  (abre en una nueva pesta\u00f1a)\">Marketing y reputaci\u00f3n online: Comunidades virtuales<\/a><\/strong><a href=\"https:\/\/www.adehon.org\/es\/marketing-y-reputacion-online-comunidades-virtuales-2021\/\" target=\"_blank\" rel=\"noreferrer noopener\" aria-label=\"Marketing y reputaci\u00f3n online: Comunidades virtuales  (abre en una nueva pesta\u00f1a)\"> <\/a><\/p>\n\n\n\n<p class=\"has-medium-font-size\">\u00bfManejas las redes sociales en tu empresa? Accede y domina el marketing online, el posicionamiento en buscadores, la gesti\u00f3n de las comunidades virtuales y la reputaci\u00f3n on-line empresarial. <\/p>\n\n\n\n<p class=\"has-medium-font-size\"><strong>Duraci\u00f3n: 180 horas<\/strong><\/p>\n\n\n\n<p class=\"has-medium-font-size\"><strong>Ap\u00fantate, plazas limitadas<\/strong><\/p>\n\n\n\n<p class=\"has-medium-font-size\"><strong>Se inician pr\u00f3ximamente<\/strong><\/p>\n<\/div><\/div>\n\n\n\n<div class=\"wp-block-media-text alignwide\" style=\"grid-template-columns:15% auto\"><figure class=\"wp-block-media-text__media\"><img loading=\"lazy\" decoding=\"async\" width=\"369\" height=\"346\" src=\"http:\/\/www.adehon.org\/es\/wp-content\/uploads\/2020\/03\/image.png\" alt=\"\" class=\"wp-image-3184\" srcset=\"https:\/\/www.adehon.org\/es\/wp-content\/uploads\/2020\/03\/image.png 369w, https:\/\/www.adehon.org\/es\/wp-content\/uploads\/2020\/03\/image-300x281.png 300w\" sizes=\"auto, (max-width: 369px) 100vw, 369px\" \/><\/figure><div class=\"wp-block-media-text__content\">\n<p class=\"has-medium-font-size\"> <br><strong><a href=\"https:\/\/www.adehon.org\/es\/direccion-empresarial-2021\/\">Direcci\u00f3n empresarial<\/a><\/strong><\/p>\n\n\n\n<p class=\"has-medium-font-size\">Consigue el m\u00e1ximo rendimiento de los recursos personales y materiales de la empresa, con una visi\u00f3n global y estrat\u00e9gica de direcci\u00f3n en la actividad empresarial. <\/p>\n\n\n\n<p class=\"has-medium-font-size\"><strong>Duraci\u00f3n: 210 horas<\/strong><\/p>\n\n\n\n<p class=\"has-medium-font-size\"><strong>Ap\u00fantate, plazas limitadas<\/strong><\/p>\n\n\n\n<p class=\"has-medium-font-size\"><strong>Se inician pr\u00f3ximamente<\/strong><\/p>\n<\/div><\/div>\n\n\n\n<div class=\"wp-block-media-text alignwide\" style=\"grid-template-columns:15% auto\"><figure class=\"wp-block-media-text__media\"><img loading=\"lazy\" decoding=\"async\" width=\"343\" height=\"357\" src=\"http:\/\/www.adehon.org\/es\/wp-content\/uploads\/2020\/03\/ofimatica.jpg\" alt=\"\" class=\"wp-image-3213\" srcset=\"https:\/\/www.adehon.org\/es\/wp-content\/uploads\/2020\/03\/ofimatica.jpg 343w, https:\/\/www.adehon.org\/es\/wp-content\/uploads\/2020\/03\/ofimatica-288x300.jpg 288w\" sizes=\"auto, (max-width: 343px) 100vw, 343px\" \/><\/figure><div class=\"wp-block-media-text__content\">\n<p class=\"has-medium-font-size\"><\/p>\n\n\n\n<p class=\"has-medium-font-size\"><strong><a href=\"https:\/\/www.adehon.org\/es\/ofimatica-2021\/\" target=\"_blank\" rel=\"noreferrer noopener\" aria-label=\" (abre en una nueva pesta\u00f1a)\">Ofim\u00e1tica<\/a><\/strong><\/p>\n\n\n\n<p class=\"has-medium-font-size\">\u00bfConocer el entorno Windows y sus posibilidades? Ahora puedes aprender y manejar los distintos programas de Microsoft Office y ser eficaz en tu trabajo. <\/p>\n\n\n\n<p class=\"has-medium-font-size\"><strong>Duraci\u00f3n: 100 horas<\/strong><\/p>\n\n\n\n<p class=\"has-medium-font-size\"><strong>Ap\u00fantate, plazas limitadas<\/strong><\/p>\n\n\n\n<p class=\"has-medium-font-size\"><strong>Se inician pr\u00f3ximamente<\/strong><\/p>\n<\/div><\/div>\n\n\n\n<div class=\"wp-block-media-text alignwide\" style=\"grid-template-columns:15% auto\"><figure class=\"wp-block-media-text__media\"><img loading=\"lazy\" decoding=\"async\" width=\"361\" height=\"361\" src=\"http:\/\/www.adehon.org\/es\/wp-content\/uploads\/2020\/03\/liderazgo.jpg\" alt=\"\" class=\"wp-image-3215\" srcset=\"https:\/\/www.adehon.org\/es\/wp-content\/uploads\/2020\/03\/liderazgo.jpg 361w, https:\/\/www.adehon.org\/es\/wp-content\/uploads\/2020\/03\/liderazgo-150x150.jpg 150w, https:\/\/www.adehon.org\/es\/wp-content\/uploads\/2020\/03\/liderazgo-300x300.jpg 300w\" sizes=\"auto, (max-width: 361px) 100vw, 361px\" \/><\/figure><div class=\"wp-block-media-text__content\">\n<p class=\"has-medium-font-size\"><\/p>\n\n\n\n<p class=\"has-medium-font-size\"><strong><a rel=\"noreferrer noopener\" aria-label=\"Liderazgo y direcci\u00f3n de organizaciones  (abre en una nueva pesta\u00f1a)\" href=\"http:\/\/www.adehon.org\/es\/liderazgo-y-direccion-de-organizaciones\/\" target=\"_blank\"><\/a><a href=\"https:\/\/www.adehon.org\/es\/estrategias-de-servicios-calidad-y-orientacion-al-cliente\/\">Estrategias de servicios: calidad y orientaci\u00f3n al cliente<\/a><\/strong><\/p>\n\n\n\n<p class=\"has-medium-font-size\">\u00bfQuieres orientar la empresa hacia el cliente?  La satisfacci\u00f3n del cliente es b\u00e1sica, mejora la atenci\u00f3n, comunicaci\u00f3n y servicio al cliente, aplicando los programas de calidad en el servicio y midiendo la satisfacci\u00f3n del cliente. <\/p>\n\n\n\n<p class=\"has-medium-font-size\"><strong>Duraci\u00f3n: 100 horas<\/strong><\/p>\n\n\n\n<p class=\"has-medium-font-size\"><strong>Ap\u00fantate, plazas limitadas<\/strong><\/p>\n\n\n\n<p class=\"has-medium-font-size\"><strong>Se inician pr\u00f3ximamente<\/strong><\/p>\n<\/div><\/div>\n\n\n\n<div class=\"wp-block-media-text alignwide\" style=\"grid-template-columns:15% auto\"><figure class=\"wp-block-media-text__media\"><img loading=\"lazy\" decoding=\"async\" width=\"345\" height=\"344\" src=\"http:\/\/www.adehon.org\/es\/wp-content\/uploads\/2020\/03\/drive-1.jpg\" alt=\"\" class=\"wp-image-3216\" srcset=\"https:\/\/www.adehon.org\/es\/wp-content\/uploads\/2020\/03\/drive-1.jpg 345w, https:\/\/www.adehon.org\/es\/wp-content\/uploads\/2020\/03\/drive-1-150x150.jpg 150w, https:\/\/www.adehon.org\/es\/wp-content\/uploads\/2020\/03\/drive-1-300x300.jpg 300w\" sizes=\"auto, (max-width: 345px) 100vw, 345px\" \/><\/figure><div class=\"wp-block-media-text__content\">\n<p class=\"has-medium-font-size\"><\/p>\n\n\n\n<p class=\"has-medium-font-size\"><strong><a href=\"https:\/\/www.adehon.org\/es\/ofimatica-en-la-nube-google-drive-2021\/\" target=\"_blank\" rel=\"noreferrer noopener\" aria-label=\"Ofim\u00e1tica en la nube: GOOGLE DRIVE   (abre en una nueva pesta\u00f1a)\">Ofim\u00e1tica en la nube: GOOGLE DRIVE<\/a><\/strong><a href=\"https:\/\/www.adehon.org\/es\/ofimatica-en-la-nube-google-drive-2021\/\" target=\"_blank\" rel=\"noreferrer noopener\" aria-label=\"Ofim\u00e1tica en la nube: GOOGLE DRIVE   (abre en una nueva pesta\u00f1a)\">  <\/a><\/p>\n\n\n\n<p class=\"has-medium-font-size\">\u00bfQuieres trabajar en l\u00ednea y desde cualquier parte? Google Drive te ofrece la posibilidad de gestionar tu trabajo con la gesti\u00f3n ofim\u00e1tica en la nube de Google.  <\/p>\n\n\n\n<p class=\"has-medium-font-size\"><strong>Duraci\u00f3n: 100 horas<\/strong><\/p>\n\n\n\n<p class=\"has-medium-font-size\"><strong>Ap\u00fantate, plazas limitadas<\/strong><\/p>\n\n\n\n<p class=\"has-medium-font-size\"><strong>Se inician pr\u00f3ximamente<\/strong><\/p>\n<\/div><\/div>\n\n\n\n<p style=\"text-align:center\" class=\"has-medium-font-size\"><\/p>\n\n\n\n<p style=\"text-align:center\" class=\"has-medium-font-size\"><strong>PRESENCIALES<\/strong><\/p>\n\n\n\n<div class=\"wp-block-media-text alignwide\" style=\"grid-template-columns:15% auto\"><figure class=\"wp-block-media-text__media\"><img loading=\"lazy\" decoding=\"async\" width=\"964\" height=\"964\" src=\"https:\/\/www.adehon.org\/es\/wp-content\/uploads\/2021\/01\/Copia-de-Copia-de-banners-1.png\" alt=\"\" class=\"wp-image-3568\" srcset=\"https:\/\/www.adehon.org\/es\/wp-content\/uploads\/2021\/01\/Copia-de-Copia-de-banners-1.png 964w, https:\/\/www.adehon.org\/es\/wp-content\/uploads\/2021\/01\/Copia-de-Copia-de-banners-1-150x150.png 150w, https:\/\/www.adehon.org\/es\/wp-content\/uploads\/2021\/01\/Copia-de-Copia-de-banners-1-300x300.png 300w, https:\/\/www.adehon.org\/es\/wp-content\/uploads\/2021\/01\/Copia-de-Copia-de-banners-1-768x768.png 768w\" sizes=\"auto, (max-width: 964px) 100vw, 964px\" \/><\/figure><div class=\"wp-block-media-text__content\">\n<p class=\"has-medium-font-size\"><\/p>\n\n\n\n<p class=\"has-text-color has-medium-font-size has-very-dark-gray-color\"><a href=\"https:\/\/www.adehon.org\/es\/escucha-activa-empatia-y-asertividad\/\"><strong>Escucha activa, empat\u00eda y asertividad<\/strong><\/a><\/p>\n\n\n\n<p class=\"has-medium-font-size\">\u00bfSabes escuchar, ser emp\u00e1tico y asertivo? Aprende a trabajar estas habilidades sociales con m\u00faltiples t\u00e9cnicas y consigue un modelo perfecto de comunicaci\u00f3n con los dem\u00e1s. <\/p>\n\n\n\n<p class=\"has-medium-font-size\"><strong>Duraci\u00f3n: 8 horas<\/strong><\/p>\n\n\n\n<p class=\"has-medium-font-size\"><strong>Ap\u00fantate, plazas limitadas<\/strong><\/p>\n\n\n\n<p class=\"has-medium-font-size\"><strong>Se inician pr\u00f3ximamente<\/strong><\/p>\n<\/div><\/div>\n\n\n\n<div class=\"wp-block-media-text alignwide\" style=\"grid-template-columns:15% auto\"><figure class=\"wp-block-media-text__media\"><img loading=\"lazy\" decoding=\"async\" width=\"959\" height=\"966\" src=\"https:\/\/www.adehon.org\/es\/wp-content\/uploads\/2021\/01\/2.png\" alt=\"\" class=\"wp-image-3563\" srcset=\"https:\/\/www.adehon.org\/es\/wp-content\/uploads\/2021\/01\/2.png 959w, https:\/\/www.adehon.org\/es\/wp-content\/uploads\/2021\/01\/2-150x150.png 150w, https:\/\/www.adehon.org\/es\/wp-content\/uploads\/2021\/01\/2-298x300.png 298w, https:\/\/www.adehon.org\/es\/wp-content\/uploads\/2021\/01\/2-768x774.png 768w\" sizes=\"auto, (max-width: 959px) 100vw, 959px\" \/><\/figure><div class=\"wp-block-media-text__content\">\n<p class=\"has-medium-font-size\"><\/p>\n\n\n\n<p class=\"has-text-color has-medium-font-size has-very-dark-gray-color\"><strong><a href=\"https:\/\/www.adehon.org\/es\/manipulador-de-alimentos\/\" target=\"_blank\" rel=\"noreferrer noopener\" aria-label=\"Manipulador de alimentos  (abre en una nueva pesta\u00f1a)\">Manipulador de alimentos<\/a><\/strong><a href=\"https:\/\/www.adehon.org\/es\/manipulador-de-alimentos\/\" target=\"_blank\" rel=\"noreferrer noopener\" aria-label=\"Manipulador de alimentos  (abre en una nueva pesta\u00f1a)\"> <\/a> <\/p>\n\n\n\n<p class=\"has-medium-font-size\">\u00bfCu\u00e1l es tu actitud higi\u00e9nica? Descubre la importancia de la contaminaci\u00f3n de los alimentos y qu\u00e9 medidas aplicar para evitarla y mantener la seguridad alimentaria. <\/p>\n\n\n\n<p class=\"has-medium-font-size\"><strong>Duraci\u00f3n: 10 horas<\/strong><\/p>\n\n\n\n<p class=\"has-medium-font-size\"><strong>Ap\u00fantate, plazas limitadas<\/strong><\/p>\n\n\n\n<p class=\"has-medium-font-size\"><strong>Se inician pr\u00f3ximamente<\/strong><\/p>\n<\/div><\/div>\n\n\n\n<div class=\"wp-block-media-text alignwide\" style=\"grid-template-columns:15% auto\"><figure class=\"wp-block-media-text__media\"><img loading=\"lazy\" decoding=\"async\" width=\"965\" height=\"974\" src=\"https:\/\/www.adehon.org\/es\/wp-content\/uploads\/2021\/01\/3.png\" alt=\"\" class=\"wp-image-3564\" srcset=\"https:\/\/www.adehon.org\/es\/wp-content\/uploads\/2021\/01\/3.png 965w, https:\/\/www.adehon.org\/es\/wp-content\/uploads\/2021\/01\/3-150x150.png 150w, https:\/\/www.adehon.org\/es\/wp-content\/uploads\/2021\/01\/3-297x300.png 297w, https:\/\/www.adehon.org\/es\/wp-content\/uploads\/2021\/01\/3-768x775.png 768w\" sizes=\"auto, (max-width: 965px) 100vw, 965px\" \/><\/figure><div class=\"wp-block-media-text__content\">\n<p class=\"has-medium-font-size\"><\/p>\n\n\n\n<p class=\"has-text-color has-medium-font-size has-very-dark-gray-color\"><strong><a href=\"https:\/\/www.adehon.org\/es\/fundamentoswebyredessociales\/\">Fundamentos de web 2.0 y redes sociales<\/a><\/strong><a href=\"https:\/\/www.adehon.org\/es\/fundamentoswebyredessociales\/\">  <\/a><\/p>\n\n\n\n<p class=\"has-medium-font-size\">\u00bfTe has adaptado a la nueva transformaci\u00f3n digital? Aprende sobre las webs 2.0 y 3.0 y sobre el uso de Facebook, Twitter u otros medios sociales como blogs empresariales.<\/p>\n\n\n\n<p class=\"has-medium-font-size\"><strong>Duraci\u00f3n: 10 horas<\/strong><\/p>\n\n\n\n<p class=\"has-medium-font-size\"><strong>Ap\u00fantate, plazas limitadas<\/strong><\/p>\n\n\n\n<p class=\"has-medium-font-size\"><strong>Se inician pr\u00f3ximamente<\/strong><\/p>\n<\/div><\/div>\n\n\n\n<div class=\"wp-block-media-text alignwide\" style=\"grid-template-columns:15% auto\"><figure class=\"wp-block-media-text__media\"><img loading=\"lazy\" decoding=\"async\" width=\"965\" height=\"970\" src=\"https:\/\/www.adehon.org\/es\/wp-content\/uploads\/2021\/01\/4.png\" alt=\"\" class=\"wp-image-3566\" srcset=\"https:\/\/www.adehon.org\/es\/wp-content\/uploads\/2021\/01\/4.png 965w, https:\/\/www.adehon.org\/es\/wp-content\/uploads\/2021\/01\/4-150x150.png 150w, https:\/\/www.adehon.org\/es\/wp-content\/uploads\/2021\/01\/4-298x300.png 298w, https:\/\/www.adehon.org\/es\/wp-content\/uploads\/2021\/01\/4-768x772.png 768w\" sizes=\"auto, (max-width: 965px) 100vw, 965px\" \/><\/figure><div class=\"wp-block-media-text__content\">\n<p class=\"has-medium-font-size\"><\/p>\n\n\n\n<p class=\"has-text-color has-medium-font-size has-very-dark-gray-color\"><b><a href=\"https:\/\/www.adehon.org\/es\/alfabetizacion-informatica-internet\/\">Alfabetizaci\u00f3n inform\u00e1tica: Internet<\/a><\/b><\/p>\n\n\n\n<p class=\"has-medium-font-size\">\u00bfTienes las competencias necesarias para localizar, entender y analizar la informaci\u00f3n a trav\u00e9s de las tecnolog\u00edas digitales? Ahora es el momento, f\u00f3rmate y s\u00e9 competente en el uso de las nuevas tecnolog\u00edas.<\/p>\n\n\n\n<p class=\"has-medium-font-size\"><strong>Duraci\u00f3n: 10 horas<\/strong><\/p>\n\n\n\n<p class=\"has-medium-font-size\"><strong>Ap\u00fantate, plazas limitadas<\/strong><\/p>\n\n\n\n<p class=\"has-medium-font-size\"><strong>Se inician pr\u00f3ximamente<\/strong><\/p>\n<\/div><\/div>\n\n\n\n<div class=\"wp-block-columns has-2-columns is-layout-flex wp-container-core-columns-is-layout-1 wp-block-columns-is-layout-flex\">\n<div class=\"wp-block-column is-layout-flow wp-block-column-is-layout-flow\"><\/div>\n\n\n\n<div class=\"wp-block-column is-layout-flow wp-block-column-is-layout-flow\">\n<p class=\"has-medium-font-size\"><\/p>\n<\/div>\n<\/div>\n\n\n\n<div class=\"wp-block-columns has-2-columns is-layout-flex wp-container-core-columns-is-layout-2 wp-block-columns-is-layout-flex\">\n<div class=\"wp-block-column is-layout-flow wp-block-column-is-layout-flow\">\n<div class=\"wp-block-image\"><figure class=\"alignleft is-resized\"><img loading=\"lazy\" decoding=\"async\" src=\"http:\/\/www.adehon.org\/es\/wp-content\/uploads\/2020\/03\/chat-150496_1280.png\" alt=\"\" class=\"wp-image-3107\" width=\"81\" height=\"81\" srcset=\"https:\/\/www.adehon.org\/es\/wp-content\/uploads\/2020\/03\/chat-150496_1280.png 1264w, https:\/\/www.adehon.org\/es\/wp-content\/uploads\/2020\/03\/chat-150496_1280-150x150.png 150w, https:\/\/www.adehon.org\/es\/wp-content\/uploads\/2020\/03\/chat-150496_1280-296x300.png 296w, https:\/\/www.adehon.org\/es\/wp-content\/uploads\/2020\/03\/chat-150496_1280-768x778.png 768w, https:\/\/www.adehon.org\/es\/wp-content\/uploads\/2020\/03\/chat-150496_1280-1011x1024.png 1011w\" sizes=\"auto, (max-width: 81px) 100vw, 81px\" \/><\/figure><\/div>\n\n\n\n<p style=\"text-align:center\" class=\"has-medium-font-size\"><strong>Formaci\u00f3n Intersectorial, TRABAJADORES, AUT\u00d3NOMOS Y PERSONAS EN ERTE<\/strong><\/p>\n<\/div>\n\n\n\n<div class=\"wp-block-column is-layout-flow wp-block-column-is-layout-flow\">\n<div class=\"wp-block-image\"><figure class=\"alignleft is-resized\"><a href=\"http:\/\/www.adehon.org\/es\/wp-content\/uploads\/2020\/03\/diploma-152025_1280.png\"><img loading=\"lazy\" decoding=\"async\" src=\"http:\/\/www.adehon.org\/es\/wp-content\/uploads\/2020\/03\/diploma-152025_1280.png\" alt=\"\" class=\"wp-image-3109\" width=\"87\" height=\"102\" srcset=\"https:\/\/www.adehon.org\/es\/wp-content\/uploads\/2020\/03\/diploma-152025_1280.png 1095w, https:\/\/www.adehon.org\/es\/wp-content\/uploads\/2020\/03\/diploma-152025_1280-257x300.png 257w, https:\/\/www.adehon.org\/es\/wp-content\/uploads\/2020\/03\/diploma-152025_1280-768x898.png 768w, https:\/\/www.adehon.org\/es\/wp-content\/uploads\/2020\/03\/diploma-152025_1280-876x1024.png 876w\" sizes=\"auto, (max-width: 87px) 100vw, 87px\" \/><\/a><\/figure><\/div>\n\n\n\n<p class=\"has-medium-font-size\"><strong>TITULACI\u00d3N OFICIAL EMITIDA POR LABORA<\/strong><\/p>\n<\/div>\n<\/div>\n\n\n\n<div class=\"wp-block-columns has-2-columns is-layout-flex wp-container-core-columns-is-layout-3 wp-block-columns-is-layout-flex\">\n<div class=\"wp-block-column is-layout-flow wp-block-column-is-layout-flow\">\n<div class=\"wp-block-image\"><figure class=\"alignleft is-resized\"><a href=\"http:\/\/www.adehon.org\/es\/wp-content\/uploads\/2020\/03\/calendar-1559935_1280-1.png\"><img loading=\"lazy\" decoding=\"async\" src=\"http:\/\/www.adehon.org\/es\/wp-content\/uploads\/2020\/03\/calendar-1559935_1280-1.png\" alt=\"\" class=\"wp-image-3110\" width=\"103\" height=\"92\" srcset=\"https:\/\/www.adehon.org\/es\/wp-content\/uploads\/2020\/03\/calendar-1559935_1280-1.png 1280w, https:\/\/www.adehon.org\/es\/wp-content\/uploads\/2020\/03\/calendar-1559935_1280-1-300x269.png 300w, https:\/\/www.adehon.org\/es\/wp-content\/uploads\/2020\/03\/calendar-1559935_1280-1-768x688.png 768w, https:\/\/www.adehon.org\/es\/wp-content\/uploads\/2020\/03\/calendar-1559935_1280-1-1024x918.png 1024w\" sizes=\"auto, (max-width: 103px) 100vw, 103px\" \/><\/a><\/figure><\/div>\n\n\n\n<p class=\"has-medium-font-size\"><strong>Plazas limitadas<br>INSCRIPCI\u00d3N ABIERTA<\/strong> <\/p>\n<\/div>\n\n\n\n<div class=\"wp-block-column is-layout-flow wp-block-column-is-layout-flow\">\n<div class=\"wp-block-image\"><figure class=\"alignleft is-resized\"><a href=\"http:\/\/www.adehon.org\/es\/wp-content\/uploads\/2020\/03\/mouse-34688_1280.png\"><img loading=\"lazy\" decoding=\"async\" src=\"http:\/\/www.adehon.org\/es\/wp-content\/uploads\/2020\/03\/mouse-34688_1280.png\" alt=\"\" class=\"wp-image-3108\" width=\"62\" height=\"124\" srcset=\"https:\/\/www.adehon.org\/es\/wp-content\/uploads\/2020\/03\/mouse-34688_1280.png 640w, https:\/\/www.adehon.org\/es\/wp-content\/uploads\/2020\/03\/mouse-34688_1280-150x300.png 150w, https:\/\/www.adehon.org\/es\/wp-content\/uploads\/2020\/03\/mouse-34688_1280-512x1024.png 512w\" sizes=\"auto, (max-width: 62px) 100vw, 62px\" \/><\/a><\/figure><\/div>\n\n\n\n<p class=\"has-medium-font-size\"><strong>Plazas limitadas<br>INSCRIPCI\u00d3N ABIERTA <\/strong><\/p>\n<\/div>\n<\/div>\n\n\n\n<p><strong>Formaci\u00f3n 100% Cofinanciada por:<\/strong><\/p>\n\n\n\n<figure class=\"wp-block-image\"><img loading=\"lazy\" decoding=\"async\" width=\"1024\" height=\"147\" src=\"https:\/\/www.adehon.org\/es\/wp-content\/uploads\/2020\/06\/Copia-de-Sin-t\u00edtulo-1024x147.jpg\" alt=\"\" class=\"wp-image-3381\" srcset=\"https:\/\/www.adehon.org\/es\/wp-content\/uploads\/2020\/06\/Copia-de-Sin-t\u00edtulo-1024x147.jpg 1024w, https:\/\/www.adehon.org\/es\/wp-content\/uploads\/2020\/06\/Copia-de-Sin-t\u00edtulo-300x43.jpg 300w, https:\/\/www.adehon.org\/es\/wp-content\/uploads\/2020\/06\/Copia-de-Sin-t\u00edtulo-768x110.jpg 768w\" sizes=\"auto, (max-width: 1024px) 100vw, 1024px\" \/><\/figure>\n","protected":false},"excerpt":{"rendered":"<p>Cursos online y presenciales GRATUITOS con Titulaci\u00f3n Oficial Plan de Formaci\u00f3n INTERSECTORIAL del Servicio Valenciano de Formaci\u00f3n y Ocupaci\u00f3n &#8211; LABORA \ufeffONLINE Marketing y reputaci\u00f3n online: Comunidades virtuales \u00bfManejas las redes sociales en tu empresa? Accede y domina el marketing online, el posicionamiento en buscadores, la gesti\u00f3n de las comunidades virtuales y la reputaci\u00f3n on-line empresarial. Duraci\u00f3n: 180 horas Ap\u00fantate, plazas limitadas Se inician pr\u00f3ximamente Direcci\u00f3n empresarial Consigue el m\u00e1ximo rendimiento de los recursos personales y materiales de la empresa, con una visi\u00f3n global y estrat\u00e9gica de direcci\u00f3n en la actividad empresarial. Duraci\u00f3n: 210 horas Ap\u00fantate, plazas limitadas Se inician pr\u00f3ximamente Ofim\u00e1tica \u00bfConocer el entorno Windows y sus posibilidades? Ahora puedes aprender y manejar los distintos programas de Microsoft Office y ser eficaz en tu trabajo. Duraci\u00f3n: 100 horas Ap\u00fantate, plazas limitadas Se inician pr\u00f3ximamente Estrategias de servicios: calidad y orientaci\u00f3n al cliente \u00bfQuieres orientar la empresa hacia el cliente? La satisfacci\u00f3n del cliente es b\u00e1sica, mejora la atenci\u00f3n, comunicaci\u00f3n&nbsp;<a href=\"https:\/\/www.adehon.org\/es\/programas\/ocupados-labora-intersectorial-2020-2021\/\" class=\"read-more\">Continuar Leyendo<\/a><\/p>\n","protected":false},"author":1,"featured_media":0,"parent":9,"menu_order":2,"comment_status":"closed","ping_status":"closed","template":"page-fullwidth.php","meta":{"footnotes":""},"class_list":["post-3537","page","type-page","status-publish","hentry"],"_links":{"self":[{"href":"https:\/\/www.adehon.org\/es\/wp-json\/wp\/v2\/pages\/3537","targetHints":{"allow":["GET"]}}],"collection":[{"href":"https:\/\/www.adehon.org\/es\/wp-json\/wp\/v2\/pages"}],"about":[{"href":"https:\/\/www.adehon.org\/es\/wp-json\/wp\/v2\/types\/page"}],"author":[{"embeddable":true,"href":"https:\/\/www.adehon.org\/es\/wp-json\/wp\/v2\/users\/1"}],"replies":[{"embeddable":true,"href":"https:\/\/www.adehon.org\/es\/wp-json\/wp\/v2\/comments?post=3537"}],"version-history":[{"count":28,"href":"https:\/\/www.adehon.org\/es\/wp-json\/wp\/v2\/pages\/3537\/revisions"}],"predecessor-version":[{"id":3694,"href":"https:\/\/www.adehon.org\/es\/wp-json\/wp\/v2\/pages\/3537\/revisions\/3694"}],"up":[{"embeddable":true,"href":"https:\/\/www.adehon.org\/es\/wp-json\/wp\/v2\/pages\/9"}],"wp:attachment":[{"href":"https:\/\/www.adehon.org\/es\/wp-json\/wp\/v2\/media?parent=3537"}],"curies":[{"name":"wp","href":"https:\/\/api.w.org\/{rel}","templated":true}]}}