{"id":3631,"date":"2021-01-25T22:59:18","date_gmt":"2021-01-25T22:59:18","guid":{"rendered":"https:\/\/www.adehon.org\/es\/?page_id=3631"},"modified":"2021-01-25T22:59:19","modified_gmt":"2021-01-25T22:59:19","slug":"ofimatica-en-la-nube-google-drive-2021","status":"publish","type":"page","link":"https:\/\/www.adehon.org\/es\/ofimatica-en-la-nube-google-drive-2021\/","title":{"rendered":"Ofim\u00e1tica en la nube: Google Drive &#8211; 2021"},"content":{"rendered":"<h2><a href=\"https:\/\/www.adehon.org\/es\/wp-content\/uploads\/2020\/02\/google-drive.png\"><img loading=\"lazy\" decoding=\"async\" class=\"alignleft  wp-image-2933\" src=\"https:\/\/www.adehon.org\/es\/wp-content\/uploads\/2020\/02\/google-drive.png\" alt=\"\" width=\"273\" height=\"240\" srcset=\"https:\/\/www.adehon.org\/es\/wp-content\/uploads\/2020\/02\/google-drive.png 660w, https:\/\/www.adehon.org\/es\/wp-content\/uploads\/2020\/02\/google-drive-300x263.png 300w\" sizes=\"auto, (max-width: 273px) 100vw, 273px\" \/><\/a>Ofim\u00e1tica en la nube: Google Drive<\/h2>\n<p><a href=\"https:\/\/www.adehon.org\/es\/wp-content\/uploads\/2021\/01\/PLANTILLA4.jpg\"><img loading=\"lazy\" decoding=\"async\" class=\"alignleft  wp-image-3639\" src=\"https:\/\/www.adehon.org\/es\/wp-content\/uploads\/2021\/01\/PLANTILLA4.jpg\" alt=\"\" width=\"582\" height=\"279\" srcset=\"https:\/\/www.adehon.org\/es\/wp-content\/uploads\/2021\/01\/PLANTILLA4.jpg 672w, https:\/\/www.adehon.org\/es\/wp-content\/uploads\/2021\/01\/PLANTILLA4-300x144.jpg 300w\" sizes=\"auto, (max-width: 582px) 100vw, 582px\" \/><\/a><\/p>\n<h2>NOTA:<\/h2>\n<h2 style=\"padding-left: 30px;\">Hay un <strong>10% de plazas disponibles<\/strong> para trabajadores de la Administraci\u00f3n P\u00fablica y un <strong>30%<\/strong> para personas desempleadas.<\/h2>\n<h2><\/h2>\n<div class=\"ml-form-embed\" data-account=\"1702970:x2t9f5m1f1\" data-form=\"1865510:v6s2e8\"><\/div>\n<h3 style=\"text-align: center;\">O si lo prefieres puedes llamarnos al tel\u00e9fono GRATUITO:\u00a0<strong>961309044\u00a0<\/strong><\/h3>\n<p style=\"text-align: center;\"><strong>\u00a0<a href=\"http:\/\/www.adehon.org\/es\/wp-content\/uploads\/2020\/03\/telefono.png\"><img loading=\"lazy\" decoding=\"async\" class=\"alignnone wp-image-3081 \" src=\"http:\/\/www.adehon.org\/es\/wp-content\/uploads\/2020\/03\/telefono-150x150.png\" alt=\"\" width=\"114\" height=\"114\" \/><\/a><\/strong><\/p>\n<hr \/>\n<h2 style=\"padding-left: 40px;\"><span style=\"color: #000000;\"><strong>TEMARIO<\/strong><\/span><\/h2>\n<h3 style=\"padding-left: 40px;\"><em><strong><span style=\"color: #000000;\">Objetivos del curso:<\/span><\/strong><\/em><\/h3>\n<h6 style=\"padding-left: 60px;\"><em>Crear y gestionar de forma eficaz, todos los tipos de documentos necesarios en la gesti\u00f3n ofim\u00e1tica en la nube de Google.<\/em><\/h6>\n<h3 style=\"padding-left: 40px;\"><span style=\"color: #000000;\"><strong>CONTENIDO:<\/strong><\/span><\/h3>\n<h3 style=\"padding-left: 60px;\"><strong>1- Introducci\u00f3n a google drive.<\/strong><\/h3>\n<h6 style=\"padding-left: 90px;\">1.1. Pre\u00e1mbulo.<br \/>\n1.2. Cuesti\u00f3n pr\u00e1ctica.<br \/>\n1.3. Qu\u00e9 es y qu\u00e9 hace Google Drive.<br \/>\n1.4. Paquete de aplicaciones de ofim\u00e1tica.<br \/>\n1.5. Computaci\u00f3n en la nube.<br \/>\n1.5.1. En la nube de Google.<br \/>\n1.6. Colaboraci\u00f3n.<br \/>\n1.7. Accesibilidad.<br \/>\n1.8. Edici\u00f3n simult\u00e1nea en tiempo real.<br \/>\n1.9. Seguridad.<br \/>\n1.10. Control.<br \/>\n1.11. Guardados, restaurar y revisiones.<br \/>\n1.12. Plataformas y dispositivos.<br \/>\n1.13. Formatos.<br \/>\n1.13.1. Formato de Google Drive.<br \/>\n1.13.2. Formatos de ofim\u00e1tica.<br \/>\n1.13.3. Otros formatos.<br \/>\n1.14. Gratis.<br \/>\n1.15. Conclusiones.<\/h6>\n<h3 style=\"padding-left: 60px;\"><strong>2- Comenzar en google drive.<\/strong><\/h3>\n<h6 style=\"padding-left: 90px;\">2.1. Requisitos.<br \/>\n2.1.1. Crear una cuenta de Google disponiendo de un correo electr\u00f3nico de otro proveedor.<br \/>\n2.1.2. Crear una cuenta de Google desde una cuenta de Gmail.<br \/>\n2.2. Versiones.<br \/>\n2.3. Aplicaciones incluidas en Google Drive.<br \/>\n2.3.1. Documentos.<br \/>\n2.3.2. Presentaciones.<br \/>\n2.3.3. Hojas de c\u00e1lculo.<br \/>\n2.3.4. Formularios.<br \/>\n2.3.5. Dibujos.<br \/>\n2.4. Evoluci\u00f3n.<br \/>\n2.5. Navegadores.<\/h6>\n<h3 style=\"padding-left: 60px;\">3- Introducci\u00f3n al espacio de trabajo de google drive.<\/h3>\n<h6 style=\"padding-left: 90px;\">3.1. Acceso a los servicios de Google.<br \/>\n3.1.1. Gmail.<br \/>\n3.1.2. Calendar.<br \/>\n3.1.3. Drive.<br \/>\n3.1.4. Fotos.<br \/>\n3.1.5. Reader.<br \/>\n3.1.6. B\u00fasqueda.<br \/>\n3.1.7. M\u00e1s y mucho m\u00e1s.<br \/>\n3.2. Configuraciones del perfil y la cuenta de Google.<br \/>\n3.2.1. Perfil.<br \/>\n3.2.2. Configuraci\u00f3n de cuenta.<br \/>\n3.3. B\u00fasqueda, organizaci\u00f3n y filtrado en Google Drive.<br \/>\n3.4. Panel de navegaci\u00f3n.<br \/>\n3.4. 1. Mi unidad.<br \/>\n3.5. Panel principal.<br \/>\n3.6. Visualizaci\u00f3n y configuraciones.<\/h6>\n<h3 style=\"padding-left: 60px;\">4- Servicios adicionales de google.<\/h3>\n<h6 style=\"padding-left: 90px;\">4.1. Gmail.<br \/>\n4.1.1. Sin carpetas.<br \/>\n4.1.2. Conversaciones.<br \/>\n4.1.3. Entorno de trabajo.<br \/>\n4.1.4. Avanzado: operadores.<br \/>\n4.2. Calendar.<br \/>\n4.2.1. Calendarios.<br \/>\n4.2.2. Integraci\u00f3n con Gmail.<br \/>\n4.2.3. Entorno de trabajo.<br \/>\n4.2.4. Crear eventos.<br \/>\n4.2.5. Crear espacios para citas.<br \/>\n4.3. Fotos.<br \/>\n4.3.1. \u00c1lbumes web.<br \/>\n4.3.2. Picasa.<br \/>\n4.3.3. Gesti\u00f3n de fotos.<br \/>\n4.3.4. Herramientas.<br \/>\n4.4. Reader.<br \/>\n4.4.1. Feeds.<br \/>\n4.4.2. Entorno de trabajo.<br \/>\n4.4.3. Suscripciones.<br \/>\n4.5. B\u00fasqueda.<br \/>\n4.5.1. B\u00fasqueda avanzada.<br \/>\n4.6. M\u00e1s y mucho m\u00e1s.<\/h6>\n<h3 style=\"padding-left: 60px;\">5- Gesti\u00f3n avanzada de la ventana de inicio de google drive.<\/h3>\n<h6 style=\"padding-left: 90px;\">5.1. Gesti\u00f3n avanzada de la ventana de inicio de Google Drive.<br \/>\n5.2. Gesti\u00f3n avanzada del panel de navegaci\u00f3n.<\/h6>\n<p style=\"padding-left: 30px;\"><strong>Este curso formativo se imparte en la <span style=\"color: #0000ff;\">modalidad online<\/span> y tiene una duraci\u00f3n de<span style=\"color: #0000ff;\"> 100 horas<\/span>.\u00a0<\/strong><\/p>\n<p style=\"padding-left: 30px;\"><strong>Se realiza a trav\u00e9s de nuestra Plataforma Virtual, de forma, que puedes disponer de todo el contenido did\u00e1ctico en el aula del curso y estar\u00e1 accesible desde el primer d\u00eda de inicio del curso, las 24 horas todos los d\u00edas de la semana. Adem\u00e1s, contamos con un grupo de tutores especializados en la materia, que podr\u00e1s contar con ellos a trav\u00e9s del correo electr\u00f3nico, o por medio de la plataforma.<\/strong><\/p>\n<p style=\"padding-left: 30px;\"><b>Formaci\u00f3n 100% <\/b><span style=\"color: #000000;\"><b>Cofinanciada<\/b><\/span><b>\u00a0por:<\/b><a href=\"http:\/\/www.adehon.org\/es\/wp-content\/uploads\/2020\/04\/1200px-Imagotip_de_la_Generalitat_Valenciana.svg_.png\"><br \/>\n<img loading=\"lazy\" decoding=\"async\" class=\"alignleft  wp-image-3369\" src=\"http:\/\/www.adehon.org\/es\/wp-content\/uploads\/2020\/04\/1200px-Imagotip_de_la_Generalitat_Valenciana.svg_.png\" alt=\"\" width=\"201\" height=\"96\" srcset=\"https:\/\/www.adehon.org\/es\/wp-content\/uploads\/2020\/04\/1200px-Imagotip_de_la_Generalitat_Valenciana.svg_.png 1200w, https:\/\/www.adehon.org\/es\/wp-content\/uploads\/2020\/04\/1200px-Imagotip_de_la_Generalitat_Valenciana.svg_-300x143.png 300w, https:\/\/www.adehon.org\/es\/wp-content\/uploads\/2020\/04\/1200px-Imagotip_de_la_Generalitat_Valenciana.svg_-768x367.png 768w, https:\/\/www.adehon.org\/es\/wp-content\/uploads\/2020\/04\/1200px-Imagotip_de_la_Generalitat_Valenciana.svg_-1024x489.png 1024w\" sizes=\"auto, (max-width: 201px) 100vw, 201px\" \/><\/a><\/p>\n<p><a href=\"http:\/\/www.adehon.org\/es\/wp-content\/uploads\/2020\/02\/Labora-transparente-rojo-1788c.png\"><img loading=\"lazy\" decoding=\"async\" class=\"wp-image-2995 alignleft\" src=\"http:\/\/www.adehon.org\/es\/wp-content\/uploads\/2020\/02\/Labora-transparente-rojo-1788c.png\" alt=\"\" width=\"242\" height=\"65\" srcset=\"https:\/\/www.adehon.org\/es\/wp-content\/uploads\/2020\/02\/Labora-transparente-rojo-1788c.png 1007w, https:\/\/www.adehon.org\/es\/wp-content\/uploads\/2020\/02\/Labora-transparente-rojo-1788c-300x81.png 300w, https:\/\/www.adehon.org\/es\/wp-content\/uploads\/2020\/02\/Labora-transparente-rojo-1788c-768x207.png 768w\" sizes=\"auto, (max-width: 242px) 100vw, 242px\" \/><\/a><\/p>\n<p><a href=\"http:\/\/www.adehon.org\/es\/wp-content\/uploads\/2020\/02\/WEB_CAS_1206x250px.jpg\"><img loading=\"lazy\" decoding=\"async\" class=\"alignleft  wp-image-2991\" src=\"http:\/\/www.adehon.org\/es\/wp-content\/uploads\/2020\/02\/WEB_CAS_1206x250px.jpg\" alt=\"\" width=\"358\" height=\"74\" srcset=\"https:\/\/www.adehon.org\/es\/wp-content\/uploads\/2020\/02\/WEB_CAS_1206x250px.jpg 1206w, https:\/\/www.adehon.org\/es\/wp-content\/uploads\/2020\/02\/WEB_CAS_1206x250px-300x62.jpg 300w, https:\/\/www.adehon.org\/es\/wp-content\/uploads\/2020\/02\/WEB_CAS_1206x250px-768x159.jpg 768w, https:\/\/www.adehon.org\/es\/wp-content\/uploads\/2020\/02\/WEB_CAS_1206x250px-1024x212.jpg 1024w\" sizes=\"auto, (max-width: 358px) 100vw, 358px\" \/><\/a><\/p>\n","protected":false},"excerpt":{"rendered":"<p>Ofim\u00e1tica en la nube: Google Drive NOTA: Hay un 10% de plazas disponibles para trabajadores de la Administraci\u00f3n P\u00fablica y un 30% para personas desempleadas. O si lo prefieres puedes llamarnos al tel\u00e9fono GRATUITO:\u00a0961309044\u00a0 \u00a0 TEMARIO Objetivos del curso: Crear y gestionar de forma eficaz, todos los tipos de documentos necesarios en la gesti\u00f3n ofim\u00e1tica en la nube de Google. CONTENIDO: 1- Introducci\u00f3n a google drive. 1.1. Pre\u00e1mbulo. 1.2. Cuesti\u00f3n pr\u00e1ctica. 1.3. Qu\u00e9 es y qu\u00e9 hace Google Drive. 1.4. Paquete de aplicaciones de ofim\u00e1tica. 1.5. Computaci\u00f3n en la nube. 1.5.1. En la nube de Google. 1.6. Colaboraci\u00f3n. 1.7. Accesibilidad. 1.8. Edici\u00f3n simult\u00e1nea en tiempo real. 1.9. Seguridad. 1.10. Control. 1.11. Guardados, restaurar y revisiones. 1.12. Plataformas y dispositivos. 1.13. Formatos. 1.13.1. Formato de Google Drive. 1.13.2. Formatos de ofim\u00e1tica. 1.13.3. Otros formatos. 1.14. Gratis. 1.15. Conclusiones. 2- Comenzar en google drive. 2.1. Requisitos. 2.1.1. Crear una cuenta de Google disponiendo de un correo electr\u00f3nico de otro proveedor. 2.1.2. Crear&nbsp;<a href=\"https:\/\/www.adehon.org\/es\/ofimatica-en-la-nube-google-drive-2021\/\" class=\"read-more\">Continuar Leyendo<\/a><\/p>\n","protected":false},"author":1,"featured_media":0,"parent":0,"menu_order":0,"comment_status":"closed","ping_status":"closed","template":"page-fullwidth.php","meta":{"footnotes":""},"class_list":["post-3631","page","type-page","status-publish","hentry"],"_links":{"self":[{"href":"https:\/\/www.adehon.org\/es\/wp-json\/wp\/v2\/pages\/3631","targetHints":{"allow":["GET"]}}],"collection":[{"href":"https:\/\/www.adehon.org\/es\/wp-json\/wp\/v2\/pages"}],"about":[{"href":"https:\/\/www.adehon.org\/es\/wp-json\/wp\/v2\/types\/page"}],"author":[{"embeddable":true,"href":"https:\/\/www.adehon.org\/es\/wp-json\/wp\/v2\/users\/1"}],"replies":[{"embeddable":true,"href":"https:\/\/www.adehon.org\/es\/wp-json\/wp\/v2\/comments?post=3631"}],"version-history":[{"count":1,"href":"https:\/\/www.adehon.org\/es\/wp-json\/wp\/v2\/pages\/3631\/revisions"}],"predecessor-version":[{"id":3640,"href":"https:\/\/www.adehon.org\/es\/wp-json\/wp\/v2\/pages\/3631\/revisions\/3640"}],"wp:attachment":[{"href":"https:\/\/www.adehon.org\/es\/wp-json\/wp\/v2\/media?parent=3631"}],"curies":[{"name":"wp","href":"https:\/\/api.w.org\/{rel}","templated":true}]}}