{"id":3643,"date":"2021-01-25T23:13:29","date_gmt":"2021-01-25T23:13:29","guid":{"rendered":"https:\/\/www.adehon.org\/es\/?page_id=3643"},"modified":"2021-01-25T23:19:46","modified_gmt":"2021-01-25T23:19:46","slug":"estrategias-de-servicios-calidad-y-orientacion-al-cliente","status":"publish","type":"page","link":"https:\/\/www.adehon.org\/es\/estrategias-de-servicios-calidad-y-orientacion-al-cliente\/","title":{"rendered":"Estrategias de servicios: calidad y orientaci\u00f3n al cliente"},"content":{"rendered":"<h2><a href=\"https:\/\/www.adehon.org\/es\/wp-content\/uploads\/2020\/02\/google-drive.png\"><img loading=\"lazy\" decoding=\"async\" class=\"alignleft  wp-image-2933\" src=\"https:\/\/www.adehon.org\/es\/wp-content\/uploads\/2020\/02\/google-drive.png\" alt=\"\" width=\"273\" height=\"240\" srcset=\"https:\/\/www.adehon.org\/es\/wp-content\/uploads\/2020\/02\/google-drive.png 660w, https:\/\/www.adehon.org\/es\/wp-content\/uploads\/2020\/02\/google-drive-300x263.png 300w\" sizes=\"auto, (max-width: 273px) 100vw, 273px\" \/><\/a>Estrategias de servicios: calidad y orientaci\u00f3n al cliente<\/h2>\n<p><a href=\"https:\/\/www.adehon.org\/es\/wp-content\/uploads\/2021\/01\/PLANTILLA5.jpg\"><img loading=\"lazy\" decoding=\"async\" class=\"alignleft  wp-image-3644\" src=\"https:\/\/www.adehon.org\/es\/wp-content\/uploads\/2021\/01\/PLANTILLA5.jpg\" alt=\"\" width=\"582\" height=\"281\" srcset=\"https:\/\/www.adehon.org\/es\/wp-content\/uploads\/2021\/01\/PLANTILLA5.jpg 670w, https:\/\/www.adehon.org\/es\/wp-content\/uploads\/2021\/01\/PLANTILLA5-300x145.jpg 300w\" sizes=\"auto, (max-width: 582px) 100vw, 582px\" \/><\/a><\/p>\n<h2>NOTA:<\/h2>\n<h2 style=\"padding-left: 30px;\">Hay un <strong>10% de plazas disponibles<\/strong> para trabajadores de la Administraci\u00f3n P\u00fablica y un <strong>30%<\/strong> para personas desempleadas.<\/h2>\n<h2><\/h2>\n<div class=\"ml-form-embed\" data-account=\"1702970:x2t9f5m1f1\" data-form=\"1865510:v6s2e8\"><\/div>\n<h3 style=\"text-align: center;\">O si lo prefieres puedes llamarnos al tel\u00e9fono GRATUITO:\u00a0<strong>961309044\u00a0<\/strong><\/h3>\n<p style=\"text-align: center;\"><strong>\u00a0<a href=\"http:\/\/www.adehon.org\/es\/wp-content\/uploads\/2020\/03\/telefono.png\"><img loading=\"lazy\" decoding=\"async\" class=\"alignnone wp-image-3081 \" src=\"http:\/\/www.adehon.org\/es\/wp-content\/uploads\/2020\/03\/telefono-150x150.png\" alt=\"\" width=\"114\" height=\"114\" \/><\/a><\/strong><\/p>\n<hr \/>\n<h2 style=\"padding-left: 40px;\"><span style=\"color: #000000;\"><strong>TEMARIO<\/strong><\/span><\/h2>\n<h3 style=\"padding-left: 40px;\"><em><strong><span style=\"color: #000000;\">Objetivos del curso:<\/span><\/strong><\/em><\/h3>\n<h6 style=\"padding-left: 60px;\"><em>El objetivo fundamental del curso es ser capaz de identificar las estrategias orientadas a la mejora de la atenci\u00f3n. <\/em><\/h6>\n<h3 style=\"padding-left: 40px;\"><span style=\"color: #000000;\"><strong>CONTENIDO:<\/strong><\/span><\/h3>\n<h6 style=\"padding-left: 60px;\">1. CALIDAD Y SERVICIO: ALGUNAS DEFINICIONES<br \/>\n1.1. La calidad.<br \/>\n1.2. El servicio.<br \/>\n2. LA IMPORTANCIA DE LA CALIDAD DEL SERVICIO<br \/>\n2.1. Un cliente siempre exigente.<br \/>\n2.2. La importancia de los s\u00edmbolos y de la informaci\u00f3n en la calidad del servicio<br \/>\n2.3. Cuanto m\u00e1s inmaterial sea un servicio, m\u00e1s influencia tendr\u00e1n sus aspectos tangibles.<br \/>\n2.4. La motivaci\u00f3n del cliente es lo que determina la calidad del servicio.<br \/>\n2.5. La calidad del servicio es total o inexistente.<br \/>\n2.6. Gesti\u00f3n de la calidad total.<br \/>\n2.7. El concepto de calidad var\u00eda seg\u00fan las culturas.<br \/>\n2.8. La satisfacci\u00f3n del cliente: un secreto a desvelar.<br \/>\n3. GESTI\u00d3N DE LA CALIDAD EN EL SERVICIO<br \/>\n3.1. \u00bfPor qu\u00e9 son diferentes las empresas de servicios?<br \/>\n3.2. Dificultades de gestionar la calidad del servicio.<br \/>\n3.3. Costo de calidad y de la falta de calidad.<br \/>\n3.4. Gesti\u00f3n de la calidad del servicio: un asunto de m\u00e9todos.<br \/>\n4. LAS ESTRATEGIAS DEL SERVICIO<br \/>\n4.1. Introducci\u00f3n.<br \/>\n4.2. El cliente es el rey.<br \/>\n4.3. Competir en los precios o en las diferencias.<br \/>\n4.4. Estrategias de servicio de productos.<br \/>\n4.5. Estrategias de servicio para los servicios.<br \/>\n4.6. La estrategia de servicio: una promesa.<br \/>\n5. LA COMUNICACI\u00d3N DEL SERVICIO<br \/>\n5.1. Afirmar la diferencia.<br \/>\n5.2. Amoldarse a las expectativas del cliente.<br \/>\n5.3. Reducir el riesgo percibido por el cliente.<br \/>\n5.4. Materializar el servicio.<br \/>\n5.5. En materia de servicios, todo es comunicaci\u00f3n.<br \/>\n5.6. Contar con los distribuidores.<br \/>\n5.7. Motivar al personal: un empleado convencido es un cliente convencido.<br \/>\n6. LAS NORMAS DE CALIDAD DEL SERVICIO<br \/>\n6.1. Introducci\u00f3n.<br \/>\n6.2. La norma es el resultado esperado por el cliente.<br \/>\n6.3. La norma debe ser ponderable.<br \/>\n6.4. Las normas de calidad del servicio deben ser utilizadas por toda la organizaci\u00f3n.<br \/>\n6.5. Formar al personal en las normas de calidad.<br \/>\n6.6. Prestar un servicio orientado al cliente.<br \/>\n7. CALIDAD Y SERVICIO: ASPECTOS GENERALES<br \/>\n7.1. Calidad y servicio: aspectos generales.<br \/>\n7.2. El cliente y su percepci\u00f3n del servicio.<br \/>\n7.3. Las empresas de servicios.<br \/>\n7.4. Estrategias de las empresas de servicios.<br \/>\n7.5. La comunicaci\u00f3n y las normas de calidad.<br \/>\n8. LA CAZA DE ERRORES<br \/>\n8.1. Introducci\u00f3n.<br \/>\n8.2. Hacerlo bien a la primera.<br \/>\n8.3. El cero defectos pasa tambi\u00e9n por una caza implacable de errores.<br \/>\n9. MEDIR LA SATISFACCI\u00d3N DEL CLIENTE<br \/>\n9.1. Introducci\u00f3n.<br \/>\n9.2. Valor para el cliente.<br \/>\n9.3. Satisfacci\u00f3n del consumidor.<br \/>\n9.4. Las encuestas de satisfacci\u00f3n.<br \/>\n9.5. Las cartas de reclamaci\u00f3n: una fuente de beneficios.<br \/>\n9.6. La opini\u00f3n ajena.<br \/>\n10. \u00bfC\u00d3MO LANZAR UN PROGRAMA DE CALIDAD?<br \/>\n10.1. Introducci\u00f3n.<br \/>\n10.2. El diagn\u00f3stico: un punto de partida ineludible.<br \/>\n10.3. A la b\u00fasqueda del cero defectos.<br \/>\n10.4. Reconsideraci\u00f3n del servicio prestado.<br \/>\n10.5. Un tronco com\u00fan de excelencia para ramas del servicio.<br \/>\n11. ATENCI\u00d3N TELEF\u00d3NICA EN LA GESTI\u00d3N DE LA CALIDAD DEL SERVICIO<br \/>\n11.1. Introducci\u00f3n.<br \/>\n11.2. Preparaci\u00f3n t\u00e9cnica.<br \/>\n11.3. Preparaci\u00f3n t\u00e1ctica.<br \/>\n11.4. Desarrollo pr\u00e1ctico o t\u00e9cnica del uso del tel\u00e9fono.<br \/>\n11.5. Algunas recomendaciones al hablar por tel\u00e9fono.<br \/>\n12. EJEMPLOS DE MALA CALIDAD EN EL SERVICIO<br \/>\n12.1. Aeropuerto.<br \/>\n12.2. Banco.<br \/>\n12.3. Supermercado.<br \/>\n12.4. Las tarjetas de cr\u00e9dito.<br \/>\n12.5. Empresa de mantenimiento.<br \/>\n12.6. Hotel.<br \/>\n12.7. Empresa de alquiler de coches.<br \/>\n12.8. Un concesionario Mercedes Benz.<br \/>\n12.9. Un juego de sal\u00f3n que termina en el lugar de partida.<br \/>\n12.10. Una agencia de seguros.<br \/>\n12.11. Unos informativos.<br \/>\n12.12. La cat\u00e1strofe de Chernobil: diferencias culturales.<br \/>\n12.13. Una caldera ruidosa.<br \/>\n12.14. Un instituto de estad\u00edstica.<br \/>\n12.15. Una tienda de muebles.<br \/>\n13. M\u00d3DULO ESPEC\u00cdFICO SECTORIAL<br \/>\n13.1. Caracter\u00edsticas espec\u00edficas de la atenci\u00f3n al cliente en el sector concreto en el que se imparte esta<br \/>\nespecialidad.<\/h6>\n<p><span style=\"color: #ffffff;\">&#8212;<\/span><\/p>\n<p style=\"padding-left: 30px;\"><strong>Este curso formativo se imparte en la <span style=\"color: #0000ff;\">modalidad online<\/span> y tiene una duraci\u00f3n de<span style=\"color: #0000ff;\"> 100 horas<\/span>.\u00a0<\/strong><\/p>\n<p style=\"padding-left: 30px;\"><strong>Se realiza a trav\u00e9s de nuestra Plataforma Virtual, de forma, que puedes disponer de todo el contenido did\u00e1ctico en el aula del curso y estar\u00e1 accesible desde el primer d\u00eda de inicio del curso, las 24 horas todos los d\u00edas de la semana. Adem\u00e1s, contamos con un grupo de tutores especializados en la materia, que podr\u00e1s contar con ellos a trav\u00e9s del correo electr\u00f3nico, o por medio de la plataforma.<\/strong><\/p>\n<p style=\"padding-left: 30px;\"><b>Formaci\u00f3n 100% <\/b><span style=\"color: #000000;\"><b>Cofinanciada<\/b><\/span><b>\u00a0por:<\/b><a href=\"http:\/\/www.adehon.org\/es\/wp-content\/uploads\/2020\/04\/1200px-Imagotip_de_la_Generalitat_Valenciana.svg_.png\"><br \/>\n<img loading=\"lazy\" decoding=\"async\" class=\"alignleft  wp-image-3369\" src=\"http:\/\/www.adehon.org\/es\/wp-content\/uploads\/2020\/04\/1200px-Imagotip_de_la_Generalitat_Valenciana.svg_.png\" alt=\"\" width=\"201\" height=\"96\" srcset=\"https:\/\/www.adehon.org\/es\/wp-content\/uploads\/2020\/04\/1200px-Imagotip_de_la_Generalitat_Valenciana.svg_.png 1200w, https:\/\/www.adehon.org\/es\/wp-content\/uploads\/2020\/04\/1200px-Imagotip_de_la_Generalitat_Valenciana.svg_-300x143.png 300w, https:\/\/www.adehon.org\/es\/wp-content\/uploads\/2020\/04\/1200px-Imagotip_de_la_Generalitat_Valenciana.svg_-768x367.png 768w, https:\/\/www.adehon.org\/es\/wp-content\/uploads\/2020\/04\/1200px-Imagotip_de_la_Generalitat_Valenciana.svg_-1024x489.png 1024w\" sizes=\"auto, (max-width: 201px) 100vw, 201px\" \/><\/a><\/p>\n<p><a href=\"http:\/\/www.adehon.org\/es\/wp-content\/uploads\/2020\/02\/Labora-transparente-rojo-1788c.png\"><img loading=\"lazy\" decoding=\"async\" class=\"wp-image-2995 alignleft\" src=\"http:\/\/www.adehon.org\/es\/wp-content\/uploads\/2020\/02\/Labora-transparente-rojo-1788c.png\" alt=\"\" width=\"242\" height=\"65\" srcset=\"https:\/\/www.adehon.org\/es\/wp-content\/uploads\/2020\/02\/Labora-transparente-rojo-1788c.png 1007w, https:\/\/www.adehon.org\/es\/wp-content\/uploads\/2020\/02\/Labora-transparente-rojo-1788c-300x81.png 300w, https:\/\/www.adehon.org\/es\/wp-content\/uploads\/2020\/02\/Labora-transparente-rojo-1788c-768x207.png 768w\" sizes=\"auto, (max-width: 242px) 100vw, 242px\" \/><\/a><\/p>\n<p><a href=\"http:\/\/www.adehon.org\/es\/wp-content\/uploads\/2020\/02\/WEB_CAS_1206x250px.jpg\"><img loading=\"lazy\" decoding=\"async\" class=\"alignleft  wp-image-2991\" src=\"http:\/\/www.adehon.org\/es\/wp-content\/uploads\/2020\/02\/WEB_CAS_1206x250px.jpg\" alt=\"\" width=\"358\" height=\"74\" srcset=\"https:\/\/www.adehon.org\/es\/wp-content\/uploads\/2020\/02\/WEB_CAS_1206x250px.jpg 1206w, https:\/\/www.adehon.org\/es\/wp-content\/uploads\/2020\/02\/WEB_CAS_1206x250px-300x62.jpg 300w, https:\/\/www.adehon.org\/es\/wp-content\/uploads\/2020\/02\/WEB_CAS_1206x250px-768x159.jpg 768w, https:\/\/www.adehon.org\/es\/wp-content\/uploads\/2020\/02\/WEB_CAS_1206x250px-1024x212.jpg 1024w\" sizes=\"auto, (max-width: 358px) 100vw, 358px\" \/><\/a><\/p>\n","protected":false},"excerpt":{"rendered":"<p>Estrategias de servicios: calidad y orientaci\u00f3n al cliente NOTA: Hay un 10% de plazas disponibles para trabajadores de la Administraci\u00f3n P\u00fablica y un 30% para personas desempleadas. O si lo prefieres puedes llamarnos al tel\u00e9fono GRATUITO:\u00a0961309044\u00a0 \u00a0 TEMARIO Objetivos del curso: El objetivo fundamental del curso es ser capaz de identificar las estrategias orientadas a la mejora de la atenci\u00f3n. CONTENIDO: 1. CALIDAD Y SERVICIO: ALGUNAS DEFINICIONES 1.1. La calidad. 1.2. El servicio. 2. LA IMPORTANCIA DE LA CALIDAD DEL SERVICIO 2.1. Un cliente siempre exigente. 2.2. La importancia de los s\u00edmbolos y de la informaci\u00f3n en la calidad del servicio 2.3. Cuanto m\u00e1s inmaterial sea un servicio, m\u00e1s influencia tendr\u00e1n sus aspectos tangibles. 2.4. La motivaci\u00f3n del cliente es lo que determina la calidad del servicio. 2.5. La calidad del servicio es total o inexistente. 2.6. Gesti\u00f3n de la calidad total. 2.7. El concepto de calidad var\u00eda seg\u00fan las culturas. 2.8. La satisfacci\u00f3n del cliente: un secreto a desvelar.&nbsp;<a href=\"https:\/\/www.adehon.org\/es\/estrategias-de-servicios-calidad-y-orientacion-al-cliente\/\" class=\"read-more\">Continuar Leyendo<\/a><\/p>\n","protected":false},"author":1,"featured_media":0,"parent":0,"menu_order":0,"comment_status":"closed","ping_status":"closed","template":"page-fullwidth.php","meta":{"footnotes":""},"class_list":["post-3643","page","type-page","status-publish","hentry"],"_links":{"self":[{"href":"https:\/\/www.adehon.org\/es\/wp-json\/wp\/v2\/pages\/3643","targetHints":{"allow":["GET"]}}],"collection":[{"href":"https:\/\/www.adehon.org\/es\/wp-json\/wp\/v2\/pages"}],"about":[{"href":"https:\/\/www.adehon.org\/es\/wp-json\/wp\/v2\/types\/page"}],"author":[{"embeddable":true,"href":"https:\/\/www.adehon.org\/es\/wp-json\/wp\/v2\/users\/1"}],"replies":[{"embeddable":true,"href":"https:\/\/www.adehon.org\/es\/wp-json\/wp\/v2\/comments?post=3643"}],"version-history":[{"count":3,"href":"https:\/\/www.adehon.org\/es\/wp-json\/wp\/v2\/pages\/3643\/revisions"}],"predecessor-version":[{"id":3648,"href":"https:\/\/www.adehon.org\/es\/wp-json\/wp\/v2\/pages\/3643\/revisions\/3648"}],"wp:attachment":[{"href":"https:\/\/www.adehon.org\/es\/wp-json\/wp\/v2\/media?parent=3643"}],"curies":[{"name":"wp","href":"https:\/\/api.w.org\/{rel}","templated":true}]}}