{"id":3657,"date":"2021-01-25T23:41:19","date_gmt":"2021-01-25T23:41:19","guid":{"rendered":"https:\/\/www.adehon.org\/es\/?page_id=3657"},"modified":"2021-01-25T23:42:46","modified_gmt":"2021-01-25T23:42:46","slug":"manipulador-de-alimentos","status":"publish","type":"page","link":"https:\/\/www.adehon.org\/es\/manipulador-de-alimentos\/","title":{"rendered":"Manipulador de alimentos"},"content":{"rendered":"<h2><a href=\"https:\/\/www.adehon.org\/es\/wp-content\/uploads\/2021\/01\/2-1.png\"><img loading=\"lazy\" decoding=\"async\" class=\"alignleft  wp-image-3658\" src=\"https:\/\/www.adehon.org\/es\/wp-content\/uploads\/2021\/01\/2-1.png\" alt=\"\" width=\"274\" height=\"273\" srcset=\"https:\/\/www.adehon.org\/es\/wp-content\/uploads\/2021\/01\/2-1.png 824w, https:\/\/www.adehon.org\/es\/wp-content\/uploads\/2021\/01\/2-1-150x150.png 150w, https:\/\/www.adehon.org\/es\/wp-content\/uploads\/2021\/01\/2-1-300x300.png 300w, https:\/\/www.adehon.org\/es\/wp-content\/uploads\/2021\/01\/2-1-768x767.png 768w\" sizes=\"auto, (max-width: 274px) 100vw, 274px\" \/><\/a>Manipulador de alimentos<\/h2>\n<p><a href=\"https:\/\/www.adehon.org\/es\/wp-content\/uploads\/2021\/01\/PLANTILLA7p.jpg\"><img loading=\"lazy\" decoding=\"async\" class=\"alignleft  wp-image-3659\" src=\"https:\/\/www.adehon.org\/es\/wp-content\/uploads\/2021\/01\/PLANTILLA7p.jpg\" alt=\"\" width=\"582\" height=\"277\" srcset=\"https:\/\/www.adehon.org\/es\/wp-content\/uploads\/2021\/01\/PLANTILLA7p.jpg 672w, https:\/\/www.adehon.org\/es\/wp-content\/uploads\/2021\/01\/PLANTILLA7p-300x143.jpg 300w\" sizes=\"auto, (max-width: 582px) 100vw, 582px\" \/><\/a><\/p>\n<h2>NOTA:<\/h2>\n<h2 style=\"padding-left: 30px;\">Hay un <strong>10% de plazas disponibles<\/strong> para trabajadores de la Administraci\u00f3n P\u00fablica y un <strong>30%<\/strong> para personas desempleadas.<\/h2>\n<h2><\/h2>\n<div class=\"ml-form-embed\" data-account=\"1702970:x2t9f5m1f1\" data-form=\"1865510:v6s2e8\"><\/div>\n<h3 style=\"text-align: center;\">O si lo prefieres puedes llamarnos al tel\u00e9fono GRATUITO:\u00a0<strong>961309044\u00a0<\/strong><\/h3>\n<p style=\"text-align: center;\"><strong>\u00a0<a href=\"http:\/\/www.adehon.org\/es\/wp-content\/uploads\/2020\/03\/telefono.png\"><img loading=\"lazy\" decoding=\"async\" class=\"alignnone wp-image-3081 \" src=\"http:\/\/www.adehon.org\/es\/wp-content\/uploads\/2020\/03\/telefono-150x150.png\" alt=\"\" width=\"114\" height=\"114\" \/><\/a><\/strong><\/p>\n<hr \/>\n<h2 style=\"padding-left: 40px;\"><span style=\"color: #000000;\"><strong>TEMARIO<\/strong><\/span><\/h2>\n<h3 style=\"padding-left: 40px;\"><em><strong><span style=\"color: #000000;\">Objetivos del curso:<\/span><\/strong><\/em><\/h3>\n<h6 style=\"padding-left: 60px;\">Adquirir los conocimientos, destrezas y actitudes necesarias para aplicar en su puesto de trabajo un correcto comportamiento y las t\u00e9cnicas adecuadas de higiene y sanidad alimentaria en manipulaci\u00f3n de alimentos, para impedir su contaminaci\u00f3n y prevenir posibles alteraciones alimentarias en aquellas especialidades de Industrias Alimentarias, Hosteler\u00eda y aquellas otras para cuyo ejercicio profesional se necesite.<\/h6>\n<h3 style=\"padding-left: 40px;\"><span style=\"color: #000000;\"><strong>CONTENIDO:<\/strong><\/span><\/h3>\n<h6 style=\"padding-left: 60px;\">Calidad alimentaria:<br \/>\n. Definici\u00f3n de alimentos<br \/>\n. Clasificaci\u00f3n de los alimentos<br \/>\n. Criterios de calidad de los alimentos<br \/>\ny Alteraciones de los alimentos:<br \/>\n. Deterioro de los alimentos de origen animal y de origen vegetal.<br \/>\ny Manipulaci\u00f3n higi\u00e9nica de los alimentos:<br \/>\n. Cadena alimentaria: origen, transformaci\u00f3n, tratamientos, trazabilidad de los alimentos,<br \/>\n. El papel del manipulador de alimentos.<br \/>\n. Manipulaci\u00f3n de los alimentos espec\u00edficos del curso.<br \/>\ny Locales e instalaciones: Maquinaria, herramientas y utillaje, limpieza y desinfecci\u00f3n. Distribuci\u00f3n de<br \/>\nlas instalaciones, iluminaci\u00f3n, ventilaci\u00f3n.<br \/>\n. Eliminaci\u00f3n de basuras y residuos.<br \/>\ne Higiene personal: Aseo, h\u00e1bitos higi\u00e9nicos, estado de salud y prevenci\u00f3n de enfermedades transmisibles.<br \/>\ne Informaci\u00f3n de productos alimenticios: Identificaci\u00f3n, etiquetado, caducidad, composici\u00f3n.<br \/>\ne Higiene alimentaria: Microorganismos en los alimentos, contaminaciones, infecciones e<br \/>\nintoxicaciones alimentarias.<br \/>\ny Conservaci\u00f3n de los alimentos:<br \/>\n. M\u00e9todos f\u00edsicos (fr\u00edo, calor, desecaci\u00f3n, liofilizaci\u00f3n, etc.)<br \/>\n. M\u00e9todos qu\u00edmicos (sal, az\u00facar, ahumado, etc.)<br \/>\n. Almacenamiento de los alimentos<br \/>\n. Envasado<br \/>\nCaracter\u00edsticas espec\u00edficas de los alimentos y productos alimenticios:<br \/>\nConocer el Plan de An\u00e1lisis de Peligros y Puntos de Control Cr\u00edticos y la Gu\u00eda de Pr\u00e1cticas<br \/>\nde Higiene.<br \/>\nLegislaci\u00f3n aplicable al manipulador de alimentos relacionada con el sector concreto al que va<br \/>\ndirigido el curso.<\/h6>\n<p><span style=\"color: #ffffff;\">&#8212;<\/span><\/p>\n<p style=\"padding-left: 30px;\"><strong>Este curso formativo se imparte en la <span style=\"color: #0000ff;\">modalidad presencial<\/span> y tiene una duraci\u00f3n de<span style=\"color: #0000ff;\"> 10 horas<\/span>.\u00a0<\/strong><\/p>\n<p style=\"padding-left: 30px;\"><strong>Se realiza en nuestras aulas, y podr\u00e1 tener a su disposici\u00f3n por parte del docente, cualquier material necesario para el desarrollo de\u00a0 la formaci\u00f3n.\u00a0<\/strong><\/p>\n<p style=\"padding-left: 30px;\"><b>Formaci\u00f3n 100% <\/b><span style=\"color: #000000;\"><b>Cofinanciada<\/b><\/span><b>\u00a0por:<\/b><a href=\"http:\/\/www.adehon.org\/es\/wp-content\/uploads\/2020\/04\/1200px-Imagotip_de_la_Generalitat_Valenciana.svg_.png\"><br \/>\n<img loading=\"lazy\" decoding=\"async\" class=\"alignleft  wp-image-3369\" src=\"http:\/\/www.adehon.org\/es\/wp-content\/uploads\/2020\/04\/1200px-Imagotip_de_la_Generalitat_Valenciana.svg_.png\" alt=\"\" width=\"201\" height=\"96\" srcset=\"https:\/\/www.adehon.org\/es\/wp-content\/uploads\/2020\/04\/1200px-Imagotip_de_la_Generalitat_Valenciana.svg_.png 1200w, https:\/\/www.adehon.org\/es\/wp-content\/uploads\/2020\/04\/1200px-Imagotip_de_la_Generalitat_Valenciana.svg_-300x143.png 300w, https:\/\/www.adehon.org\/es\/wp-content\/uploads\/2020\/04\/1200px-Imagotip_de_la_Generalitat_Valenciana.svg_-768x367.png 768w, https:\/\/www.adehon.org\/es\/wp-content\/uploads\/2020\/04\/1200px-Imagotip_de_la_Generalitat_Valenciana.svg_-1024x489.png 1024w\" sizes=\"auto, (max-width: 201px) 100vw, 201px\" \/><\/a><\/p>\n<p><a href=\"http:\/\/www.adehon.org\/es\/wp-content\/uploads\/2020\/02\/Labora-transparente-rojo-1788c.png\"><img loading=\"lazy\" decoding=\"async\" class=\"wp-image-2995 alignleft\" src=\"http:\/\/www.adehon.org\/es\/wp-content\/uploads\/2020\/02\/Labora-transparente-rojo-1788c.png\" alt=\"\" width=\"242\" height=\"65\" srcset=\"https:\/\/www.adehon.org\/es\/wp-content\/uploads\/2020\/02\/Labora-transparente-rojo-1788c.png 1007w, https:\/\/www.adehon.org\/es\/wp-content\/uploads\/2020\/02\/Labora-transparente-rojo-1788c-300x81.png 300w, https:\/\/www.adehon.org\/es\/wp-content\/uploads\/2020\/02\/Labora-transparente-rojo-1788c-768x207.png 768w\" sizes=\"auto, (max-width: 242px) 100vw, 242px\" \/><\/a><\/p>\n<p><a href=\"http:\/\/www.adehon.org\/es\/wp-content\/uploads\/2020\/02\/WEB_CAS_1206x250px.jpg\"><img loading=\"lazy\" decoding=\"async\" class=\"alignleft  wp-image-2991\" src=\"http:\/\/www.adehon.org\/es\/wp-content\/uploads\/2020\/02\/WEB_CAS_1206x250px.jpg\" alt=\"\" width=\"358\" height=\"74\" srcset=\"https:\/\/www.adehon.org\/es\/wp-content\/uploads\/2020\/02\/WEB_CAS_1206x250px.jpg 1206w, https:\/\/www.adehon.org\/es\/wp-content\/uploads\/2020\/02\/WEB_CAS_1206x250px-300x62.jpg 300w, https:\/\/www.adehon.org\/es\/wp-content\/uploads\/2020\/02\/WEB_CAS_1206x250px-768x159.jpg 768w, https:\/\/www.adehon.org\/es\/wp-content\/uploads\/2020\/02\/WEB_CAS_1206x250px-1024x212.jpg 1024w\" sizes=\"auto, (max-width: 358px) 100vw, 358px\" \/><\/a><\/p>\n","protected":false},"excerpt":{"rendered":"<p>Manipulador de alimentos NOTA: Hay un 10% de plazas disponibles para trabajadores de la Administraci\u00f3n P\u00fablica y un 30% para personas desempleadas. O si lo prefieres puedes llamarnos al tel\u00e9fono GRATUITO:\u00a0961309044\u00a0 \u00a0 TEMARIO Objetivos del curso: Adquirir los conocimientos, destrezas y actitudes necesarias para aplicar en su puesto de trabajo un correcto comportamiento y las t\u00e9cnicas adecuadas de higiene y sanidad alimentaria en manipulaci\u00f3n de alimentos, para impedir su contaminaci\u00f3n y prevenir posibles alteraciones alimentarias en aquellas especialidades de Industrias Alimentarias, Hosteler\u00eda y aquellas otras para cuyo ejercicio profesional se necesite. CONTENIDO: Calidad alimentaria: . Definici\u00f3n de alimentos . Clasificaci\u00f3n de los alimentos . Criterios de calidad de los alimentos y Alteraciones de los alimentos: . Deterioro de los alimentos de origen animal y de origen vegetal. y Manipulaci\u00f3n higi\u00e9nica de los alimentos: . Cadena alimentaria: origen, transformaci\u00f3n, tratamientos, trazabilidad de los alimentos, . El papel del manipulador de alimentos. . Manipulaci\u00f3n de los alimentos espec\u00edficos del curso. y Locales&nbsp;<a href=\"https:\/\/www.adehon.org\/es\/manipulador-de-alimentos\/\" class=\"read-more\">Continuar Leyendo<\/a><\/p>\n","protected":false},"author":1,"featured_media":0,"parent":0,"menu_order":0,"comment_status":"closed","ping_status":"closed","template":"page-fullwidth.php","meta":{"footnotes":""},"class_list":["post-3657","page","type-page","status-publish","hentry"],"_links":{"self":[{"href":"https:\/\/www.adehon.org\/es\/wp-json\/wp\/v2\/pages\/3657","targetHints":{"allow":["GET"]}}],"collection":[{"href":"https:\/\/www.adehon.org\/es\/wp-json\/wp\/v2\/pages"}],"about":[{"href":"https:\/\/www.adehon.org\/es\/wp-json\/wp\/v2\/types\/page"}],"author":[{"embeddable":true,"href":"https:\/\/www.adehon.org\/es\/wp-json\/wp\/v2\/users\/1"}],"replies":[{"embeddable":true,"href":"https:\/\/www.adehon.org\/es\/wp-json\/wp\/v2\/comments?post=3657"}],"version-history":[{"count":1,"href":"https:\/\/www.adehon.org\/es\/wp-json\/wp\/v2\/pages\/3657\/revisions"}],"predecessor-version":[{"id":3660,"href":"https:\/\/www.adehon.org\/es\/wp-json\/wp\/v2\/pages\/3657\/revisions\/3660"}],"wp:attachment":[{"href":"https:\/\/www.adehon.org\/es\/wp-json\/wp\/v2\/media?parent=3657"}],"curies":[{"name":"wp","href":"https:\/\/api.w.org\/{rel}","templated":true}]}}