{"id":3662,"date":"2021-01-25T23:44:15","date_gmt":"2021-01-25T23:44:15","guid":{"rendered":"https:\/\/www.adehon.org\/es\/?page_id=3662"},"modified":"2021-01-25T23:53:39","modified_gmt":"2021-01-25T23:53:39","slug":"fundamentoswebyredessociales","status":"publish","type":"page","link":"https:\/\/www.adehon.org\/es\/fundamentoswebyredessociales\/","title":{"rendered":"Fundamentos de Web 2.0 y redes sociales"},"content":{"rendered":"<h2><a href=\"https:\/\/www.adehon.org\/es\/wp-content\/uploads\/2021\/01\/3-1.png\"><img loading=\"lazy\" decoding=\"async\" class=\"alignleft  wp-image-3672\" src=\"https:\/\/www.adehon.org\/es\/wp-content\/uploads\/2021\/01\/3-1.png\" alt=\"\" width=\"274\" height=\"274\" srcset=\"https:\/\/www.adehon.org\/es\/wp-content\/uploads\/2021\/01\/3-1.png 1016w, https:\/\/www.adehon.org\/es\/wp-content\/uploads\/2021\/01\/3-1-150x150.png 150w, https:\/\/www.adehon.org\/es\/wp-content\/uploads\/2021\/01\/3-1-300x300.png 300w, https:\/\/www.adehon.org\/es\/wp-content\/uploads\/2021\/01\/3-1-768x768.png 768w\" sizes=\"auto, (max-width: 274px) 100vw, 274px\" \/><\/a>Fundamentos de Web 2.0 y redes sociales<\/h2>\n<p><a href=\"https:\/\/www.adehon.org\/es\/wp-content\/uploads\/2021\/01\/PLANTILLA7p.jpg\"><img loading=\"lazy\" decoding=\"async\" class=\"alignleft  wp-image-3659\" src=\"https:\/\/www.adehon.org\/es\/wp-content\/uploads\/2021\/01\/PLANTILLA7p.jpg\" alt=\"\" width=\"582\" height=\"277\" srcset=\"https:\/\/www.adehon.org\/es\/wp-content\/uploads\/2021\/01\/PLANTILLA7p.jpg 672w, https:\/\/www.adehon.org\/es\/wp-content\/uploads\/2021\/01\/PLANTILLA7p-300x143.jpg 300w\" sizes=\"auto, (max-width: 582px) 100vw, 582px\" \/><\/a><\/p>\n<h2><\/h2>\n<h2><\/h2>\n<h2>NOTA:<\/h2>\n<h2 style=\"padding-left: 30px;\">Hay un <strong>10% de plazas disponibles<\/strong> para trabajadores de la Administraci\u00f3n P\u00fablica y un <strong>30%<\/strong> para personas desempleadas.<\/h2>\n<h2><\/h2>\n<div class=\"ml-form-embed\" data-account=\"1702970:x2t9f5m1f1\" data-form=\"1865510:v6s2e8\"><\/div>\n<h3 style=\"text-align: center;\">O si lo prefieres puedes llamarnos al tel\u00e9fono GRATUITO:\u00a0<strong>961309044\u00a0<\/strong><\/h3>\n<p style=\"text-align: center;\"><strong>\u00a0<a href=\"http:\/\/www.adehon.org\/es\/wp-content\/uploads\/2020\/03\/telefono.png\"><img loading=\"lazy\" decoding=\"async\" class=\"alignnone wp-image-3081 \" src=\"http:\/\/www.adehon.org\/es\/wp-content\/uploads\/2020\/03\/telefono-150x150.png\" alt=\"\" width=\"114\" height=\"114\" \/><\/a><\/strong><\/p>\n<hr \/>\n<h2 style=\"padding-left: 40px;\"><span style=\"color: #000000;\"><strong>TEMARIO<\/strong><\/span><\/h2>\n<h3 style=\"padding-left: 40px;\"><em><strong><span style=\"color: #000000;\">Objetivos del curso:<\/span><\/strong><\/em><\/h3>\n<h6 style=\"padding-left: 60px;\">Adquirir conocimientos sobre el concepto de web 2.0. as\u00ed como otros t\u00e9rminos asociados a \u00e9ste y reconocer las aplicaciones que pueden darse en la empresa.<\/h6>\n<h3 style=\"padding-left: 40px;\"><span style=\"color: #000000;\"><strong>CONTENIDO:<\/strong><\/span><\/h3>\n<h6 style=\"padding-left: 60px;\">1- DEFINICI\u00d3N DE LA WEB 2.0<br \/>\n2- SERVICIOS ASOCIADOS.<br \/>\n2.1. Blogs.<br \/>\n2.2. Wikis.<br \/>\n2.3. Redes sociales.<br \/>\n2.4. Recursos disponibles.<br \/>\n3- CONSECUENCIAS DE LA WEB 2.0.<br \/>\n3.1. Necesidad en la empresa.<br \/>\n4- EVOLUCI\u00d3N A LA WEB 3.0.<\/h6>\n<p><span style=\"color: #ffffff;\">&#8212;<\/span><\/p>\n<p style=\"padding-left: 30px;\"><strong>Este curso formativo se imparte en la <span style=\"color: #0000ff;\">modalidad presencial<\/span> y tiene una duraci\u00f3n de<span style=\"color: #0000ff;\"> 10 horas<\/span>.\u00a0<\/strong><\/p>\n<p style=\"padding-left: 30px;\"><strong>Se realiza en nuestras aulas, y podr\u00e1 tener a su disposici\u00f3n por parte del docente, cualquier material necesario para el desarrollo de\u00a0 la formaci\u00f3n.\u00a0<\/strong><\/p>\n<p style=\"padding-left: 30px;\"><b>Formaci\u00f3n 100% <\/b><span style=\"color: #000000;\"><b>Cofinanciada<\/b><\/span><b>\u00a0por:<\/b><a href=\"http:\/\/www.adehon.org\/es\/wp-content\/uploads\/2020\/04\/1200px-Imagotip_de_la_Generalitat_Valenciana.svg_.png\"><br \/>\n<img loading=\"lazy\" decoding=\"async\" class=\"alignleft  wp-image-3369\" src=\"http:\/\/www.adehon.org\/es\/wp-content\/uploads\/2020\/04\/1200px-Imagotip_de_la_Generalitat_Valenciana.svg_.png\" alt=\"\" width=\"201\" height=\"96\" srcset=\"https:\/\/www.adehon.org\/es\/wp-content\/uploads\/2020\/04\/1200px-Imagotip_de_la_Generalitat_Valenciana.svg_.png 1200w, https:\/\/www.adehon.org\/es\/wp-content\/uploads\/2020\/04\/1200px-Imagotip_de_la_Generalitat_Valenciana.svg_-300x143.png 300w, https:\/\/www.adehon.org\/es\/wp-content\/uploads\/2020\/04\/1200px-Imagotip_de_la_Generalitat_Valenciana.svg_-768x367.png 768w, https:\/\/www.adehon.org\/es\/wp-content\/uploads\/2020\/04\/1200px-Imagotip_de_la_Generalitat_Valenciana.svg_-1024x489.png 1024w\" sizes=\"auto, (max-width: 201px) 100vw, 201px\" \/><\/a><\/p>\n<p><a href=\"http:\/\/www.adehon.org\/es\/wp-content\/uploads\/2020\/02\/Labora-transparente-rojo-1788c.png\"><img loading=\"lazy\" decoding=\"async\" class=\"wp-image-2995 alignleft\" src=\"http:\/\/www.adehon.org\/es\/wp-content\/uploads\/2020\/02\/Labora-transparente-rojo-1788c.png\" alt=\"\" width=\"242\" height=\"65\" srcset=\"https:\/\/www.adehon.org\/es\/wp-content\/uploads\/2020\/02\/Labora-transparente-rojo-1788c.png 1007w, https:\/\/www.adehon.org\/es\/wp-content\/uploads\/2020\/02\/Labora-transparente-rojo-1788c-300x81.png 300w, https:\/\/www.adehon.org\/es\/wp-content\/uploads\/2020\/02\/Labora-transparente-rojo-1788c-768x207.png 768w\" sizes=\"auto, (max-width: 242px) 100vw, 242px\" \/><\/a><\/p>\n<p><a href=\"http:\/\/www.adehon.org\/es\/wp-content\/uploads\/2020\/02\/WEB_CAS_1206x250px.jpg\"><img loading=\"lazy\" decoding=\"async\" class=\"alignleft  wp-image-2991\" src=\"http:\/\/www.adehon.org\/es\/wp-content\/uploads\/2020\/02\/WEB_CAS_1206x250px.jpg\" alt=\"\" width=\"358\" height=\"74\" srcset=\"https:\/\/www.adehon.org\/es\/wp-content\/uploads\/2020\/02\/WEB_CAS_1206x250px.jpg 1206w, https:\/\/www.adehon.org\/es\/wp-content\/uploads\/2020\/02\/WEB_CAS_1206x250px-300x62.jpg 300w, https:\/\/www.adehon.org\/es\/wp-content\/uploads\/2020\/02\/WEB_CAS_1206x250px-768x159.jpg 768w, https:\/\/www.adehon.org\/es\/wp-content\/uploads\/2020\/02\/WEB_CAS_1206x250px-1024x212.jpg 1024w\" sizes=\"auto, (max-width: 358px) 100vw, 358px\" \/><\/a><\/p>\n","protected":false},"excerpt":{"rendered":"<p>Fundamentos de Web 2.0 y redes sociales NOTA: Hay un 10% de plazas disponibles para trabajadores de la Administraci\u00f3n P\u00fablica y un 30% para personas desempleadas. O si lo prefieres puedes llamarnos al tel\u00e9fono GRATUITO:\u00a0961309044\u00a0 \u00a0 TEMARIO Objetivos del curso: Adquirir conocimientos sobre el concepto de web 2.0. as\u00ed como otros t\u00e9rminos asociados a \u00e9ste y reconocer las aplicaciones que pueden darse en la empresa. CONTENIDO: 1- DEFINICI\u00d3N DE LA WEB 2.0 2- SERVICIOS ASOCIADOS. 2.1. Blogs. 2.2. Wikis. 2.3. Redes sociales. 2.4. Recursos disponibles. 3- CONSECUENCIAS DE LA WEB 2.0. 3.1. Necesidad en la empresa. 4- EVOLUCI\u00d3N A LA WEB 3.0. &#8212; Este curso formativo se imparte en la modalidad presencial y tiene una duraci\u00f3n de 10 horas.\u00a0 Se realiza en nuestras aulas, y podr\u00e1 tener a su disposici\u00f3n por parte del docente, cualquier material necesario para el desarrollo de\u00a0 la formaci\u00f3n.\u00a0 Formaci\u00f3n 100% Cofinanciada\u00a0por:<\/p>\n","protected":false},"author":1,"featured_media":0,"parent":0,"menu_order":0,"comment_status":"closed","ping_status":"closed","template":"page-fullwidth.php","meta":{"footnotes":""},"class_list":["post-3662","page","type-page","status-publish","hentry"],"_links":{"self":[{"href":"https:\/\/www.adehon.org\/es\/wp-json\/wp\/v2\/pages\/3662","targetHints":{"allow":["GET"]}}],"collection":[{"href":"https:\/\/www.adehon.org\/es\/wp-json\/wp\/v2\/pages"}],"about":[{"href":"https:\/\/www.adehon.org\/es\/wp-json\/wp\/v2\/types\/page"}],"author":[{"embeddable":true,"href":"https:\/\/www.adehon.org\/es\/wp-json\/wp\/v2\/users\/1"}],"replies":[{"embeddable":true,"href":"https:\/\/www.adehon.org\/es\/wp-json\/wp\/v2\/comments?post=3662"}],"version-history":[{"count":4,"href":"https:\/\/www.adehon.org\/es\/wp-json\/wp\/v2\/pages\/3662\/revisions"}],"predecessor-version":[{"id":3674,"href":"https:\/\/www.adehon.org\/es\/wp-json\/wp\/v2\/pages\/3662\/revisions\/3674"}],"wp:attachment":[{"href":"https:\/\/www.adehon.org\/es\/wp-json\/wp\/v2\/media?parent=3662"}],"curies":[{"name":"wp","href":"https:\/\/api.w.org\/{rel}","templated":true}]}}