{"id":3667,"date":"2021-01-25T23:48:44","date_gmt":"2021-01-25T23:48:44","guid":{"rendered":"https:\/\/www.adehon.org\/es\/?page_id=3667"},"modified":"2021-01-25T23:58:15","modified_gmt":"2021-01-25T23:58:15","slug":"alfabetizacion-informatica-internet","status":"publish","type":"page","link":"https:\/\/www.adehon.org\/es\/alfabetizacion-informatica-internet\/","title":{"rendered":"Alfabetizaci\u00f3n inform\u00e1tica: Internet"},"content":{"rendered":"<h2><a href=\"https:\/\/www.adehon.org\/es\/wp-content\/uploads\/2021\/01\/4-1.png\"><img loading=\"lazy\" decoding=\"async\" class=\"alignleft  wp-image-3668\" src=\"https:\/\/www.adehon.org\/es\/wp-content\/uploads\/2021\/01\/4-1.png\" alt=\"\" width=\"274\" height=\"274\" srcset=\"https:\/\/www.adehon.org\/es\/wp-content\/uploads\/2021\/01\/4-1.png 860w, https:\/\/www.adehon.org\/es\/wp-content\/uploads\/2021\/01\/4-1-150x150.png 150w, https:\/\/www.adehon.org\/es\/wp-content\/uploads\/2021\/01\/4-1-300x300.png 300w, https:\/\/www.adehon.org\/es\/wp-content\/uploads\/2021\/01\/4-1-768x768.png 768w\" sizes=\"auto, (max-width: 274px) 100vw, 274px\" \/><\/a>Alfabetizaci\u00f3n inform\u00e1tica: Internet<\/h2>\n<p><a href=\"https:\/\/www.adehon.org\/es\/wp-content\/uploads\/2021\/01\/PLANTILLA7p.jpg\"><img loading=\"lazy\" decoding=\"async\" class=\"alignleft  wp-image-3659\" src=\"https:\/\/www.adehon.org\/es\/wp-content\/uploads\/2021\/01\/PLANTILLA7p.jpg\" alt=\"\" width=\"582\" height=\"277\" srcset=\"https:\/\/www.adehon.org\/es\/wp-content\/uploads\/2021\/01\/PLANTILLA7p.jpg 672w, https:\/\/www.adehon.org\/es\/wp-content\/uploads\/2021\/01\/PLANTILLA7p-300x143.jpg 300w\" sizes=\"auto, (max-width: 582px) 100vw, 582px\" \/><\/a><\/p>\n<h2><\/h2>\n<h2><\/h2>\n<h2>NOTA:<\/h2>\n<h2 style=\"padding-left: 30px;\">Hay un <strong>10% de plazas disponibles<\/strong> para trabajadores de la Administraci\u00f3n P\u00fablica y un <strong>30%<\/strong> para personas desempleadas.<\/h2>\n<h2><\/h2>\n<div class=\"ml-form-embed\" data-account=\"1702970:x2t9f5m1f1\" data-form=\"1865510:v6s2e8\"><\/div>\n<h3 style=\"text-align: center;\">O si lo prefieres puedes llamarnos al tel\u00e9fono GRATUITO:\u00a0<strong>961309044\u00a0<\/strong><\/h3>\n<p style=\"text-align: center;\"><strong>\u00a0<a href=\"http:\/\/www.adehon.org\/es\/wp-content\/uploads\/2020\/03\/telefono.png\"><img loading=\"lazy\" decoding=\"async\" class=\"alignnone wp-image-3081 \" src=\"http:\/\/www.adehon.org\/es\/wp-content\/uploads\/2020\/03\/telefono-150x150.png\" alt=\"\" width=\"114\" height=\"114\" \/><\/a><\/strong><\/p>\n<hr \/>\n<h2 style=\"padding-left: 40px;\"><span style=\"color: #000000;\"><strong>TEMARIO<\/strong><\/span><\/h2>\n<h3 style=\"padding-left: 40px;\"><em><strong><span style=\"color: #000000;\">Objetivos del curso:<\/span><\/strong><\/em><\/h3>\n<h6 style=\"padding-left: 60px;\">Realizar operaciones b\u00e1sicas de lectura y escritura inform\u00e1tica, utilizando los servicios y protocolos propios de una red Intranet\/Internet: world wide web, correo electr\u00f3nico, foros de discusi\u00f3n y charlas.<\/h6>\n<h3 style=\"padding-left: 40px;\"><span style=\"color: #000000;\"><strong>CONTENIDO:<\/strong><\/span><\/h3>\n<h6 style=\"padding-left: 60px;\">1) \u00bfQu\u00e9 es Internet?<br \/>\nC\u00f3mo funciona internet.<br \/>\nProtocolo TCP\/IP.<br \/>\nTerminolog\u00eda usual.<br \/>\nEl sistema de nombres de dominio.<br \/>\nInternet en la sociedad actual y futura.<br \/>\nInternet para el desarrollo personal y profesional.<br \/>\nServicios y aplicaciones.<br \/>\n2) World Wide Web<br \/>\nCaracter\u00edsticas principales de WWW.<br \/>\nB\u00fasqueda en la Web.<br \/>\nDescarga de recursos.<br \/>\n3) Correo electr\u00f3nico (e-mail)<br \/>\nFuncionamiento del correo electr\u00f3nico.<br \/>\nConfiguraci\u00f3n de una cuenta de correo.<br \/>\nEnv\u00edo y recepci\u00f3n de mensajes y archivos.<br \/>\n4) Foros de debate<br \/>\nFuncionamiento b\u00e1sico.<br \/>\nForos de inter\u00e9s.<br \/>\nTransferencia de archivos<br \/>\n\u00bfAcceder a Google Drive?<br \/>\nAcceso desde otros dispositivos.<br \/>\nSubir documentos. Hacer copias de seguridad.<br \/>\n5) Chat<br \/>\nChat.<br \/>\nSkype.<br \/>\n6) Internet en el mundo empresarial<br \/>\nNegocios en internet.<br \/>\nComercio electr\u00f3nico.<br \/>\nMarketing en internet. Banners publicitarios.<br \/>\nOtros servicios por internet.<br \/>\nIntranet, extranet, trabajo en grupo, teletrabajo<br \/>\nServidor intranet dentro de la empresa.<br \/>\nVentajas competitivas.<br \/>\nTeletrabajo.<br \/>\nTeleformaci\u00f3n (E-learning).<\/h6>\n<p><span style=\"color: #ffffff;\">&#8212;<\/span><\/p>\n<p style=\"padding-left: 30px;\"><strong>Este curso formativo se imparte en la <span style=\"color: #0000ff;\">modalidad presencial<\/span> y tiene una duraci\u00f3n de<span style=\"color: #0000ff;\"> 10 horas<\/span>.\u00a0<\/strong><\/p>\n<p style=\"padding-left: 30px;\"><strong>Se realiza en nuestras aulas, y podr\u00e1 tener a su disposici\u00f3n por parte del docente, cualquier material necesario para el desarrollo de\u00a0 la formaci\u00f3n.\u00a0<\/strong><\/p>\n<p style=\"padding-left: 30px;\"><b>Formaci\u00f3n 100% <\/b><span style=\"color: #000000;\"><b>Cofinanciada<\/b><\/span><b>\u00a0por:<\/b><a href=\"http:\/\/www.adehon.org\/es\/wp-content\/uploads\/2020\/04\/1200px-Imagotip_de_la_Generalitat_Valenciana.svg_.png\"><br \/>\n<img loading=\"lazy\" decoding=\"async\" class=\"alignleft  wp-image-3369\" src=\"http:\/\/www.adehon.org\/es\/wp-content\/uploads\/2020\/04\/1200px-Imagotip_de_la_Generalitat_Valenciana.svg_.png\" alt=\"\" width=\"201\" height=\"96\" srcset=\"https:\/\/www.adehon.org\/es\/wp-content\/uploads\/2020\/04\/1200px-Imagotip_de_la_Generalitat_Valenciana.svg_.png 1200w, https:\/\/www.adehon.org\/es\/wp-content\/uploads\/2020\/04\/1200px-Imagotip_de_la_Generalitat_Valenciana.svg_-300x143.png 300w, https:\/\/www.adehon.org\/es\/wp-content\/uploads\/2020\/04\/1200px-Imagotip_de_la_Generalitat_Valenciana.svg_-768x367.png 768w, https:\/\/www.adehon.org\/es\/wp-content\/uploads\/2020\/04\/1200px-Imagotip_de_la_Generalitat_Valenciana.svg_-1024x489.png 1024w\" sizes=\"auto, (max-width: 201px) 100vw, 201px\" \/><\/a><\/p>\n<p><a href=\"http:\/\/www.adehon.org\/es\/wp-content\/uploads\/2020\/02\/Labora-transparente-rojo-1788c.png\"><img loading=\"lazy\" decoding=\"async\" class=\"wp-image-2995 alignleft\" src=\"http:\/\/www.adehon.org\/es\/wp-content\/uploads\/2020\/02\/Labora-transparente-rojo-1788c.png\" alt=\"\" width=\"242\" height=\"65\" srcset=\"https:\/\/www.adehon.org\/es\/wp-content\/uploads\/2020\/02\/Labora-transparente-rojo-1788c.png 1007w, https:\/\/www.adehon.org\/es\/wp-content\/uploads\/2020\/02\/Labora-transparente-rojo-1788c-300x81.png 300w, https:\/\/www.adehon.org\/es\/wp-content\/uploads\/2020\/02\/Labora-transparente-rojo-1788c-768x207.png 768w\" sizes=\"auto, (max-width: 242px) 100vw, 242px\" \/><\/a><\/p>\n<p><a href=\"http:\/\/www.adehon.org\/es\/wp-content\/uploads\/2020\/02\/WEB_CAS_1206x250px.jpg\"><img loading=\"lazy\" decoding=\"async\" class=\"alignleft  wp-image-2991\" src=\"http:\/\/www.adehon.org\/es\/wp-content\/uploads\/2020\/02\/WEB_CAS_1206x250px.jpg\" alt=\"\" width=\"358\" height=\"74\" srcset=\"https:\/\/www.adehon.org\/es\/wp-content\/uploads\/2020\/02\/WEB_CAS_1206x250px.jpg 1206w, https:\/\/www.adehon.org\/es\/wp-content\/uploads\/2020\/02\/WEB_CAS_1206x250px-300x62.jpg 300w, https:\/\/www.adehon.org\/es\/wp-content\/uploads\/2020\/02\/WEB_CAS_1206x250px-768x159.jpg 768w, https:\/\/www.adehon.org\/es\/wp-content\/uploads\/2020\/02\/WEB_CAS_1206x250px-1024x212.jpg 1024w\" sizes=\"auto, (max-width: 358px) 100vw, 358px\" \/><\/a><\/p>\n","protected":false},"excerpt":{"rendered":"<p>Alfabetizaci\u00f3n inform\u00e1tica: Internet NOTA: Hay un 10% de plazas disponibles para trabajadores de la Administraci\u00f3n P\u00fablica y un 30% para personas desempleadas. O si lo prefieres puedes llamarnos al tel\u00e9fono GRATUITO:\u00a0961309044\u00a0 \u00a0 TEMARIO Objetivos del curso: Realizar operaciones b\u00e1sicas de lectura y escritura inform\u00e1tica, utilizando los servicios y protocolos propios de una red Intranet\/Internet: world wide web, correo electr\u00f3nico, foros de discusi\u00f3n y charlas. CONTENIDO: 1) \u00bfQu\u00e9 es Internet? C\u00f3mo funciona internet. Protocolo TCP\/IP. Terminolog\u00eda usual. El sistema de nombres de dominio. Internet en la sociedad actual y futura. Internet para el desarrollo personal y profesional. Servicios y aplicaciones. 2) World Wide Web Caracter\u00edsticas principales de WWW. B\u00fasqueda en la Web. Descarga de recursos. 3) Correo electr\u00f3nico (e-mail) Funcionamiento del correo electr\u00f3nico. Configuraci\u00f3n de una cuenta de correo. Env\u00edo y recepci\u00f3n de mensajes y archivos. 4) Foros de debate Funcionamiento b\u00e1sico. Foros de inter\u00e9s. Transferencia de archivos \u00bfAcceder a Google Drive? Acceso desde otros dispositivos. Subir documentos. Hacer copias de&nbsp;<a href=\"https:\/\/www.adehon.org\/es\/alfabetizacion-informatica-internet\/\" class=\"read-more\">Continuar Leyendo<\/a><\/p>\n","protected":false},"author":1,"featured_media":0,"parent":0,"menu_order":0,"comment_status":"closed","ping_status":"closed","template":"page-fullwidth.php","meta":{"footnotes":""},"class_list":["post-3667","page","type-page","status-publish","hentry"],"_links":{"self":[{"href":"https:\/\/www.adehon.org\/es\/wp-json\/wp\/v2\/pages\/3667","targetHints":{"allow":["GET"]}}],"collection":[{"href":"https:\/\/www.adehon.org\/es\/wp-json\/wp\/v2\/pages"}],"about":[{"href":"https:\/\/www.adehon.org\/es\/wp-json\/wp\/v2\/types\/page"}],"author":[{"embeddable":true,"href":"https:\/\/www.adehon.org\/es\/wp-json\/wp\/v2\/users\/1"}],"replies":[{"embeddable":true,"href":"https:\/\/www.adehon.org\/es\/wp-json\/wp\/v2\/comments?post=3667"}],"version-history":[{"count":3,"href":"https:\/\/www.adehon.org\/es\/wp-json\/wp\/v2\/pages\/3667\/revisions"}],"predecessor-version":[{"id":3678,"href":"https:\/\/www.adehon.org\/es\/wp-json\/wp\/v2\/pages\/3667\/revisions\/3678"}],"wp:attachment":[{"href":"https:\/\/www.adehon.org\/es\/wp-json\/wp\/v2\/media?parent=3667"}],"curies":[{"name":"wp","href":"https:\/\/api.w.org\/{rel}","templated":true}]}}