{"id":3799,"date":"2021-10-29T08:20:57","date_gmt":"2021-10-29T08:20:57","guid":{"rendered":"https:\/\/www.adehon.org\/es\/?page_id=3799"},"modified":"2021-10-29T08:20:58","modified_gmt":"2021-10-29T08:20:58","slug":"tramites-online-con-la-administracion","status":"publish","type":"page","link":"https:\/\/www.adehon.org\/es\/tramites-online-con-la-administracion\/","title":{"rendered":"TR\u00c1MITES ONLINE CON LA ADMINISTRACI\u00d3N"},"content":{"rendered":"\n<div class=\"wp-block-image is-style-default\"><figure class=\"alignright size-full is-resized\"><a href=\"https:\/\/www.adehon.org\/es\/wp-content\/uploads\/2021\/10\/Diseno-sin-titulo-2.png\"><img loading=\"lazy\" decoding=\"async\" src=\"https:\/\/www.adehon.org\/es\/wp-content\/uploads\/2021\/10\/Diseno-sin-titulo-2.png\" alt=\"\" class=\"wp-image-3800\" width=\"209\" height=\"240\"\/><\/a><\/figure><\/div>\n\n\n\n<h2 class=\"wp-block-heading\"><strong>TR\u00c1MITES ONLINE CON LA ADMINISTRACI\u00d3N<\/strong><\/h2>\n\n\n\n<p class=\"has-medium-font-size\"><strong>Duraci\u00f3n del curso: <\/strong>25 horas<strong><br>Comienzo aprox.: <\/strong>Noviembre\/Diciembre 2021<strong><br>Modalidad: <\/strong>Teleformaci\u00f3n                                           <strong>Sector: <\/strong>Intersectorial                                                              <strong>Plazas: <\/strong>Limitadas  <strong><br>Titulaci\u00f3n oficial: <\/strong>FUNDAE &#8211; MINISTERIO DE TRABAJO Y ECONOM\u00cdA SOCIAL &#8211; GOBIERNO DE ESPA\u00d1A<\/p>\n\n\n\n<p style=\"font-size:18px\"><strong>TEMARIO:<\/strong><\/p>\n\n\n\n<p><strong>UNIDAD 1:<\/strong> CONCEPTO B\u00c1SICOS<br><strong>UNIDAD 2:<\/strong> SEGURIDAD DE LOS TR\u00c1MITES ONLINE<br><strong>UNIDAD 3:<\/strong> SERVICIOS ONLINE DE LAS ADMINISTRACIONES<\/p>\n\n\n\n<p style=\"font-size:18px\"><strong>OBJETIVOS: <\/strong><\/p>\n\n\n\n<p>El objetivo de este\u00a0curso es adquirir el conocimiento de los servicios que las Administraciones ofrecen a trav\u00e9s de Internet, as\u00ed como de las medidas de seguridad que se deben tomar al realizar dichos tr\u00e1mites.<\/p>\n\n\n\n<p style=\"font-size:18px\"><strong>METODOLOG\u00cdA: <\/strong><\/p>\n\n\n\n<p>Se realiza a trav\u00e9s de nuestra Plataforma Virtual, de forma, que puedes disponer de todo el contenido did\u00e1ctico en el aula del curso y estar\u00e1 accesible desde el primer d\u00eda de inicio del curso, las 24 horas todos los d\u00edas de la semana. Adem\u00e1s, contamos con un grupo de tutores especializados en la materia, que podr\u00e1s contar con ellos a trav\u00e9s del correo electr\u00f3nico, o por medio de la plataforma<\/p>\n\n\n\n<p class=\"has-medium-font-size\"><strong>INFORMACI\u00d3N MATR\u00cdCULAS:<\/strong><\/p>\n\n\n\n<p class=\"has-medium-font-size\"><strong>sepe.formacion@adehon.es &#8211; 608 010 562<\/strong><\/p>\n\n\n\n<div class=\"ml-form-embed\" data-account=\"1702970:x2t9f5m1f1\" data-form=\"1865510:v6s2e8\">\n<\/div>\n\n\n\n<figure class=\"wp-block-image size-large\"><a href=\"https:\/\/www.adehon.org\/es\/wp-content\/uploads\/2021\/10\/Sin-titulo-1584-x-500-px-1-1.png\"><img loading=\"lazy\" decoding=\"async\" width=\"1024\" height=\"323\" src=\"https:\/\/www.adehon.org\/es\/wp-content\/uploads\/2021\/10\/Sin-titulo-1584-x-500-px-1-1-1024x323.png\" alt=\"\" class=\"wp-image-3797\" srcset=\"https:\/\/www.adehon.org\/es\/wp-content\/uploads\/2021\/10\/Sin-titulo-1584-x-500-px-1-1-1024x323.png 1024w, https:\/\/www.adehon.org\/es\/wp-content\/uploads\/2021\/10\/Sin-titulo-1584-x-500-px-1-1-300x95.png 300w, https:\/\/www.adehon.org\/es\/wp-content\/uploads\/2021\/10\/Sin-titulo-1584-x-500-px-1-1-768x242.png 768w, https:\/\/www.adehon.org\/es\/wp-content\/uploads\/2021\/10\/Sin-titulo-1584-x-500-px-1-1-1536x485.png 1536w, https:\/\/www.adehon.org\/es\/wp-content\/uploads\/2021\/10\/Sin-titulo-1584-x-500-px-1-1.png 1584w\" sizes=\"auto, (max-width: 1024px) 100vw, 1024px\" \/><\/a><\/figure>\n","protected":false},"excerpt":{"rendered":"<p>TR\u00c1MITES ONLINE CON LA ADMINISTRACI\u00d3N Duraci\u00f3n del curso: 25 horasComienzo aprox.: Noviembre\/Diciembre 2021Modalidad: Teleformaci\u00f3n Sector: Intersectorial Plazas: Limitadas Titulaci\u00f3n oficial: FUNDAE &#8211; MINISTERIO DE TRABAJO Y ECONOM\u00cdA SOCIAL &#8211; GOBIERNO DE ESPA\u00d1A TEMARIO: UNIDAD 1: CONCEPTO B\u00c1SICOSUNIDAD 2: SEGURIDAD DE LOS TR\u00c1MITES ONLINEUNIDAD 3: SERVICIOS ONLINE DE LAS ADMINISTRACIONES OBJETIVOS: El objetivo de este\u00a0curso es adquirir el conocimiento de los servicios que las Administraciones ofrecen a trav\u00e9s de Internet, as\u00ed como de las medidas de seguridad que se deben tomar al realizar dichos tr\u00e1mites. METODOLOG\u00cdA: Se realiza a trav\u00e9s de nuestra Plataforma Virtual, de forma, que puedes disponer de todo el contenido did\u00e1ctico en el aula del curso y estar\u00e1 accesible desde el primer d\u00eda de inicio del curso, las 24 horas todos los d\u00edas de la semana. Adem\u00e1s, contamos con un grupo de tutores especializados en la materia, que podr\u00e1s contar con ellos a trav\u00e9s del correo electr\u00f3nico, o por medio de la plataforma INFORMACI\u00d3N MATR\u00cdCULAS: sepe.formacion@adehon.es &#8211; 608&nbsp;<a href=\"https:\/\/www.adehon.org\/es\/tramites-online-con-la-administracion\/\" class=\"read-more\">Continuar Leyendo<\/a><\/p>\n","protected":false},"author":1,"featured_media":0,"parent":0,"menu_order":0,"comment_status":"closed","ping_status":"closed","template":"page-fullwidth.php","meta":{"footnotes":""},"class_list":["post-3799","page","type-page","status-publish","hentry"],"_links":{"self":[{"href":"https:\/\/www.adehon.org\/es\/wp-json\/wp\/v2\/pages\/3799","targetHints":{"allow":["GET"]}}],"collection":[{"href":"https:\/\/www.adehon.org\/es\/wp-json\/wp\/v2\/pages"}],"about":[{"href":"https:\/\/www.adehon.org\/es\/wp-json\/wp\/v2\/types\/page"}],"author":[{"embeddable":true,"href":"https:\/\/www.adehon.org\/es\/wp-json\/wp\/v2\/users\/1"}],"replies":[{"embeddable":true,"href":"https:\/\/www.adehon.org\/es\/wp-json\/wp\/v2\/comments?post=3799"}],"version-history":[{"count":1,"href":"https:\/\/www.adehon.org\/es\/wp-json\/wp\/v2\/pages\/3799\/revisions"}],"predecessor-version":[{"id":3801,"href":"https:\/\/www.adehon.org\/es\/wp-json\/wp\/v2\/pages\/3799\/revisions\/3801"}],"wp:attachment":[{"href":"https:\/\/www.adehon.org\/es\/wp-json\/wp\/v2\/media?parent=3799"}],"curies":[{"name":"wp","href":"https:\/\/api.w.org\/{rel}","templated":true}]}}