{"id":3802,"date":"2021-10-29T08:33:35","date_gmt":"2021-10-29T08:33:35","guid":{"rendered":"https:\/\/www.adehon.org\/es\/?page_id=3802"},"modified":"2021-10-29T08:38:54","modified_gmt":"2021-10-29T08:38:54","slug":"excel-2016","status":"publish","type":"page","link":"https:\/\/www.adehon.org\/es\/excel-2016\/","title":{"rendered":"EXCEL 2016"},"content":{"rendered":"\n<div class=\"wp-block-image is-style-default\"><figure class=\"alignright size-full is-resized\"><a href=\"https:\/\/www.adehon.org\/es\/wp-content\/uploads\/2021\/10\/Sin-titulo-1584-x-500-px-2.png\"><img loading=\"lazy\" decoding=\"async\" src=\"https:\/\/www.adehon.org\/es\/wp-content\/uploads\/2021\/10\/Sin-titulo-1584-x-500-px-2.png\" alt=\"\" class=\"wp-image-3803\" width=\"233\" height=\"209\"\/><\/a><\/figure><\/div>\n\n\n\n<h2 class=\"wp-block-heading\"><strong>EXCEL 2016<\/strong><\/h2>\n\n\n\n<p class=\"has-medium-font-size\"><strong>Duraci\u00f3n del curso: <\/strong>60 horas<strong><br>Comienzo aprox.: <\/strong>Noviembre\/Diciembre 2021<strong><br>Modalidad: <\/strong>Teleformaci\u00f3n                                           <strong>Sector: <\/strong>Intersectorial                                                              <strong>Plazas: <\/strong>Limitadas  <strong><br>Titulaci\u00f3n oficial: <\/strong>FUNDAE &#8211; MINISTERIO DE TRABAJO Y ECONOM\u00cdA SOCIAL &#8211; GOBIERNO DE ESPA\u00d1A<\/p>\n\n\n\n<p style=\"font-size:18px\"><strong>TEMARIO:<\/strong><\/p>\n\n\n\n<p><strong>UNIDAD 1.<\/strong> INTRODUCCI\u00d3N AL EXCEL 2016<br><strong>UNIDAD 2<\/strong>. CONFIGURACI\u00d3N DE LA VENTANA DE LA APLICACI\u00d3N<br><strong>UNIDAD 3.<\/strong> MECANISMOS DE IMPORTACI\u00d3N Y EXPORTACI\u00d3N DE FICHEROS<br><strong>UNIDAD 4. <\/strong>UTILIZACI\u00d3N DE RANGOS Y VINCULACI\u00d3N ENTRE FICHEROS<br><strong>UNIDAD 5. <\/strong>UTILIZACI\u00d3N DE LAS HERRAMIENTAS AVANZADAS<br><strong>UNIDAD 6.<\/strong> HERRAMIENTAS DE SEGURIDAD<br><strong>UNIDAD 7.<\/strong> FUNCIONES COMPLEJAS<br><strong>UNIDAD 8<\/strong>. REPRESENTACI\u00d3N DE GR\u00c1FICAS COMPLEJAS<br><strong>UNIDAD 9. <\/strong>MANIPULACI\u00d3N DE DATOS CON TABLAS DIN\u00c1MICAS<br><strong>UNIDAD 10.<\/strong> PREVISI\u00d3N Y AN\u00c1LISIS DE HIP\u00d3TESIS<br><strong>UNIDAD 11.<\/strong> UTILIZACI\u00d3N DE MACROS<br><strong>UNIDAD 12.<\/strong> QU\u00c9 ES OFFICE.COM<\/p>\n\n\n\n<p style=\"font-size:18px\"><strong>OBJETIVOS: <\/strong><\/p>\n\n\n\n<p>Conocer el manejo de Microsoft Excel 2016, la aplicaci\u00f3n de hojas de c\u00e1lculo que forma parte de la suite de oficina Microsoft Office, utilizando todas sus herramientas que permiten manipular datos num\u00e9ricos y alfanum\u00e9ricos.<\/p>\n\n\n\n<p style=\"font-size:18px\"><strong>METODOLOG\u00cdA: <\/strong><\/p>\n\n\n\n<p>Se realiza a trav\u00e9s de nuestra Plataforma Virtual, de forma, que puedes disponer de todo el contenido did\u00e1ctico en el aula del curso y estar\u00e1 accesible desde el primer d\u00eda de inicio del curso, las 24 horas todos los d\u00edas de la semana. Adem\u00e1s, contamos con un grupo de tutores especializados en la materia, que podr\u00e1s contar con ellos a trav\u00e9s del correo electr\u00f3nico, o por medio de la plataforma<\/p>\n\n\n\n<p class=\"has-medium-font-size\"><strong>INFORMACI\u00d3N MATR\u00cdCULAS:<\/strong><\/p>\n\n\n\n<p class=\"has-medium-font-size\"><strong>sepe.formacion@adehon.es &#8211; 608 010 562<\/strong><\/p>\n\n\n\n<div class=\"ml-form-embed\" data-account=\"1702970:x2t9f5m1f1\" data-form=\"1865510:v6s2e8\">\n<\/div>\n\n\n\n<figure class=\"wp-block-image size-large\"><a href=\"https:\/\/www.adehon.org\/es\/wp-content\/uploads\/2021\/10\/Sin-titulo-1584-x-500-px-1-1.png\"><img loading=\"lazy\" decoding=\"async\" width=\"1024\" height=\"323\" src=\"https:\/\/www.adehon.org\/es\/wp-content\/uploads\/2021\/10\/Sin-titulo-1584-x-500-px-1-1-1024x323.png\" alt=\"\" class=\"wp-image-3797\" srcset=\"https:\/\/www.adehon.org\/es\/wp-content\/uploads\/2021\/10\/Sin-titulo-1584-x-500-px-1-1-1024x323.png 1024w, https:\/\/www.adehon.org\/es\/wp-content\/uploads\/2021\/10\/Sin-titulo-1584-x-500-px-1-1-300x95.png 300w, https:\/\/www.adehon.org\/es\/wp-content\/uploads\/2021\/10\/Sin-titulo-1584-x-500-px-1-1-768x242.png 768w, https:\/\/www.adehon.org\/es\/wp-content\/uploads\/2021\/10\/Sin-titulo-1584-x-500-px-1-1-1536x485.png 1536w, https:\/\/www.adehon.org\/es\/wp-content\/uploads\/2021\/10\/Sin-titulo-1584-x-500-px-1-1.png 1584w\" sizes=\"auto, (max-width: 1024px) 100vw, 1024px\" \/><\/a><\/figure>\n","protected":false},"excerpt":{"rendered":"<p>EXCEL 2016 Duraci\u00f3n del curso: 60 horasComienzo aprox.: Noviembre\/Diciembre 2021Modalidad: Teleformaci\u00f3n Sector: Intersectorial Plazas: Limitadas Titulaci\u00f3n oficial: FUNDAE &#8211; MINISTERIO DE TRABAJO Y ECONOM\u00cdA SOCIAL &#8211; GOBIERNO DE ESPA\u00d1A TEMARIO: UNIDAD 1. INTRODUCCI\u00d3N AL EXCEL 2016UNIDAD 2. CONFIGURACI\u00d3N DE LA VENTANA DE LA APLICACI\u00d3NUNIDAD 3. MECANISMOS DE IMPORTACI\u00d3N Y EXPORTACI\u00d3N DE FICHEROSUNIDAD 4. UTILIZACI\u00d3N DE RANGOS Y VINCULACI\u00d3N ENTRE FICHEROSUNIDAD 5. UTILIZACI\u00d3N DE LAS HERRAMIENTAS AVANZADASUNIDAD 6. HERRAMIENTAS DE SEGURIDADUNIDAD 7. FUNCIONES COMPLEJASUNIDAD 8. REPRESENTACI\u00d3N DE GR\u00c1FICAS COMPLEJASUNIDAD 9. MANIPULACI\u00d3N DE DATOS CON TABLAS DIN\u00c1MICASUNIDAD 10. PREVISI\u00d3N Y AN\u00c1LISIS DE HIP\u00d3TESISUNIDAD 11. UTILIZACI\u00d3N DE MACROSUNIDAD 12. QU\u00c9 ES OFFICE.COM OBJETIVOS: Conocer el manejo de Microsoft Excel 2016, la aplicaci\u00f3n de hojas de c\u00e1lculo que forma parte de la suite de oficina Microsoft Office, utilizando todas sus herramientas que permiten manipular datos num\u00e9ricos y alfanum\u00e9ricos. METODOLOG\u00cdA: Se realiza a trav\u00e9s de nuestra Plataforma Virtual, de forma, que puedes disponer de todo el contenido did\u00e1ctico en el aula del curso y estar\u00e1&nbsp;<a href=\"https:\/\/www.adehon.org\/es\/excel-2016\/\" class=\"read-more\">Continuar Leyendo<\/a><\/p>\n","protected":false},"author":1,"featured_media":0,"parent":0,"menu_order":0,"comment_status":"closed","ping_status":"closed","template":"page-fullwidth.php","meta":{"footnotes":""},"class_list":["post-3802","page","type-page","status-publish","hentry"],"_links":{"self":[{"href":"https:\/\/www.adehon.org\/es\/wp-json\/wp\/v2\/pages\/3802","targetHints":{"allow":["GET"]}}],"collection":[{"href":"https:\/\/www.adehon.org\/es\/wp-json\/wp\/v2\/pages"}],"about":[{"href":"https:\/\/www.adehon.org\/es\/wp-json\/wp\/v2\/types\/page"}],"author":[{"embeddable":true,"href":"https:\/\/www.adehon.org\/es\/wp-json\/wp\/v2\/users\/1"}],"replies":[{"embeddable":true,"href":"https:\/\/www.adehon.org\/es\/wp-json\/wp\/v2\/comments?post=3802"}],"version-history":[{"count":5,"href":"https:\/\/www.adehon.org\/es\/wp-json\/wp\/v2\/pages\/3802\/revisions"}],"predecessor-version":[{"id":3808,"href":"https:\/\/www.adehon.org\/es\/wp-json\/wp\/v2\/pages\/3802\/revisions\/3808"}],"wp:attachment":[{"href":"https:\/\/www.adehon.org\/es\/wp-json\/wp\/v2\/media?parent=3802"}],"curies":[{"name":"wp","href":"https:\/\/api.w.org\/{rel}","templated":true}]}}