{"id":3811,"date":"2021-10-29T09:10:39","date_gmt":"2021-10-29T09:10:39","guid":{"rendered":"https:\/\/www.adehon.org\/es\/?page_id=3811"},"modified":"2021-10-29T09:11:54","modified_gmt":"2021-10-29T09:11:54","slug":"programa-formacion-bonificada-fundae-intersectorial-2021","status":"publish","type":"page","link":"https:\/\/www.adehon.org\/es\/programas\/programa-formacion-bonificada-fundae-intersectorial-2021\/","title":{"rendered":"PROGRAMA FORMACION BONIFICADA &#8211; FUNDAE &#8211; INTERSECTORIAL &#8211; 2021"},"content":{"rendered":"<h3 style=\"text-align: center;\">Cursos online <span style=\"color: #99cc00;\">GRATUITOS <\/span>con <span style=\"color: #99cc00;\">Titulaci\u00f3n Oficial <\/span><\/h3>\n<h3 style=\"text-align: center;\">MINISTERIO DE TRABAJO Y ECONOM\u00cdA SOCIAL &#8211; GOBIERNO DE ESPA\u00d1A<\/h3>\n\n\n<div class=\"wp-block-media-text alignwide has-media-on-the-right is-stacked-on-mobile\" style=\"grid-template-columns:auto 32%\"><figure class=\"wp-block-media-text__media\"><img decoding=\"async\" src=\"https:\/\/www.adehon.org\/es\/wp-content\/uploads\/2021\/10\/Sin-titulo-1584-x-500-px.png\" alt=\"\" class=\"wp-image-3800 size-full\"\/><\/figure><div class=\"wp-block-media-text__content\">\n<p class=\"has-medium-font-size\"><a rel=\"noreferrer noopener\" href=\"https:\/\/www.adehon.org\/es\/inteligencia-emocional-y-su-trascendencia-en-la-organizacion-empresarial\/\" target=\"_blank\"><strong><span style=\"color:#7db901\" class=\"has-inline-color\">Inteligencia emocional y su trascendencia en la organizaci\u00f3n empresarial<\/span><\/strong><\/a><\/p>\n\n\n\n<p class=\"has-medium-font-size\">Descubre el talento humano y c\u00f3mo la gesti\u00f3n de las emociones puede maximizar el potencial y el desempe\u00f1o en el \u00e1mbito laboral.<\/p>\n\n\n\n<p class=\"has-medium-font-size\"><strong>Duraci\u00f3n: 50 horas<\/strong><\/p>\n\n\n\n<p class=\"has-medium-font-size\"><strong>Ap\u00fantate, plazas limitadas<\/strong><\/p>\n\n\n\n<p class=\"has-medium-font-size\"><strong>Se inician pr\u00f3ximamente<\/strong><\/p>\n<\/div><\/div>\n\n\n\n<hr class=\"wp-block-separator\"\/>\n\n\n\n<hr class=\"wp-block-separator\"\/>\n\n\n\n<div class=\"wp-block-media-text alignwide has-media-on-the-right is-stacked-on-mobile is-vertically-aligned-center is-image-fill\" style=\"grid-template-columns:auto 26%\"><figure class=\"wp-block-media-text__media\" style=\"background-image:url(https:\/\/www.adehon.org\/es\/wp-content\/uploads\/2021\/10\/Diseno-sin-titulo-2-e1635498115531.png);background-position:50% 20%\"><img loading=\"lazy\" decoding=\"async\" width=\"343\" height=\"344\" src=\"https:\/\/www.adehon.org\/es\/wp-content\/uploads\/2021\/10\/Diseno-sin-titulo-2-e1635498115531.png\" alt=\"\" class=\"wp-image-3800 size-full\" srcset=\"https:\/\/www.adehon.org\/es\/wp-content\/uploads\/2021\/10\/Diseno-sin-titulo-2-e1635498115531.png 343w, https:\/\/www.adehon.org\/es\/wp-content\/uploads\/2021\/10\/Diseno-sin-titulo-2-e1635498115531-300x300.png 300w, https:\/\/www.adehon.org\/es\/wp-content\/uploads\/2021\/10\/Diseno-sin-titulo-2-e1635498115531-150x150.png 150w\" sizes=\"auto, (max-width: 343px) 100vw, 343px\" \/><\/figure><div class=\"wp-block-media-text__content\">\n<p class=\"has-medium-font-size\"><strong><a href=\"https:\/\/www.adehon.org\/es\/tramites-online-con-la-administracion\/\"><span style=\"color:#7db901\" class=\"has-inline-color\">Tr\u00e1mites online con la administraci\u00f3n<\/span><\/a><\/strong><\/p>\n\n\n\n<p class=\"has-medium-font-size\">Aprovecha la oportunidad y aprende a realizar todos los tr\u00e1mites burocr\u00e1ticos y gestiones online con las diferentes Administraciones P\u00fablicas.<\/p>\n\n\n\n<p class=\"has-medium-font-size\"><strong>Duraci\u00f3n: 25 horas<\/strong><\/p>\n\n\n\n<p class=\"has-medium-font-size\"><strong>Ap\u00fantate, plazas limitadas<\/strong><\/p>\n\n\n\n<p class=\"has-medium-font-size\"><strong>Se inician pr\u00f3ximamente<\/strong><\/p>\n<\/div><\/div>\n\n\n\n<hr class=\"wp-block-separator\"\/>\n\n\n\n<hr class=\"wp-block-separator\"\/>\n\n\n\n<div class=\"wp-block-media-text alignwide has-media-on-the-right is-stacked-on-mobile is-vertically-aligned-center is-image-fill\" style=\"grid-template-columns:auto 24%\"><figure class=\"wp-block-media-text__media\" style=\"background-image:url(https:\/\/www.adehon.org\/es\/wp-content\/uploads\/2021\/10\/Sin-titulo-1584-x-500-px-2-e1635498148351.png);background-position:50% 20%\"><img loading=\"lazy\" decoding=\"async\" width=\"442\" height=\"337\" src=\"https:\/\/www.adehon.org\/es\/wp-content\/uploads\/2021\/10\/Sin-titulo-1584-x-500-px-2-e1635498148351.png\" alt=\"\" class=\"wp-image-3803 size-full\" srcset=\"https:\/\/www.adehon.org\/es\/wp-content\/uploads\/2021\/10\/Sin-titulo-1584-x-500-px-2-e1635498148351.png 442w, https:\/\/www.adehon.org\/es\/wp-content\/uploads\/2021\/10\/Sin-titulo-1584-x-500-px-2-e1635498148351-300x229.png 300w\" sizes=\"auto, (max-width: 442px) 100vw, 442px\" \/><\/figure><div class=\"wp-block-media-text__content\">\n<p class=\"has-medium-font-size\"><strong><a rel=\"noreferrer noopener\" href=\"https:\/\/www.adehon.org\/es\/excel-2016\/\" target=\"_blank\"><span style=\"color:#7db901\" class=\"has-inline-color\">Excel 2016<\/span><\/a><\/strong><\/p>\n\n\n\n<p class=\"has-medium-font-size\">\u00bfQuieres convertirte en un experto que maneje todas las funciones de Microsoft Excel 2016? Aprende y ser\u00e1 muy valorado por las instituciones p\u00fablicas y privadas que requieren trabajos de c\u00e1lculo y gr\u00e1ficos de calidad.<\/p>\n\n\n\n<p class=\"has-medium-font-size\"><strong>Duraci\u00f3n: 60 horas<\/strong><\/p>\n\n\n\n<p class=\"has-medium-font-size\"><strong>Ap\u00fantate, plazas limitadas<\/strong><\/p>\n\n\n\n<p class=\"has-medium-font-size\"><strong>Se inician pr\u00f3ximamente<\/strong><\/p>\n<\/div><\/div>\n\n\n\n<p class=\"has-text-align-center\"><strong>Formaci\u00f3n 100% Bonificada por:<\/strong><\/p>\n\n\n\n<div class=\"wp-block-image\"><figure class=\"aligncenter size-large is-resized\"><a href=\"https:\/\/www.adehon.org\/es\/wp-content\/uploads\/2021\/10\/Sin-titulo-1584-x-500-px-1-1.png\"><img loading=\"lazy\" decoding=\"async\" src=\"https:\/\/www.adehon.org\/es\/wp-content\/uploads\/2021\/10\/Sin-titulo-1584-x-500-px-1-1-1024x323.png\" alt=\"\" class=\"wp-image-3797\" width=\"624\" height=\"196\" srcset=\"https:\/\/www.adehon.org\/es\/wp-content\/uploads\/2021\/10\/Sin-titulo-1584-x-500-px-1-1-1024x323.png 1024w, https:\/\/www.adehon.org\/es\/wp-content\/uploads\/2021\/10\/Sin-titulo-1584-x-500-px-1-1-300x95.png 300w, https:\/\/www.adehon.org\/es\/wp-content\/uploads\/2021\/10\/Sin-titulo-1584-x-500-px-1-1-768x242.png 768w, https:\/\/www.adehon.org\/es\/wp-content\/uploads\/2021\/10\/Sin-titulo-1584-x-500-px-1-1-1536x485.png 1536w, https:\/\/www.adehon.org\/es\/wp-content\/uploads\/2021\/10\/Sin-titulo-1584-x-500-px-1-1.png 1584w\" sizes=\"auto, (max-width: 624px) 100vw, 624px\" \/><\/a><\/figure><\/div>\n\n\n\n<p><\/p>\n","protected":false},"excerpt":{"rendered":"<p>Cursos online GRATUITOS con Titulaci\u00f3n Oficial MINISTERIO DE TRABAJO Y ECONOM\u00cdA SOCIAL &#8211; GOBIERNO DE ESPA\u00d1A Inteligencia emocional y su trascendencia en la organizaci\u00f3n empresarial Descubre el talento humano y c\u00f3mo la gesti\u00f3n de las emociones puede maximizar el potencial y el desempe\u00f1o en el \u00e1mbito laboral. Duraci\u00f3n: 50 horas Ap\u00fantate, plazas limitadas Se inician pr\u00f3ximamente Tr\u00e1mites online con la administraci\u00f3n Aprovecha la oportunidad y aprende a realizar todos los tr\u00e1mites burocr\u00e1ticos y gestiones online con las diferentes Administraciones P\u00fablicas. Duraci\u00f3n: 25 horas Ap\u00fantate, plazas limitadas Se inician pr\u00f3ximamente Excel 2016 \u00bfQuieres convertirte en un experto que maneje todas las funciones de Microsoft Excel 2016? Aprende y ser\u00e1 muy valorado por las instituciones p\u00fablicas y privadas que requieren trabajos de c\u00e1lculo y gr\u00e1ficos de calidad. Duraci\u00f3n: 60 horas Ap\u00fantate, plazas limitadas Se inician pr\u00f3ximamente Formaci\u00f3n 100% Bonificada por:<\/p>\n","protected":false},"author":1,"featured_media":0,"parent":9,"menu_order":2,"comment_status":"closed","ping_status":"closed","template":"page-fullwidth.php","meta":{"footnotes":""},"class_list":["post-3811","page","type-page","status-publish","hentry"],"_links":{"self":[{"href":"https:\/\/www.adehon.org\/es\/wp-json\/wp\/v2\/pages\/3811","targetHints":{"allow":["GET"]}}],"collection":[{"href":"https:\/\/www.adehon.org\/es\/wp-json\/wp\/v2\/pages"}],"about":[{"href":"https:\/\/www.adehon.org\/es\/wp-json\/wp\/v2\/types\/page"}],"author":[{"embeddable":true,"href":"https:\/\/www.adehon.org\/es\/wp-json\/wp\/v2\/users\/1"}],"replies":[{"embeddable":true,"href":"https:\/\/www.adehon.org\/es\/wp-json\/wp\/v2\/comments?post=3811"}],"version-history":[{"count":16,"href":"https:\/\/www.adehon.org\/es\/wp-json\/wp\/v2\/pages\/3811\/revisions"}],"predecessor-version":[{"id":3827,"href":"https:\/\/www.adehon.org\/es\/wp-json\/wp\/v2\/pages\/3811\/revisions\/3827"}],"up":[{"embeddable":true,"href":"https:\/\/www.adehon.org\/es\/wp-json\/wp\/v2\/pages\/9"}],"wp:attachment":[{"href":"https:\/\/www.adehon.org\/es\/wp-json\/wp\/v2\/media?parent=3811"}],"curies":[{"name":"wp","href":"https:\/\/api.w.org\/{rel}","templated":true}]}}