{"id":4197,"date":"2023-10-23T10:50:45","date_gmt":"2023-10-23T10:50:45","guid":{"rendered":"https:\/\/www.adehon.org\/es\/?page_id=4197"},"modified":"2023-10-23T12:07:17","modified_gmt":"2023-10-23T12:07:17","slug":"programa-de-fomento-de-la-conversion-a-indefinido-de-contratos-temporales-a-determinados-colectivos-vulnerables","status":"publish","type":"page","link":"https:\/\/www.adehon.org\/es\/programa-de-fomento-de-la-conversion-a-indefinido-de-contratos-temporales-a-determinados-colectivos-vulnerables\/","title":{"rendered":"PROGRAMA DE FOMENTO DE LA CONVERSI\u00d3N A INDEFINIDO DE CONTRATOS TEMPORALES A DETERMINADOS COLECTIVOS VULNERABLES"},"content":{"rendered":"\n<div class=\"wp-block-group\"><div class=\"wp-block-group__inner-container is-layout-flow wp-block-group-is-layout-flow\">\n<figure class=\"wp-block-image size-large\"><a href=\"https:\/\/www.adehon.org\/es\/wp-content\/uploads\/2023\/10\/Diseno-sin-titulo.png\"><img loading=\"lazy\" decoding=\"async\" width=\"1024\" height=\"112\" src=\"https:\/\/www.adehon.org\/es\/wp-content\/uploads\/2023\/10\/Diseno-sin-titulo-1024x112.png\" alt=\"\" class=\"wp-image-4198\" srcset=\"https:\/\/www.adehon.org\/es\/wp-content\/uploads\/2023\/10\/Diseno-sin-titulo-1024x112.png 1024w, https:\/\/www.adehon.org\/es\/wp-content\/uploads\/2023\/10\/Diseno-sin-titulo-300x33.png 300w, https:\/\/www.adehon.org\/es\/wp-content\/uploads\/2023\/10\/Diseno-sin-titulo-768x84.png 768w, https:\/\/www.adehon.org\/es\/wp-content\/uploads\/2023\/10\/Diseno-sin-titulo-1536x168.png 1536w, https:\/\/www.adehon.org\/es\/wp-content\/uploads\/2023\/10\/Diseno-sin-titulo.png 2048w\" sizes=\"auto, (max-width: 1024px) 100vw, 1024px\" \/><\/a><\/figure>\n<\/div><\/div>\n\n\n\n<div class=\"wp-block-cover is-light has-custom-content-position is-position-bottom-center\" style=\"min-height:231px;aspect-ratio:unset;\"><span aria-hidden=\"true\" class=\"wp-block-cover__background has-white-background-color has-background-dim\"><\/span><img loading=\"lazy\" decoding=\"async\" width=\"1080\" height=\"608\" class=\"wp-block-cover__image-background wp-image-4199\" alt=\"\" src=\"https:\/\/www.adehon.org\/es\/wp-content\/uploads\/2023\/10\/Presentacion-Financiera-Empresa-Elegante-Negro-e1698062792267.jpg\" data-object-fit=\"cover\"\/><div class=\"wp-block-cover__inner-container is-layout-flow wp-block-cover-is-layout-flow\">\n<div class=\"wp-block-group\"><div class=\"wp-block-group__inner-container is-layout-flow wp-block-group-is-layout-flow\">\n<p class=\"has-medium-font-size\" style=\"font-style:normal;font-weight:400;letter-spacing:1px\"><strong><mark style=\"background-color:rgba(0, 0, 0, 0)\" class=\"has-inline-color has-black-color\">SUBVENCI\u00d3N CONCEDIDA DEL PROGRAMA DE FOMENTO DE LA CONVERSI\u00d3N A INDEFINIDO DE CONTRATOS TEMPORALES A DETERMINADOS COLECTIVOS VULNERABLES<\/mark><\/strong><\/p>\n<\/div><\/div>\n<\/div><\/div>\n\n\n\n<p><strong>SUBVENCI\u00d3N ECOVUT 2021<\/strong><\/p>\n\n\n\n<p>La entidad ADEHON ha sido beneficiaria de la Subvenci\u00f3n seg\u00fan la RESOLUCI\u00d3N de 30 de diciembre de 2020, del director general de LABORA Servicio Valenciano de Empleo y Formaci\u00f3n, publicada en el DOGV de 23 de febrero de 2021, por la que se convoca para el ejercicio 2021 el Programa de fomento de la conversi\u00f3n a indefinido de contratos temporales de determinados colectivos vulnerables en el \u00e1mbito territorial de la Comunitat Valenciana. <\/p>\n\n\n\n<p><strong>EXPEDIENTE: <\/strong>ECOVUT\/2021\/923\/46<\/p>\n\n\n\n<p><strong>Entidad concedente:<\/strong> LABORA<\/p>\n\n\n\n<p><strong>Importe:<\/strong> 13.300 \u20ac<\/p>\n\n\n\n<p><strong>Actuaci\u00f3n:<\/strong> Conversi\u00f3n a indefinido de un contrato temporal de colectivo vulnerable (mujer) de la trabajadora D\u00d1A. M. Pilar A. M.<\/p>\n\n\n\n<p><\/p>\n\n\n\n<p><strong>EXPEDIENTE: <\/strong>ECOVUT\/2021\/924\/46<\/p>\n\n\n\n<p><strong>Entidad concedente:<\/strong> LABORA<\/p>\n\n\n\n<p><strong>Importe:<\/strong> 13.300 \u20ac<\/p>\n\n\n\n<p><strong><strong>Actuaci\u00f3n:<\/strong> <\/strong>Conversi\u00f3n a indefinido de un contrato temporal de colectivo vulnerable (mujer) de la trabajadora D\u00d1A. Cristina L. F.<\/p>\n\n\n\n<hr class=\"wp-block-separator has-css-opacity\"\/>\n","protected":false},"excerpt":{"rendered":"<p>SUBVENCI\u00d3N ECOVUT 2021 La entidad ADEHON ha sido beneficiaria de la Subvenci\u00f3n seg\u00fan la RESOLUCI\u00d3N de 30 de diciembre de 2020, del director general de LABORA Servicio Valenciano de Empleo y Formaci\u00f3n, publicada en el DOGV de 23 de febrero de 2021, por la que se convoca para el ejercicio 2021 el Programa de fomento de la conversi\u00f3n a indefinido de contratos temporales de determinados colectivos vulnerables en el \u00e1mbito territorial de la Comunitat Valenciana. EXPEDIENTE: ECOVUT\/2021\/923\/46 Entidad concedente: LABORA Importe: 13.300 \u20ac Actuaci\u00f3n: Conversi\u00f3n a indefinido de un contrato temporal de colectivo vulnerable (mujer) de la trabajadora D\u00d1A. M. Pilar A. M. EXPEDIENTE: ECOVUT\/2021\/924\/46 Entidad concedente: LABORA Importe: 13.300 \u20ac Actuaci\u00f3n: Conversi\u00f3n a indefinido de un contrato temporal de colectivo vulnerable (mujer) de la trabajadora D\u00d1A. Cristina L. F.<\/p>\n","protected":false},"author":1,"featured_media":0,"parent":0,"menu_order":0,"comment_status":"closed","ping_status":"closed","template":"page-fullwidth.php","meta":{"footnotes":""},"class_list":["post-4197","page","type-page","status-publish","hentry"],"_links":{"self":[{"href":"https:\/\/www.adehon.org\/es\/wp-json\/wp\/v2\/pages\/4197","targetHints":{"allow":["GET"]}}],"collection":[{"href":"https:\/\/www.adehon.org\/es\/wp-json\/wp\/v2\/pages"}],"about":[{"href":"https:\/\/www.adehon.org\/es\/wp-json\/wp\/v2\/types\/page"}],"author":[{"embeddable":true,"href":"https:\/\/www.adehon.org\/es\/wp-json\/wp\/v2\/users\/1"}],"replies":[{"embeddable":true,"href":"https:\/\/www.adehon.org\/es\/wp-json\/wp\/v2\/comments?post=4197"}],"version-history":[{"count":8,"href":"https:\/\/www.adehon.org\/es\/wp-json\/wp\/v2\/pages\/4197\/revisions"}],"predecessor-version":[{"id":4211,"href":"https:\/\/www.adehon.org\/es\/wp-json\/wp\/v2\/pages\/4197\/revisions\/4211"}],"wp:attachment":[{"href":"https:\/\/www.adehon.org\/es\/wp-json\/wp\/v2\/media?parent=4197"}],"curies":[{"name":"wp","href":"https:\/\/api.w.org\/{rel}","templated":true}]}}