{"id":4219,"date":"2024-02-05T12:57:14","date_gmt":"2024-02-05T12:57:14","guid":{"rendered":"https:\/\/www.adehon.org\/es\/?page_id=4219"},"modified":"2024-02-07T12:30:22","modified_gmt":"2024-02-07T12:30:22","slug":"programa-de-formacion-labora-continua-ocupados-2023-2024","status":"publish","type":"page","link":"https:\/\/www.adehon.org\/es\/programa-de-formacion-labora-continua-ocupados-2023-2024\/","title":{"rendered":"PROGRAMA DE FORMACI\u00d3N &#8211; LABORA CONTINUA\/OCUPADOS 2023\/2024-FNI"},"content":{"rendered":"\n<div class=\"wp-block-group\"><div class=\"wp-block-group__inner-container is-layout-flow wp-block-group-is-layout-flow\">\n<figure class=\"wp-block-image size-large\"><a href=\"https:\/\/www.adehon.org\/es\/wp-content\/uploads\/2024\/02\/logos_1-removebg-preview.png\"><img loading=\"lazy\" decoding=\"async\" width=\"1024\" height=\"122\" src=\"https:\/\/www.adehon.org\/es\/wp-content\/uploads\/2024\/02\/logos_1-removebg-preview-1024x122.png\" alt=\"\" class=\"wp-image-4231\" srcset=\"https:\/\/www.adehon.org\/es\/wp-content\/uploads\/2024\/02\/logos_1-removebg-preview-1024x122.png 1024w, https:\/\/www.adehon.org\/es\/wp-content\/uploads\/2024\/02\/logos_1-removebg-preview-300x36.png 300w, https:\/\/www.adehon.org\/es\/wp-content\/uploads\/2024\/02\/logos_1-removebg-preview-768x91.png 768w, https:\/\/www.adehon.org\/es\/wp-content\/uploads\/2024\/02\/logos_1-removebg-preview.png 1446w\" sizes=\"auto, (max-width: 1024px) 100vw, 1024px\" \/><\/a><\/figure>\n<\/div><\/div>\n\n\n\n<div class=\"wp-block-cover is-light has-custom-content-position is-position-bottom-center\"><span aria-hidden=\"true\" class=\"wp-block-cover__background has-white-background-color has-background-dim-70 has-background-dim\"><\/span><img loading=\"lazy\" decoding=\"async\" width=\"1920\" height=\"1280\" class=\"wp-block-cover__image-background wp-image-3516\" alt=\"\" src=\"https:\/\/www.adehon.org\/es\/wp-content\/uploads\/2020\/12\/computer-1867741_1920.jpg\" data-object-fit=\"cover\" srcset=\"https:\/\/www.adehon.org\/es\/wp-content\/uploads\/2020\/12\/computer-1867741_1920.jpg 1920w, https:\/\/www.adehon.org\/es\/wp-content\/uploads\/2020\/12\/computer-1867741_1920-300x200.jpg 300w, https:\/\/www.adehon.org\/es\/wp-content\/uploads\/2020\/12\/computer-1867741_1920-768x512.jpg 768w, https:\/\/www.adehon.org\/es\/wp-content\/uploads\/2020\/12\/computer-1867741_1920-1024x683.jpg 1024w\" sizes=\"auto, (max-width: 1920px) 100vw, 1920px\" \/><div class=\"wp-block-cover__inner-container is-layout-flow wp-block-cover-is-layout-flow\">\n<div class=\"wp-block-group\"><div class=\"wp-block-group__inner-container is-layout-flow wp-block-group-is-layout-flow\">\n<p class=\"has-text-align-left has-x-large-font-size\"><strong>CURSOS GRATUITOS <\/strong><\/p>\n\n\n\n<p class=\"has-text-align-left has-x-large-font-size\"><strong>CONTINUA\/OCUPADOS <\/strong><\/p>\n\n\n\n<p class=\"has-text-align-left has-x-large-font-size\"><strong>LABORA 2023\/2024<\/strong><\/p>\n<\/div><\/div>\n<\/div><\/div>\n\n\n\n<p><em>RESOLUCI\u00d3N de 3 de marzo de 2023, del director general de LABORA Servicio Valenciano de Empleo y Formaci\u00f3n, por la que se aprueba la convocatoria de subvenciones para la realizaci\u00f3n de acciones formativas dirigidas prioritariamente a personas ocupadas con cargo al ejercicio presupuestario 2023<\/em>.&nbsp;<\/p>\n\n\n\n<p><strong>Requisitos del alumnado seg\u00fan el art\u00edculo 15 de la presente resoluci\u00f3n:<\/strong><\/p>\n\n\n\n<p>En los programas de formaci\u00f3n previstos en la presente convocatoria, el porcentaje de alumnado trabajador ocupado deber\u00e1 ser al menos del 70 % del alumnado participante en dichos programas.<br>El alumnado desempleado participante en un programa de formaci\u00f3n deber\u00e1 estar inscrito como desempleado en un servicio p\u00fablico de empleo y deber\u00e1n suponer un m\u00e1ximo del 30 % del alumnado participante en el programa.<br>Las personas interesadas deber\u00e1n solicitar su participaci\u00f3n en las acciones formativas (especialidades) ofertadas en los distintos programas de formaci\u00f3n, utilizando para ello el impreso de solicitud que podr\u00e1<br>obtenerse a trav\u00e9s de la p\u00e1gina web www.labora.gva.es<\/p>\n\n\n\n<p>La selecci\u00f3n del alumnado participante se realizar\u00e1 por la entidad beneficiaria y tendr\u00e1n prioridad las mujeres y los colectivos vulnerables siguientes:<br>a) Las v\u00edctimas de violencia de g\u00e9nero.<br>b) Personas con diversidad funcional.<br>c) Personas con bajo nivel de cualificaci\u00f3n<br>d) Personas mayores de 45 a\u00f1os.<br>e) Personas desempleadas de larga duraci\u00f3n.<br>f) Personas trabajadoras con contrato a tiempo parcial o con contrato temporal.<br>g) Personas trabajadoras de las peque\u00f1as y medianas empresas.<br>h) Las personas trabajadoras que se encuentren en situaci\u00f3n de suspensi\u00f3n de contrato o reducci\u00f3n de jornada como consecuencia de un expediente de regulaci\u00f3n de empleo.<br>i) Las personas titulares y beneficiarias de la renta valenciana de inclusi\u00f3n y del ingreso m\u00ednimo vital.<br>j) Las personas que encabezan familias monoparentales o monomarentales.<br>k) Personas trans.<br>l) Las personas gitanas, migrantes y de etnias minoritarias.<br>Asimismo, tendr\u00e1n prioridad las personas trabajadoras contratadas al amparo del art\u00edculo 7 del Real Decreto ley 3\/2012, de 10 de febrero, de medidas urgentes para la reforma del mercado laboral, en el que se regula la transformaci\u00f3n de los contratos en pr\u00e1cticas, de relevo y de sustituci\u00f3n en indefinidos.<\/p>\n\n\n\n<p><strong>Obligaciones del alumnado y causas de exclusi\u00f3n<\/strong>, Art\u00edculo 16.<\/p>\n\n\n\n<ol class=\"wp-block-list\">\n<li>El alumnado est\u00e1 obligado a:<br>a) Asistir a las clases de forma regular y continua y seguir con aprovechamiento la acci\u00f3n formativa.<br>b) No simultanear cursos de formaci\u00f3n para el empleo de car\u00e1cter presencial cuando superen las 40 horas semanales, aunque exista compatibilidad horaria.<br>c) Autorizar a LABORA Servicio Valenciano de Empleo y Formaci\u00f3n para consultar su vida laboral, a efectos de control del cumplimiento de las condiciones establecidas en esta convocatoria.<\/li>\n\n\n\n<li>Causas de exclusi\u00f3n del alumnado:<br>a) La falta de aprovechamiento o la obstaculizaci\u00f3n del normal desarrollo del curso, con el visto bueno previo del personal t\u00e9cnico de Formaci\u00f3n.<br>b) Simultanear cursos de formaci\u00f3n para el empleo, cuando superen las 40 horas, en los t\u00e9rminos del apartado 1 b) de este resuelvo. En este caso, la exclusi\u00f3n se aplicar\u00e1 a los cursos a los que se hubiera incorporado de forma m\u00e1s reciente.<br>c) No presentar la autorizaci\u00f3n para consultar la vida laboral o revocarla una vez presentada.<br>d) Incurrir en m\u00e1s de tres faltas de asistencia no justificadas en el mes. Las faltas de asistencia justificadas no computar\u00e1n a estos efectos, salvo que representen m\u00e1s del 25 % de la duraci\u00f3n de la acci\u00f3n<br>formativa. La entidad impartidora de la acci\u00f3n formativa har\u00e1 efectiva la baja del participante el d\u00eda lectivo siguiente al de la comisi\u00f3n de las mencionadas faltas.<\/li>\n<\/ol>\n\n\n\n<hr class=\"wp-block-separator has-css-opacity\"\/>\n\n\n\n<h2 class=\"wp-block-heading has-text-align-center has-black-color has-text-color has-background\" style=\"background-color:#8bbc19\">CURSOS PRESENCIALES<\/h2>\n\n\n\n<div class=\"wp-block-columns is-layout-flex wp-container-core-columns-is-layout-2 wp-block-columns-is-layout-flex\">\n<div class=\"wp-block-column is-layout-flow wp-block-column-is-layout-flow\" style=\"flex-basis:100%\">\n<div class=\"wp-block-group\"><div class=\"wp-block-group__inner-container is-layout-flow wp-block-group-is-layout-flow\">\n<div class=\"wp-block-columns is-layout-flex wp-container-core-columns-is-layout-1 wp-block-columns-is-layout-flex\">\n<div class=\"wp-block-column is-layout-flow wp-block-column-is-layout-flow\">\n<h5 class=\"wp-block-heading has-black-color has-text-color has-background has-small-font-size\" style=\"background-color:#8bbc19;letter-spacing:0px\">FCOI01 ALFABETIZACI\u00d3N INFORM\u00c1TICA: INTERNET                                                <\/h5>\n\n\n\n<p>\u00a1Aprende a navegar con confianza en el mundo digital! Descubre los secretos de la alfabetizaci\u00f3n inform\u00e1tica y domina Internet con nuestro curso de Alfabetizaci\u00f3n Inform\u00e1tica: Internet. \u00a1Convi\u00e9rtete en un experto en la web y potencia tus habilidades digitales!<\/p>\n\n\n<div class=\"lightweight-accordion\"><details><summary class=\"lightweight-accordion-title\"><span>Datos b\u00e1sicos<\/span><\/summary><div class=\"lightweight-accordion-body\">\n\n<p><strong>Plazo de matriculaci\u00f3n:<\/strong>&nbsp;ABIERTO<\/p>\n\n\n\n<p><strong>A partir del 2024<\/strong><\/p>\n\n\n\n<p><strong>Modalidad:<\/strong>&nbsp;Presencial<\/p>\n\n\n\n<p><strong>Duraci\u00f3n:<\/strong>&nbsp;10 horas<\/p>\n\n\n\n<p><strong>Precio:<\/strong>&nbsp;Gratuito<\/p>\n\n<\/div><\/details><\/div>\n\n<div class=\"lightweight-accordion\"><details><summary class=\"lightweight-accordion-title\"><span>Objetivos<\/span><\/summary><div class=\"lightweight-accordion-body\">\n\n<p>Al finalizar el curso el alumno ser\u00e1 capaz de realizar operaciones b\u00e1sicas de lectura y escritura inform\u00e1tica, utilizando los servicios y protocolos propios de una red Intranet\/Internet: world wide web, correo electr\u00f3nico, foros de discusi\u00f3n y charlas.&nbsp;<\/p>\n\n<\/div><\/details><\/div>\n\n<div class=\"lightweight-accordion\"><details><summary class=\"lightweight-accordion-title\"><span>Contenidos<\/span><\/summary><div class=\"lightweight-accordion-body\">\n\n<ol class=\"wp-block-list\">\n<li>Conceptos b\u00e1sicos.&nbsp;<\/li>\n\n\n\n<li>Que es Internet.&nbsp;&nbsp;<\/li>\n\n\n\n<li>Como funciona Internet.&nbsp;&nbsp;<\/li>\n\n\n\n<li>Protocolo TCP\/IP.&nbsp;&nbsp;<\/li>\n\n\n\n<li>Terminolog\u00eda usual.&nbsp;<\/li>\n\n\n\n<li>El sistema de nombres de dominio.&nbsp;&nbsp;<\/li>\n\n\n\n<li>Internet en la sociedad actual y futura.&nbsp;<\/li>\n\n\n\n<li>&nbsp;Internet para el desarrollo personal y profesional.&nbsp;&nbsp;<\/li>\n\n\n\n<li>Word Wide Web (<a rel=\"noreferrer noopener\" href=\"http:\/\/www\/\" target=\"_blank\">http:\/\/www<\/a>.).&nbsp;<\/li>\n\n\n\n<li>Correo electr\u00f3nico (e-mail).&nbsp;<\/li>\n\n\n\n<li>Foros de debate&nbsp;<\/li>\n\n\n\n<li>Transferencia de ficheros (ftp).&nbsp;<\/li>\n\n\n\n<li>Chat (irc).&nbsp;<\/li>\n\n\n\n<li>Internet en el mundo empresarial.&nbsp;<\/li>\n\n\n\n<li>Intranet, extranet, trabajo en grupo, teletrabajo<\/li>\n<\/ol>\n\n<\/div><\/details><\/div>\n\n<div class=\"lightweight-accordion\"><details><summary class=\"lightweight-accordion-title\"><span>Requisitos de acceso<\/span><\/summary><div class=\"lightweight-accordion-body\">\n\n<ul class=\"wp-block-list\">\n<li>Aut\u00f3nomos y trabajadores.<\/li>\n\n\n\n<li>10% plazas para trabajadores de la Administraci\u00f3n P\u00fablica y 30% para personas desempleadas.<\/li>\n<\/ul>\n\n<\/div><\/details><\/div>\n\n\n<div class=\"wp-block-buttons is-layout-flex wp-block-buttons-is-layout-flex\">\n<div class=\"wp-block-button\"><a class=\"wp-block-button__link has-black-color has-text-color has-background wp-element-button\" href=\"https:\/\/forms.gle\/iZveCY9pFG74MVnMA\" style=\"background-color:#8bbc19\" target=\"_blank\" rel=\"noreferrer noopener\"><strong>Pre-inscripci\u00f3n<\/strong><\/a><\/div>\n<\/div>\n<\/div>\n\n\n\n<div class=\"wp-block-column is-layout-flow wp-block-column-is-layout-flow\">\n<h5 class=\"wp-block-heading has-black-color has-text-color has-background has-small-font-size\" style=\"background-color:#8bbc19\">FCOM01 MANIPULADOR DE ALIMENTOS<\/h5>\n\n\n\n<p>\u00bfCu\u00e1l es tu actitud higi\u00e9nica? Descubre la importancia de la contaminaci\u00f3n de los alimentos y qu\u00e9 medidas aplicar para evitarla y mantener la seguridad alimentaria.<\/p>\n\n\n<div class=\"lightweight-accordion\"><details><summary class=\"lightweight-accordion-title\"><span>Datos b\u00e1sicos<\/span><\/summary><div class=\"lightweight-accordion-body\">\n\n<p><strong>Plazo de matriculaci\u00f3n:<\/strong>&nbsp;ABIERTO<\/p>\n\n\n\n<p><strong>A partir del 2024<\/strong><\/p>\n\n\n\n<p><strong>Modalidad:<\/strong>&nbsp;Presencial<\/p>\n\n\n\n<p><strong>Duraci\u00f3n:<\/strong>&nbsp;10 horas<\/p>\n\n\n\n<p><strong>Precio:<\/strong>&nbsp;Gratuito<\/p>\n\n<\/div><\/details><\/div>\n\n<div class=\"lightweight-accordion\"><details><summary class=\"lightweight-accordion-title\"><span>Objetivos<\/span><\/summary><div class=\"lightweight-accordion-body\">\n\n<p>Adquirir los conocimientos, destrezas y actitudes necesarias para aplicar en su puesto de trabajo un correcto comportamiento y las t\u00e9cnicas adecuadas de higiene y sanidad alimentaria en manipulaci\u00f3n de alimentos, para impedir su contaminaci\u00f3n y prevenir posibles alteraciones alimentarias en aquellas especialidades de Industrias Alimentarias, Hosteler\u00eda y aquellas otras para cuyo ejercicio profesional se necesite.<\/p>\n\n<\/div><\/details><\/div>\n\n<div class=\"lightweight-accordion\"><details><summary class=\"lightweight-accordion-title\"><span>Contenidos<\/span><\/summary><div class=\"lightweight-accordion-body\">\n\n<p><strong>Calidad alimentaria:<\/strong><br>. Definici\u00f3n de alimentos<br>. Clasificaci\u00f3n de los alimentos<br>. Criterios de calidad de los alimentos y Alteraciones de los alimentos:<br>. Deterioro de los alimentos de origen animal y de origen vegetal.<br>y Manipulaci\u00f3n higi\u00e9nica de los alimentos:<br>. Cadena alimentaria: origen, transformaci\u00f3n, tratamientos, trazabilidad de los alimentos,<br>. El papel del manipulador de alimentos.<br>. Manipulaci\u00f3n de los alimentos espec\u00edficos del curso.<br>y Locales e instalaciones: Maquinaria, herramientas y utillaje, limpieza y desinfecci\u00f3n. Distribuci\u00f3n de las instalaciones, iluminaci\u00f3n, ventilaci\u00f3n.<br>. Eliminaci\u00f3n de basuras y residuos.<br>y Higiene personal: Aseo, h\u00e1bitos higi\u00e9nicos, estado de salud y prevenci\u00f3n de enfermedades transmisibles.<br>y Informaci\u00f3n de productos alimenticios: Identificaci\u00f3n, etiquetado, caducidad, composici\u00f3n.<br>y Higiene alimentaria: Microorganismos en los alimentos, contaminaciones, infecciones e intoxicaciones alimentarias.<br>y Conservaci\u00f3n de los alimentos:<br>. M\u00e9todos f\u00edsicos ( fr\u00edo, calor, desecaci\u00f3n, liofilizaci\u00f3n, etc.)<br>. M\u00e9todos qu\u00edmicos ( sal, az\u00facar, ahumado, etc.)<br>. Almacenamiento de los alimentos<br>. Envasado<br><strong>Caracter\u00edsticas espec\u00edficas de los alimentos y productos alimenticios:<\/strong><br>Conocer el Plan de An\u00e1lisis de Peligros y Puntos de Control Cr\u00edticos y la Gu\u00eda de Pr\u00e1cticas de Higiene.<br>Legislaci\u00f3n aplicable al manipulador de alimentos relacionada con el sector concreto al que va dirigido el curso.<\/p>\n\n<\/div><\/details><\/div>\n\n<div class=\"lightweight-accordion\"><details><summary class=\"lightweight-accordion-title\"><span>Requisitos de acceso<\/span><\/summary><div class=\"lightweight-accordion-body\">\n\n<ul class=\"wp-block-list\">\n<li>Aut\u00f3nomos y trabajadores.<\/li>\n\n\n\n<li>10% plazas para trabajadores de la Administraci\u00f3n P\u00fablica y 30% para personas desempleadas.<\/li>\n<\/ul>\n\n<\/div><\/details><\/div>\n\n\n<div class=\"wp-block-buttons is-layout-flex wp-block-buttons-is-layout-flex\">\n<div class=\"wp-block-button\"><a class=\"wp-block-button__link has-black-color has-text-color has-background wp-element-button\" href=\"https:\/\/forms.gle\/iZveCY9pFG74MVnMA\" style=\"background-color:#8bbc19\" target=\"_blank\" rel=\"noreferrer noopener\"><strong>Pre-inscripci\u00f3n<\/strong><\/a><\/div>\n<\/div>\n<\/div>\n<\/div>\n<\/div><\/div>\n<\/div>\n<\/div>\n\n\n\n<hr class=\"wp-block-separator has-css-opacity\"\/>\n\n\n\n<h2 class=\"wp-block-heading has-text-align-center has-black-color has-text-color has-background\" style=\"background-color:#8bbc19\">CURSOS ONLINE<\/h2>\n\n\n\n<div class=\"wp-block-group\"><div class=\"wp-block-group__inner-container is-layout-flow wp-block-group-is-layout-flow\">\n<div class=\"wp-block-columns is-layout-flex wp-container-core-columns-is-layout-3 wp-block-columns-is-layout-flex\">\n<div class=\"wp-block-column is-layout-flow wp-block-column-is-layout-flow\">\n<h5 class=\"wp-block-heading has-text-align-left has-black-color has-text-color has-background has-small-font-size\" style=\"background-color:#8bbc19;letter-spacing:-0.2px\">SSCE0110 DOCENCIA DE LA FORMACI\u00d3N PROFESIONAL PARA EL EMPLEO<\/h5>\n\n\n\n<p>Desarrolla tu carrera profesional como docente en la formaci\u00f3n profesional para el empleo como docente en la formaci\u00f3n no reglara. !Aprovecha, este es t\u00fa momento!<\/p>\n\n\n<div class=\"lightweight-accordion\"><details><summary class=\"lightweight-accordion-title\"><span>Datos b\u00e1sicos<\/span><\/summary><div class=\"lightweight-accordion-body\">\n\n<p><strong>Plazo de matriculaci\u00f3n:<\/strong>&nbsp;ABIERTO<\/p>\n\n\n\n<p><strong>A partir de enero 2024<\/strong><\/p>\n\n\n\n<p><strong>Modalidad:<\/strong>&nbsp;Teleformaci\u00f3n<\/p>\n\n\n\n<p><strong>Duraci\u00f3n:<\/strong>&nbsp;380 horas<\/p>\n\n\n\n<p><strong>Precio:<\/strong>&nbsp;Gratuito<\/p>\n\n<\/div><\/details><\/div>\n\n<div class=\"lightweight-accordion\"><details><summary class=\"lightweight-accordion-title\"><span>Objetivos<\/span><\/summary><div class=\"lightweight-accordion-body\">\n\n<p>Programar, impartir, tutorizar y evaluar acciones formativas del subsistema de formaci\u00f3n profesional para el empleo, elaborando y utilizando materiales, medios y recursos did\u00e1cticos, orientando sobre los itinerarios formativos y salidas profesionales que ofrece el mercado laboral en su especialidad, promoviendo de forma permanente la calidad de la formaci\u00f3n y la actualizaci\u00f3n did\u00e1ctica.<\/p>\n\n<\/div><\/details><\/div>\n\n<div class=\"lightweight-accordion\"><details><summary class=\"lightweight-accordion-title\"><span>Contenidos<\/span><\/summary><div class=\"lightweight-accordion-body\">\n\n<p>MF1442_3:&nbsp;Programaci\u00f3n did\u00e1ctica de acciones formativas para el empleo (60 horas).<br>MF1443_3:&nbsp;Selecci\u00f3n, elaboraci\u00f3n, adaptaci\u00f3n y utilizaci\u00f3n de materiales, medios y recursos did\u00e1cticos en formaci\u00f3n profesional para el empleo (90 horas).<br>MF1444_3:&nbsp;Impartici\u00f3n y tutorizaci\u00f3n de acciones formativas para el empleo (100 horas).<br>MF1445_3:&nbsp;Evaluaci\u00f3n del proceso de ense\u00f1anza-aprendizaje en formaci\u00f3n profesional para el empleo (60 horas).<br>MF1446_3:&nbsp;Orientaci\u00f3n laboral y promoci\u00f3n de la calidad en la formaci\u00f3n profesional para el empleo (30 horas).<br>MP0353:&nbsp;M\u00f3dulo de pr\u00e1cticas profesionales no laborales (40 horas).<\/p>\n\n<\/div><\/details><\/div>\n\n<div class=\"lightweight-accordion\"><details><summary class=\"lightweight-accordion-title\"><span>Requisitos de acceso<\/span><\/summary><div class=\"lightweight-accordion-body\">\n\n<ul class=\"wp-block-list\">\n<li>Aut\u00f3nomos y trabajadores.<\/li>\n\n\n\n<li>10% plazas para trabajadores de la Administraci\u00f3n P\u00fablica y 30% para personas desempleadas.<\/li>\n<\/ul>\n\n<\/div><\/details><\/div>\n\n\n<div class=\"wp-block-buttons is-layout-flex wp-block-buttons-is-layout-flex\">\n<div class=\"wp-block-button is-style-fill\"><a class=\"wp-block-button__link has-black-color has-text-color has-background wp-element-button\" href=\"https:\/\/forms.gle\/iZveCY9pFG74MVnMA\" style=\"background-color:#8bbc19\" target=\"_blank\" rel=\"noreferrer noopener\"><strong>Pre-inscripci\u00f3n<\/strong><\/a><\/div>\n<\/div>\n\n\n\n<div class=\"wp-block-buttons is-horizontal is-content-justification-left is-layout-flex wp-container-core-buttons-is-layout-4 wp-block-buttons-is-layout-flex\"><\/div>\n<\/div>\n\n\n\n<div class=\"wp-block-column is-layout-flow wp-block-column-is-layout-flow\">\n<h5 class=\"wp-block-heading has-black-color has-text-color has-background has-small-font-size\" style=\"background-color:#8bbc19;letter-spacing:0px\">MF0973_1 GRABACI\u00d3N DE DATOS                                      <\/h5>\n\n\n\n<p>Conoce en profundidad todas las t\u00e9cnicas de mecanograf\u00eda y competencias necesarias para realizar profesionalmente el trabajo de grabaci\u00f3n de datos.<\/p>\n\n\n<div class=\"lightweight-accordion\"><details><summary class=\"lightweight-accordion-title\"><span>Datos b\u00e1sicos<\/span><\/summary><div class=\"lightweight-accordion-body\">\n\n<p><strong>Plazo de matriculaci\u00f3n:<\/strong>&nbsp;ABIERTO<\/p>\n\n\n\n<p><strong><strong>A partir de <\/strong>enero 2024<\/strong><\/p>\n\n\n\n<p><strong>Modalidad:<\/strong>&nbsp;Teleformaci\u00f3n<\/p>\n\n\n\n<p><strong>Duraci\u00f3n:<\/strong>&nbsp;90 horas<\/p>\n\n\n\n<p><strong>Precio:<\/strong>&nbsp;Gratuito<\/p>\n\n<\/div><\/details><\/div>\n\n<div class=\"lightweight-accordion\"><details><summary class=\"lightweight-accordion-title\"><span>Objetivos<\/span><\/summary><div class=\"lightweight-accordion-body\">\n\n<ul class=\"wp-block-list\">\n<li>Disponer los diferentes elementos materiales y espacios de trabajo aplicando criterios de optimizaci\u00f3n de recursos, las normas de calidad, seguridad y salud en procesos de grabaci\u00f3n de datos en terminales inform\u00e1ticos.<\/li>\n\n\n\n<li>Identificar los criterios de actuaci\u00f3n profesional propia en la actividad de grabaci\u00f3n de datos, que permitan la integraci\u00f3n y cooperaci\u00f3n en grupos contribuyendo a crear un clima de trabajo productivo, de acuerdo con una \u00e9tica personal y profesional definida.<\/li>\n\n\n\n<li>Aplicar t\u00e9cnicas mecanogr\u00e1ficas en un teclado extendido, con precisi\u00f3n, velocidad y calidad de escritura al tacto a trav\u00e9s de aplicaciones inform\u00e1ticas espec\u00edficas.<\/li>\n\n\n\n<li>Grabar datos de tablas aplicando t\u00e9cnicas mecanogr\u00e1ficas en un teclado num\u00e9rico, con precisi\u00f3n, velocidad y calidad de escritura al tacto a trav\u00e9s de aplicaciones inform\u00e1ticas espec\u00edficas.<\/li>\n\n\n\n<li>Modificar los errores localizados en la grabaci\u00f3n de datos resalt\u00e1ndolos y cambi\u00e1ndolos mediante la utilizaci\u00f3n de cotejo de documentos, reglas ortogr\u00e1ficas, mecanogr\u00e1ficas y de acuerdo con las normas estandarizadas de calidad.<\/li>\n<\/ul>\n\n<\/div><\/details><\/div>\n\n<div class=\"lightweight-accordion\"><details><summary class=\"lightweight-accordion-title\"><span>Contenidos<\/span><\/summary><div class=\"lightweight-accordion-body\">\n\n<p>UNIDAD DID\u00c1CTICA 1: Organizaci\u00f3n y mantenimiento del puesto de trabajo y los terminales inform\u00e1ticos en el proceso de grabaci\u00f3n de datos.<br>UNIDAD DID\u00c1CTICA 2: La actuaci\u00f3n personal y profesional en el entorno de trabajo de la actividad de grabaci\u00f3n de datos.<br>UNIDAD DID\u00c1CTICA 3: Aplicaci\u00f3n de t\u00e9cnicas mecanogr\u00e1ficas en teclados extendidos de terminales inform\u00e1ticos.<br>UNIDAD DID\u00c1CTICA 4: Aplicaci\u00f3n de t\u00e9cnicas mecanogr\u00e1ficas en teclados num\u00e9rcios de terminales inform\u00e1ticos.<br>UNIDAD DID\u00c1CTICA 5: Utilizaci\u00f3n de t\u00e9cnicas de correcci\u00f3n y aseguramiento de resultados.<\/p>\n\n<\/div><\/details><\/div>\n\n<div class=\"lightweight-accordion\"><details><summary class=\"lightweight-accordion-title\"><span>Requisitos de acceso<\/span><\/summary><div class=\"lightweight-accordion-body\">\n\n<ul class=\"wp-block-list\">\n<li>Aut\u00f3nomos y trabajadores.<\/li>\n\n\n\n<li>10% plazas para trabajadores de la Administraci\u00f3n P\u00fablica y 30% para personas desempleadas.<\/li>\n<\/ul>\n\n<\/div><\/details><\/div>\n\n\n<div class=\"wp-block-buttons is-layout-flex wp-block-buttons-is-layout-flex\">\n<div class=\"wp-block-button\"><a class=\"wp-block-button__link has-black-color has-text-color has-background wp-element-button\" href=\"https:\/\/forms.gle\/iZveCY9pFG74MVnMA\" style=\"background-color:#8bbc19\" target=\"_blank\" rel=\"noreferrer noopener\"><strong>Pre-inscripci\u00f3n<\/strong><\/a><\/div>\n<\/div>\n<\/div>\n<\/div>\n<\/div><\/div>\n\n\n\n<div class=\"wp-block-group\"><div class=\"wp-block-group__inner-container is-layout-flow wp-block-group-is-layout-flow\"><\/div><\/div>\n\n\n\n<p><\/p>\n","protected":false},"excerpt":{"rendered":"<p>RESOLUCI\u00d3N de 3 de marzo de 2023, del director general de LABORA Servicio Valenciano de Empleo y Formaci\u00f3n, por la que se aprueba la convocatoria de subvenciones para la realizaci\u00f3n de acciones formativas dirigidas prioritariamente a personas ocupadas con cargo al ejercicio presupuestario 2023.&nbsp; Requisitos del alumnado seg\u00fan el art\u00edculo 15 de la presente resoluci\u00f3n: En los programas de formaci\u00f3n previstos en la presente convocatoria, el porcentaje de alumnado trabajador ocupado deber\u00e1 ser al menos del 70 % del alumnado participante en dichos programas.El alumnado desempleado participante en un programa de formaci\u00f3n deber\u00e1 estar inscrito como desempleado en un servicio p\u00fablico de empleo y deber\u00e1n suponer un m\u00e1ximo del 30 % del alumnado participante en el programa.Las personas interesadas deber\u00e1n solicitar su participaci\u00f3n en las acciones formativas (especialidades) ofertadas en los distintos programas de formaci\u00f3n, utilizando para ello el impreso de solicitud que podr\u00e1obtenerse a trav\u00e9s de la p\u00e1gina web www.labora.gva.es La selecci\u00f3n del alumnado participante se realizar\u00e1 por la&nbsp;<a href=\"https:\/\/www.adehon.org\/es\/programa-de-formacion-labora-continua-ocupados-2023-2024\/\" class=\"read-more\">Continuar Leyendo<\/a><\/p>\n","protected":false},"author":1,"featured_media":0,"parent":0,"menu_order":0,"comment_status":"closed","ping_status":"closed","template":"page-fullwidth.php","meta":{"footnotes":""},"class_list":["post-4219","page","type-page","status-publish","hentry"],"_links":{"self":[{"href":"https:\/\/www.adehon.org\/es\/wp-json\/wp\/v2\/pages\/4219","targetHints":{"allow":["GET"]}}],"collection":[{"href":"https:\/\/www.adehon.org\/es\/wp-json\/wp\/v2\/pages"}],"about":[{"href":"https:\/\/www.adehon.org\/es\/wp-json\/wp\/v2\/types\/page"}],"author":[{"embeddable":true,"href":"https:\/\/www.adehon.org\/es\/wp-json\/wp\/v2\/users\/1"}],"replies":[{"embeddable":true,"href":"https:\/\/www.adehon.org\/es\/wp-json\/wp\/v2\/comments?post=4219"}],"version-history":[{"count":7,"href":"https:\/\/www.adehon.org\/es\/wp-json\/wp\/v2\/pages\/4219\/revisions"}],"predecessor-version":[{"id":4237,"href":"https:\/\/www.adehon.org\/es\/wp-json\/wp\/v2\/pages\/4219\/revisions\/4237"}],"wp:attachment":[{"href":"https:\/\/www.adehon.org\/es\/wp-json\/wp\/v2\/media?parent=4219"}],"curies":[{"name":"wp","href":"https:\/\/api.w.org\/{rel}","templated":true}]}}