{"id":4243,"date":"2024-07-15T15:12:27","date_gmt":"2024-07-15T15:12:27","guid":{"rendered":"https:\/\/www.adehon.org\/es\/?page_id=4243"},"modified":"2024-11-08T15:46:45","modified_gmt":"2024-11-08T15:46:45","slug":"programa-de-formacion-no-formal-de-cualificacion-y-recualificacion-labora-2024","status":"publish","type":"page","link":"https:\/\/www.adehon.org\/es\/programa-de-formacion-no-formal-de-cualificacion-y-recualificacion-labora-2024\/","title":{"rendered":"PROGRAMA DE FORMACI\u00d3N DE CUALIFICACI\u00d3N Y RECUALIFICACI\u00d3N &#8211; MINISTERIO DE EDUCACI\u00d3N 2024"},"content":{"rendered":"\n<div class=\"wp-block-group\"><div class=\"wp-block-group__inner-container is-layout-flow wp-block-group-is-layout-flow\">\n<figure class=\"wp-block-image size-full is-resized\"><a href=\"https:\/\/www.adehon.org\/es\/wp-content\/uploads\/2024\/11\/educacion-1.png\"><img loading=\"lazy\" decoding=\"async\" width=\"566\" height=\"47\" src=\"https:\/\/www.adehon.org\/es\/wp-content\/uploads\/2024\/11\/educacion-1.png\" alt=\"\" class=\"wp-image-4439\" style=\"width:1009px;height:auto\" srcset=\"https:\/\/www.adehon.org\/es\/wp-content\/uploads\/2024\/11\/educacion-1.png 566w, https:\/\/www.adehon.org\/es\/wp-content\/uploads\/2024\/11\/educacion-1-300x25.png 300w\" sizes=\"auto, (max-width: 566px) 100vw, 566px\" \/><\/a><\/figure>\n<\/div><\/div>\n\n\n\n<div class=\"wp-block-cover aligncenter is-light has-custom-content-position is-position-bottom-center\"><span aria-hidden=\"true\" class=\"wp-block-cover__background has-white-background-color has-background-dim-70 has-background-dim\"><\/span><img loading=\"lazy\" decoding=\"async\" width=\"1920\" height=\"1280\" class=\"wp-block-cover__image-background wp-image-4136\" alt=\"\" src=\"https:\/\/www.adehon.org\/es\/wp-content\/uploads\/2023\/02\/keyboard-g2272ab715_1920.jpg\" style=\"object-position:49% 100%\" data-object-fit=\"cover\" data-object-position=\"49% 100%\" srcset=\"https:\/\/www.adehon.org\/es\/wp-content\/uploads\/2023\/02\/keyboard-g2272ab715_1920.jpg 1920w, https:\/\/www.adehon.org\/es\/wp-content\/uploads\/2023\/02\/keyboard-g2272ab715_1920-300x200.jpg 300w, https:\/\/www.adehon.org\/es\/wp-content\/uploads\/2023\/02\/keyboard-g2272ab715_1920-1024x683.jpg 1024w, https:\/\/www.adehon.org\/es\/wp-content\/uploads\/2023\/02\/keyboard-g2272ab715_1920-768x512.jpg 768w, https:\/\/www.adehon.org\/es\/wp-content\/uploads\/2023\/02\/keyboard-g2272ab715_1920-1536x1024.jpg 1536w\" sizes=\"auto, (max-width: 1920px) 100vw, 1920px\" \/><div class=\"wp-block-cover__inner-container is-layout-flow wp-block-cover-is-layout-flow\">\n<div class=\"wp-block-group\"><div class=\"wp-block-group__inner-container is-layout-flow wp-block-group-is-layout-flow\">\n<div class=\"wp-block-group\"><div class=\"wp-block-group__inner-container is-layout-constrained wp-block-group-is-layout-constrained\">\n<p class=\"has-text-align-left has-x-large-font-size\"><strong>CURSOS GRATUITOS DESEMPLEADOS\/AS <\/strong><\/p>\n\n\n\n<p class=\"has-text-align-left has-x-large-font-size\"><strong>LABORA 2024<\/strong><\/p>\n<\/div><\/div>\n<\/div><\/div>\n<\/div><\/div>\n\n\n\n<p class=\"has-text-align-left has-medium-font-size\" style=\"font-style:normal;font-weight:400;letter-spacing:0px\">RESOLUCI\u00d3N Orden EFP\/624\/2023, de 8 de junio, por la que se procede a la convocatoria de ayudas para el a\u00f1o 2023 y se modifica la Orden EFP\/217\/2022, de 17 de marzo, por la que se establecen las bases reguladoras de la l\u00ednea de ayudas para la formaci\u00f3n de cualificaci\u00f3n y recualificaci\u00f3n de la poblaci\u00f3n activa, vinculada prioritariamente a cualificaciones profesionales en sectores estrat\u00e9gicos y mejora de las capacidades para la transici\u00f3n ecol\u00f3gica, destinada a empresas, asociaciones empresariales y entidades sin \u00e1nimo de lucro y se procede a la convocatoria del a\u00f1o 2023, en el marco del Plan de Recuperaci\u00f3n, Transformaci\u00f3n y Resiliencia.<\/p>\n\n\n\n<p class=\"has-medium-font-size\"><strong>Requisitos del alumnado:<\/strong><\/p>\n\n\n\n<p class=\"has-medium-font-size\">a) Personas desempleadas y en el caso de ser hombre debe ser desempleado durante 12 o m\u00e1s meses de manera ininterrumpida.<\/p>\n\n\n\n<p class=\"has-medium-font-size\">b) Personas trabajadoras: mayores de 50,  menores de 25 a\u00f1os,  con discapacidad superior al 33%, de baja cualificaci\u00f3n (grupo 7, 8, 9 y 10) o sin estudios acreditados.<\/p>\n\n\n\n<p class=\"has-medium-font-size\">c) Mujeres v\u00edctimas de violencia de g\u00e9nero<\/p>\n\n\n\n<hr class=\"wp-block-separator has-css-opacity\"\/>\n\n\n\n<h2 class=\"wp-block-heading has-text-align-center has-black-color has-text-color has-background\" style=\"background-color:#7db901\">CURSOS PRESENCIALES<\/h2>\n\n\n\n<div class=\"wp-block-group\"><div class=\"wp-block-group__inner-container is-layout-constrained wp-block-group-is-layout-constrained\">\n<div class=\"wp-block-group\"><div class=\"wp-block-group__inner-container is-layout-constrained wp-block-group-is-layout-constrained\">\n<div class=\"wp-block-columns is-layout-flex wp-container-core-columns-is-layout-2 wp-block-columns-is-layout-flex\">\n<div class=\"wp-block-column is-layout-flow wp-block-column-is-layout-flow\" style=\"flex-basis:100%\">\n<div class=\"wp-block-group\"><div class=\"wp-block-group__inner-container is-layout-flow wp-block-group-is-layout-flow\">\n<div class=\"wp-block-columns is-layout-flex wp-container-core-columns-is-layout-1 wp-block-columns-is-layout-flex\">\n<div class=\"wp-block-column is-layout-flow wp-block-column-is-layout-flow\">\n<h5 class=\"wp-block-heading has-black-color has-text-color has-background has-small-font-size\" style=\"background-color:#7db901;letter-spacing:0px\">FUNDAMENTOS DE WEB 2.0 Y REDES SOCIALES<\/h5>\n\n\n<div class=\"lightweight-accordion\"><details><summary class=\"lightweight-accordion-title\"><span>Datos b\u00e1sicos<\/span><\/summary><div class=\"lightweight-accordion-body\">\n\n<p><strong>Plazo de matriculaci\u00f3n:<\/strong>&nbsp;ABIERTO<\/p>\n\n\n\n<p><strong>Fechas:<\/strong> <mark style=\"background-color:#7db901\" class=\"has-inline-color has-black-color\">Septiembre<\/mark><\/p>\n\n\n\n<p><strong>Modalidad:<\/strong>\u00a0Presencial<\/p>\n\n\n\n<p><strong>Duraci\u00f3n:<\/strong>&nbsp;60 horas<\/p>\n\n\n\n<p><strong>Precio:<\/strong>&nbsp;Gratuito<\/p>\n\n<\/div><\/details><\/div>\n\n<div class=\"lightweight-accordion\"><details><summary class=\"lightweight-accordion-title\"><span>Objetivos<\/span><\/summary><div class=\"lightweight-accordion-body\">\n\n<p>Adquirir conocimientos sobre el concepto de web 2.0 as\u00ed como otros t\u00e9rminos asociados a este y reconocer las aplicaciones que pueden darse en la empresa.<\/p>\n\n<\/div><\/details><\/div>\n\n<div class=\"lightweight-accordion\"><details><summary class=\"lightweight-accordion-title\"><span>Contenidos<\/span><\/summary><div class=\"lightweight-accordion-body\">\n\n<ol class=\"wp-block-list\">\n<li>Definici\u00f3n de web 2.0\n<ul class=\"wp-block-list\">\n<li><span style=\"color: initial;\">Breve historia de Internet<\/span><\/li>\n\n\n\n<li><span style=\"color: initial;\">De la web 1.0 a la web 2.0<\/span><\/li>\n<\/ul>\n<\/li>\n\n\n\n<li>Servicios asociados\n<ul class=\"wp-block-list\">\n<li><span style=\"color: initial;\">Blogs<\/span><\/li>\n\n\n\n<li><span style=\"color: initial;\">WikisRedes sociales<\/span><\/li>\n\n\n\n<li>Recursos disponibles<\/li>\n<\/ul>\n<\/li>\n\n\n\n<li>Consecuencias de la web 2.0\n<ul class=\"wp-block-list\">\n<li>Necesidad en la empresa<\/li>\n<\/ul>\n<\/li>\n\n\n\n<li>Evoluci\u00f3n a la web 3.0\n<ul class=\"wp-block-list\">\n<li><span style=\"color: initial;\">La l\u00ednea fina entre la web 3.0 y la web 4.0<\/span><\/li>\n<\/ul>\n<\/li>\n<\/ol>\n\n<\/div><\/details><\/div>\n\n\n<div class=\"wp-block-buttons is-layout-flex wp-block-buttons-is-layout-flex\">\n<div class=\"wp-block-button\"><a class=\"wp-block-button__link has-black-color has-text-color has-background wp-element-button\" href=\"https:\/\/forms.gle\/RtJej6vXuSEuzrxa8\" style=\"background-color:#7db901\" target=\"_blank\" rel=\"noreferrer noopener\"><strong>Pre-inscripci\u00f3n<\/strong><\/a><\/div>\n<\/div>\n<\/div>\n\n\n\n<div class=\"wp-block-column is-layout-flow wp-block-column-is-layout-flow\">\n<h5 class=\"wp-block-heading has-text-align-left has-black-color has-text-color has-background has-small-font-size\" style=\"background-color:#7db901\">GOOGLE Y SUS APLICACIONES<\/h5>\n\n\n<div class=\"lightweight-accordion\"><details><summary class=\"lightweight-accordion-title\"><span>Datos b\u00e1sicos<\/span><\/summary><div class=\"lightweight-accordion-body\">\n\n<p><strong>Plazo de matriculaci\u00f3n:<\/strong>&nbsp;ABIERTO<\/p>\n\n\n\n<p><strong>Fechas:<\/strong> <mark style=\"background-color:#7db901\" class=\"has-inline-color has-black-color\">Septiembre<\/mark><\/p>\n\n\n\n<p><strong>Modalidad:<\/strong>\u00a0Presencial<\/p>\n\n\n\n<p><strong>Duraci\u00f3n:<\/strong>&nbsp;60 horas<\/p>\n\n\n\n<p><strong>Precio:<\/strong>&nbsp;Gratuito<\/p>\n\n<\/div><\/details><\/div>\n\n<div class=\"lightweight-accordion\"><details><summary class=\"lightweight-accordion-title\"><span>Objetivos<\/span><\/summary><div class=\"lightweight-accordion-body\">\n\n<p>Manejar las aplicaciones b\u00e1sicas que proporciona Google. Definir la comunicaci\u00f3n en internet. Presentar las aplicaciones de Google que permiten gestionar las comunicaciones. Descubrir el funcionamiento del correo electr\u00f3nico de Google. Configurar la apariencia b\u00e1sica de Gmail Configurar la cuenta de Gmail para evitar virus y spam. Descubrir las opciones de Google para gestionar los contactos. Gestionar los correos electr\u00f3nicos en la bandeja de entrada de Gmail.<\/p>\n\n<\/div><\/details><\/div>\n\n<div class=\"lightweight-accordion\"><details><summary class=\"lightweight-accordion-title\"><span>Contenidos<\/span><\/summary><div class=\"lightweight-accordion-body\">\n\n<ol style=\"list-style-type:1\" class=\"wp-block-list\">\n<li>La comunicaci\u00f3n en internet<\/li>\n\n\n\n<li>Aplicaciones para la gesti\u00f3n de las comunicaciones con Google<\/li>\n\n\n\n<li>Gmail: el correo electr\u00f3nico de Google<\/li>\n\n\n\n<li>Configuraci\u00f3n general bandeja de entrada, perfiles y propiedades<\/li>\n\n\n\n<li>Control y configuraci\u00f3n para evitar spam, virus, etc.<\/li>\n\n\n\n<li>Gesti\u00f3n de la agenda y contactos<\/li>\n\n\n\n<li>M\u00e9todos de filtrado, contestaci\u00f3n, archivo o eliminaci\u00f3n<\/li>\n\n\n\n<li>M\u00e9todos de organizaci\u00f3n eficaz<\/li>\n\n\n\n<li>Gesti\u00f3n eficaz del correo electr\u00f3nico de uso profesional<\/li>\n\n\n\n<li>Estrategias de gesti\u00f3n adecuados de comunicaciones por email<\/li>\n\n\n\n<li>Otras aplicaciones de Google para gestionar las comunicaciones<\/li>\n<\/ol>\n\n<\/div><\/details><\/div>\n\n\n<div class=\"wp-block-buttons is-layout-flex wp-block-buttons-is-layout-flex\">\n<div class=\"wp-block-button\"><a class=\"wp-block-button__link has-black-color has-text-color has-background wp-element-button\" href=\"https:\/\/forms.gle\/RtJej6vXuSEuzrxa8\" style=\"background-color:#7db901\" target=\"_blank\" rel=\"noreferrer noopener\"><strong>Pre-inscripci\u00f3n<\/strong><\/a><\/div>\n<\/div>\n<\/div>\n<\/div>\n<\/div><\/div>\n<\/div>\n<\/div>\n<\/div><\/div>\n<\/div><\/div>\n\n\n\n<div class=\"wp-block-group\"><div class=\"wp-block-group__inner-container is-layout-flow wp-block-group-is-layout-flow\">\n<div class=\"wp-block-columns is-layout-flex wp-container-core-columns-is-layout-3 wp-block-columns-is-layout-flex\">\n<div class=\"wp-block-column is-layout-flow wp-block-column-is-layout-flow\">\n<h5 class=\"wp-block-heading has-text-align-left has-black-color has-text-color has-background has-small-font-size\" style=\"background-color:#7db901;letter-spacing:-0.2px\">MANIPULADOR DE ALIMENTOS<\/h5>\n\n\n<div class=\"lightweight-accordion\"><details><summary class=\"lightweight-accordion-title\"><span>Datos b\u00e1sicos<\/span><\/summary><div class=\"lightweight-accordion-body\">\n\n<p><strong>Plazo de matriculaci\u00f3n:<\/strong>&nbsp;ABIERTO<\/p>\n\n\n\n<p><strong>Fechas:<\/strong> <mark style=\"background-color:#7fbe21\" class=\"has-inline-color has-black-color\">Septiembre<\/mark><\/p>\n\n\n\n<p><strong>Modalidad:<\/strong>\u00a0Presencial<\/p>\n\n\n\n<p><strong>Duraci\u00f3n:<\/strong>&nbsp;60 horas<\/p>\n\n\n\n<p><strong>Precio:<\/strong>&nbsp;Gratuito<\/p>\n\n<\/div><\/details><\/div>\n\n<div class=\"lightweight-accordion\"><details><summary class=\"lightweight-accordion-title\"><span>Objetivos<\/span><\/summary><div class=\"lightweight-accordion-body\">\n\n<p>Adquirir los conocimientos, destrezas y actitudes necesarias para aplicar en su puesto de trabajo un correcto comportamiento y las t\u00e9cnicas adecuadas de higiene y sanidad alimentaria en manipulaci\u00f3n de alimentos, para impedir su contaminaci\u00f3n y prevenir posibles alteraciones alimentarias.<\/p>\n\n<\/div><\/details><\/div>\n\n<div class=\"lightweight-accordion\"><details><summary class=\"lightweight-accordion-title\"><span>Contenidos<\/span><\/summary><div class=\"lightweight-accordion-body\">\n\n<ol class=\"wp-block-list\">\n<li>Calidad alimentaria<\/li>\n\n\n\n<li>Alteraciones de los alimentos<\/li>\n\n\n\n<li>Manipulaci\u00f3n higi\u00e9nica de los alimentos<\/li>\n\n\n\n<li>Locales e instalaciones<\/li>\n\n\n\n<li>Higiene personal, estado de salud y prevenci\u00f3n de enfermedades transmisibles<\/li>\n\n\n\n<li>Informaci\u00f3n de productos alimenticios<\/li>\n\n\n\n<li>Conservaci\u00f3n de los alimentos<\/li>\n\n\n\n<li>Plan de An\u00e1lisis de Peligros y Puntos de Control Cr\u00edticos<\/li>\n\n\n\n<li>Gu\u00eda de pr\u00e1cticas correctas de higiene<\/li>\n\n\n\n<li>Legislaci\u00f3n aplicable<\/li>\n<\/ol>\n\n<\/div><\/details><\/div>\n\n\n<div class=\"wp-block-buttons is-layout-flex wp-block-buttons-is-layout-flex\">\n<div class=\"wp-block-button is-style-fill\"><a class=\"wp-block-button__link has-black-color has-text-color has-background wp-element-button\" href=\"https:\/\/forms.gle\/RtJej6vXuSEuzrxa8\" style=\"background-color:#7db901\" target=\"_blank\" rel=\"noreferrer noopener\"><strong>Pre-inscripci\u00f3n<\/strong><\/a><\/div>\n<\/div>\n\n\n\n<div class=\"wp-block-buttons is-horizontal is-content-justification-left is-layout-flex wp-container-core-buttons-is-layout-4 wp-block-buttons-is-layout-flex\"><\/div>\n<\/div>\n\n\n\n<div class=\"wp-block-column is-layout-flow wp-block-column-is-layout-flow\">\n<h5 class=\"wp-block-heading has-text-align-left has-black-color has-text-color has-background has-small-font-size\" style=\"background-color:#7db901;letter-spacing:-0.2px\">MONITOR\/A DE ACTIVIDADES EXTRAESCOLARES<\/h5>\n\n\n<div class=\"lightweight-accordion\"><details><summary class=\"lightweight-accordion-title\"><span>Datos b\u00e1sicos<\/span><\/summary><div class=\"lightweight-accordion-body\">\n\n<p><strong>Plazo de matriculaci\u00f3n:<\/strong>&nbsp;ABIERTO<\/p>\n\n\n\n<p><strong>Fechas:<\/strong> <mark style=\"background-color:#7db901\" class=\"has-inline-color has-black-color\">Septiembre<\/mark><\/p>\n\n\n\n<p><strong>Modalidad:<\/strong>&nbsp;Online<\/p>\n\n\n\n<p><strong>Duraci\u00f3n:<\/strong>&nbsp;60 horas<\/p>\n\n\n\n<p><strong>Precio:<\/strong>&nbsp;Gratuito<\/p>\n\n<\/div><\/details><\/div>\n\n<div class=\"lightweight-accordion\"><details><summary class=\"lightweight-accordion-title\"><span>Objetivos<\/span><\/summary><div class=\"lightweight-accordion-body\">\n\n<p>Entender el origen del proceso educativo humano y ubicar al monitor de actividades extraescolares en el mismo, otorg\u00e1ndoles el lugar significativo que tiene en la adquisici\u00f3n de h\u00e1bitos, conceptos, procedimientos y actitudes que favorecen el desarrollo integran de los ni\u00f1os\/as atendiendo a las caracter\u00edsticas evolutivas de cada ni\u00f1o\/a de manera individual y del grupo en global, para poder realizar proyectos de intervenci\u00f3n favorecedores y motivantes<\/p>\n\n<\/div><\/details><\/div>\n\n<div class=\"lightweight-accordion\"><details><summary class=\"lightweight-accordion-title\"><span>Contenidos<\/span><\/summary><div class=\"lightweight-accordion-body\">\n\n<ol class=\"wp-block-list\">\n<li>El monitor extraescolar. Conceptualizaci\u00f3n<\/li>\n\n\n\n<li>Actividades y talleres para ni\u00f1os y ni\u00f1as<\/li>\n\n\n\n<li>Diferentes lenguajes y t\u00e9cnicas art\u00edsticas<\/li>\n\n\n\n<li>El teatro y el juego dram\u00e1tico<\/li>\n\n\n\n<li>Taller de manualidades<\/li>\n\n\n\n<li>Taller musical: danza<\/li>\n\n\n\n<li>Actividades de lectura y nuevas tecnolog\u00edas<\/li>\n\n\n\n<li>Bibliograf\u00eda<\/li>\n<\/ol>\n\n<\/div><\/details><\/div>\n\n\n<div class=\"wp-block-buttons is-layout-flex wp-block-buttons-is-layout-flex\">\n<div class=\"wp-block-button is-style-fill\"><a class=\"wp-block-button__link has-black-color has-text-color has-background wp-element-button\" href=\"https:\/\/forms.gle\/RtJej6vXuSEuzrxa8\" style=\"background-color:#7db901\" target=\"_blank\" rel=\"noreferrer noopener\"><strong>Pre-inscripci\u00f3n<\/strong><\/a><\/div>\n<\/div>\n\n\n\n<div class=\"wp-block-buttons is-horizontal is-content-justification-left is-layout-flex wp-container-core-buttons-is-layout-6 wp-block-buttons-is-layout-flex\"><\/div>\n<\/div>\n<\/div>\n<\/div><\/div>\n\n\n\n<div class=\"wp-block-group\"><div class=\"wp-block-group__inner-container is-layout-flow wp-block-group-is-layout-flow\"><\/div><\/div>\n\n\n\n<div class=\"wp-block-group\"><div class=\"wp-block-group__inner-container is-layout-flow wp-block-group-is-layout-flow\">\n<div class=\"wp-block-columns is-layout-flex wp-container-core-columns-is-layout-4 wp-block-columns-is-layout-flex\"><\/div>\n<\/div><\/div>\n","protected":false},"excerpt":{"rendered":"<p>RESOLUCI\u00d3N Orden EFP\/624\/2023, de 8 de junio, por la que se procede a la convocatoria de ayudas para el a\u00f1o 2023 y se modifica la Orden EFP\/217\/2022, de 17 de marzo, por la que se establecen las bases reguladoras de la l\u00ednea de ayudas para la formaci\u00f3n de cualificaci\u00f3n y recualificaci\u00f3n de la poblaci\u00f3n activa, vinculada prioritariamente a cualificaciones profesionales en sectores estrat\u00e9gicos y mejora de las capacidades para la transici\u00f3n ecol\u00f3gica, destinada a empresas, asociaciones empresariales y entidades sin \u00e1nimo de lucro y se procede a la convocatoria del a\u00f1o 2023, en el marco del Plan de Recuperaci\u00f3n, Transformaci\u00f3n y Resiliencia. Requisitos del alumnado: a) Personas desempleadas y en el caso de ser hombre debe ser desempleado durante 12 o m\u00e1s meses de manera ininterrumpida. b) Personas trabajadoras: mayores de 50, menores de 25 a\u00f1os, con discapacidad superior al 33%, de baja cualificaci\u00f3n (grupo 7, 8, 9 y 10) o sin estudios acreditados. c) Mujeres v\u00edctimas de violencia de&nbsp;<a href=\"https:\/\/www.adehon.org\/es\/programa-de-formacion-no-formal-de-cualificacion-y-recualificacion-labora-2024\/\" class=\"read-more\">Continuar Leyendo<\/a><\/p>\n","protected":false},"author":1,"featured_media":0,"parent":0,"menu_order":0,"comment_status":"closed","ping_status":"closed","template":"page-fullwidth.php","meta":{"footnotes":""},"class_list":["post-4243","page","type-page","status-publish","hentry"],"_links":{"self":[{"href":"https:\/\/www.adehon.org\/es\/wp-json\/wp\/v2\/pages\/4243","targetHints":{"allow":["GET"]}}],"collection":[{"href":"https:\/\/www.adehon.org\/es\/wp-json\/wp\/v2\/pages"}],"about":[{"href":"https:\/\/www.adehon.org\/es\/wp-json\/wp\/v2\/types\/page"}],"author":[{"embeddable":true,"href":"https:\/\/www.adehon.org\/es\/wp-json\/wp\/v2\/users\/1"}],"replies":[{"embeddable":true,"href":"https:\/\/www.adehon.org\/es\/wp-json\/wp\/v2\/comments?post=4243"}],"version-history":[{"count":10,"href":"https:\/\/www.adehon.org\/es\/wp-json\/wp\/v2\/pages\/4243\/revisions"}],"predecessor-version":[{"id":4440,"href":"https:\/\/www.adehon.org\/es\/wp-json\/wp\/v2\/pages\/4243\/revisions\/4440"}],"wp:attachment":[{"href":"https:\/\/www.adehon.org\/es\/wp-json\/wp\/v2\/media?parent=4243"}],"curies":[{"name":"wp","href":"https:\/\/api.w.org\/{rel}","templated":true}]}}