{"id":4361,"date":"2024-07-17T19:07:57","date_gmt":"2024-07-17T19:07:57","guid":{"rendered":"https:\/\/www.adehon.org\/es\/?page_id=4361"},"modified":"2026-03-16T14:33:35","modified_gmt":"2026-03-16T14:33:35","slug":"curso-1-2","status":"publish","type":"page","link":"https:\/\/www.adehon.org\/es\/curso-1-2\/","title":{"rendered":"PACK 1- 2 INICIACI\u00d3N EN COMPETENCIAS DIGITALES B\u00c1SICAS PARA EL EMPRENDIMIENTO"},"content":{"rendered":"\n<figure class=\"wp-block-image size-large is-resized\"><a href=\"https:\/\/www.adehon.org\/es\/wp-content\/uploads\/2024\/07\/pastilla-logos-mrr-color_CAS.png\"><img loading=\"lazy\" decoding=\"async\" width=\"1024\" height=\"193\" src=\"https:\/\/www.adehon.org\/es\/wp-content\/uploads\/2024\/07\/pastilla-logos-mrr-color_CAS-1024x193.png\" alt=\"\" class=\"wp-image-4283\" style=\"width:840px;height:auto\" srcset=\"https:\/\/www.adehon.org\/es\/wp-content\/uploads\/2024\/07\/pastilla-logos-mrr-color_CAS-1024x193.png 1024w, https:\/\/www.adehon.org\/es\/wp-content\/uploads\/2024\/07\/pastilla-logos-mrr-color_CAS-300x56.png 300w, https:\/\/www.adehon.org\/es\/wp-content\/uploads\/2024\/07\/pastilla-logos-mrr-color_CAS-768x144.png 768w, https:\/\/www.adehon.org\/es\/wp-content\/uploads\/2024\/07\/pastilla-logos-mrr-color_CAS-1536x289.png 1536w, https:\/\/www.adehon.org\/es\/wp-content\/uploads\/2024\/07\/pastilla-logos-mrr-color_CAS-2048x385.png 2048w\" sizes=\"auto, (max-width: 1024px) 100vw, 1024px\" \/><\/a><\/figure>\n\n\n\n<h2 class=\"wp-block-heading\"><strong>CURSOS GRATUITOS<\/strong>&nbsp;<strong>COMPETENCIAS DIGITALES<\/strong> <strong> \u2013 LABORA 202<\/strong>5<\/h2>\n\n\n<h2>INICIACI\u00d3N EN COMPETENCIAS DIGITALES B\u00c1SICAS PARA EL EMPRENDIMIENTO<\/h2>\n<h2><span style=\"color: revert; font-size: revert; font-weight: revert;\">40 horas<\/span><\/h2>\n<div class=\"container\">\n<div class=\"course-details\">\n<div class=\"course-info\">\n<p><span style=\"color: #000000; font-size: 18px;\"><div class=\"su-tabs su-tabs-style-default su-tabs-mobile-stack\" data-active=\"1\" data-scroll-offset=\"0\" data-anchor-in-url=\"no\"><div class=\"su-tabs-nav\"><span class=\"\" data-url=\"\" data-target=\"blank\" tabindex=\"0\" role=\"button\">DESCRIPCI\u00d3N<\/span><span class=\"\" data-url=\"\" data-target=\"blank\" tabindex=\"0\" role=\"button\">REQUISITOS DE ACCESO<\/span><span class=\"\" data-url=\"\" data-target=\"blank\" tabindex=\"0\" role=\"button\">INSCRIPCI\u00d3N<\/span><\/div><div class=\"su-tabs-panes\"><div class=\"su-tabs-pane su-u-clearfix su-u-trim\" data-title=\"DESCRIPCI\u00d3N\"><\/span><\/p>\n<h2><span style=\"color: revert; font-size: revert; font-weight: revert;\"><a href=\"http:\/\/www.adehon.org\/es\/wp-content\/uploads\/2024\/07\/1.2.jpg\"><img loading=\"lazy\" decoding=\"async\" class=\"alignnone wp-image-4276 size-medium\" src=\"http:\/\/www.adehon.org\/es\/wp-content\/uploads\/2024\/07\/1.2-300x300.jpg\" alt=\"\" width=\"300\" height=\"300\" srcset=\"https:\/\/www.adehon.org\/es\/wp-content\/uploads\/2024\/07\/1.2-300x300.jpg 300w, https:\/\/www.adehon.org\/es\/wp-content\/uploads\/2024\/07\/1.2-150x150.jpg 150w, https:\/\/www.adehon.org\/es\/wp-content\/uploads\/2024\/07\/1.2-768x770.jpg 768w, https:\/\/www.adehon.org\/es\/wp-content\/uploads\/2024\/07\/1.2.jpg 826w\" sizes=\"auto, (max-width: 300px) 100vw, 300px\" \/><\/a><\/span><\/h2>\n<p><span style=\"color: #000000; font-size: 18px;\">En este curso gratuito adquiriremos competencias b\u00e1sicas que permitan aprovechar las posibilidades asociadas a las tecnolog\u00edas digitales, con \u00e9nfasis en la reducci\u00f3n de la brecha de g\u00e9nero y en la capacitaci\u00f3n digital de mujeres en el \u00e1mbito rural, para el emprendimiento, el acceso a la informaci\u00f3n, el procesamiento y uso para la comunicaci\u00f3n, la creaci\u00f3n de contenidos, la seguridad y la resoluci\u00f3n de problemas.<\/span><\/p>\n<ul>\n<li><span style=\"color: #000000;\"><strong>Plazo de matriculaci\u00f3n:<\/strong> ABIERTO<\/span><\/li>\n<li><span style=\"color: #000000;\"><strong>Fechas:<\/strong> Marzo 2025<\/span><\/li>\n<li><span style=\"color: #000000;\"><strong>Modalidad:<\/strong> Presencial<\/span><\/li>\n<li><span style=\"color: #000000;\"><strong>Precio:<\/strong> Gratuito<\/span><\/li>\n<\/ul>\n<p><span style=\"color: #000000;\"><\/div>\n<div class=\"su-tabs-pane su-u-clearfix su-u-trim\" data-title=\"REQUISITOS DE ACCESO\"><\/span><\/p>\n<p>a) Estar en situaci\u00f3n de desempleo y figurar como demandante de empleo en LABORA.<\/p>\n<p>b) Ser trabajadora y figurar como mejora de empleo en LABORA.<\/p>\n<p>c) Residir en una poblaci\u00f3n de la Comunitat Valenciana.<\/p>\n<p>d) Si est\u00e1 inscrita en alg\u00fan programa de empleo, no superar las 40h lectivas semanales.<\/p>\n<p>e) Tener nociones b\u00e1sicas de ofim\u00e1tica y manejar un ordenador.<\/p>\n<p><span style=\"color: #000000;\"><\/div>\n<div class=\"su-tabs-pane su-u-clearfix su-u-trim\" data-title=\"INSCRIPCI\u00d3N\"><\/span><\/p>\n<p><a href=\"https:\/\/forms.office.com\/e\/ZzTTHF8jkK\">INSCR\u00cdBETE AQU\u00cd<\/a><\/p>\n<p><span style=\"color: #000000;\"><\/div><\/div><\/div><\/span><\/p>\n<\/div>\n<\/div>\n<\/div>\n\n\n<p><\/p>\n","protected":false},"excerpt":{"rendered":"<p>CURSOS GRATUITOS&nbsp;COMPETENCIAS DIGITALES \u2013 LABORA 2025 INICIACI\u00d3N EN COMPETENCIAS DIGITALES B\u00c1SICAS PARA EL EMPRENDIMIENTO 40 horas<\/p>\n","protected":false},"author":1,"featured_media":0,"parent":0,"menu_order":0,"comment_status":"closed","ping_status":"closed","template":"page-fullwidth.php","meta":{"footnotes":""},"class_list":["post-4361","page","type-page","status-publish","hentry"],"_links":{"self":[{"href":"https:\/\/www.adehon.org\/es\/wp-json\/wp\/v2\/pages\/4361","targetHints":{"allow":["GET"]}}],"collection":[{"href":"https:\/\/www.adehon.org\/es\/wp-json\/wp\/v2\/pages"}],"about":[{"href":"https:\/\/www.adehon.org\/es\/wp-json\/wp\/v2\/types\/page"}],"author":[{"embeddable":true,"href":"https:\/\/www.adehon.org\/es\/wp-json\/wp\/v2\/users\/1"}],"replies":[{"embeddable":true,"href":"https:\/\/www.adehon.org\/es\/wp-json\/wp\/v2\/comments?post=4361"}],"version-history":[{"count":36,"href":"https:\/\/www.adehon.org\/es\/wp-json\/wp\/v2\/pages\/4361\/revisions"}],"predecessor-version":[{"id":5059,"href":"https:\/\/www.adehon.org\/es\/wp-json\/wp\/v2\/pages\/4361\/revisions\/5059"}],"wp:attachment":[{"href":"https:\/\/www.adehon.org\/es\/wp-json\/wp\/v2\/media?parent=4361"}],"curies":[{"name":"wp","href":"https:\/\/api.w.org\/{rel}","templated":true}]}}