{"id":4557,"date":"2024-11-11T15:34:44","date_gmt":"2024-11-11T15:34:44","guid":{"rendered":"https:\/\/www.adehon.org\/es\/?page_id=4557"},"modified":"2024-11-14T09:18:50","modified_gmt":"2024-11-14T09:18:50","slug":"programa-de-formacion-no-formal-de-cualificacion-y-recualificacion-labora-2024-2","status":"publish","type":"page","link":"https:\/\/www.adehon.org\/es\/programa-de-formacion-no-formal-de-cualificacion-y-recualificacion-labora-2024-2\/","title":{"rendered":"PROGRAMA DE FORMACI\u00d3N NO FORMAL DE CUALIFICACI\u00d3N Y RECUALIFICACI\u00d3N &#8211; LABORA 2024"},"content":{"rendered":"\n<p class=\"has-text-align-center has-larger-font-size\"><\/p>\n\n\n\n<figure class=\"wp-block-image size-full is-resized\"><img decoding=\"async\" src=\"https:\/\/isummit.es\/wp-content\/uploads\/2024\/07\/pastilla-logos-mrr-color_CAS.png\" alt=\"\" class=\"wp-image-835\" style=\"width:1112px;height:auto\"\/><\/figure>\n\n\n\n<div class=\"wp-block-cover aligncenter is-light has-custom-content-position is-position-bottom-center\"><span aria-hidden=\"true\" class=\"wp-block-cover__background has-white-background-color has-background-dim-70 has-background-dim\"><\/span><img decoding=\"async\" class=\"wp-block-cover__image-background wp-image-480\" alt=\"\" src=\"https:\/\/isummit.es\/wp-content\/uploads\/2023\/11\/macbook-407126_1280.jpg\" data-object-fit=\"cover\"\/><div class=\"wp-block-cover__inner-container is-layout-flow wp-block-cover-is-layout-flow\">\n<p class=\"has-text-align-left has-x-large-font-size\"><strong>CURSOS GRATUITOS <\/strong><\/p>\n\n\n\n<p class=\"has-text-align-left has-x-large-font-size\"><strong>DESEMPLEADOS\/AS <\/strong><\/p>\n\n\n\n<div class=\"wp-block-group\"><div class=\"wp-block-group__inner-container is-layout-flow wp-block-group-is-layout-flow\">\n<div class=\"wp-block-group\"><div class=\"wp-block-group__inner-container is-layout-constrained wp-block-group-is-layout-constrained\">\n<p class=\"has-text-align-left has-x-large-font-size\"><strong>LABORA 2024<\/strong><\/p>\n<\/div><\/div>\n<\/div><\/div>\n<\/div><\/div>\n\n\n\n<p class=\"has-text-align-left has-medium-font-size\" style=\"font-style:normal;font-weight:400;letter-spacing:0px\">RESOLUCI\u00d3N de 4 de diciembre de 2023, del conseller de Econom\u00eda Sostenible, Sectores Productivos, Comercio y Trabajo, por la que se aprueban las bases reguladoras y se convocan subvenciones para el ejercicio 2023, destinadas al desarrollo de acciones para la formaci\u00f3n no formal de cualificaci\u00f3n y recualificaci\u00f3n de la poblaci\u00f3n activa vinculada prioritariamente a las cualificaciones profesionales en sectores estrat\u00e9gicos y mejora de las capacidades para la transici\u00f3n ecol\u00f3gica en el marco del Plan de Recuperaci\u00f3n, Transformaci\u00f3n y Resiliencia.<\/p>\n\n\n\n<p class=\"has-medium-font-size\"><strong>Requisitos del alumnado:<\/strong><\/p>\n\n\n\n<p class=\"has-medium-font-size\">a) Personas desempleadas y en el caso de ser hombre debe ser desempleado durante 12 o m\u00e1s meses de manera ininterrumpida.<\/p>\n\n\n\n<hr class=\"wp-block-separator has-css-opacity\"\/>\n\n\n\n<h2 class=\"wp-block-heading has-text-align-center has-black-color has-text-color has-background\" style=\"background-color:#7db901\"><mark style=\"background-color:rgba(0, 0, 0, 0)\" class=\"has-inline-color has-black-color\">CURSOS ONLINE<\/mark><\/h2>\n\n\n\n<div class=\"wp-block-group\"><div class=\"wp-block-group__inner-container is-layout-constrained wp-block-group-is-layout-constrained\">\n<div class=\"wp-block-group\"><div class=\"wp-block-group__inner-container is-layout-constrained wp-block-group-is-layout-constrained\">\n<div class=\"wp-block-columns is-layout-flex wp-container-core-columns-is-layout-2 wp-block-columns-is-layout-flex\">\n<div class=\"wp-block-column is-layout-flow wp-block-column-is-layout-flow\" style=\"flex-basis:100%\">\n<div class=\"wp-block-group\"><div class=\"wp-block-group__inner-container is-layout-flow wp-block-group-is-layout-flow\">\n<div class=\"wp-block-columns is-layout-flex wp-container-core-columns-is-layout-1 wp-block-columns-is-layout-flex\">\n<div class=\"wp-block-column is-layout-flow wp-block-column-is-layout-flow\">\n<h5 class=\"wp-block-heading has-black-color has-text-color has-background has-link-color has-small-font-size wp-elements-0add560522078331322585b406d60095\" style=\"background-color:#7db901;letter-spacing:0px\"><mark style=\"background-color:rgba(0, 0, 0, 0)\" class=\"has-inline-color has-black-color\">UC2490_2 LOGRA EL \u00c9XITO DIGITAL CON LAS REDES SOCIALES<\/mark><\/h5>\n\n\n<div class=\"lightweight-accordion\"><details><summary class=\"lightweight-accordion-title\"><span>Datos b\u00e1sicos<\/span><\/summary><div class=\"lightweight-accordion-body\">\n\n<p><strong>Plazo de matriculaci\u00f3n:<\/strong>&nbsp;ABIERTO<\/p>\n\n\n\n<p><strong>Fechas:<\/strong> <mark style=\"background-color:#7db901\" class=\"has-inline-color\">Noviembre<\/mark><\/p>\n\n\n\n<p><strong>Modalidad:<\/strong>&nbsp;Online<\/p>\n\n\n\n<p><strong>Duraci\u00f3n:<\/strong>&nbsp;60 horas<\/p>\n\n\n\n<p><strong>Precio:<\/strong>&nbsp;Gratuito<\/p>\n\n<\/div><\/details><\/div>\n\n<div class=\"lightweight-accordion\"><details><summary class=\"lightweight-accordion-title\"><span>Objetivos<\/span><\/summary><div class=\"lightweight-accordion-body\">\n\n<p>Diferenciar las caracter\u00edsticas del entorno 2.0, la nueva comunicaci\u00f3n on-line y el impacto de las redes sociales y todas las posibilidades que nos ofrecen para proyectar la imagen\/marca a trav\u00e9s de la web social. Tambi\u00e9n gestionar la imagen de su empresa en internet a trav\u00e9s de las redes sociales y adecuar los contenidos para internet, en base alas necesidades de los usuarios. Finalmente establecer objetivos de comunicaci\u00f3n con redes sociales y elaborar un plan de comunicaci\u00f3n y su implementaci\u00f3n.<\/p>\n\n<\/div><\/details><\/div>\n\n<div class=\"lightweight-accordion\"><details><summary class=\"lightweight-accordion-title\"><span>Contenidos<\/span><\/summary><div class=\"lightweight-accordion-body\">\n\n<ol class=\"wp-block-list\">\n<li>El protocolo de la empresa<\/li>\n\n\n\n<li>Relaciones p\u00fablicas y marketing<\/li>\n\n\n\n<li>La figura del community manager<\/li>\n\n\n\n<li>Redes sociales y web 2.0<\/li>\n<\/ol>\n\n<\/div><\/details><\/div>\n\n\n<div class=\"wp-block-buttons is-layout-flex wp-block-buttons-is-layout-flex\">\n<div class=\"wp-block-button\"><a class=\"wp-block-button__link has-black-color has-text-color has-background wp-element-button\" href=\"https:\/\/forms.office.com\/e\/Pv8i700jzq\" style=\"background-color:#7db901\" target=\"_blank\" rel=\"noreferrer noopener\"><strong>Pre-inscripci\u00f3n<\/strong><\/a><\/div>\n<\/div>\n<\/div>\n\n\n\n<div class=\"wp-block-column is-layout-flow wp-block-column-is-layout-flow\">\n<h5 class=\"wp-block-heading has-text-align-left has-black-color has-text-color has-background has-small-font-size\" style=\"background-color:#7db901\"><mark style=\"background-color:rgba(0, 0, 0, 0)\" class=\"has-inline-color has-black-color\">FCOM01 MANIPULADOR DE ALIMENTOS<\/mark><\/h5>\n\n\n<div class=\"lightweight-accordion\"><details><summary class=\"lightweight-accordion-title\"><span>Datos b\u00e1sicos<\/span><\/summary><div class=\"lightweight-accordion-body\">\n\n<p><strong>Plazo de matriculaci\u00f3n:<\/strong>&nbsp;ABIERTO<\/p>\n\n\n\n<p><strong>Fechas:<\/strong> <mark style=\"background-color:#7db901\" class=\"has-inline-color has-black-color\">Noviembre<\/mark><\/p>\n\n\n\n<p><strong>Modalidad:<\/strong>&nbsp;Online<\/p>\n\n\n\n<p><strong>Duraci\u00f3n:<\/strong>&nbsp;60 horas<\/p>\n\n\n\n<p><strong>Precio:<\/strong>&nbsp;Gratuito<\/p>\n\n<\/div><\/details><\/div>\n\n<div class=\"lightweight-accordion\"><details><summary class=\"lightweight-accordion-title\"><span>Objetivos<\/span><\/summary><div class=\"lightweight-accordion-body\">\n\n<p>Adquirir los conocimientos, destrezas y actitudes necesarias para aplicar en su puesto de trabajo un correcto comportamiento y las t\u00e9cnicas adecuadas de higiene y sanidad alimentaria en manipulaci\u00f3n de alimentos, para impedir su contaminaci\u00f3n y prevenir posibles alteraciones alimentarias.<\/p>\n\n<\/div><\/details><\/div>\n\n<div class=\"lightweight-accordion\"><details><summary class=\"lightweight-accordion-title\"><span>Contenidos<\/span><\/summary><div class=\"lightweight-accordion-body\">\n\n<ol style=\"list-style-type:1\" class=\"wp-block-list\">\n<li>Calidad alimentaria<\/li>\n\n\n\n<li>Alteraciones de los alimentos<\/li>\n\n\n\n<li>Manipulaci\u00f3n higi\u00e9nica de los alimentos<\/li>\n\n\n\n<li>Locales e instalaciones<\/li>\n\n\n\n<li>Higiene personal, estado de salud y prevenci\u00f3n de enfermedades transmisibles<\/li>\n\n\n\n<li>Informaci\u00f3n de productos alimenticios<\/li>\n\n\n\n<li>Conservaci\u00f3n de los alimentos<\/li>\n\n\n\n<li>Plan de An\u00e1lisis de Peligros y Puntos de Control Cr\u00edticos<\/li>\n\n\n\n<li>Gu\u00eda de pr\u00e1cticas correctas de higiene<\/li>\n\n\n\n<li>Legislaci\u00f3n aplicable<\/li>\n<\/ol>\n\n<\/div><\/details><\/div>\n\n\n<div class=\"wp-block-buttons is-layout-flex wp-block-buttons-is-layout-flex\">\n<div class=\"wp-block-button is-style-fill\"><a class=\"wp-block-button__link has-black-color has-text-color has-background wp-element-button\" href=\"https:\/\/forms.office.com\/e\/Pv8i700jzq\" style=\"background-color:#7db901\" target=\"_blank\" rel=\"noreferrer noopener\"><strong>Pre-inscripci\u00f3n<\/strong><\/a><\/div>\n<\/div>\n<\/div>\n<\/div>\n<\/div><\/div>\n<\/div>\n<\/div>\n<\/div><\/div>\n<\/div><\/div>\n\n\n\n<div class=\"wp-block-group\"><div class=\"wp-block-group__inner-container is-layout-flow wp-block-group-is-layout-flow\">\n<div class=\"wp-block-columns is-layout-flex wp-container-core-columns-is-layout-3 wp-block-columns-is-layout-flex\">\n<div class=\"wp-block-column is-layout-flow wp-block-column-is-layout-flow\">\n<h5 class=\"wp-block-heading has-text-align-left has-black-color has-text-color has-background has-small-font-size\" style=\"background-color:#7db901;letter-spacing:-0.2px\">UC0240_2 GESTI\u00d3N INFORMATIZADA DE VENTAS ONLINE<\/h5>\n\n\n<div class=\"lightweight-accordion\"><details><summary class=\"lightweight-accordion-title\"><span>Datos b\u00e1sicos<\/span><\/summary><div class=\"lightweight-accordion-body\">\n\n<p><strong>Plazo de matriculaci\u00f3n:<\/strong>&nbsp;ABIERTO<\/p>\n\n\n\n<p><strong>Fechas:<\/strong><mark style=\"background-color:rgba(0, 0, 0, 0)\" class=\"has-inline-color has-black-color\"> Noviembre<\/mark><\/p>\n\n\n\n<p><strong>Modalidad:<\/strong>&nbsp;Online<\/p>\n\n\n\n<p><strong>Duraci\u00f3n:<\/strong>&nbsp;60 horas<\/p>\n\n\n\n<p><strong>Precio:<\/strong>&nbsp;Gratuito<\/p>\n\n<\/div><\/details><\/div>\n\n<div class=\"lightweight-accordion\"><details><summary class=\"lightweight-accordion-title\"><span>Objetivos<\/span><\/summary><div class=\"lightweight-accordion-body\">\n\n<p>Adquirir los principales sistemas de informaci\u00f3n que pueden utilizarse en la venta de productos a trav\u00e9s de medios interactivos o digitales, la emisi\u00f3n y gesti\u00f3n de documentaci\u00f3n comercial y los procesos administrativos subyacentes.<\/p>\n\n<\/div><\/details><\/div>\n\n<div class=\"lightweight-accordion\"><details><summary class=\"lightweight-accordion-title\"><span>Contenidos<\/span><\/summary><div class=\"lightweight-accordion-body\">\n\n<ol class=\"wp-block-list\">\n<li>Conceptos generales de comercio electr\u00f3nico<\/li>\n\n\n\n<li>Legislaci\u00f3n comercial<\/li>\n\n\n\n<li>Documentaci\u00f3n comercial<\/li>\n\n\n\n<li>Procedimientos administrativos de facturaci\u00f3n<\/li>\n\n\n\n<li>Sistemas inform\u00e1ticos para la facturaci\u00f3n y emisi\u00f3n de documentaci\u00f3n comercial<\/li>\n<\/ol>\n\n<\/div><\/details><\/div>\n\n\n<div class=\"wp-block-buttons is-layout-flex wp-block-buttons-is-layout-flex\">\n<div class=\"wp-block-button is-style-fill\"><a class=\"wp-block-button__link has-black-color has-text-color has-background wp-element-button\" href=\"https:\/\/forms.office.com\/e\/Pv8i700jzq\" style=\"background-color:#7db901\" target=\"_blank\" rel=\"noreferrer noopener\"><strong>Pre-inscripci\u00f3n<\/strong><\/a><\/div>\n<\/div>\n\n\n\n<div class=\"wp-block-buttons is-horizontal is-content-justification-left is-layout-flex wp-container-core-buttons-is-layout-4 wp-block-buttons-is-layout-flex\"><\/div>\n<\/div>\n\n\n\n<div class=\"wp-block-column is-layout-flow wp-block-column-is-layout-flow\">\n<h5 class=\"wp-block-heading has-text-align-left has-black-color has-text-color has-background has-small-font-size\" style=\"background-color:#7db901;letter-spacing:-0.2px\">UC1446_3 COMPETENCIAS DIGITALES PARA LA B\u00daSQUEDA DE EMPLEO          <\/h5>\n\n\n<div class=\"lightweight-accordion\"><details><summary class=\"lightweight-accordion-title\"><span>Datos b\u00e1sicos<\/span><\/summary><div class=\"lightweight-accordion-body\">\n\n<p><strong>Plazo de matriculaci\u00f3n:<\/strong>&nbsp;ABIERTO<\/p>\n\n\n\n<p><strong>Fechas:<\/strong> <mark style=\"background-color:#7db901\" class=\"has-inline-color has-black-color\">Noviembre<\/mark><\/p>\n\n\n\n<p><strong>Modalidad:<\/strong>&nbsp;Online<\/p>\n\n\n\n<p><strong>Duraci\u00f3n:<\/strong>&nbsp;60 horas<\/p>\n\n\n\n<p><strong>Precio:<\/strong>&nbsp;Gratuito<\/p>\n\n<\/div><\/details><\/div>\n\n<div class=\"lightweight-accordion\"><details><summary class=\"lightweight-accordion-title\"><span>Objetivos<\/span><\/summary><div class=\"lightweight-accordion-body\">\n\n<p>Adquirir las competencias digitales b\u00e1sicas que permitan aprovechar las nuevas posibilidades asociadas a las tecnolog\u00edas digitales. Conocer el funcionamiento b\u00e1sico de los dispositivos electr\u00f3nicos. Distinguir las posibilidades de las TIC para obtener, valorar y ordenar informaci\u00f3n digital. Adquirir conocimientos sobre las herramientas de comunicaci\u00f3n en entornos digitales para compartir recursos, colaborar y participar de las comunidades de internet. Apreciar el potencial de las tecnolog\u00edas para crear, modificar y compartir contenidos digitales. Distinguir los riesgos asociados al uso de las TIC y las estrategias de seguridad para la protecci\u00f3n de los dispositivos y de la informaci\u00f3n. Comprender el funcionamiento correcto de los dispositivos tecnol\u00f3gicos m\u00e1s comunes para poder detectar las anomal\u00edas.<\/p>\n\n<\/div><\/details><\/div>\n\n<div class=\"lightweight-accordion\"><details><summary class=\"lightweight-accordion-title\"><span>Contenidos<\/span><\/summary><div class=\"lightweight-accordion-body\">\n\n<p>Uso b\u00e1sico del sistema operativo<br>Tratamiento de la informaci\u00f3n<br>Comunicaci\u00f3n<br>Creaci\u00f3n del contenido<br>Seguridad<br>Resoluci\u00f3n de problemas<\/p>\n\n<\/div><\/details><\/div>\n\n\n<div class=\"wp-block-buttons is-layout-flex wp-block-buttons-is-layout-flex\">\n<div class=\"wp-block-button is-style-fill\"><a class=\"wp-block-button__link has-black-color has-text-color has-background wp-element-button\" href=\"https:\/\/forms.office.com\/e\/Pv8i700jzq\" style=\"background-color:#7db901\" target=\"_blank\" rel=\"noreferrer noopener\"><strong>Pre-inscripci\u00f3n<\/strong><\/a><\/div>\n<\/div>\n\n\n\n<div class=\"wp-block-buttons is-horizontal is-content-justification-left is-layout-flex wp-container-core-buttons-is-layout-6 wp-block-buttons-is-layout-flex\"><\/div>\n<\/div>\n<\/div>\n<\/div><\/div>\n\n\n\n<div class=\"wp-block-group\"><div class=\"wp-block-group__inner-container is-layout-flow wp-block-group-is-layout-flow\">\n<div class=\"wp-block-columns is-layout-flex wp-container-core-columns-is-layout-4 wp-block-columns-is-layout-flex\">\n<div class=\"wp-block-column is-layout-flow wp-block-column-is-layout-flow\">\n<h5 class=\"wp-block-heading has-text-align-left has-black-color has-text-color has-background has-small-font-size\" style=\"background-color:#7db901;letter-spacing:-0.2px\">UC0976_2 MARKETING ONLINE 3.0<\/h5>\n\n\n<div class=\"lightweight-accordion\"><details><summary class=\"lightweight-accordion-title\"><span>Datos b\u00e1sicos<\/span><\/summary><div class=\"lightweight-accordion-body\">\n\n<p><strong>Plazo de matriculaci\u00f3n:<\/strong>&nbsp;ABIERTO<\/p>\n\n\n\n<p><strong>Fechas: <\/strong><mark style=\"background-color:#7db901\" class=\"has-inline-color has-black-color\">Noviembre<\/mark><\/p>\n\n\n\n<p><strong>Modalidad:<\/strong>&nbsp;Online<\/p>\n\n\n\n<p><strong>Duraci\u00f3n:<\/strong>&nbsp;60 horas<\/p>\n\n\n\n<p><strong>Precio:<\/strong>&nbsp;Gratuito<\/p>\n\n<\/div><\/details><\/div>\n\n<div class=\"lightweight-accordion\"><details><summary class=\"lightweight-accordion-title\"><span>Objetivos<\/span><\/summary><div class=\"lightweight-accordion-body\">\n\n<p>Realizar operaciones de dise\u00f1o y promoci\u00f3n de sitios web teniendo en cuenta al cliente online, la navegabilidad y las t\u00e9cnicas de publicidad online, a partir del marketing online. Comprender el funcionamiento del marketing en internet para la adecuada puesta en marcha de un plan estrat\u00e9gico de internet marketing, construyendo y manteniendo un sitio web de cara a su \u00e9xito en el \u00e1mbito del marketing online 3.0.<\/p>\n\n<\/div><\/details><\/div>\n\n<div class=\"lightweight-accordion\"><details><summary class=\"lightweight-accordion-title\"><span>Contenidos<\/span><\/summary><div class=\"lightweight-accordion-body\">\n\n<ol style=\"list-style-type:1\" class=\"wp-block-list\">\n<li>Internet Marketing: concepto y herramientas<\/li>\n\n\n\n<li>El plan de marketing<\/li>\n\n\n\n<li>El comportamiento del cliente online<\/li>\n\n\n\n<li>C\u00f3mo promocionar y construir un sitio web<\/li>\n\n\n\n<li>Navegabilidad<\/li>\n\n\n\n<li>Websites<\/li>\n\n\n\n<li>Consejos adicionales<\/li>\n\n\n\n<li>Conceptos relacionados con la publicidad online<\/li>\n<\/ol>\n\n<\/div><\/details><\/div>\n\n\n<div class=\"wp-block-buttons is-layout-flex wp-block-buttons-is-layout-flex\">\n<div class=\"wp-block-button is-style-fill\"><a class=\"wp-block-button__link has-black-color has-text-color has-background wp-element-button\" href=\"https:\/\/forms.office.com\/e\/Pv8i700jzq\" style=\"background-color:#7db901\" target=\"_blank\" rel=\"noreferrer noopener\"><strong>Pre-inscripci\u00f3n<\/strong><\/a><\/div>\n<\/div>\n\n\n\n<div class=\"wp-block-buttons is-horizontal is-content-justification-left is-layout-flex wp-container-core-buttons-is-layout-8 wp-block-buttons-is-layout-flex\"><\/div>\n<\/div>\n\n\n\n<div class=\"wp-block-column is-layout-flow wp-block-column-is-layout-flow\">\n<h5 class=\"wp-block-heading has-black-color has-text-color has-background has-small-font-size\" style=\"background-color:#7db901;letter-spacing:0px\">UC1444_3 TUTOR\u00cdA Y ENSE\u00d1ANZA PARA E-LEARNING EN LA ERA DIGITAL                                   <\/h5>\n\n\n<div class=\"lightweight-accordion\"><details><summary class=\"lightweight-accordion-title\"><span>Datos b\u00e1sicos<\/span><\/summary><div class=\"lightweight-accordion-body\">\n\n<p><strong>Plazo de matriculaci\u00f3n:<\/strong>&nbsp;ABIERTO<\/p>\n\n\n\n<p><strong>Fechas: <\/strong><mark><mark style=\"background-color:#7db901\" class=\"has-inline-color has-black-color\">Noviembre<\/mark><\/mark><\/p>\n\n\n\n<p><strong>Modalidad:<\/strong>&nbsp;Online<\/p>\n\n\n\n<p><strong>Duraci\u00f3n:<\/strong>&nbsp;60 horas<\/p>\n\n\n\n<p><strong>Precio:<\/strong>&nbsp;Gratuito<\/p>\n\n<\/div><\/details><\/div>\n\n<div class=\"lightweight-accordion\"><details><summary class=\"lightweight-accordion-title\"><span>Objetivos<\/span><\/summary><div class=\"lightweight-accordion-body\">\n\n<p>Adquirir las competencias espec\u00edficas para tutorizar de forma correcta acciones de formaci\u00f3n en modalidad de teleformaci\u00f3n.<br>Conocer las bases, fundamentos, componentes y caracter\u00edsticas de la formaci\u00f3n e-Learning y los sistemas de formaci\u00f3n actuales. Desempe\u00f1ar los roles y funciones propias del personal docente en la formaci\u00f3n e-Learning.<br>Dise\u00f1ar el plan de acci\u00f3n tutorial, estrategias did\u00e1cticas, recursos y actividades adecuadas a las acciones formativas en modalidad e-Learning. Seleccionar las herramientas de comunicaci\u00f3n, colaboraci\u00f3n, seguimiento y evaluaci\u00f3n necesarias para un adecuado desarrollo del proceso de ense\u00f1anza-aprendizaje. Ser consciente de la importancia de los avances tecnol\u00f3gicos y su influencia en el desarrollo del e-Learning.<\/p>\n\n<\/div><\/details><\/div>\n\n<div class=\"lightweight-accordion\"><details><summary class=\"lightweight-accordion-title\"><span>Contenidos<\/span><\/summary><div class=\"lightweight-accordion-body\">\n\n<p>Caracter\u00edsticas generales de la formaci\u00f3n y el aprendizaje en l\u00ednea<br>Funciones, habilidades y competencias del tutor<br>M\u00e9todos, estrategias y herramientas tutoriales. La plataforma de teleformaci\u00f3n<br>Programas y herramientas inform\u00e1ticas para tutorizar al alumnado. Comunicaci\u00f3n y evaluaci\u00f3n en l\u00ednea. Redes sociales<\/p>\n\n<\/div><\/details><\/div>\n\n\n<div class=\"wp-block-buttons is-layout-flex wp-block-buttons-is-layout-flex\">\n<div class=\"wp-block-button\"><a class=\"wp-block-button__link has-black-color has-text-color has-background wp-element-button\" href=\"https:\/\/forms.office.com\/e\/Pv8i700jzq\" style=\"background-color:#7db901\" target=\"_blank\" rel=\"noreferrer noopener\"><strong>Pre-inscripci\u00f3n<\/strong><\/a><\/div>\n<\/div>\n<\/div>\n<\/div>\n<\/div><\/div>\n\n\n\n<div class=\"wp-block-group\"><div class=\"wp-block-group__inner-container is-layout-flow wp-block-group-is-layout-flow\">\n<div class=\"wp-block-columns is-layout-flex wp-container-core-columns-is-layout-5 wp-block-columns-is-layout-flex\">\n<div class=\"wp-block-column is-layout-flow wp-block-column-is-layout-flow\">\n<h5 class=\"wp-block-heading has-text-align-left has-black-color has-text-color has-background has-small-font-size\" style=\"background-color:#7db901;letter-spacing:-0.2px\">UC0233_2 GOOGLE Y SUS APLICACIONES<\/h5>\n\n\n<div class=\"lightweight-accordion\"><details><summary class=\"lightweight-accordion-title\"><span>Datos b\u00e1sicos<\/span><\/summary><div class=\"lightweight-accordion-body\">\n\n<p class=\"has-text-align-left\"><strong>Plazo de matriculaci\u00f3n:<\/strong>&nbsp;ABIERTO<\/p>\n\n\n\n<p><strong>Fechas: <\/strong><mark style=\"background-color:#7db901\" class=\"has-inline-color has-black-color\">Noviembre<\/mark><\/p>\n\n\n\n<p><strong>Modalidad:<\/strong>&nbsp;Online<\/p>\n\n\n\n<p><strong>Duraci\u00f3n:<\/strong>&nbsp;60 horas<\/p>\n\n\n\n<p><strong>Precio:<\/strong>&nbsp;Gratuito<\/p>\n\n<\/div><\/details><\/div>\n\n<div class=\"lightweight-accordion\"><details><summary class=\"lightweight-accordion-title\"><span>Objetivos<\/span><\/summary><div class=\"lightweight-accordion-body\">\n\n<p>Manejar las aplicaciones b\u00e1sicas que proporciona Google. Definir la comunicaci\u00f3n en internet. Presentar las aplicaciones de Google que permiten gestionar las comunicaciones. Descubrir el funcionamiento del correo electr\u00f3nico de Google. Configurar la apariencia b\u00e1sica de Gmail Configurar la cuenta de Gmail para evitar virus y spam. Descubrir las opciones de Google para gestionar los contactos. Gestionar los correos electr\u00f3nicos en la bandeja de entrada de Gmail.<\/p>\n\n<\/div><\/details><\/div>\n\n<div class=\"lightweight-accordion\"><details><summary class=\"lightweight-accordion-title\"><span>Contenidos<\/span><\/summary><div class=\"lightweight-accordion-body\">\n\n<ol style=\"list-style-type:1\" class=\"wp-block-list\">\n<li>La comunicaci\u00f3n en internet<\/li>\n\n\n\n<li>Aplicaciones para la gesti\u00f3n de las comunicaciones con Google<\/li>\n\n\n\n<li>Gmail: el correo electr\u00f3nico de Google<\/li>\n\n\n\n<li>Configuraci\u00f3n general bandeja de entrada, perfiles y propiedades<\/li>\n\n\n\n<li>Control y configuraci\u00f3n para evitar spam, virus, etc.<\/li>\n\n\n\n<li>Gesti\u00f3n de la agenda y contactos<\/li>\n\n\n\n<li>M\u00e9todos de filtrado, contestaci\u00f3n, archivo o eliminaci\u00f3n<\/li>\n\n\n\n<li>M\u00e9todos de organizaci\u00f3n eficaz<\/li>\n\n\n\n<li>Gesti\u00f3n eficaz del correo electr\u00f3nico de uso profesional<\/li>\n\n\n\n<li>Estrategias de gesti\u00f3n adecuados de comunicaciones por email<\/li>\n\n\n\n<li>Otras aplicaciones de Google para gestionar las comunicaciones<\/li>\n<\/ol>\n\n<\/div><\/details><\/div>\n\n\n<div class=\"wp-block-buttons is-layout-flex wp-block-buttons-is-layout-flex\">\n<div class=\"wp-block-button is-style-fill\"><a class=\"wp-block-button__link has-black-color has-text-color has-background wp-element-button\" href=\"https:\/\/forms.office.com\/e\/Pv8i700jzq\" style=\"background-color:#7db901\" target=\"_blank\" rel=\"noreferrer noopener\"><strong>Pre-inscripci\u00f3n<\/strong><\/a><\/div>\n<\/div>\n\n\n\n<div class=\"wp-block-buttons is-horizontal is-content-justification-left is-layout-flex wp-container-core-buttons-is-layout-11 wp-block-buttons-is-layout-flex\"><\/div>\n<\/div>\n<\/div>\n<\/div><\/div>\n\n\n\n<p><\/p>\n","protected":false},"excerpt":{"rendered":"<p>RESOLUCI\u00d3N de 4 de diciembre de 2023, del conseller de Econom\u00eda Sostenible, Sectores Productivos, Comercio y Trabajo, por la que se aprueban las bases reguladoras y se convocan subvenciones para el ejercicio 2023, destinadas al desarrollo de acciones para la formaci\u00f3n no formal de cualificaci\u00f3n y recualificaci\u00f3n de la poblaci\u00f3n activa vinculada prioritariamente a las cualificaciones profesionales en sectores estrat\u00e9gicos y mejora de las capacidades para la transici\u00f3n ecol\u00f3gica en el marco del Plan de Recuperaci\u00f3n, Transformaci\u00f3n y Resiliencia. Requisitos del alumnado: a) Personas desempleadas y en el caso de ser hombre debe ser desempleado durante 12 o m\u00e1s meses de manera ininterrumpida. CURSOS ONLINE UC2490_2 LOGRA EL \u00c9XITO DIGITAL CON LAS REDES SOCIALES FCOM01 MANIPULADOR DE ALIMENTOS UC0240_2 GESTI\u00d3N INFORMATIZADA DE VENTAS ONLINE UC1446_3 COMPETENCIAS DIGITALES PARA LA B\u00daSQUEDA DE EMPLEO UC0976_2 MARKETING ONLINE 3.0 UC1444_3 TUTOR\u00cdA Y ENSE\u00d1ANZA PARA E-LEARNING EN LA ERA DIGITAL UC0233_2 GOOGLE Y SUS APLICACIONES<\/p>\n","protected":false},"author":1,"featured_media":0,"parent":0,"menu_order":0,"comment_status":"closed","ping_status":"closed","template":"page-fullwidth.php","meta":{"footnotes":""},"class_list":["post-4557","page","type-page","status-publish","hentry"],"_links":{"self":[{"href":"https:\/\/www.adehon.org\/es\/wp-json\/wp\/v2\/pages\/4557","targetHints":{"allow":["GET"]}}],"collection":[{"href":"https:\/\/www.adehon.org\/es\/wp-json\/wp\/v2\/pages"}],"about":[{"href":"https:\/\/www.adehon.org\/es\/wp-json\/wp\/v2\/types\/page"}],"author":[{"embeddable":true,"href":"https:\/\/www.adehon.org\/es\/wp-json\/wp\/v2\/users\/1"}],"replies":[{"embeddable":true,"href":"https:\/\/www.adehon.org\/es\/wp-json\/wp\/v2\/comments?post=4557"}],"version-history":[{"count":13,"href":"https:\/\/www.adehon.org\/es\/wp-json\/wp\/v2\/pages\/4557\/revisions"}],"predecessor-version":[{"id":4714,"href":"https:\/\/www.adehon.org\/es\/wp-json\/wp\/v2\/pages\/4557\/revisions\/4714"}],"wp:attachment":[{"href":"https:\/\/www.adehon.org\/es\/wp-json\/wp\/v2\/media?parent=4557"}],"curies":[{"name":"wp","href":"https:\/\/api.w.org\/{rel}","templated":true}]}}