{"id":4593,"date":"2024-11-12T12:10:34","date_gmt":"2024-11-12T12:10:34","guid":{"rendered":"https:\/\/www.adehon.org\/es\/?page_id=4593"},"modified":"2025-09-22T07:53:08","modified_gmt":"2025-09-22T07:53:08","slug":"mf1446_3-orientacion-laboral","status":"publish","type":"page","link":"https:\/\/www.adehon.org\/es\/mf1446_3-orientacion-laboral\/","title":{"rendered":"MF1446_3: ORIENTACI\u00d3N LABORAL"},"content":{"rendered":"\n<figure class=\"wp-block-image size-large is-resized\"><a href=\"http:\/\/www.adehon.org\/es\/wp-content\/uploads\/2025\/09\/GVALaboraMinisterio-Educacion-VAL.png\"><img loading=\"lazy\" decoding=\"async\" width=\"1024\" height=\"170\" src=\"http:\/\/www.adehon.org\/es\/wp-content\/uploads\/2025\/09\/GVALaboraMinisterio-Educacion-VAL-1024x170.png\" alt=\"\" class=\"wp-image-4956\" style=\"width:840px;height:auto\" srcset=\"https:\/\/www.adehon.org\/es\/wp-content\/uploads\/2025\/09\/GVALaboraMinisterio-Educacion-VAL-1024x170.png 1024w, https:\/\/www.adehon.org\/es\/wp-content\/uploads\/2025\/09\/GVALaboraMinisterio-Educacion-VAL-300x50.png 300w, https:\/\/www.adehon.org\/es\/wp-content\/uploads\/2025\/09\/GVALaboraMinisterio-Educacion-VAL-768x127.png 768w, https:\/\/www.adehon.org\/es\/wp-content\/uploads\/2025\/09\/GVALaboraMinisterio-Educacion-VAL-1536x254.png 1536w, https:\/\/www.adehon.org\/es\/wp-content\/uploads\/2025\/09\/GVALaboraMinisterio-Educacion-VAL.png 1811w\" sizes=\"auto, (max-width: 1024px) 100vw, 1024px\" \/><\/a><\/figure>\n\n\n\n<h2 class=\"wp-block-heading has-background\" style=\"background-color:#7db901\">CURSOS PRESENCIALES GRATUITOS&nbsp;LABORA 2025\/2026<\/h2>\n\n\n\n<h3 class=\"wp-block-heading\">Informaci\u00f3n detallada del curso<\/h3>\n\n\n<h2 class=\"course-title\">MF1446_3: ORIENTACI\u00d3N LABORAL Y PROMOCI\u00d3N DE LA CALIDAD EN LA FORMACI\u00d3N PROFESIONAL PARA EL EMPLEO<\/h2>\n<h2><span style=\"color: revert; font-size: revert; font-weight: revert;\">30 horas<\/span><\/h2>\n<div class=\"container\">\n<div class=\"course-details\">\n<div class=\"course-info\">\n<p><span style=\"color: #000000; font-size: 18px;\"><div class=\"su-tabs su-tabs-style-default su-tabs-mobile-stack\" data-active=\"1\" data-scroll-offset=\"0\" data-anchor-in-url=\"no\"><div class=\"su-tabs-nav\"><span class=\"\" data-url=\"\" data-target=\"blank\" tabindex=\"0\" role=\"button\"><strong>DESCRIPCI\u00d3N<\/strong><\/span><span class=\"\" data-url=\"\" data-target=\"blank\" tabindex=\"0\" role=\"button\"><strong>CONTENIDO<\/strong><\/span><span class=\"\" data-url=\"\" data-target=\"blank\" tabindex=\"0\" role=\"button\"><strong>REQUISITOS DE ACCESO<\/strong><\/span><span class=\"\" data-url=\"\" data-target=\"blank\" tabindex=\"0\" role=\"button\"><strong>INSCRIPCI\u00d3N<\/strong><\/span><\/div><div class=\"su-tabs-panes\"><div class=\"su-tabs-pane su-u-clearfix su-u-trim\" data-title=\"&lt;strong&gt;DESCRIPCI\u00d3N&lt;\/strong&gt;\"><\/span><\/p>\n<h2><span style=\"color: revert; font-size: revert; font-weight: revert;\"><a href=\"http:\/\/www.adehon.org\/es\/wp-content\/uploads\/2025\/09\/Post-de-Instagram-con-Foto-de-Fondo-para-Anuncios-y-Promociones-Profesional-Corporativo-Azul-Blanco-y-Rojo-1.png\"><img loading=\"lazy\" decoding=\"async\" class=\"wp-image-4983 size-medium alignnone\" src=\"http:\/\/www.adehon.org\/es\/wp-content\/uploads\/2025\/09\/Post-de-Instagram-con-Foto-de-Fondo-para-Anuncios-y-Promociones-Profesional-Corporativo-Azul-Blanco-y-Rojo-1-300x300.png\" alt=\"\" width=\"300\" height=\"300\" srcset=\"https:\/\/www.adehon.org\/es\/wp-content\/uploads\/2025\/09\/Post-de-Instagram-con-Foto-de-Fondo-para-Anuncios-y-Promociones-Profesional-Corporativo-Azul-Blanco-y-Rojo-1-300x300.png 300w, https:\/\/www.adehon.org\/es\/wp-content\/uploads\/2025\/09\/Post-de-Instagram-con-Foto-de-Fondo-para-Anuncios-y-Promociones-Profesional-Corporativo-Azul-Blanco-y-Rojo-1-1024x1024.png 1024w, https:\/\/www.adehon.org\/es\/wp-content\/uploads\/2025\/09\/Post-de-Instagram-con-Foto-de-Fondo-para-Anuncios-y-Promociones-Profesional-Corporativo-Azul-Blanco-y-Rojo-1-150x150.png 150w, https:\/\/www.adehon.org\/es\/wp-content\/uploads\/2025\/09\/Post-de-Instagram-con-Foto-de-Fondo-para-Anuncios-y-Promociones-Profesional-Corporativo-Azul-Blanco-y-Rojo-1-768x768.png 768w, https:\/\/www.adehon.org\/es\/wp-content\/uploads\/2025\/09\/Post-de-Instagram-con-Foto-de-Fondo-para-Anuncios-y-Promociones-Profesional-Corporativo-Azul-Blanco-y-Rojo-1.png 1080w\" sizes=\"auto, (max-width: 300px) 100vw, 300px\" \/><\/a><\/span><\/h2>\n<p>En este curso gratuito aprenderemos a mejorar tus habilidades y avanzar en tu carrera. Podr\u00e1s adquirir conocimientos valiosos y aumentar tus oportunidades laborales.\u00a0<\/p>\n<p>Se profundizar\u00e1 en las t\u00e9cnicas modernas de b\u00fasqueda de empleo. Desde la creaci\u00f3n de curr\u00edculos impactantes y la preparaci\u00f3n para entrevistas, hasta el uso de plataformas digitales y redes sociales para la b\u00fasqueda de empleo. Estas estrategias son esenciales no solo para quienes buscan empleo, sino tambi\u00e9n para profesionales que asesoran a otros en su b\u00fasqueda laboral.<\/p>\n<p>No dejes pasar esta oportunidad para destacar en el mercado laboral.<\/p>\n<ul>\n<li><strong>Plazo de matriculaci\u00f3n:<\/strong> ABIERTO<\/li>\n<li><strong>Fechas:<\/strong> Pr\u00f3ximo inicio<\/li>\n<li><strong>Modalidad:<\/strong> Presencial<\/li>\n<li><span style=\"color: #000000;\"><strong>Precio:<\/strong> Gratuito<\/span><\/li>\n<\/ul>\n<p><span style=\"color: #000000; font-size: 18px;\"><\/div>\n<div class=\"su-tabs-pane su-u-clearfix su-u-trim\" data-title=\"&lt;strong&gt;CONTENIDO&lt;\/strong&gt;\"><\/span><\/p>\n<ul>\n<li>\n<p><span style=\"color: #000000;\">Definir perfiles profesionales detallados, resaltando caracter\u00edsticas personales, conocimientos, habilidades y actitudes requeridas.<\/span><\/p>\n<\/li>\n<li>\n<p><span style=\"color: #000000;\">Analizar el contexto sociolaboral y las exigencias del mercado laboral actual.<\/span><\/p>\n<\/li>\n<li>\n<p><span style=\"color: #000000;\">Identificar diversas modalidades de empleo, tanto por cuenta propia como ajena, para facilitar la inserci\u00f3n laboral.<\/span><\/p>\n<\/li>\n<li>\n<p><span style=\"color: #000000;\">Elaborar itinerarios profesionales personalizados, fomentando la participaci\u00f3n activa y considerando la situaci\u00f3n personal del individuo.<\/span><\/p>\n<\/li>\n<li>\n<p><span style=\"color: #000000;\">Dise\u00f1ar itinerarios formativos acordes con el perfil individual para mejorar la cualificaci\u00f3n profesional.<\/span><\/p>\n<\/li>\n<li>\n<p><span style=\"color: #000000;\">Explorar organismos e instituciones de intermediaci\u00f3n laboral, adecu\u00e1ndolos a los perfiles de los participantes.<\/span><\/p>\n<\/li>\n<li>\n<p><span style=\"color: #000000;\">Identificar fuentes de informaci\u00f3n adicionales para la actualizaci\u00f3n laboral o profesional.<\/span><\/p>\n<\/li>\n<li>\n<p><span style=\"color: #000000;\">Conocer y utilizar herramientas eficaces de b\u00fasqueda de empleo, adaptadas a la oferta del mercado laboral.<\/span><\/p>\n<\/li>\n<li>\n<p><span style=\"color: #000000;\">Desarrollar estrategias para superar procesos de selecci\u00f3n de forma exitosa.<\/span><\/p>\n<\/li>\n<li>\n<p><span style=\"color: #000000;\">Reconocer y evaluar planes de calidad en formaci\u00f3n y proponer mejoras.<\/span><\/p>\n<\/li>\n<li>\n<p><span style=\"color: #000000;\">Identificar programas y acciones que complementen la formaci\u00f3n t\u00e9cnica, promoviendo la innovaci\u00f3n.<\/span><\/p>\n<\/li>\n<li>\n<p><span style=\"color: #000000;\">Participar en redes de intercambio profesional, como encuentros y seminarios.<\/span><\/p>\n<\/li>\n<\/ul>\n<p><span style=\"color: #000000;\"><\/div>\n<div class=\"su-tabs-pane su-u-clearfix su-u-trim\" data-title=\"&lt;strong&gt;REQUISITOS DE ACCESO&lt;\/strong&gt;\"><\/span><\/p>\n<p>a) Trabajador\/a<\/p>\n<p>b) Personas desempleadas, inscritas en LABORA como demandantes de EMPLEO<\/p>\n<ul>\n<li>Aquellas personas desempleadas que participen en cursos presenciales, recibir\u00e1n una beca por transporte de 1,5\u20ac por d\u00eda asistido, que se entregar\u00e1 al finalizar el curso.<\/li>\n<li>Aquellas personas desempleadas que tengan una minusval\u00eda del 33% o superior que participen en cursos presenciales, recibir\u00e1 una beca de 9\u20ac por d\u00eda asistido, m\u00e1s 1,5\u20ac por d\u00eda asistido, en concepto de transporte, que se entregar\u00e1 al finalizar el curso.<\/li>\n<\/ul>\n<p>c) Estudios m\u00ednimos:<\/p>\n<ul>\n<li>Bachiller o equivalente<\/li>\n<li>Certificado de profesionalidad nivel 3<\/li>\n<li>Certificado de profesionalidad nivel 2 de la misma familia y \u00e1rea profesional<\/li>\n<li>FPI<\/li>\n<\/ul>\n<p><span style=\"color: #000000;\"><\/div>\n<div class=\"su-tabs-pane su-u-clearfix su-u-trim\" data-title=\"&lt;strong&gt;INSCRIPCI\u00d3N&lt;\/strong&gt;\"><\/span><\/p>\n<p><a href=\"https:\/\/forms.office.com\/e\/9QPN84KWZi\">INCR\u00cdBETE AQU\u00cd<\/a><\/p>\n<p><span style=\"color: #000000;\"><\/div><\/div><\/div><\/span><\/p>\n<\/div>\n<\/div>\n<\/div>\n\n\n<p><\/p>\n","protected":false},"excerpt":{"rendered":"<p>CURSOS PRESENCIALES GRATUITOS&nbsp;LABORA 2025\/2026 Informaci\u00f3n detallada del curso MF1446_3: ORIENTACI\u00d3N LABORAL Y PROMOCI\u00d3N DE LA CALIDAD EN LA FORMACI\u00d3N PROFESIONAL PARA EL EMPLEO 30 horas<\/p>\n","protected":false},"author":1,"featured_media":0,"parent":0,"menu_order":0,"comment_status":"closed","ping_status":"closed","template":"page-fullwidth.php","meta":{"footnotes":""},"class_list":["post-4593","page","type-page","status-publish","hentry"],"_links":{"self":[{"href":"https:\/\/www.adehon.org\/es\/wp-json\/wp\/v2\/pages\/4593","targetHints":{"allow":["GET"]}}],"collection":[{"href":"https:\/\/www.adehon.org\/es\/wp-json\/wp\/v2\/pages"}],"about":[{"href":"https:\/\/www.adehon.org\/es\/wp-json\/wp\/v2\/types\/page"}],"author":[{"embeddable":true,"href":"https:\/\/www.adehon.org\/es\/wp-json\/wp\/v2\/users\/1"}],"replies":[{"embeddable":true,"href":"https:\/\/www.adehon.org\/es\/wp-json\/wp\/v2\/comments?post=4593"}],"version-history":[{"count":13,"href":"https:\/\/www.adehon.org\/es\/wp-json\/wp\/v2\/pages\/4593\/revisions"}],"predecessor-version":[{"id":4986,"href":"https:\/\/www.adehon.org\/es\/wp-json\/wp\/v2\/pages\/4593\/revisions\/4986"}],"wp:attachment":[{"href":"https:\/\/www.adehon.org\/es\/wp-json\/wp\/v2\/media?parent=4593"}],"curies":[{"name":"wp","href":"https:\/\/api.w.org\/{rel}","templated":true}]}}