{"id":4610,"date":"2024-11-12T12:12:46","date_gmt":"2024-11-12T12:12:46","guid":{"rendered":"https:\/\/www.adehon.org\/es\/?page_id=4610"},"modified":"2025-09-25T12:30:52","modified_gmt":"2025-09-25T12:30:52","slug":"uf0319-sistema-operativo-busqueda-de-la-informacion-internet-intranet-y-correo-electronico","status":"publish","type":"page","link":"https:\/\/www.adehon.org\/es\/uf0319-sistema-operativo-busqueda-de-la-informacion-internet-intranet-y-correo-electronico\/","title":{"rendered":"UF0319: SISTEMA OPERATIVO, B\u00daSQUEDA DE LA INFORMACI\u00d3N: INTERNET\/INTRANET Y CORREO ELECTR\u00d3NICO"},"content":{"rendered":"\n<figure class=\"wp-block-image size-large is-resized\"><a href=\"http:\/\/www.adehon.org\/es\/wp-content\/uploads\/2025\/09\/GVALaboraMinisterio-Educacion-VAL.png\"><img loading=\"lazy\" decoding=\"async\" width=\"1024\" height=\"170\" src=\"http:\/\/www.adehon.org\/es\/wp-content\/uploads\/2025\/09\/GVALaboraMinisterio-Educacion-VAL-1024x170.png\" alt=\"\" class=\"wp-image-4956\" style=\"width:840px;height:auto\" srcset=\"https:\/\/www.adehon.org\/es\/wp-content\/uploads\/2025\/09\/GVALaboraMinisterio-Educacion-VAL-1024x170.png 1024w, https:\/\/www.adehon.org\/es\/wp-content\/uploads\/2025\/09\/GVALaboraMinisterio-Educacion-VAL-300x50.png 300w, https:\/\/www.adehon.org\/es\/wp-content\/uploads\/2025\/09\/GVALaboraMinisterio-Educacion-VAL-768x127.png 768w, https:\/\/www.adehon.org\/es\/wp-content\/uploads\/2025\/09\/GVALaboraMinisterio-Educacion-VAL-1536x254.png 1536w, https:\/\/www.adehon.org\/es\/wp-content\/uploads\/2025\/09\/GVALaboraMinisterio-Educacion-VAL.png 1811w\" sizes=\"auto, (max-width: 1024px) 100vw, 1024px\" \/><\/a><\/figure>\n\n\n\n<h2 class=\"wp-block-heading has-background\" style=\"background-color:#7db901\">CURSOS PRESENCIALES GRATUITOS&nbsp;LABORA 2025\/2026<\/h2>\n\n\n\n<h3 class=\"wp-block-heading\">Informaci\u00f3n detallada del curso<\/h3>\n\n\n<h2>UF0319: SISTEMA OPERATIVO, B\u00daSQUEDA DE LA INFORMACI\u00d3N: INTERNET\/INTRANET Y CORREO ELECTR\u00d3NICO<\/h2>\n<h2><span style=\"color: revert; font-size: revert; font-weight: revert;\">30 horas<\/span><\/h2>\n<div class=\"container\">\n<div class=\"course-details\">\n<div class=\"course-info\">\n<p><span style=\"color: #000000; font-size: 18px;\"><div class=\"su-tabs su-tabs-style-default su-tabs-mobile-stack\" data-active=\"1\" data-scroll-offset=\"0\" data-anchor-in-url=\"no\"><div class=\"su-tabs-nav\"><span class=\"\" data-url=\"\" data-target=\"blank\" tabindex=\"0\" role=\"button\"><strong>DESCRIPCI\u00d3N<\/strong><\/span><span class=\"\" data-url=\"\" data-target=\"blank\" tabindex=\"0\" role=\"button\"><strong>CONTENIDO<\/strong><\/span><span class=\"\" data-url=\"\" data-target=\"blank\" tabindex=\"0\" role=\"button\"><strong>REQUISITOS DE ACCESO<\/strong><\/span><span class=\"\" data-url=\"\" data-target=\"blank\" tabindex=\"0\" role=\"button\"><strong>INSCRIPCI\u00d3N<\/strong><\/span><\/div><div class=\"su-tabs-panes\"><div class=\"su-tabs-pane su-u-clearfix su-u-trim\" data-title=\"&lt;strong&gt;DESCRIPCI\u00d3N&lt;\/strong&gt;\"><\/span><\/p>\n<h2><span style=\"color: revert; font-size: revert; font-weight: revert;\"><a href=\"http:\/\/www.adehon.org\/es\/wp-content\/uploads\/2025\/09\/Post-de-Instagram-Servicio-de-Empresa-Recursos-Humanos-Sencillo-Degradado-Corporativo-Azul-y-Blanco-1.png\"><img loading=\"lazy\" decoding=\"async\" class=\"alignnone wp-image-4987 size-medium\" src=\"http:\/\/www.adehon.org\/es\/wp-content\/uploads\/2025\/09\/Post-de-Instagram-Servicio-de-Empresa-Recursos-Humanos-Sencillo-Degradado-Corporativo-Azul-y-Blanco-1-300x300.png\" alt=\"\" width=\"300\" height=\"300\" srcset=\"https:\/\/www.adehon.org\/es\/wp-content\/uploads\/2025\/09\/Post-de-Instagram-Servicio-de-Empresa-Recursos-Humanos-Sencillo-Degradado-Corporativo-Azul-y-Blanco-1-300x300.png 300w, https:\/\/www.adehon.org\/es\/wp-content\/uploads\/2025\/09\/Post-de-Instagram-Servicio-de-Empresa-Recursos-Humanos-Sencillo-Degradado-Corporativo-Azul-y-Blanco-1-1024x1024.png 1024w, https:\/\/www.adehon.org\/es\/wp-content\/uploads\/2025\/09\/Post-de-Instagram-Servicio-de-Empresa-Recursos-Humanos-Sencillo-Degradado-Corporativo-Azul-y-Blanco-1-150x150.png 150w, https:\/\/www.adehon.org\/es\/wp-content\/uploads\/2025\/09\/Post-de-Instagram-Servicio-de-Empresa-Recursos-Humanos-Sencillo-Degradado-Corporativo-Azul-y-Blanco-1-768x768.png 768w, https:\/\/www.adehon.org\/es\/wp-content\/uploads\/2025\/09\/Post-de-Instagram-Servicio-de-Empresa-Recursos-Humanos-Sencillo-Degradado-Corporativo-Azul-y-Blanco-1.png 1080w\" sizes=\"auto, (max-width: 300px) 100vw, 300px\" \/><\/a><\/span><\/h2>\n<p>En este curso gratuito nos introduce en el mundo de los ordenadores explicando con detalle las diferentes partes que los integran: hardware y software, as\u00ed como la utilidad que ofrecen los sistemas operativos y el correo electr\u00f3nico v\u00eda web y a trav\u00e9s de Microsoft Outlook. Tambi\u00e9n se expondr\u00e1 con claridad y sencillez el manejo de internet y ofreceremos unas nociones b\u00e1sicas que permitan navegar por la web de un modo seguro y efectivo.<\/p>\n<p>No dejes pasar esta oportunidad para destacar en el mercado laboral.<\/p>\n<ul>\n<li><strong>Plazo de matriculaci\u00f3n:<\/strong> ABIERTO<\/li>\n<li><strong>Fechas:<\/strong> Pr\u00f3ximo inicio<\/li>\n<li><strong>Modalidad:<\/strong> Presencial<\/li>\n<li><span style=\"color: #000000;\"><strong>Precio:<\/strong> Gratuito<\/span><\/li>\n<\/ul>\n<p><span style=\"color: #000000; font-size: 18px;\"><\/div>\n<div class=\"su-tabs-pane su-u-clearfix su-u-trim\" data-title=\"&lt;strong&gt;CONTENIDO&lt;\/strong&gt;\"><\/span><\/p>\n<p><strong>1. Introducci\u00f3n al ordenador (hardware, software)<\/strong><\/p>\n<p><strong>2. Utilizaci\u00f3n b\u00e1sica de los sistemas operativos habituales<\/strong><\/p>\n<p><strong>3. Introducci\u00f3n a la b\u00fasqueda de la informaci\u00f3n en internet<\/strong><\/p>\n<p><strong>4. Navegaci\u00f3n por la World Wide Web<\/strong><\/p>\n<p><strong>5. Utilizaci\u00f3n y configuraci\u00f3n de correo electr\u00f3nico como intercambio de informaci\u00f3n<\/strong><\/p>\n<p><strong>6. Transferencia de ficheros FTP<\/strong><\/p>\n<p><span style=\"color: #000000;\"><\/div>\n<div class=\"su-tabs-pane su-u-clearfix su-u-trim\" data-title=\"&lt;strong&gt;REQUISITOS DE ACCESO&lt;\/strong&gt;\"><\/span><\/p>\n<p>a) Trabajador\/a<\/p>\n<p>b) Personas desempleadas, inscritas en LABORA como demandantes de EMPLEO<\/p>\n<ul>\n<li>Aquellas personas desempleadas que participen en cursos presenciales, recibir\u00e1n una beca por transporte de 1,5\u20ac por d\u00eda asistido, que se entregar\u00e1 al finalizar el curso.<\/li>\n<li>Aquellas personas desempleadas que tengan una minusval\u00eda del 33% o superior que participen en cursos presenciales, recibir\u00e1 una beca de 9\u20ac por d\u00eda asistido, m\u00e1s 1,5\u20ac por d\u00eda asistido, en concepto de transporte, que se entregar\u00e1 al finalizar el curso.<\/li>\n<\/ul>\n<p>c) Estudios m\u00ednimos:<\/p>\n<ul>\n<li>Bachiller o equivalente<\/li>\n<li>Certificado de profesionalidad nivel 3<\/li>\n<li>Certificado de profesionalidad nivel 2 de la misma familia y \u00e1rea profesional<\/li>\n<li>FPI<\/li>\n<\/ul>\n<p><span style=\"color: #000000;\"><\/div>\n<div class=\"su-tabs-pane su-u-clearfix su-u-trim\" data-title=\"&lt;strong&gt;INSCRIPCI\u00d3N&lt;\/strong&gt;\"><\/span><\/p>\n<p><a href=\"https:\/\/forms.office.com\/e\/9QPN84KWZi\">INCR\u00cdBETE AQU\u00cd<\/a><\/p>\n<p><span style=\"color: #000000;\"><\/div><\/div><\/div><\/span><\/p>\n<\/div>\n<\/div>\n<\/div>\n\n\n<p><\/p>\n","protected":false},"excerpt":{"rendered":"<p>CURSOS PRESENCIALES GRATUITOS&nbsp;LABORA 2025\/2026 Informaci\u00f3n detallada del curso UF0319: SISTEMA OPERATIVO, B\u00daSQUEDA DE LA INFORMACI\u00d3N: INTERNET\/INTRANET Y CORREO ELECTR\u00d3NICO 30 horas<\/p>\n","protected":false},"author":1,"featured_media":0,"parent":0,"menu_order":0,"comment_status":"closed","ping_status":"closed","template":"page-fullwidth.php","meta":{"footnotes":""},"class_list":["post-4610","page","type-page","status-publish","hentry"],"_links":{"self":[{"href":"https:\/\/www.adehon.org\/es\/wp-json\/wp\/v2\/pages\/4610","targetHints":{"allow":["GET"]}}],"collection":[{"href":"https:\/\/www.adehon.org\/es\/wp-json\/wp\/v2\/pages"}],"about":[{"href":"https:\/\/www.adehon.org\/es\/wp-json\/wp\/v2\/types\/page"}],"author":[{"embeddable":true,"href":"https:\/\/www.adehon.org\/es\/wp-json\/wp\/v2\/users\/1"}],"replies":[{"embeddable":true,"href":"https:\/\/www.adehon.org\/es\/wp-json\/wp\/v2\/comments?post=4610"}],"version-history":[{"count":6,"href":"https:\/\/www.adehon.org\/es\/wp-json\/wp\/v2\/pages\/4610\/revisions"}],"predecessor-version":[{"id":4988,"href":"https:\/\/www.adehon.org\/es\/wp-json\/wp\/v2\/pages\/4610\/revisions\/4988"}],"wp:attachment":[{"href":"https:\/\/www.adehon.org\/es\/wp-json\/wp\/v2\/media?parent=4610"}],"curies":[{"name":"wp","href":"https:\/\/api.w.org\/{rel}","templated":true}]}}