{"id":4615,"date":"2024-11-12T12:10:26","date_gmt":"2024-11-12T12:10:26","guid":{"rendered":"https:\/\/www.adehon.org\/es\/?page_id=4615"},"modified":"2025-09-22T08:20:23","modified_gmt":"2025-09-22T08:20:23","slug":"uf0320-aplicaciones-informaticas-para-presentaciones-graficas-de-informacion","status":"publish","type":"page","link":"https:\/\/www.adehon.org\/es\/uf0320-aplicaciones-informaticas-para-presentaciones-graficas-de-informacion\/","title":{"rendered":"UF0320: APLICACIONES INFORM\u00c1TICAS PARA PRESENTACIONES: GR\u00c1FICAS DE INFORMACI\u00d3N"},"content":{"rendered":"\n<figure class=\"wp-block-image size-large\"><a href=\"http:\/\/www.adehon.org\/es\/wp-content\/uploads\/2025\/09\/GVALaboraMinisterio-Educacion-VAL.png\"><img loading=\"lazy\" decoding=\"async\" width=\"1024\" height=\"170\" src=\"http:\/\/www.adehon.org\/es\/wp-content\/uploads\/2025\/09\/GVALaboraMinisterio-Educacion-VAL-1024x170.png\" alt=\"\" class=\"wp-image-4956\" srcset=\"https:\/\/www.adehon.org\/es\/wp-content\/uploads\/2025\/09\/GVALaboraMinisterio-Educacion-VAL-1024x170.png 1024w, https:\/\/www.adehon.org\/es\/wp-content\/uploads\/2025\/09\/GVALaboraMinisterio-Educacion-VAL-300x50.png 300w, https:\/\/www.adehon.org\/es\/wp-content\/uploads\/2025\/09\/GVALaboraMinisterio-Educacion-VAL-768x127.png 768w, https:\/\/www.adehon.org\/es\/wp-content\/uploads\/2025\/09\/GVALaboraMinisterio-Educacion-VAL-1536x254.png 1536w, https:\/\/www.adehon.org\/es\/wp-content\/uploads\/2025\/09\/GVALaboraMinisterio-Educacion-VAL.png 1811w\" sizes=\"auto, (max-width: 1024px) 100vw, 1024px\" \/><\/a><\/figure>\n\n\n\n<h2 class=\"wp-block-heading has-background\" style=\"background-color:#7db901\">CURSOS PRESENCIALES GRATUITOS&nbsp;LABORA 2025\/2026<\/h2>\n\n\n\n<h3 class=\"wp-block-heading\">Informaci\u00f3n detallada del curso<\/h3>\n\n\n<h2>UF0320: APLICACIONES INFORM\u00c1TICAS PARA PRESENTACIONES: GR\u00c1FICAS DE INFORMACI\u00d3N<\/h2>\n<h2><span style=\"color: revert; font-size: revert; font-weight: revert;\">30 horas<\/span><\/h2>\n<div class=\"container\">\n<div class=\"course-details\">\n<div class=\"course-info\">\n<p><span style=\"color: #000000; font-size: 18px;\"><div class=\"su-tabs su-tabs-style-default su-tabs-mobile-stack\" data-active=\"1\" data-scroll-offset=\"0\" data-anchor-in-url=\"no\"><div class=\"su-tabs-nav\"><span class=\"\" data-url=\"\" data-target=\"blank\" tabindex=\"0\" role=\"button\"><strong>DESCRIPCI\u00d3N<\/strong><\/span><span class=\"\" data-url=\"\" data-target=\"blank\" tabindex=\"0\" role=\"button\"><strong>CONTENIDO<\/strong><\/span><span class=\"\" data-url=\"\" data-target=\"blank\" tabindex=\"0\" role=\"button\"><strong>REQUISITOS DE ACCESO<\/strong><\/span><span class=\"\" data-url=\"\" data-target=\"blank\" tabindex=\"0\" role=\"button\"><strong>INSCRIPCI\u00d3N<\/strong><\/span><\/div><div class=\"su-tabs-panes\"><div class=\"su-tabs-pane su-u-clearfix su-u-trim\" data-title=\"&lt;strong&gt;DESCRIPCI\u00d3N&lt;\/strong&gt;\"><\/span><\/p>\n<h2><span style=\"color: revert; font-size: revert; font-weight: revert;\"><a href=\"http:\/\/www.adehon.org\/es\/wp-content\/uploads\/2025\/09\/aplicaciones-informaticas.png\"><img loading=\"lazy\" decoding=\"async\" class=\"alignnone wp-image-4993 size-medium\" src=\"http:\/\/www.adehon.org\/es\/wp-content\/uploads\/2025\/09\/aplicaciones-informaticas-300x300.png\" alt=\"\" width=\"300\" height=\"300\" srcset=\"https:\/\/www.adehon.org\/es\/wp-content\/uploads\/2025\/09\/aplicaciones-informaticas-300x300.png 300w, https:\/\/www.adehon.org\/es\/wp-content\/uploads\/2025\/09\/aplicaciones-informaticas-1024x1024.png 1024w, https:\/\/www.adehon.org\/es\/wp-content\/uploads\/2025\/09\/aplicaciones-informaticas-150x150.png 150w, https:\/\/www.adehon.org\/es\/wp-content\/uploads\/2025\/09\/aplicaciones-informaticas-768x768.png 768w, https:\/\/www.adehon.org\/es\/wp-content\/uploads\/2025\/09\/aplicaciones-informaticas.png 1080w\" sizes=\"auto, (max-width: 300px) 100vw, 300px\" \/><\/a><\/span><\/h2>\n<p>En este curso gratuito aprender\u00e1s\u00a0a utilizar las diferentes herramientas que se pueden encontrar dentro del programa a la hora de dise\u00f1ar y exponer presentaciones multimedia, as\u00ed como tambi\u00e9n conocer qu\u00e9 caracter\u00edsticas deber\u00e1 de tener una exposici\u00f3n eficiente.<\/p>\n<p>No dejes pasar esta oportunidad para destacar en el mercado laboral.<\/p>\n<ul>\n<li><strong>Plazo de matriculaci\u00f3n:<\/strong> ABIERTO<\/li>\n<li><strong>Fechas:<\/strong> Pr\u00f3ximo inicio<\/li>\n<li><strong>Modalidad:<\/strong> Presencial<\/li>\n<li><span style=\"color: #000000;\"><strong>Precio:<\/strong> Gratuito<\/span><\/li>\n<\/ul>\n<p><span style=\"color: #000000; font-size: 18px;\"><\/div>\n<div class=\"su-tabs-pane su-u-clearfix su-u-trim\" data-title=\"&lt;strong&gt;CONTENIDO&lt;\/strong&gt;\"><\/span><\/p>\n<ul>\n<li>Conocer las caracter\u00edsticas que debe tener una presentaci\u00f3n para ser considerada eficiente.<\/li>\n<li>Identificar los diferentes elementos que forman la pantalla del programa PowerPoint 2010.<\/li>\n<li>Ser capaz de realizar las acciones de creaci\u00f3n, grabaci\u00f3n y cierre de presentaciones.<\/li>\n<li>Aprender a realizar acciones con diapositivas: insertar, eliminar, duplicar y ordenar.<\/li>\n<li>Conocer las diferentes vistas que se pueden utilizar a la hora de crear presentaciones y las ventajas de cada una de ellas.<\/li>\n<li>Identificar los diferentes objetos que pueden ser incluidos en una diapositiva y las diferentes acciones a realizar con ellos.<\/li>\n<li>Saber cu\u00e1l es el proceso a seguir para poder insertar comentarios y notas al orador.<\/li>\n<li>Utilizar las diferentes herramientas que ofrece el programa para adaptar la apariencia de las diapositivas a los criterios gr\u00e1ficos establecidos de la persona encargada de dise\u00f1ar la presentaci\u00f3n o la imagen corporativa.<\/li>\n<li>Modificar la configuraci\u00f3n de la p\u00e1gina y de los criterios preestablecidos de impresi\u00f3n.<\/li>\n<li>Diferenciar entre los diferentes tipos de presentaciones que se pueden realizar.<\/li>\n<li>Conocer las diferentes posibilidades de animaci\u00f3n de objetos y diapositivas.<\/li>\n<\/ul>\n<p><span style=\"color: #000000;\"><\/div>\n<div class=\"su-tabs-pane su-u-clearfix su-u-trim\" data-title=\"&lt;strong&gt;REQUISITOS DE ACCESO&lt;\/strong&gt;\"><\/span><\/p>\n<p>a) Trabajador\/a<\/p>\n<p>b) Personas desempleadas, inscritas en LABORA como demandantes de EMPLEO<\/p>\n<ul>\n<li>Aquellas personas desempleadas que participen en cursos presenciales, recibir\u00e1n una beca por transporte de 1,5\u20ac por d\u00eda asistido, que se entregar\u00e1 al finalizar el curso.<\/li>\n<li>Aquellas personas desempleadas que tengan una minusval\u00eda del 33% o superior que participen en cursos presenciales, recibir\u00e1 una beca de 9\u20ac por d\u00eda asistido, m\u00e1s 1,5\u20ac por d\u00eda asistido, en concepto de transporte, que se entregar\u00e1 al finalizar el curso.<\/li>\n<\/ul>\n<p>c) Estudios m\u00ednimos:<\/p>\n<ul>\n<li>Bachiller o equivalente<\/li>\n<li>Certificado de profesionalidad nivel 3<\/li>\n<li>Certificado de profesionalidad nivel 2 de la misma familia y \u00e1rea profesional<\/li>\n<li>FPI<\/li>\n<\/ul>\n<p><span style=\"color: #000000;\"><\/div>\n<div class=\"su-tabs-pane su-u-clearfix su-u-trim\" data-title=\"&lt;strong&gt;INSCRIPCI\u00d3N&lt;\/strong&gt;\"><\/span><\/p>\n<p><a href=\"https:\/\/forms.office.com\/e\/9QPN84KWZi\">INCR\u00cdBETE AQU\u00cd<\/a><\/p>\n<p><span style=\"color: #000000;\"><\/div><\/div><\/div><\/span><\/p>\n<\/div>\n<\/div>\n<\/div>\n\n\n<p><\/p>\n","protected":false},"excerpt":{"rendered":"<p>CURSOS PRESENCIALES GRATUITOS&nbsp;LABORA 2025\/2026 Informaci\u00f3n detallada del curso UF0320: APLICACIONES INFORM\u00c1TICAS PARA PRESENTACIONES: GR\u00c1FICAS DE INFORMACI\u00d3N 30 horas<\/p>\n","protected":false},"author":1,"featured_media":0,"parent":0,"menu_order":0,"comment_status":"closed","ping_status":"closed","template":"page-fullwidth.php","meta":{"footnotes":""},"class_list":["post-4615","page","type-page","status-publish","hentry"],"_links":{"self":[{"href":"https:\/\/www.adehon.org\/es\/wp-json\/wp\/v2\/pages\/4615","targetHints":{"allow":["GET"]}}],"collection":[{"href":"https:\/\/www.adehon.org\/es\/wp-json\/wp\/v2\/pages"}],"about":[{"href":"https:\/\/www.adehon.org\/es\/wp-json\/wp\/v2\/types\/page"}],"author":[{"embeddable":true,"href":"https:\/\/www.adehon.org\/es\/wp-json\/wp\/v2\/users\/1"}],"replies":[{"embeddable":true,"href":"https:\/\/www.adehon.org\/es\/wp-json\/wp\/v2\/comments?post=4615"}],"version-history":[{"count":6,"href":"https:\/\/www.adehon.org\/es\/wp-json\/wp\/v2\/pages\/4615\/revisions"}],"predecessor-version":[{"id":4994,"href":"https:\/\/www.adehon.org\/es\/wp-json\/wp\/v2\/pages\/4615\/revisions\/4994"}],"wp:attachment":[{"href":"https:\/\/www.adehon.org\/es\/wp-json\/wp\/v2\/media?parent=4615"}],"curies":[{"name":"wp","href":"https:\/\/api.w.org\/{rel}","templated":true}]}}