{"id":4625,"date":"2024-11-12T12:10:40","date_gmt":"2024-11-12T12:10:40","guid":{"rendered":"https:\/\/www.adehon.org\/es\/?page_id=4625"},"modified":"2025-09-19T15:19:56","modified_gmt":"2025-09-19T15:19:56","slug":"docencia","status":"publish","type":"page","link":"https:\/\/www.adehon.org\/es\/docencia\/","title":{"rendered":"DOCENCIA"},"content":{"rendered":"\n<figure class=\"wp-block-image size-large is-resized\"><a href=\"http:\/\/www.adehon.org\/es\/wp-content\/uploads\/2025\/09\/GVALaboraMinisterio-Educacion-VAL.png\"><img loading=\"lazy\" decoding=\"async\" width=\"1024\" height=\"170\" src=\"http:\/\/www.adehon.org\/es\/wp-content\/uploads\/2025\/09\/GVALaboraMinisterio-Educacion-VAL-1024x170.png\" alt=\"\" class=\"wp-image-4956\" style=\"width:840px;height:auto\" srcset=\"https:\/\/www.adehon.org\/es\/wp-content\/uploads\/2025\/09\/GVALaboraMinisterio-Educacion-VAL-1024x170.png 1024w, https:\/\/www.adehon.org\/es\/wp-content\/uploads\/2025\/09\/GVALaboraMinisterio-Educacion-VAL-300x50.png 300w, https:\/\/www.adehon.org\/es\/wp-content\/uploads\/2025\/09\/GVALaboraMinisterio-Educacion-VAL-768x127.png 768w, https:\/\/www.adehon.org\/es\/wp-content\/uploads\/2025\/09\/GVALaboraMinisterio-Educacion-VAL-1536x254.png 1536w, https:\/\/www.adehon.org\/es\/wp-content\/uploads\/2025\/09\/GVALaboraMinisterio-Educacion-VAL.png 1811w\" sizes=\"auto, (max-width: 1024px) 100vw, 1024px\" \/><\/a><\/figure>\n\n\n\n<h2 class=\"wp-block-heading has-background\" style=\"background-color:#7db901\">CURSOS ONLINE GRATUITOS&nbsp;LABORA 2025\/2026<\/h2>\n\n\n\n<h3 class=\"wp-block-heading\">Informaci\u00f3n detallada del curso<\/h3>\n\n\n<h2 class=\"course-title\">SSCE0110: HABILITACI\u00d3N PARA LA DOCENCIA EN GRADOS A, B Y C DEL SISTEMA DE FORMACI\u00d3N PROFESIONAL<\/h2>\n<h2><span style=\"color: revert; font-size: revert; font-weight: revert;\">380 horas<\/span><\/h2>\n<div class=\"container\">\n<div class=\"course-details\">\n<div class=\"course-info\">\n<p><span style=\"color: #000000; font-size: 18px;\"><div class=\"su-tabs su-tabs-style-default su-tabs-mobile-stack\" data-active=\"1\" data-scroll-offset=\"0\" data-anchor-in-url=\"no\"><div class=\"su-tabs-nav\"><span class=\"\" data-url=\"\" data-target=\"blank\" tabindex=\"0\" role=\"button\"><strong>DESCRIPCI\u00d3N<\/strong><\/span><span class=\"\" data-url=\"\" data-target=\"blank\" tabindex=\"0\" role=\"button\"><strong>CONTENIDO<\/strong><\/span><span class=\"\" data-url=\"\" data-target=\"blank\" tabindex=\"0\" role=\"button\"><strong>REQUISITOS DE ACCESO<\/strong><\/span><span class=\"\" data-url=\"\" data-target=\"blank\" tabindex=\"0\" role=\"button\"><strong>OCUPACIONES Y PUESTOS DE TRABAJO<\/strong><\/span><span class=\"\" data-url=\"\" data-target=\"blank\" tabindex=\"0\" role=\"button\"><strong>INSCRIPCI\u00d3N<\/strong><\/span><\/div><div class=\"su-tabs-panes\"><div class=\"su-tabs-pane su-u-clearfix su-u-trim\" data-title=\"&lt;strong&gt;DESCRIPCI\u00d3N&lt;\/strong&gt;\"><\/span><\/p>\n<h2><span style=\"color: revert; font-size: revert; font-weight: revert;\"><a href=\"http:\/\/www.adehon.org\/es\/wp-content\/uploads\/2025\/09\/Post-de-Instagram-Curso-de-Marketing-moderno-azul.png\"><img loading=\"lazy\" decoding=\"async\" class=\"alignnone wp-image-4958 size-medium\" src=\"http:\/\/www.adehon.org\/es\/wp-content\/uploads\/2025\/09\/Post-de-Instagram-Curso-de-Marketing-moderno-azul-300x300.png\" alt=\"\" width=\"300\" height=\"300\" srcset=\"https:\/\/www.adehon.org\/es\/wp-content\/uploads\/2025\/09\/Post-de-Instagram-Curso-de-Marketing-moderno-azul-300x300.png 300w, https:\/\/www.adehon.org\/es\/wp-content\/uploads\/2025\/09\/Post-de-Instagram-Curso-de-Marketing-moderno-azul-1024x1024.png 1024w, https:\/\/www.adehon.org\/es\/wp-content\/uploads\/2025\/09\/Post-de-Instagram-Curso-de-Marketing-moderno-azul-150x150.png 150w, https:\/\/www.adehon.org\/es\/wp-content\/uploads\/2025\/09\/Post-de-Instagram-Curso-de-Marketing-moderno-azul-768x768.png 768w, https:\/\/www.adehon.org\/es\/wp-content\/uploads\/2025\/09\/Post-de-Instagram-Curso-de-Marketing-moderno-azul.png 1080w\" sizes=\"auto, (max-width: 300px) 100vw, 300px\" \/><\/a><\/span><\/h2>\n<p data-sourcepos=\"3:1-3:269\">El Certificado de Profesionalidad de\u00a0<strong>Habilitaci\u00f3n para la Docencia en Grados A, B y C del Sistema de Formaci\u00f3n Profesional<\/strong>\u00a0(SSCE0110) es una titulaci\u00f3n oficial que habilita a sus titulares para impartir formaci\u00f3n en el \u00e1mbito de la formaci\u00f3n profesional para el empleo.<\/p>\n<p data-sourcepos=\"5:1-5:281\">Este\u00a0certificado\u00a0est\u00e1 dirigido a personas que quieran dedicarse a la docencia en el \u00e1mbito de la formaci\u00f3n profesional,\u00a0<strong>tanto en centros p\u00fablicos como privados<\/strong>. Tambi\u00e9n puede ser de inter\u00e9s para personas que quieran actualizar sus conocimientos o ampliar su formaci\u00f3n en esta \u00e1rea.<\/p>\n<p>No dejes pasar esta oportunidad para destacar en el mercado laboral.<\/p>\n<ul>\n<li><strong>Plazo de matriculaci\u00f3n:<\/strong> ABIERTO<\/li>\n<li><strong>Fechas:<\/strong> Pr\u00f3ximo inicio<\/li>\n<li><strong>Modalidad:<\/strong> Online, con ex\u00e1menes presenciales y pr\u00e1cticas formativas en empresa (95 horas).<\/li>\n<li><span style=\"color: #000000;\"><strong>Precio:<\/strong> Gratuito<\/span><\/li>\n<\/ul>\n<p><span style=\"color: #000000; font-size: 18px;\"><\/div>\n<div class=\"su-tabs-pane su-u-clearfix su-u-trim\" data-title=\"&lt;strong&gt;CONTENIDO&lt;\/strong&gt;\"><\/span><\/p>\n<ul>\n<li><strong>MF1442_3:<\/strong> Programaci\u00f3n did\u00e1ctica de acciones formativas para el empleo<\/li>\n<li><strong>MF1443_3:<\/strong> Selecci\u00f3n, elaboraci\u00f3n, adaptaci\u00f3n y utilizaci\u00f3n de materiales, medios y recursos did\u00e1cticos en formaci\u00f3n profesional para el empleo<\/li>\n<li><strong>MF1444_3:<\/strong> Impartici\u00f3n y tutorizaci\u00f3n de acciones formativas para el empleo\n<ul>\n<li><strong>UF1645:<\/strong> Impartici\u00f3n de acciones formativas para el empleo<\/li>\n<li><strong>UF1646:<\/strong> Tutorizaci\u00f3n de acciones formativas para el empleo<\/li>\n<\/ul>\n<\/li>\n<li><strong>MF1445_3:<\/strong> Evaluaci\u00f3n del proceso de ense\u00f1anza &#8211; aprendizaje en formaci\u00f3n profesional para el empleo\u00a0<\/li>\n<li><strong>MF1446_3:<\/strong> Orientaci\u00f3n laboral y promoci\u00f3n de la calidad en la formaci\u00f3n profesional para el empleo\u00a0<\/li>\n<\/ul>\n<p><span style=\"color: #000000;\"><\/div>\n<div class=\"su-tabs-pane su-u-clearfix su-u-trim\" data-title=\"&lt;strong&gt;REQUISITOS DE ACCESO&lt;\/strong&gt;\"><\/span><\/p>\n<p>a) Trabajador\/a<\/p>\n<p>b) Estudios m\u00ednimos:<\/p>\n<ul>\n<li>Bachiller o equivalente<\/li>\n<li>Grado FP I<\/li>\n<\/ul>\n<p><span style=\"color: #000000; font-size: 18px;\"><\/div>\n<div class=\"su-tabs-pane su-u-clearfix su-u-trim\" data-title=\"&lt;strong&gt;OCUPACIONES Y PUESTOS DE TRABAJO&lt;\/strong&gt;\"><\/span><\/p>\n<p>Te indicamos las ocupaciones y puestos de trabajo relacionados con este Certificado Profesional:<\/p>\n<ul>\n<li><strong>Formador de formaci\u00f3n no reglada.<\/strong><\/li>\n<li><strong>Formador de formaci\u00f3n ocupacional no reglada.<\/strong><\/li>\n<li><strong>Formador ocupacional.<\/strong><\/li>\n<li><strong>Formador para el empleo.<\/strong><\/li>\n<li><strong>Formador de formadores.<\/strong><\/li>\n<\/ul>\n<p><span style=\"color: #000000;\"><\/div>\n<div class=\"su-tabs-pane su-u-clearfix su-u-trim\" data-title=\"&lt;strong&gt;INSCRIPCI\u00d3N&lt;\/strong&gt;\"><\/span><\/p>\n<p><a href=\"https:\/\/forms.office.com\/e\/9QPN84KWZi\">INCR\u00cdBETE AQU\u00cd<\/a><\/p>\n<p><span style=\"color: #000000;\"><\/div><\/div><\/div><\/span><\/p>\n<\/div>\n<\/div>\n<\/div>\n\n\n<p><\/p>\n","protected":false},"excerpt":{"rendered":"<p>CURSOS ONLINE GRATUITOS&nbsp;LABORA 2025\/2026 Informaci\u00f3n detallada del curso SSCE0110: HABILITACI\u00d3N PARA LA DOCENCIA EN GRADOS A, B Y C DEL SISTEMA DE FORMACI\u00d3N PROFESIONAL 380 horas<\/p>\n","protected":false},"author":1,"featured_media":0,"parent":0,"menu_order":0,"comment_status":"closed","ping_status":"closed","template":"page-fullwidth.php","meta":{"footnotes":""},"class_list":["post-4625","page","type-page","status-publish","hentry"],"_links":{"self":[{"href":"https:\/\/www.adehon.org\/es\/wp-json\/wp\/v2\/pages\/4625","targetHints":{"allow":["GET"]}}],"collection":[{"href":"https:\/\/www.adehon.org\/es\/wp-json\/wp\/v2\/pages"}],"about":[{"href":"https:\/\/www.adehon.org\/es\/wp-json\/wp\/v2\/types\/page"}],"author":[{"embeddable":true,"href":"https:\/\/www.adehon.org\/es\/wp-json\/wp\/v2\/users\/1"}],"replies":[{"embeddable":true,"href":"https:\/\/www.adehon.org\/es\/wp-json\/wp\/v2\/comments?post=4625"}],"version-history":[{"count":10,"href":"https:\/\/www.adehon.org\/es\/wp-json\/wp\/v2\/pages\/4625\/revisions"}],"predecessor-version":[{"id":4959,"href":"https:\/\/www.adehon.org\/es\/wp-json\/wp\/v2\/pages\/4625\/revisions\/4959"}],"wp:attachment":[{"href":"https:\/\/www.adehon.org\/es\/wp-json\/wp\/v2\/media?parent=4625"}],"curies":[{"name":"wp","href":"https:\/\/api.w.org\/{rel}","templated":true}]}}