{"id":467,"date":"2013-01-25T12:18:56","date_gmt":"2013-01-25T12:18:56","guid":{"rendered":"http:\/\/www.adehon.org\/es\/?page_id=467"},"modified":"2021-02-15T15:58:50","modified_gmt":"2021-02-15T15:58:50","slug":"certificados_profesionalidad","status":"publish","type":"page","link":"https:\/\/www.adehon.org\/es\/certificados_profesionalidad\/","title":{"rendered":"CERT. Profesionalidad"},"content":{"rendered":"<div class=\"grid_12 \"><div class=\"top-content\"><div class=\"inner\">\n<h2>CERTIFICADOS DE PROFESIONALIDAD<\/h2>\n<p style=\"text-align: justify;\">Se trata de los DOCUMENTOS OFICIALES\u00a0que certifican y acreditan que est\u00e1s cualificado para desarrollar una profesi\u00f3n en Espa\u00f1a. Est\u00e1n regulados por el Real Decreto 189\/2013, de 15 de marzo, por el que se modifica el RD 34\/2008, de 18 de enero, por el que se regulan los certificados de profesionalidad y los reales decretos por los que se establecen certificados de profesionalidad dictados en su aplicaci\u00f3n. BOE N\u00ba 69 21 marzo 2013 Informaci\u00f3n Legislativa N\u00ba 685 16-31 MARZO 2013.<\/p>\n<\/div><\/div><!-- .top-content (end) --><\/div><div class=\"clear\"><\/div>\n<div class=\"grid_8 \"><h2 style=\"text-align: justify;\">ACREDITA OFICIALMENTE TUS CONOCIMIENTOS Y AUMENTA TU EMPLEABILIDAD<\/h2>\n<h3 style=\"text-align: left;\"><div class=\"alert-box attention-box\">Contacta con nosotros y comienza a recorrer tu camino hacia un empleo!<\/div><\/h3>\n<p><span style=\"color: #99cc00;\" data-mce-mark=\"1\">\u00a0<\/span><\/p>\n<h2><em><span style=\"color: #99cc00;\">Te indicaremos qu\u00e9 certificados de profesionalidad son los m\u00e1s \u00fatiles y demandados por parte de las empresas!<\/span><\/em><\/h2>\n<p style=\"text-align: justify;\">Gracias a los Certificados de profesionalidad puedes acreditar que est\u00e1s cualificado y capacitado para realizar una profesi\u00f3n. Estos certificados forman parte del Cat\u00e1logo Nacional de las Cualificaciones Profesionales y te servir\u00e1n para participar en todas aquellos procesos de selecci\u00f3n de personal en los que te presentes.<\/p>\n<p style=\"text-align: justify;\">Seg\u00fan todos los expertos y profesionales de RRHH vinculados a procesos de selecci\u00f3n de personal, tener un CERTIFICADO DE PROFESIONALIDAD, al ser un documento OFICIAL <strong>es la mejor forma de optar a un empleo con garant\u00edas de \u00e9xito<\/strong>.<\/p>\n<p style=\"text-align: justify;\">Adem\u00e1s, una caracter\u00edstica fundamental es que tienen validez en toda ESPA\u00d1A independientemente de que hayan sido emitidos por el SEPE &#8211; Servicio P\u00fablico de Empleo Estatal (SEPE) o, dependiendo de donde vivas, por las propias Comunidades Aut\u00f3nomas.<\/p>\n<a href=\"https:\/\/www.adehon.org\/es\/contacto\/\" title=\"Contacta con nosotros\" class=\"button normal\" target=\"_self\">Contacta con nosotros<\/a><!-- .button (end) --><\/div>\n<div class=\"grid_4 \"><p style=\"text-align: justify;\"><strong>Estos son los Certificados de Profesionalidad y Programas Formativos que impartimos en ADEHON y que tienen mayor demanda y solicitud por parte de nuestros usuarios:<\/strong><\/p>\n<pre><span style=\"color: #000000;\"><a href=\"http:\/\/www.adehon.org\/es\/portfolio-view\/area_sociosanitaria\/\" target=\"_blank\" rel=\"noopener noreferrer\"><span style=\"color: #000000;\"><strong>Atenci\u00f3n Sociosanitaria para persona dependientes en Instituciones Sociales<\/strong><\/span><\/a>\n\n<a href=\"http:\/\/www.adehon.org\/es\/portfolio-view\/tecnico-teleasistencia-sanitari\/\" target=\"_blank\" rel=\"noopener noreferrer\"><span style=\"color: #000000;\"><strong>T\u00e9cnico en Teleasistencia sanitaria\n<\/strong><\/span><\/a>\n<a href=\"http:\/\/www.adehon.org\/es\/portfolio-view\/tecnico-en-educacion-infantil\/\" target=\"_blank\" rel=\"noopener noreferrer\"><span style=\"color: #000000;\"><strong>Educacion Infantil\n<\/strong><\/span><\/a>\n<a href=\"http:\/\/www.adehon.org\/es\/portfolio-view\/comercio-exterior-marketing-y-compraventa-internacional\/\" target=\"_blank\" rel=\"noopener noreferrer\"><span style=\"color: #000000;\"><strong>T\u00e9cnico\u00a0Comercio Exterior\n<\/strong><\/span><\/a>\n<a href=\"http:\/\/www.adehon.org\/es\/portfolio-view\/profesional-english\/\" target=\"_blank\" rel=\"noopener noreferrer\"><span style=\"color: #000000;\"><strong>Ingl\u00e9s para profesionales\n<\/strong><\/span><\/a>\n<a href=\"http:\/\/www.adehon.org\/es\/portfolio-view\/professional-german\/\" target=\"_blank\" rel=\"noopener noreferrer\"><span style=\"color: #000000;\"><strong>Alem\u00e1n para profesionales\n<\/strong><\/span><\/a>\n<strong><a href=\"http:\/\/www.adehon.org\/es\/portfolio-view\/programa-preparacion-para-el-acceso-a-ciclos-formativos-a-grado-medio-y-superior\/\" target=\"_blank\" rel=\"noopener noreferrer\"><span style=\"color: #000000;\">Programa de Acceso a Ciclos Formativos<\/span><\/a><\/strong><strong>\u00a0<\/strong><strong>\n\n<a title=\"Graduado ESO\" href=\"G. MEDIO \u201cATENCI\u00d3N A PERSONAS EN SITUACI\u00d3N DE DEPENDENCIA\"><span style=\"color: #000000;\">Programa Obtenci\u00f3n T\u00edtulo Graduado en ESO<\/span><\/a>\n\n<a title=\"Educaci\u00f3n Infantil - Grado Superior\" href=\"http:\/\/www.adehon.org\/es\/portfolio-view\/preparacion-prueba-libre-grado-superior-educacion-infantil\/\"><span style=\"color: #000000;\">Programa Obtenci\u00f3n T\u00edtulo T\u00e9cnico Educaci\u00f3n Infantil Grado Superior<\/span><\/a>\n\n<a title=\"Prueba Libre Atencion Sociosanitaria Grado Medio\" href=\"http:\/\/www.adehon.org\/es\/portfolio-view\/preparacion-prueba-libre-para-obtencion-del-grado-medio-atencion-a-personas-en-situacion-de-dependencia\/\"><span style=\"color: #000000;\">Programa Obtenci\u00f3n libre Grado Medio Atenci\u00f3n personas Situaci\u00f3n Dependencia<\/span><\/a>\n\n<a href=\"http:\/\/www.adehon.org\/es\/portfolio-view\/preparacion-examen-junta-qualificadora-coneixements-en-valencia-jqcv\/\"><span style=\"color: #000000;\">Programa de JQCV - Junta Qualificadora de Coneixements de Valenci\u00e1<\/span><\/a>\n\n<a title=\"acceso &gt; 25 a\u00f1os\" href=\"http:\/\/www.adehon.org\/es\/portfolio-view\/preparacion-acceso-universidad-mayores-de-25-anos\/\"><span style=\"color: #000000;\">Programa de Acceso a Universidad &gt;25 a\u00f1os<\/span><\/a>\n\n<\/strong><strong><a href=\"http:\/\/www.adehon.org\/es\/portfolio-view\/programa-acceso-a-la-universidad-para-mayores-de-40-y-45-anos\/\"><span style=\"color: #000000;\">Programa de Acceso a Universidad &gt; 40 - 45 a\u00f1os<\/span><\/a><\/strong><\/span><\/pre>\n<p style=\"text-align: center;\"><a href=\"http:\/\/www.adehon.org\/es\/certificados_profesionalidad\/practicas-en-empresa\/\" target=\"_blank\" rel=\"noopener noreferrer\"><img loading=\"lazy\" decoding=\"async\" class=\"aligncenter wp-image-584\" src=\"http:\/\/www.adehon.org\/es\/wp-content\/uploads\/2013\/01\/con-practicas.jpg\" alt=\"con practicas\" width=\"201\" height=\"135\" \/><\/a><\/p>\n<h2><\/h2><\/div>\n<div class=\"grid_12 \"><h2>Carnets Profesionales<\/h2>\n<h6><div class=\"frame alignleft\"><img loading=\"lazy\" decoding=\"async\" title=\"2page_img1\" src=\"http:\/\/www.adehon.org\/es\/wp-content\/uploads\/2011\/07\/2page_img1.png\" alt=\"\" width=\"215\" height=\"118\" \/><\/div><!-- .frame (end) --> Los Carnets Profesionales tambi\u00e9n son b\u00e1sicos para el desarrollo de determinadas profesiones<\/h6>\n<p>De igual forma que los CERTIFICADOS DE PROFESIONALIDAD, los CARNETS PROFESIONALES son acreditaciones que permiten cumplir con ciertas normativas en algunos sectores de actividad.<\/p>\n<p>En ADEHON puedes obtener los Carnets Profesionales m\u00e1s \u00fatiles y habituales como: Manipulador de alimentos, CAP (Transporte), \u00a0TPC (Tarjeta Profesional de la Construcci\u00f3n), etc.<\/p><\/div><div class=\"clear\"><\/div><div class=\"hr\"><!-- --><\/div>\n<h3>Cumplimenta este formulario y te daremos informaci\u00f3n detallada de como OBTENER UN CERTIFICADO DE PROFESIONALIDAD:<\/h3>\n[contact-form 1 \u00abContact form 1\u00bb]\n","protected":false},"excerpt":{"rendered":"<p>Cumplimenta este formulario y te daremos informaci\u00f3n detallada de como OBTENER UN CERTIFICADO DE PROFESIONALIDAD: [contact-form 1 \u00abContact form 1\u00bb]<\/p>\n","protected":false},"author":1,"featured_media":0,"parent":0,"menu_order":2,"comment_status":"closed","ping_status":"closed","template":"page-fullwidth.php","meta":{"footnotes":""},"class_list":["post-467","page","type-page","status-publish","hentry"],"_links":{"self":[{"href":"https:\/\/www.adehon.org\/es\/wp-json\/wp\/v2\/pages\/467","targetHints":{"allow":["GET"]}}],"collection":[{"href":"https:\/\/www.adehon.org\/es\/wp-json\/wp\/v2\/pages"}],"about":[{"href":"https:\/\/www.adehon.org\/es\/wp-json\/wp\/v2\/types\/page"}],"author":[{"embeddable":true,"href":"https:\/\/www.adehon.org\/es\/wp-json\/wp\/v2\/users\/1"}],"replies":[{"embeddable":true,"href":"https:\/\/www.adehon.org\/es\/wp-json\/wp\/v2\/comments?post=467"}],"version-history":[{"count":79,"href":"https:\/\/www.adehon.org\/es\/wp-json\/wp\/v2\/pages\/467\/revisions"}],"predecessor-version":[{"id":3753,"href":"https:\/\/www.adehon.org\/es\/wp-json\/wp\/v2\/pages\/467\/revisions\/3753"}],"wp:attachment":[{"href":"https:\/\/www.adehon.org\/es\/wp-json\/wp\/v2\/media?parent=467"}],"curies":[{"name":"wp","href":"https:\/\/api.w.org\/{rel}","templated":true}]}}