{"id":4814,"date":"2025-09-18T08:36:26","date_gmt":"2025-09-18T08:36:26","guid":{"rendered":"https:\/\/www.adehon.org\/es\/?page_id=4814"},"modified":"2025-09-18T09:41:47","modified_gmt":"2025-09-18T09:41:47","slug":"nutricion-y-dietetica","status":"publish","type":"page","link":"https:\/\/www.adehon.org\/es\/nutricion-y-dietetica\/","title":{"rendered":"NUTRICI\u00d3N Y DIET\u00c9TICA"},"content":{"rendered":"\n<figure class=\"wp-block-image size-large is-resized\"><a href=\"http:\/\/www.adehon.org\/es\/wp-content\/uploads\/2025\/09\/GVALaboraMinisterio-TrabajoSEPE-ESP-1.png\"><img loading=\"lazy\" decoding=\"async\" width=\"1024\" height=\"153\" src=\"http:\/\/www.adehon.org\/es\/wp-content\/uploads\/2025\/09\/GVALaboraMinisterio-TrabajoSEPE-ESP-1-1024x153.png\" alt=\"\" class=\"wp-image-4818\" style=\"width:840px;height:auto\" srcset=\"https:\/\/www.adehon.org\/es\/wp-content\/uploads\/2025\/09\/GVALaboraMinisterio-TrabajoSEPE-ESP-1-1024x153.png 1024w, https:\/\/www.adehon.org\/es\/wp-content\/uploads\/2025\/09\/GVALaboraMinisterio-TrabajoSEPE-ESP-1-300x45.png 300w, https:\/\/www.adehon.org\/es\/wp-content\/uploads\/2025\/09\/GVALaboraMinisterio-TrabajoSEPE-ESP-1-768x115.png 768w, https:\/\/www.adehon.org\/es\/wp-content\/uploads\/2025\/09\/GVALaboraMinisterio-TrabajoSEPE-ESP-1-1536x230.png 1536w, https:\/\/www.adehon.org\/es\/wp-content\/uploads\/2025\/09\/GVALaboraMinisterio-TrabajoSEPE-ESP-1.png 2004w\" sizes=\"auto, (max-width: 1024px) 100vw, 1024px\" \/><\/a><\/figure>\n\n\n\n<h2 class=\"wp-block-heading has-background\" style=\"background-color:#7db901\"><strong>CURSOS ONLINE GRATUITOS LABORA 2025\/2026<\/strong><\/h2>\n\n\n\n<h3 class=\"wp-block-heading\">Informaci\u00f3n detallada del curso<\/h3>\n\n\n<h2 class=\"course-title\">NUTRICI\u00d3N Y DIET\u00c9TICA<\/h2>\n<h2><span style=\"color: revert; font-size: revert; font-weight: revert;\">110 horas<\/span><\/h2>\n<div class=\"container\">\n<div class=\"course-details\">\n<div class=\"course-info\">\n<p><span style=\"color: #000000; font-size: 18px;\"><div class=\"su-tabs su-tabs-style-default su-tabs-mobile-stack\" data-active=\"1\" data-scroll-offset=\"0\" data-anchor-in-url=\"no\"><div class=\"su-tabs-nav\"><span class=\"\" data-url=\"\" data-target=\"blank\" tabindex=\"0\" role=\"button\"><strong>DESCRIPCI\u00d3N<\/strong><\/span><span class=\"\" data-url=\"\" data-target=\"blank\" tabindex=\"0\" role=\"button\"><strong>CONTENIDO<\/strong><\/span><span class=\"\" data-url=\"\" data-target=\"blank\" tabindex=\"0\" role=\"button\"><strong>REQUISITOS DE ACCESO<\/strong><\/span><span class=\"\" data-url=\"\" data-target=\"blank\" tabindex=\"0\" role=\"button\"><strong>INSCRIPCI\u00d3N<\/strong><\/span><\/div><div class=\"su-tabs-panes\"><div class=\"su-tabs-pane su-u-clearfix su-u-trim\" data-title=\"&lt;strong&gt;DESCRIPCI\u00d3N&lt;\/strong&gt;\"><\/span><\/p>\n<h2><span style=\"color: revert; font-size: revert; font-weight: revert;\"><a href=\"http:\/\/www.adehon.org\/es\/wp-content\/uploads\/2025\/09\/NUTRICION.png\"><img loading=\"lazy\" decoding=\"async\" class=\"alignnone wp-image-4753 size-medium\" src=\"http:\/\/www.adehon.org\/es\/wp-content\/uploads\/2025\/09\/NUTRICION-300x300.png\" alt=\"\" width=\"300\" height=\"300\" srcset=\"https:\/\/www.adehon.org\/es\/wp-content\/uploads\/2025\/09\/NUTRICION-300x300.png 300w, https:\/\/www.adehon.org\/es\/wp-content\/uploads\/2025\/09\/NUTRICION-1024x1024.png 1024w, https:\/\/www.adehon.org\/es\/wp-content\/uploads\/2025\/09\/NUTRICION-150x150.png 150w, https:\/\/www.adehon.org\/es\/wp-content\/uploads\/2025\/09\/NUTRICION-768x768.png 768w, https:\/\/www.adehon.org\/es\/wp-content\/uploads\/2025\/09\/NUTRICION.png 1080w\" sizes=\"auto, (max-width: 300px) 100vw, 300px\" \/><\/a><\/span><\/h2>\n<p data-sourcepos=\"3:1-3:269\">Adquirir conocimientos sobre las necesidades del organismo de los principales macronutrientes y micronutrientes y de la repercusi\u00f3n en la salud que tiene su exceso y carencia, que posibiliten realizar dietas y men\u00fas adaptados a las caracter\u00edsticas de cada persona y situaci\u00f3n.<\/p>\n<ul>\n<li><strong>Plazo de matriculaci\u00f3n:<\/strong> ABIERTO<\/li>\n<li><strong>Fechas:<\/strong> Pr\u00f3ximamente.\u00a0<\/li>\n<li><strong>Modalidad:<\/strong> Online<\/li>\n<li><span style=\"color: #000000;\"><strong>Precio:<\/strong> Gratuito<\/span><\/li>\n<\/ul>\n<p><span style=\"color: #000000; font-size: 18px;\"><\/div>\n<div class=\"su-tabs-pane su-u-clearfix su-u-trim\" data-title=\"&lt;strong&gt;CONTENIDO&lt;\/strong&gt;\"><\/span><\/p>\n<p>1 INTRODUCCI\u00d3N A LA NUTRICI\u00d3N. CONCEPTOS Y NECESIDADES DE ENERG\u00cdA<\/p>\n<p>2 PROTE\u00cdNAS<\/p>\n<p>3 L\u00cdPIDOS<\/p>\n<p>4 HIDRATOS DE CARBONO Y FIBRA DIET\u00c9TICA<\/p>\n<p>5 VITAMINAS<\/p>\n<p>6 MINERALES<\/p>\n<p>7 INGESTAS RECOMENDADA<\/p>\n<p>8 GRUPO DE ALIMENTOS Y NUTRIENTES QUE APORTAN<\/p>\n<p>9 ALIMENTOS DEL NI\u00d1O<\/p>\n<p>10 ALIMENTACI\u00d3N DURANTE EL EMBARAZO<\/p>\n<p>11 NUTRICI\u00d3N DE LAS PERSONAS MAYORES<\/p>\n<p>12 ALIMENTACI\u00d3N EN EL CONTROL DE PESO<\/p>\n<p>13 ALIMENTACI\u00d3N Y DEPORTE<\/p>\n<p>14 NUTRICI\u00d3N EN LA PREVENCI\u00d3N Y CONTROL DE ENFERMEDADES CARDIOVASCULARES<\/p>\n<p>15 INTERACCIONES NUTRIENTES-F\u00c1RMACOS<\/p>\n<p>16 GU\u00cdAS EN ALIMENTACI\u00d3N Y PLANIFICACI\u00d3N DE DIETAS<\/p>\n<p>17 EVALUACI\u00d3N NUTRICIONAL<\/p>\n<p>18 ENCUESTAS ALIMENTARIAS<\/p>\n<p>19 ENFERMEDADES ASOCIADAS A LA NUTRICI\u00d3N<\/p>\n<p>20 MANIPULACI\u00d3N DE ALIMENTOS, HIGIENE Y SEGURIDAD<\/p>\n<p>21 EDUCACI\u00d3N NUTRICIONAL<\/p>\n<\/p>\n<\/div>\n<\/div>\n<div class=\"course-details\">\n<div class=\"course-info\">\n<p><span style=\"color: #000000;\"><\/div>\n<div class=\"su-tabs-pane su-u-clearfix su-u-trim\" data-title=\"&lt;strong&gt;REQUISITOS DE ACCESO&lt;\/strong&gt;\"><\/span><\/p>\n<p>a) Trabajador\/a<\/p>\n<p><span style=\"color: #000000;\"><\/div>\n<div class=\"su-tabs-pane su-u-clearfix su-u-trim\" data-title=\"&lt;strong&gt;INSCRIPCI\u00d3N&lt;\/strong&gt;\"><\/span><\/p>\n<p><a href=\"https:\/\/forms.office.com\/e\/BjpzkRpJCR\">INCR\u00cdBETE AQU\u00cd<\/a><\/p>\n<p><span style=\"color: #000000;\"><\/div><\/div><\/div><\/span><\/p>\n<\/div>\n<\/div>\n<\/div>\n\n\n<p><\/p>\n","protected":false},"excerpt":{"rendered":"<p>CURSOS ONLINE GRATUITOS LABORA 2025\/2026 Informaci\u00f3n detallada del curso NUTRICI\u00d3N Y DIET\u00c9TICA 110 horas<\/p>\n","protected":false},"author":1,"featured_media":0,"parent":0,"menu_order":0,"comment_status":"closed","ping_status":"closed","template":"page-fullwidth.php","meta":{"footnotes":""},"class_list":["post-4814","page","type-page","status-publish","hentry"],"_links":{"self":[{"href":"https:\/\/www.adehon.org\/es\/wp-json\/wp\/v2\/pages\/4814","targetHints":{"allow":["GET"]}}],"collection":[{"href":"https:\/\/www.adehon.org\/es\/wp-json\/wp\/v2\/pages"}],"about":[{"href":"https:\/\/www.adehon.org\/es\/wp-json\/wp\/v2\/types\/page"}],"author":[{"embeddable":true,"href":"https:\/\/www.adehon.org\/es\/wp-json\/wp\/v2\/users\/1"}],"replies":[{"embeddable":true,"href":"https:\/\/www.adehon.org\/es\/wp-json\/wp\/v2\/comments?post=4814"}],"version-history":[{"count":3,"href":"https:\/\/www.adehon.org\/es\/wp-json\/wp\/v2\/pages\/4814\/revisions"}],"predecessor-version":[{"id":4836,"href":"https:\/\/www.adehon.org\/es\/wp-json\/wp\/v2\/pages\/4814\/revisions\/4836"}],"wp:attachment":[{"href":"https:\/\/www.adehon.org\/es\/wp-json\/wp\/v2\/media?parent=4814"}],"curies":[{"name":"wp","href":"https:\/\/api.w.org\/{rel}","templated":true}]}}