{"id":4843,"date":"2025-09-18T10:09:53","date_gmt":"2025-09-18T10:09:53","guid":{"rendered":"https:\/\/www.adehon.org\/es\/?page_id=4843"},"modified":"2025-09-18T10:09:54","modified_gmt":"2025-09-18T10:09:54","slug":"marketing-y-reputacion-online","status":"publish","type":"page","link":"https:\/\/www.adehon.org\/es\/marketing-y-reputacion-online\/","title":{"rendered":"MARKETING Y REPUTACI\u00d3N ONLINE"},"content":{"rendered":"\n<figure class=\"wp-block-image size-large\"><a href=\"http:\/\/www.adehon.org\/es\/wp-content\/uploads\/2025\/09\/GVALaboraMinisterio-TrabajoSEPE-ESP-1.png\"><img loading=\"lazy\" decoding=\"async\" width=\"1024\" height=\"153\" src=\"http:\/\/www.adehon.org\/es\/wp-content\/uploads\/2025\/09\/GVALaboraMinisterio-TrabajoSEPE-ESP-1-1024x153.png\" alt=\"\" class=\"wp-image-4818\" srcset=\"https:\/\/www.adehon.org\/es\/wp-content\/uploads\/2025\/09\/GVALaboraMinisterio-TrabajoSEPE-ESP-1-1024x153.png 1024w, https:\/\/www.adehon.org\/es\/wp-content\/uploads\/2025\/09\/GVALaboraMinisterio-TrabajoSEPE-ESP-1-300x45.png 300w, https:\/\/www.adehon.org\/es\/wp-content\/uploads\/2025\/09\/GVALaboraMinisterio-TrabajoSEPE-ESP-1-768x115.png 768w, https:\/\/www.adehon.org\/es\/wp-content\/uploads\/2025\/09\/GVALaboraMinisterio-TrabajoSEPE-ESP-1-1536x230.png 1536w, https:\/\/www.adehon.org\/es\/wp-content\/uploads\/2025\/09\/GVALaboraMinisterio-TrabajoSEPE-ESP-1.png 2004w\" sizes=\"auto, (max-width: 1024px) 100vw, 1024px\" \/><\/a><\/figure>\n\n\n\n<h2 class=\"wp-block-heading has-background\" style=\"background-color:#7db901\"><strong>CURSOS ONLINE GRATUITOS LABORA 2025\/2026<\/strong><\/h2>\n\n\n\n<h3 class=\"wp-block-heading\">Informaci\u00f3n detallada del curso<\/h3>\n\n\n<h2 class=\"course-title\">MARKETING Y REPUTACI\u00d3N ONLINE<\/h2>\n<h2><span style=\"color: revert; font-size: revert; font-weight: revert;\">180 horas<\/span><\/h2>\n<div class=\"container\">\n<div class=\"course-details\">\n<div class=\"course-info\">\n<p><span style=\"color: #000000; font-size: 18px;\"><div class=\"su-tabs su-tabs-style-default su-tabs-mobile-stack\" data-active=\"1\" data-scroll-offset=\"0\" data-anchor-in-url=\"no\"><div class=\"su-tabs-nav\"><span class=\"\" data-url=\"\" data-target=\"blank\" tabindex=\"0\" role=\"button\"><strong>DESCRIPCI\u00d3N<\/strong><\/span><span class=\"\" data-url=\"\" data-target=\"blank\" tabindex=\"0\" role=\"button\"><strong>CONTENIDO<\/strong><\/span><span class=\"\" data-url=\"\" data-target=\"blank\" tabindex=\"0\" role=\"button\"><strong>REQUISITOS DE ACCESO<\/strong><\/span><span class=\"\" data-url=\"\" data-target=\"blank\" tabindex=\"0\" role=\"button\"><strong>INSCRIPCI\u00d3N<\/strong><\/span><\/div><div class=\"su-tabs-panes\"><div class=\"su-tabs-pane su-u-clearfix su-u-trim\" data-title=\"&lt;strong&gt;DESCRIPCI\u00d3N&lt;\/strong&gt;\"><\/span><\/p>\n<h2><span style=\"color: revert; font-size: revert; font-weight: revert;\"><a href=\"http:\/\/www.adehon.org\/es\/wp-content\/uploads\/2025\/09\/MARKETING-REP-ONLINE.png\"><img loading=\"lazy\" decoding=\"async\" class=\"alignnone wp-image-4802 size-medium\" src=\"http:\/\/www.adehon.org\/es\/wp-content\/uploads\/2025\/09\/MARKETING-REP-ONLINE-300x251.png\" alt=\"\" width=\"300\" height=\"251\" srcset=\"https:\/\/www.adehon.org\/es\/wp-content\/uploads\/2025\/09\/MARKETING-REP-ONLINE-300x251.png 300w, https:\/\/www.adehon.org\/es\/wp-content\/uploads\/2025\/09\/MARKETING-REP-ONLINE-768x644.png 768w, https:\/\/www.adehon.org\/es\/wp-content\/uploads\/2025\/09\/MARKETING-REP-ONLINE.png 940w\" sizes=\"auto, (max-width: 300px) 100vw, 300px\" \/><\/a><\/span><\/h2>\n<p data-sourcepos=\"3:1-3:269\">Adquirir los conocimientos necesarios para desempe\u00f1ar las funciones propias del perfil de Community Manager, desarrollar un plan de marketing online en su totalidad, as\u00ed como llevar a cabo las actuaciones necesarias para la gesti\u00f3n de reputaci\u00f3n online de la empresa y mejorar su posicionamiento web.<\/p>\n<ul>\n<li><strong>Plazo de matriculaci\u00f3n:<\/strong> ABIERTO<\/li>\n<li><strong>Fechas:<\/strong> Pr\u00f3ximamente.\u00a0<\/li>\n<li><strong>Modalidad:<\/strong> Online<\/li>\n<li><span style=\"color: #000000;\"><strong>Precio:<\/strong> Gratuito<\/span><\/li>\n<\/ul>\n<p><span style=\"color: #000000; font-size: 18px;\"><\/div>\n<div class=\"su-tabs-pane su-u-clearfix su-u-trim\" data-title=\"&lt;strong&gt;CONTENIDO&lt;\/strong&gt;\"><\/span><\/p>\n<p>1 LAS REDES SOCIALES EN LA EMPRESA<\/p>\n<p>2 LA CREACI\u00d3N DE CONTENIDOS SOCIALES<\/p>\n<p>3 MARKETING ONLINE<\/p>\n<p>4 POSICIONAMIENTO EN BUSCADORES<\/p>\n<p>5 SOCIAL MEDIA OPTIMIZACI\u00d3N: HERRAMIENTAS PARA ACCIONES DE SMO.<\/p>\n<p>6 MODERACI\u00d3N Y GESTI\u00d3N DE CONTENIDOS EN COMUNIDADES VIRTUALES.<\/p>\n<p>7 ONLINE REPUTACI\u00d3N MANAGEMENT: GESTI\u00d3N DE LA REPUTACI\u00d3N ONLINE<\/p>\n<p>\u00a0<\/p>\n<\/div>\n<\/div>\n<div class=\"course-details\">\n<div class=\"course-info\">\n<p><span style=\"color: #000000;\"><\/div>\n<div class=\"su-tabs-pane su-u-clearfix su-u-trim\" data-title=\"&lt;strong&gt;REQUISITOS DE ACCESO&lt;\/strong&gt;\"><\/span><\/p>\n<p>a) Trabajador\/a<\/p>\n<p><span style=\"color: #000000;\"><\/div>\n<div class=\"su-tabs-pane su-u-clearfix su-u-trim\" data-title=\"&lt;strong&gt;INSCRIPCI\u00d3N&lt;\/strong&gt;\"><\/span><\/p>\n<p><a href=\"https:\/\/forms.office.com\/e\/BjpzkRpJCR\">INCR\u00cdBETE AQU\u00cd<\/a><\/p>\n<p><span style=\"color: #000000;\"><\/div><\/div><\/div><\/span><\/p>\n<\/div>\n<\/div>\n<\/div>\n\n\n<p><\/p>\n","protected":false},"excerpt":{"rendered":"<p>CURSOS ONLINE GRATUITOS LABORA 2025\/2026 Informaci\u00f3n detallada del curso MARKETING Y REPUTACI\u00d3N ONLINE 180 horas<\/p>\n","protected":false},"author":1,"featured_media":0,"parent":0,"menu_order":0,"comment_status":"closed","ping_status":"closed","template":"page-fullwidth.php","meta":{"footnotes":""},"class_list":["post-4843","page","type-page","status-publish","hentry"],"_links":{"self":[{"href":"https:\/\/www.adehon.org\/es\/wp-json\/wp\/v2\/pages\/4843","targetHints":{"allow":["GET"]}}],"collection":[{"href":"https:\/\/www.adehon.org\/es\/wp-json\/wp\/v2\/pages"}],"about":[{"href":"https:\/\/www.adehon.org\/es\/wp-json\/wp\/v2\/types\/page"}],"author":[{"embeddable":true,"href":"https:\/\/www.adehon.org\/es\/wp-json\/wp\/v2\/users\/1"}],"replies":[{"embeddable":true,"href":"https:\/\/www.adehon.org\/es\/wp-json\/wp\/v2\/comments?post=4843"}],"version-history":[{"count":1,"href":"https:\/\/www.adehon.org\/es\/wp-json\/wp\/v2\/pages\/4843\/revisions"}],"predecessor-version":[{"id":4844,"href":"https:\/\/www.adehon.org\/es\/wp-json\/wp\/v2\/pages\/4843\/revisions\/4844"}],"wp:attachment":[{"href":"https:\/\/www.adehon.org\/es\/wp-json\/wp\/v2\/media?parent=4843"}],"curies":[{"name":"wp","href":"https:\/\/api.w.org\/{rel}","templated":true}]}}