{"id":4908,"date":"2025-09-19T10:26:28","date_gmt":"2025-09-19T10:26:28","guid":{"rendered":"https:\/\/www.adehon.org\/es\/?page_id=4908"},"modified":"2025-09-19T15:23:35","modified_gmt":"2025-09-19T15:23:35","slug":"gestion-integrada-de-recursos-humanos","status":"publish","type":"page","link":"https:\/\/www.adehon.org\/es\/gestion-integrada-de-recursos-humanos\/","title":{"rendered":"GESTI\u00d3N INTEGRADA DE RECURSOS HUMANOS"},"content":{"rendered":"\n<figure class=\"wp-block-image size-large is-resized\"><a href=\"http:\/\/www.adehon.org\/es\/wp-content\/uploads\/2025\/09\/GVALaboraMinisterio-Educacion-VAL.png\"><img loading=\"lazy\" decoding=\"async\" width=\"1024\" height=\"170\" src=\"http:\/\/www.adehon.org\/es\/wp-content\/uploads\/2025\/09\/GVALaboraMinisterio-Educacion-VAL-1024x170.png\" alt=\"\" class=\"wp-image-4956\" style=\"width:840px;height:auto\" srcset=\"https:\/\/www.adehon.org\/es\/wp-content\/uploads\/2025\/09\/GVALaboraMinisterio-Educacion-VAL-1024x170.png 1024w, https:\/\/www.adehon.org\/es\/wp-content\/uploads\/2025\/09\/GVALaboraMinisterio-Educacion-VAL-300x50.png 300w, https:\/\/www.adehon.org\/es\/wp-content\/uploads\/2025\/09\/GVALaboraMinisterio-Educacion-VAL-768x127.png 768w, https:\/\/www.adehon.org\/es\/wp-content\/uploads\/2025\/09\/GVALaboraMinisterio-Educacion-VAL-1536x254.png 1536w, https:\/\/www.adehon.org\/es\/wp-content\/uploads\/2025\/09\/GVALaboraMinisterio-Educacion-VAL.png 1811w\" sizes=\"auto, (max-width: 1024px) 100vw, 1024px\" \/><\/a><\/figure>\n\n\n\n<h2 class=\"wp-block-heading has-background\" style=\"background-color:#7db901\">CURSOS ONLINE GRATUITOS&nbsp;LABORA 2025\/2026<\/h2>\n\n\n\n<h3 class=\"wp-block-heading\">Informaci\u00f3n detallada del curso<\/h3>\n\n\n<h2 class=\"course-title\">ADGD0208 &#8211; GESTI\u00d3N INTEGRADA DE RECURSOS HUMANOS<\/h2>\n<h2><span style=\"color: revert; font-size: revert; font-weight: revert;\">790 horas<\/span><\/h2>\n<div class=\"container\">\n<div class=\"course-details\">\n<div class=\"course-info\">\n<p><span style=\"color: #000000; font-size: 18px;\"><div class=\"su-tabs su-tabs-style-default su-tabs-mobile-stack\" data-active=\"1\" data-scroll-offset=\"0\" data-anchor-in-url=\"no\"><div class=\"su-tabs-nav\"><span class=\"\" data-url=\"\" data-target=\"blank\" tabindex=\"0\" role=\"button\"><strong>DESCRIPCI\u00d3N<\/strong><\/span><span class=\"\" data-url=\"\" data-target=\"blank\" tabindex=\"0\" role=\"button\"><strong>CONTENIDO<\/strong><\/span><span class=\"\" data-url=\"\" data-target=\"blank\" tabindex=\"0\" role=\"button\"><strong>REQUISITOS DE ACCESO<\/strong><\/span><span class=\"\" data-url=\"\" data-target=\"blank\" tabindex=\"0\" role=\"button\"><strong>OCUPACIONES Y PUESTOS DE TRABAJO<\/strong><\/span><span class=\"\" data-url=\"\" data-target=\"blank\" tabindex=\"0\" role=\"button\"><strong>INSCRIPCI\u00d3N<\/strong><\/span><\/div><div class=\"su-tabs-panes\"><div class=\"su-tabs-pane su-u-clearfix su-u-trim\" data-title=\"&lt;strong&gt;DESCRIPCI\u00d3N&lt;\/strong&gt;\"><\/span><\/p>\n<h2><span style=\"color: revert; font-size: revert; font-weight: revert;\"><a href=\"http:\/\/www.adehon.org\/es\/wp-content\/uploads\/2025\/09\/Post-de-instagram-Moderno-Empresarial-Corporativo-Azul-y-Naranja.png\"><img loading=\"lazy\" decoding=\"async\" class=\"alignnone wp-image-4962 size-medium\" src=\"http:\/\/www.adehon.org\/es\/wp-content\/uploads\/2025\/09\/Post-de-instagram-Moderno-Empresarial-Corporativo-Azul-y-Naranja-300x300.png\" alt=\"\" width=\"300\" height=\"300\" srcset=\"https:\/\/www.adehon.org\/es\/wp-content\/uploads\/2025\/09\/Post-de-instagram-Moderno-Empresarial-Corporativo-Azul-y-Naranja-300x300.png 300w, https:\/\/www.adehon.org\/es\/wp-content\/uploads\/2025\/09\/Post-de-instagram-Moderno-Empresarial-Corporativo-Azul-y-Naranja-1024x1024.png 1024w, https:\/\/www.adehon.org\/es\/wp-content\/uploads\/2025\/09\/Post-de-instagram-Moderno-Empresarial-Corporativo-Azul-y-Naranja-150x150.png 150w, https:\/\/www.adehon.org\/es\/wp-content\/uploads\/2025\/09\/Post-de-instagram-Moderno-Empresarial-Corporativo-Azul-y-Naranja-768x768.png 768w, https:\/\/www.adehon.org\/es\/wp-content\/uploads\/2025\/09\/Post-de-instagram-Moderno-Empresarial-Corporativo-Azul-y-Naranja.png 1080w\" sizes=\"auto, (max-width: 300px) 100vw, 300px\" \/><\/a><\/span><\/h2>\n<p data-sourcepos=\"3:1-3:269\">El Certificado de Profesionalidad de Gesti\u00f3n integrada de Recursos Humanos (ADGD0208) es una titulaci\u00f3n oficial que habilita a sus titulares para realizar la gesti\u00f3n administrativa de las actividades vinculadas a la administraci\u00f3n de recursos humanos y de la informaci\u00f3n derivada en el marco de una organizaci\u00f3n, de acuerdo con los objetivos marcados, las normas internas establecidas y la legislaci\u00f3n vigente<\/p>\n<p>No dejes pasar esta oportunidad para destacar en el mercado laboral.<\/p>\n<ul>\n<li><strong>Plazo de matriculaci\u00f3n:<\/strong> ABIERTO<\/li>\n<li><strong>Fechas:<\/strong> Pr\u00f3ximo inicio<\/li>\n<li><strong>Modalidad:<\/strong> Online, con ex\u00e1menes presenciales y pr\u00e1cticas formativas en empresa (198 horas).<\/li>\n<li><span style=\"color: #000000;\"><strong>Precio:<\/strong> Gratuito<\/span><\/li>\n<\/ul>\n<p><span style=\"color: #000000; font-size: 18px;\"><\/div>\n<div class=\"su-tabs-pane su-u-clearfix su-u-trim\" data-title=\"&lt;strong&gt;CONTENIDO&lt;\/strong&gt;\"><\/span><\/p>\n<ul>\n<li>MF0237_3: Gesti\u00f3n administrativa de las relaciones laborales<\/li>\n<li>MF0238_3: Gesti\u00f3n de recursos humanos<\/li>\n<li>MF0987_3: Gesti\u00f3n de sistemas de informaci\u00f3n y archivo<\/li>\n<li>MF0233_2: Ofim\u00e1tica<\/li>\n<\/ul>\n<p><span style=\"color: #000000;\"><\/div>\n<div class=\"su-tabs-pane su-u-clearfix su-u-trim\" data-title=\"&lt;strong&gt;REQUISITOS DE ACCESO&lt;\/strong&gt;\"><\/span><\/p>\n<p>a) Trabajador\/a<\/p>\n<p>b) Estudios m\u00ednimos:<\/p>\n<ul>\n<li>Bachiller o equivalente<\/li>\n<li>Grado FP I<\/li>\n<\/ul>\n<p><span style=\"color: #000000; font-size: 18px;\"><\/div>\n<div class=\"su-tabs-pane su-u-clearfix su-u-trim\" data-title=\"&lt;strong&gt;OCUPACIONES Y PUESTOS DE TRABAJO&lt;\/strong&gt;\"><\/span><\/p>\n<p>Te indicamos las ocupaciones y puestos de trabajo relacionados con este Certificado Profesional:<\/p>\n<ul>\n<li>T\u00e9cnico\/a de recursos humanos.<\/li>\n<li>T\u00e9cnico\/a de selecci\u00f3n.<\/li>\n<li>T\u00e9cnico\/a de contrataci\u00f3n laboral.<\/li>\n<li>Responsable de personal.<\/li>\n<li>Gestor\/a de n\u00f3minas.<\/li>\n<li>Apoyo en consultoras de RRHH.<\/li>\n<\/ul>\n<p><span style=\"color: #000000;\"><\/div>\n<div class=\"su-tabs-pane su-u-clearfix su-u-trim\" data-title=\"&lt;strong&gt;INSCRIPCI\u00d3N&lt;\/strong&gt;\"><\/span><\/p>\n<p><a href=\"https:\/\/forms.office.com\/e\/9QPN84KWZi\">INCR\u00cdBETE AQU\u00cd<\/a><\/p>\n<p><span style=\"color: #000000;\"><\/div><\/div><\/div><\/span><\/p>\n<\/div>\n<\/div>\n<\/div>\n\n\n<p><\/p>\n","protected":false},"excerpt":{"rendered":"<p>CURSOS ONLINE GRATUITOS&nbsp;LABORA 2025\/2026 Informaci\u00f3n detallada del curso ADGD0208 &#8211; GESTI\u00d3N INTEGRADA DE RECURSOS HUMANOS 790 horas<\/p>\n","protected":false},"author":1,"featured_media":0,"parent":0,"menu_order":0,"comment_status":"closed","ping_status":"closed","template":"page-fullwidth.php","meta":{"footnotes":""},"class_list":["post-4908","page","type-page","status-publish","hentry"],"_links":{"self":[{"href":"https:\/\/www.adehon.org\/es\/wp-json\/wp\/v2\/pages\/4908","targetHints":{"allow":["GET"]}}],"collection":[{"href":"https:\/\/www.adehon.org\/es\/wp-json\/wp\/v2\/pages"}],"about":[{"href":"https:\/\/www.adehon.org\/es\/wp-json\/wp\/v2\/types\/page"}],"author":[{"embeddable":true,"href":"https:\/\/www.adehon.org\/es\/wp-json\/wp\/v2\/users\/1"}],"replies":[{"embeddable":true,"href":"https:\/\/www.adehon.org\/es\/wp-json\/wp\/v2\/comments?post=4908"}],"version-history":[{"count":2,"href":"https:\/\/www.adehon.org\/es\/wp-json\/wp\/v2\/pages\/4908\/revisions"}],"predecessor-version":[{"id":4963,"href":"https:\/\/www.adehon.org\/es\/wp-json\/wp\/v2\/pages\/4908\/revisions\/4963"}],"wp:attachment":[{"href":"https:\/\/www.adehon.org\/es\/wp-json\/wp\/v2\/media?parent=4908"}],"curies":[{"name":"wp","href":"https:\/\/api.w.org\/{rel}","templated":true}]}}