{"id":4945,"date":"2025-09-19T12:35:50","date_gmt":"2025-09-19T12:35:50","guid":{"rendered":"https:\/\/www.adehon.org\/es\/?page_id=4945"},"modified":"2025-09-22T08:20:16","modified_gmt":"2025-09-22T08:20:16","slug":"uf0129-animacion-social-de-personas-dependientes-en-instituciones","status":"publish","type":"page","link":"https:\/\/www.adehon.org\/es\/uf0129-animacion-social-de-personas-dependientes-en-instituciones\/","title":{"rendered":"UF0129 ANIMACI\u00d3N SOCIAL DE PERSONAS DEPENDIENTES EN INSTITUCIONES"},"content":{"rendered":"\n<figure class=\"wp-block-image size-large is-resized\"><a href=\"http:\/\/www.adehon.org\/es\/wp-content\/uploads\/2025\/09\/GVALaboraMinisterio-Educacion-VAL.png\"><img loading=\"lazy\" decoding=\"async\" width=\"1024\" height=\"170\" src=\"http:\/\/www.adehon.org\/es\/wp-content\/uploads\/2025\/09\/GVALaboraMinisterio-Educacion-VAL-1024x170.png\" alt=\"\" class=\"wp-image-4956\" style=\"width:840px;height:auto\" srcset=\"https:\/\/www.adehon.org\/es\/wp-content\/uploads\/2025\/09\/GVALaboraMinisterio-Educacion-VAL-1024x170.png 1024w, https:\/\/www.adehon.org\/es\/wp-content\/uploads\/2025\/09\/GVALaboraMinisterio-Educacion-VAL-300x50.png 300w, https:\/\/www.adehon.org\/es\/wp-content\/uploads\/2025\/09\/GVALaboraMinisterio-Educacion-VAL-768x127.png 768w, https:\/\/www.adehon.org\/es\/wp-content\/uploads\/2025\/09\/GVALaboraMinisterio-Educacion-VAL-1536x254.png 1536w, https:\/\/www.adehon.org\/es\/wp-content\/uploads\/2025\/09\/GVALaboraMinisterio-Educacion-VAL.png 1811w\" sizes=\"auto, (max-width: 1024px) 100vw, 1024px\" \/><\/a><\/figure>\n\n\n\n<h2 class=\"wp-block-heading has-background\" style=\"background-color:#7db901\">CURSOS PRESENCIALES GRATUITOS&nbsp;LABORA 2025\/2026<\/h2>\n\n\n\n<h3 class=\"wp-block-heading\">Informaci\u00f3n detallada del curso<\/h3>\n\n\n<h2>UF0129 ANIMACI\u00d3N SOCIAL DE PERSONAS DEPENDIENTES EN INSTITUCIONES<\/h2>\n<h2><span style=\"color: revert; font-size: revert; font-weight: revert;\">30 horas<\/span><\/h2>\n<div class=\"container\">\n<div class=\"course-details\">\n<div class=\"course-info\">\n<p><span style=\"color: #000000; font-size: 18px;\"><div class=\"su-tabs su-tabs-style-default su-tabs-mobile-stack\" data-active=\"1\" data-scroll-offset=\"0\" data-anchor-in-url=\"no\"><div class=\"su-tabs-nav\"><span class=\"\" data-url=\"\" data-target=\"blank\" tabindex=\"0\" role=\"button\"><strong>DESCRIPCI\u00d3N<\/strong><\/span><span class=\"\" data-url=\"\" data-target=\"blank\" tabindex=\"0\" role=\"button\"><strong>CONTENIDO<\/strong><\/span><span class=\"\" data-url=\"\" data-target=\"blank\" tabindex=\"0\" role=\"button\"><strong>REQUISITOS DE ACCESO<\/strong><\/span><span class=\"\" data-url=\"\" data-target=\"blank\" tabindex=\"0\" role=\"button\"><strong>INSCRIPCI\u00d3N<\/strong><\/span><\/div><div class=\"su-tabs-panes\"><div class=\"su-tabs-pane su-u-clearfix su-u-trim\" data-title=\"&lt;strong&gt;DESCRIPCI\u00d3N&lt;\/strong&gt;\"><\/span><\/p>\n<h2><span style=\"color: revert; font-size: revert; font-weight: revert;\"><a href=\"http:\/\/www.adehon.org\/es\/wp-content\/uploads\/2025\/09\/Post-de-Instagram-Alojamiento-Vacacional-El-Calafate-Minimalista-Marron-y-Blanco.png\"><img loading=\"lazy\" decoding=\"async\" class=\"alignnone wp-image-4999 size-medium\" src=\"http:\/\/www.adehon.org\/es\/wp-content\/uploads\/2025\/09\/Post-de-Instagram-Alojamiento-Vacacional-El-Calafate-Minimalista-Marron-y-Blanco-300x300.png\" alt=\"\" width=\"300\" height=\"300\" srcset=\"https:\/\/www.adehon.org\/es\/wp-content\/uploads\/2025\/09\/Post-de-Instagram-Alojamiento-Vacacional-El-Calafate-Minimalista-Marron-y-Blanco-300x300.png 300w, https:\/\/www.adehon.org\/es\/wp-content\/uploads\/2025\/09\/Post-de-Instagram-Alojamiento-Vacacional-El-Calafate-Minimalista-Marron-y-Blanco-1024x1024.png 1024w, https:\/\/www.adehon.org\/es\/wp-content\/uploads\/2025\/09\/Post-de-Instagram-Alojamiento-Vacacional-El-Calafate-Minimalista-Marron-y-Blanco-150x150.png 150w, https:\/\/www.adehon.org\/es\/wp-content\/uploads\/2025\/09\/Post-de-Instagram-Alojamiento-Vacacional-El-Calafate-Minimalista-Marron-y-Blanco-768x768.png 768w, https:\/\/www.adehon.org\/es\/wp-content\/uploads\/2025\/09\/Post-de-Instagram-Alojamiento-Vacacional-El-Calafate-Minimalista-Marron-y-Blanco.png 1080w\" sizes=\"auto, (max-width: 300px) 100vw, 300px\" \/><\/a><\/span><\/h2>\n<p>La animaci\u00f3n en instituciones sociales pretende abordar la atenci\u00f3n desde un punto de vista biopsicosocial.\u00a0<\/p>\n<p>El objetivo general del curso persigue el reconocimiento de las caracter\u00edsticas psicol\u00f3gicas y sociales de las personas con dependencia para lograr una atenci\u00f3n sociosanitaria integral.<\/p>\n<p>No dejes pasar esta oportunidad para destacar en el mercado laboral.<\/p>\n<ul>\n<li><strong>Plazo de matriculaci\u00f3n:<\/strong> ABIERTO<\/li>\n<li><strong>Fechas:<\/strong> Pr\u00f3ximo inicio<\/li>\n<li><strong>Modalidad:<\/strong> Presencial<\/li>\n<li><span style=\"color: #000000;\"><strong>Precio:<\/strong> Gratuito<\/span><\/li>\n<\/ul>\n<p><span style=\"color: #000000; font-size: 18px;\"><\/div>\n<div class=\"su-tabs-pane su-u-clearfix su-u-trim\" data-title=\"&lt;strong&gt;CONTENIDO&lt;\/strong&gt;\"><\/span><\/p>\n<ol>\n<li><strong>Participaci\u00f3n en la atenci\u00f3n psicosocial de las personas dependientes en las instituciones sociosanitaria<\/strong>\n<ol>\n<li><strong>Fomento de la adaptaci\u00f3n a la instituci\u00f3n de las personas dependientes<\/strong><\/li>\n<li><strong>Fomento de la relaci\u00f3n social de las personas dependientes<\/strong><\/li>\n<li><strong>Utilizaci\u00f3n del ambiente como factor favorecedor de la autonom\u00eda personal, comunicaci\u00f3n y relaci\u00f3n social.<\/strong><\/li>\n<\/ol>\n<\/li>\n<li><strong>Reconocimiento de las caracter\u00edsticas psicol\u00f3gicas de personas dependientes en instituciones<\/strong>\n<ol>\n<li><strong>Conceptos fundamentales<\/strong><\/li>\n<\/ol>\n<\/li>\n<\/ol>\n<p><span style=\"color: #000000;\"><\/div>\n<div class=\"su-tabs-pane su-u-clearfix su-u-trim\" data-title=\"&lt;strong&gt;REQUISITOS DE ACCESO&lt;\/strong&gt;\"><\/span><\/p>\n<p>a) Trabajador\/a<\/p>\n<p>b) Personas desempleadas, inscritas en LABORA como demandantes de EMPLEO<\/p>\n<ul>\n<li>Aquellas personas desempleadas que participen en cursos presenciales, recibir\u00e1n una beca por transporte de 1,5\u20ac por d\u00eda asistido, que se entregar\u00e1 al finalizar el curso.<\/li>\n<li>Aquellas personas desempleadas que tengan una minusval\u00eda del 33% o superior que participen en cursos presenciales, recibir\u00e1 una beca de 9\u20ac por d\u00eda asistido, m\u00e1s 1,5\u20ac por d\u00eda asistido, en concepto de transporte, que se entregar\u00e1 al finalizar el curso.<\/li>\n<\/ul>\n<p>b) Estudios m\u00ednimos:<\/p>\n<ul>\n<li>ESO<\/li>\n<li>Certificado de profesionalidad nivel 2<\/li>\n<li>Certificado de profesionalidad nivel 1 de la misma familia profesional<\/li>\n<li>FPI<\/li>\n<\/ul>\n<p><span style=\"color: #000000;\"><\/div>\n<div class=\"su-tabs-pane su-u-clearfix su-u-trim\" data-title=\"&lt;strong&gt;INSCRIPCI\u00d3N&lt;\/strong&gt;\"><\/span><\/p>\n<p><a href=\"https:\/\/forms.office.com\/e\/9QPN84KWZi\">INCR\u00cdBETE AQU\u00cd<\/a><\/p>\n<p><span style=\"color: #000000;\"><\/div><\/div><\/div><\/span><\/p>\n<\/div>\n<\/div>\n<\/div>\n\n\n<p><\/p>\n","protected":false},"excerpt":{"rendered":"<p>CURSOS PRESENCIALES GRATUITOS&nbsp;LABORA 2025\/2026 Informaci\u00f3n detallada del curso UF0129 ANIMACI\u00d3N SOCIAL DE PERSONAS DEPENDIENTES EN INSTITUCIONES 30 horas<\/p>\n","protected":false},"author":1,"featured_media":0,"parent":0,"menu_order":0,"comment_status":"closed","ping_status":"closed","template":"page-fullwidth.php","meta":{"footnotes":""},"class_list":["post-4945","page","type-page","status-publish","hentry"],"_links":{"self":[{"href":"https:\/\/www.adehon.org\/es\/wp-json\/wp\/v2\/pages\/4945","targetHints":{"allow":["GET"]}}],"collection":[{"href":"https:\/\/www.adehon.org\/es\/wp-json\/wp\/v2\/pages"}],"about":[{"href":"https:\/\/www.adehon.org\/es\/wp-json\/wp\/v2\/types\/page"}],"author":[{"embeddable":true,"href":"https:\/\/www.adehon.org\/es\/wp-json\/wp\/v2\/users\/1"}],"replies":[{"embeddable":true,"href":"https:\/\/www.adehon.org\/es\/wp-json\/wp\/v2\/comments?post=4945"}],"version-history":[{"count":2,"href":"https:\/\/www.adehon.org\/es\/wp-json\/wp\/v2\/pages\/4945\/revisions"}],"predecessor-version":[{"id":5000,"href":"https:\/\/www.adehon.org\/es\/wp-json\/wp\/v2\/pages\/4945\/revisions\/5000"}],"wp:attachment":[{"href":"https:\/\/www.adehon.org\/es\/wp-json\/wp\/v2\/media?parent=4945"}],"curies":[{"name":"wp","href":"https:\/\/api.w.org\/{rel}","templated":true}]}}