{"id":4949,"date":"2025-09-19T12:51:04","date_gmt":"2025-09-19T12:51:04","guid":{"rendered":"https:\/\/www.adehon.org\/es\/?page_id=4949"},"modified":"2025-09-22T08:22:32","modified_gmt":"2025-09-22T08:22:32","slug":"uf0127-apoyo-en-la-recepcion-y-acogida-en-instituciones-de-personas-dependientes","status":"publish","type":"page","link":"https:\/\/www.adehon.org\/es\/uf0127-apoyo-en-la-recepcion-y-acogida-en-instituciones-de-personas-dependientes\/","title":{"rendered":"UF0127 APOYO EN LA RECEPCI\u00d3N Y ACOGIDA EN INSTITUCIONES DE PERSONAS DEPENDIENTES"},"content":{"rendered":"\n<figure class=\"wp-block-image size-large is-resized\"><a href=\"http:\/\/www.adehon.org\/es\/wp-content\/uploads\/2025\/09\/GVALaboraMinisterio-Educacion-VAL.png\"><img loading=\"lazy\" decoding=\"async\" width=\"1024\" height=\"170\" src=\"http:\/\/www.adehon.org\/es\/wp-content\/uploads\/2025\/09\/GVALaboraMinisterio-Educacion-VAL-1024x170.png\" alt=\"\" class=\"wp-image-4956\" style=\"width:840px;height:auto\" srcset=\"https:\/\/www.adehon.org\/es\/wp-content\/uploads\/2025\/09\/GVALaboraMinisterio-Educacion-VAL-1024x170.png 1024w, https:\/\/www.adehon.org\/es\/wp-content\/uploads\/2025\/09\/GVALaboraMinisterio-Educacion-VAL-300x50.png 300w, https:\/\/www.adehon.org\/es\/wp-content\/uploads\/2025\/09\/GVALaboraMinisterio-Educacion-VAL-768x127.png 768w, https:\/\/www.adehon.org\/es\/wp-content\/uploads\/2025\/09\/GVALaboraMinisterio-Educacion-VAL-1536x254.png 1536w, https:\/\/www.adehon.org\/es\/wp-content\/uploads\/2025\/09\/GVALaboraMinisterio-Educacion-VAL.png 1811w\" sizes=\"auto, (max-width: 1024px) 100vw, 1024px\" \/><\/a><\/figure>\n\n\n\n<h2 class=\"wp-block-heading has-background\" style=\"background-color:#7db901\">CURSOS PRESENCIALES GRATUITOS&nbsp;LABORA 2025\/2026<\/h2>\n\n\n\n<h3 class=\"wp-block-heading\">Informaci\u00f3n detallada del curso<\/h3>\n\n\n<h2>UF0127 APOYO EN LA RECEPCI\u00d3N Y ACOGIDA EN INSTITUCIONES DE PERSONAS DEPENDIENTES<\/h2>\n<h2><span style=\"color: revert; font-size: revert; font-weight: revert;\">30 horas<\/span><\/h2>\n<div class=\"container\">\n<div class=\"course-details\">\n<div class=\"course-info\">\n<p><span style=\"color: #000000; font-size: 18px;\"><div class=\"su-tabs su-tabs-style-default su-tabs-mobile-stack\" data-active=\"1\" data-scroll-offset=\"0\" data-anchor-in-url=\"no\"><div class=\"su-tabs-nav\"><span class=\"\" data-url=\"\" data-target=\"blank\" tabindex=\"0\" role=\"button\"><strong>DESCRIPCI\u00d3N<\/strong><\/span><span class=\"\" data-url=\"\" data-target=\"blank\" tabindex=\"0\" role=\"button\"><strong>CONTENIDO<\/strong><\/span><span class=\"\" data-url=\"\" data-target=\"blank\" tabindex=\"0\" role=\"button\"><strong>REQUISITOS DE ACCESO<\/strong><\/span><span class=\"\" data-url=\"\" data-target=\"blank\" tabindex=\"0\" role=\"button\"><strong>INSCRIPCI\u00d3N<\/strong><\/span><\/div><div class=\"su-tabs-panes\"><div class=\"su-tabs-pane su-u-clearfix su-u-trim\" data-title=\"&lt;strong&gt;DESCRIPCI\u00d3N&lt;\/strong&gt;\"><\/span><\/p>\n<h2><span style=\"color: revert; font-size: revert; font-weight: revert;\"><a href=\"http:\/\/www.adehon.org\/es\/wp-content\/uploads\/2025\/09\/Post-de-Instagram-Aseguradora-Frase-Minimalista-Simple-Negro.png\"><img loading=\"lazy\" decoding=\"async\" class=\"alignnone wp-image-5002 size-medium\" src=\"http:\/\/www.adehon.org\/es\/wp-content\/uploads\/2025\/09\/Post-de-Instagram-Aseguradora-Frase-Minimalista-Simple-Negro-300x300.png\" alt=\"\" width=\"300\" height=\"300\" srcset=\"https:\/\/www.adehon.org\/es\/wp-content\/uploads\/2025\/09\/Post-de-Instagram-Aseguradora-Frase-Minimalista-Simple-Negro-300x300.png 300w, https:\/\/www.adehon.org\/es\/wp-content\/uploads\/2025\/09\/Post-de-Instagram-Aseguradora-Frase-Minimalista-Simple-Negro-1024x1024.png 1024w, https:\/\/www.adehon.org\/es\/wp-content\/uploads\/2025\/09\/Post-de-Instagram-Aseguradora-Frase-Minimalista-Simple-Negro-150x150.png 150w, https:\/\/www.adehon.org\/es\/wp-content\/uploads\/2025\/09\/Post-de-Instagram-Aseguradora-Frase-Minimalista-Simple-Negro-768x768.png 768w, https:\/\/www.adehon.org\/es\/wp-content\/uploads\/2025\/09\/Post-de-Instagram-Aseguradora-Frase-Minimalista-Simple-Negro.png 1080w\" sizes=\"auto, (max-width: 300px) 100vw, 300px\" \/><\/a><\/span><\/h2>\n<p>El objetivo general del curso es que el profesional de atenci\u00f3n sociosanitaria debe conocer los diferentes recursos, servicios y programas en los que trabaje, la funciones de cada uno de los integrantes del equipo interdisciplinar, as\u00ed como las propias competencias y responsabilidades en las diferentes \u00e1reas de intervenci\u00f3n en la atenci\u00f3n a las personas en situaci\u00f3n de dependencia.<\/p>\n<p>No dejes pasar esta oportunidad para destacar en el mercado laboral.<\/p>\n<ul>\n<li><strong>Plazo de matriculaci\u00f3n:<\/strong> ABIERTO<\/li>\n<li><strong>Fechas:<\/strong> Pr\u00f3ximo inicio<\/li>\n<li><strong>Modalidad:<\/strong> Presencial<\/li>\n<li><span style=\"color: #000000;\"><strong>Precio:<\/strong> Gratuito<\/span><\/li>\n<\/ul>\n<p><span style=\"color: #000000; font-size: 18px;\"><\/div>\n<div class=\"su-tabs-pane su-u-clearfix su-u-trim\" data-title=\"&lt;strong&gt;CONTENIDO&lt;\/strong&gt;\"><\/span><\/p>\n<ol>\n<li><strong>Intervenci\u00f3n en la atenci\u00f3n a las personas dependientes y su entorno.<\/strong><\/li>\n<li><b>Protocolos de actuaci\u00f3n en la recepci\u00f3n y acogida de residentes.<\/b><\/li>\n<\/ol>\n<p><span style=\"color: #000000;\"><\/div>\n<div class=\"su-tabs-pane su-u-clearfix su-u-trim\" data-title=\"&lt;strong&gt;REQUISITOS DE ACCESO&lt;\/strong&gt;\"><\/span><\/p>\n<p>a) Trabajador\/a\u00a0<\/p>\n<p>b) Personas desempleadas, inscritas en LABORA como demandantes de EMPLEO<\/p>\n<ul>\n<li>Aquellas personas desempleadas que participen en cursos presenciales, recibir\u00e1n una beca por transporte de 1,5\u20ac por d\u00eda asistido, que se entregar\u00e1 al finalizar el curso.<\/li>\n<li>Aquellas personas desempleadas que tengan una minusval\u00eda del 33% o superior que participen en cursos presenciales, recibir\u00e1 una beca de 9\u20ac por d\u00eda asistido, m\u00e1s 1,5\u20ac por d\u00eda asistido, en concepto de transporte, que se entregar\u00e1 al finalizar el curso.<\/li>\n<\/ul>\n<p>c) Estudios m\u00ednimos:<\/p>\n<ul>\n<li>ESO<\/li>\n<li>Certificado de profesionalidad nivel 2<\/li>\n<li>Certificado de profesionalidad nivel 1 de la misma familia profesional<\/li>\n<li>FPI<\/li>\n<\/ul>\n<p><span style=\"color: #000000;\"><\/div>\n<div class=\"su-tabs-pane su-u-clearfix su-u-trim\" data-title=\"&lt;strong&gt;INSCRIPCI\u00d3N&lt;\/strong&gt;\"><\/span><\/p>\n<p><a href=\"https:\/\/forms.office.com\/e\/9QPN84KWZi\">INCR\u00cdBETE AQU\u00cd<\/a><\/p>\n<p><span style=\"color: #000000;\"><\/div><\/div><\/div><\/span><\/p>\n<\/div>\n<\/div>\n<\/div>\n\n\n<p><\/p>\n","protected":false},"excerpt":{"rendered":"<p>CURSOS PRESENCIALES GRATUITOS&nbsp;LABORA 2025\/2026 Informaci\u00f3n detallada del curso UF0127 APOYO EN LA RECEPCI\u00d3N Y ACOGIDA EN INSTITUCIONES DE PERSONAS DEPENDIENTES 30 horas<\/p>\n","protected":false},"author":1,"featured_media":0,"parent":0,"menu_order":0,"comment_status":"closed","ping_status":"closed","template":"page-fullwidth.php","meta":{"footnotes":""},"class_list":["post-4949","page","type-page","status-publish","hentry"],"_links":{"self":[{"href":"https:\/\/www.adehon.org\/es\/wp-json\/wp\/v2\/pages\/4949","targetHints":{"allow":["GET"]}}],"collection":[{"href":"https:\/\/www.adehon.org\/es\/wp-json\/wp\/v2\/pages"}],"about":[{"href":"https:\/\/www.adehon.org\/es\/wp-json\/wp\/v2\/types\/page"}],"author":[{"embeddable":true,"href":"https:\/\/www.adehon.org\/es\/wp-json\/wp\/v2\/users\/1"}],"replies":[{"embeddable":true,"href":"https:\/\/www.adehon.org\/es\/wp-json\/wp\/v2\/comments?post=4949"}],"version-history":[{"count":2,"href":"https:\/\/www.adehon.org\/es\/wp-json\/wp\/v2\/pages\/4949\/revisions"}],"predecessor-version":[{"id":5005,"href":"https:\/\/www.adehon.org\/es\/wp-json\/wp\/v2\/pages\/4949\/revisions\/5005"}],"wp:attachment":[{"href":"https:\/\/www.adehon.org\/es\/wp-json\/wp\/v2\/media?parent=4949"}],"curies":[{"name":"wp","href":"https:\/\/api.w.org\/{rel}","templated":true}]}}